{"id":7505,"date":"2021-08-23T22:01:49","date_gmt":"2021-08-23T19:01:49","guid":{"rendered":"https:\/\/logdio.com\/software-de-planificacion-de-rutas\/"},"modified":"2021-09-13T17:11:58","modified_gmt":"2021-09-13T14:11:58","slug":"software-de-planificacion-de-rutas","status":"publish","type":"page","link":"https:\/\/logdio.com\/es\/software-de-planificacion-de-rutas\/","title":{"rendered":"Software de planificaci\u00f3n de rutas"},"content":{"rendered":"\t\t<div data-elementor-type=\"wp-page\" data-elementor-id=\"7505\" class=\"elementor elementor-7505 elementor-1054\" data-elementor-post-type=\"page\">\n\t\t\t\t\t\t<section class=\"has_ma_el_bg_slider elementor-section elementor-top-section elementor-element elementor-element-aa63506 elementor-section-boxed elementor-section-height-default elementor-section-height-default jltma-glass-effect-no\" data-id=\"aa63506\" data-element_type=\"section\" data-e-type=\"section\" data-settings=\"{&quot;jet_parallax_layout_list&quot;:[{&quot;jet_parallax_layout_image&quot;:{&quot;url&quot;:&quot;&quot;,&quot;id&quot;:&quot;&quot;,&quot;size&quot;:&quot;&quot;},&quot;_id&quot;:&quot;7ffc1ed&quot;,&quot;jet_parallax_layout_image_tablet&quot;:{&quot;url&quot;:&quot;&quot;,&quot;id&quot;:&quot;&quot;,&quot;size&quot;:&quot;&quot;},&quot;jet_parallax_layout_image_mobile&quot;:{&quot;url&quot;:&quot;&quot;,&quot;id&quot;:&quot;&quot;,&quot;size&quot;:&quot;&quot;},&quot;jet_parallax_layout_speed&quot;:{&quot;unit&quot;:&quot;%&quot;,&quot;size&quot;:50,&quot;sizes&quot;:[]},&quot;jet_parallax_layout_type&quot;:&quot;scroll&quot;,&quot;jet_parallax_layout_direction&quot;:null,&quot;jet_parallax_layout_fx_direction&quot;:null,&quot;jet_parallax_layout_z_index&quot;:&quot;&quot;,&quot;jet_parallax_layout_bg_x&quot;:50,&quot;jet_parallax_layout_bg_x_tablet&quot;:&quot;&quot;,&quot;jet_parallax_layout_bg_x_mobile&quot;:&quot;&quot;,&quot;jet_parallax_layout_bg_y&quot;:50,&quot;jet_parallax_layout_bg_y_tablet&quot;:&quot;&quot;,&quot;jet_parallax_layout_bg_y_mobile&quot;:&quot;&quot;,&quot;jet_parallax_layout_bg_size&quot;:&quot;auto&quot;,&quot;jet_parallax_layout_bg_size_tablet&quot;:&quot;&quot;,&quot;jet_parallax_layout_bg_size_mobile&quot;:&quot;&quot;,&quot;jet_parallax_layout_animation_prop&quot;:&quot;transform&quot;,&quot;jet_parallax_layout_on&quot;:[&quot;desktop&quot;,&quot;tablet&quot;]}]}\">\n\t\t\t\t\t\t<div class=\"elementor-container elementor-column-gap-default\">\n\t\t\t\t\t<div class=\"has_ma_el_bg_slider elementor-column elementor-col-100 elementor-top-column elementor-element elementor-element-a5671ee jltma-glass-effect-no\" data-id=\"a5671ee\" data-element_type=\"column\" data-e-type=\"column\">\n\t\t\t<div class=\"elementor-widget-wrap elementor-element-populated\">\n\t\t\t\t\t\t<div class=\"elementor-element elementor-element-293514c jltma-glass-effect-no elementor-widget elementor-widget-heading\" data-id=\"293514c\" data-element_type=\"widget\" data-e-type=\"widget\" data-widget_type=\"heading.default\">\n\t\t\t\t<div class=\"elementor-widget-container\">\n\t\t\t\t\t<h1 class=\"elementor-heading-title elementor-size-default\">Software de planificaci\u00f3n de rutas<\/h1>\t\t\t\t<\/div>\n\t\t\t\t<\/div>\n\t\t\t\t\t<\/div>\n\t\t<\/div>\n\t\t\t\t\t<\/div>\n\t\t<\/section>\n\t\t\t\t<section class=\"has_ma_el_bg_slider elementor-section elementor-top-section elementor-element elementor-element-8e5f6e9 elementor-section-boxed elementor-section-height-default elementor-section-height-default jltma-glass-effect-no\" data-id=\"8e5f6e9\" data-element_type=\"section\" data-e-type=\"section\" data-settings=\"{&quot;jet_parallax_layout_list&quot;:[{&quot;jet_parallax_layout_image&quot;:{&quot;url&quot;:&quot;&quot;,&quot;id&quot;:&quot;&quot;,&quot;size&quot;:&quot;&quot;},&quot;_id&quot;:&quot;80a7424&quot;,&quot;jet_parallax_layout_image_tablet&quot;:{&quot;url&quot;:&quot;&quot;,&quot;id&quot;:&quot;&quot;,&quot;size&quot;:&quot;&quot;},&quot;jet_parallax_layout_image_mobile&quot;:{&quot;url&quot;:&quot;&quot;,&quot;id&quot;:&quot;&quot;,&quot;size&quot;:&quot;&quot;},&quot;jet_parallax_layout_speed&quot;:{&quot;unit&quot;:&quot;%&quot;,&quot;size&quot;:50,&quot;sizes&quot;:[]},&quot;jet_parallax_layout_type&quot;:&quot;scroll&quot;,&quot;jet_parallax_layout_direction&quot;:null,&quot;jet_parallax_layout_fx_direction&quot;:null,&quot;jet_parallax_layout_z_index&quot;:&quot;&quot;,&quot;jet_parallax_layout_bg_x&quot;:50,&quot;jet_parallax_layout_bg_x_tablet&quot;:&quot;&quot;,&quot;jet_parallax_layout_bg_x_mobile&quot;:&quot;&quot;,&quot;jet_parallax_layout_bg_y&quot;:50,&quot;jet_parallax_layout_bg_y_tablet&quot;:&quot;&quot;,&quot;jet_parallax_layout_bg_y_mobile&quot;:&quot;&quot;,&quot;jet_parallax_layout_bg_size&quot;:&quot;auto&quot;,&quot;jet_parallax_layout_bg_size_tablet&quot;:&quot;&quot;,&quot;jet_parallax_layout_bg_size_mobile&quot;:&quot;&quot;,&quot;jet_parallax_layout_animation_prop&quot;:&quot;transform&quot;,&quot;jet_parallax_layout_on&quot;:[&quot;desktop&quot;,&quot;tablet&quot;]}]}\">\n\t\t\t\t\t\t<div class=\"elementor-container elementor-column-gap-default\">\n\t\t\t\t\t<div class=\"has_ma_el_bg_slider elementor-column elementor-col-100 elementor-top-column elementor-element elementor-element-d48a05b jltma-glass-effect-no\" data-id=\"d48a05b\" data-element_type=\"column\" data-e-type=\"column\">\n\t\t\t<div class=\"elementor-widget-wrap elementor-element-populated\">\n\t\t\t\t\t\t<div class=\"elementor-element elementor-element-0f9707f jltma-glass-effect-no elementor-widget elementor-widget-text-editor\" data-id=\"0f9707f\" data-element_type=\"widget\" data-e-type=\"widget\" data-widget_type=\"text-editor.default\">\n\t\t\t\t<div class=\"elementor-widget-container\">\n\t\t\t\t\t\t\t\t\t<p>La eficacia de una empresa de transporte y log\u00edstica o de una flota de veh\u00edculos corporativa depende directamente de la calidad y la rapidez con que se resuelven los problemas de transporte y log\u00edstica. Es necesario centrarse en la gesti\u00f3n de las rutas, elaborar r\u00e1pidamente los documentos de acompa\u00f1amiento, controlar la ejecuci\u00f3n de las asignaciones de transporte y analizar la calidad del trabajo del departamento de transporte.<\/p>\n<p>Resolver estas tareas en modo manual requiere una impresionante plantilla de logistas y expedidores. Al mismo tiempo, no se excluyen los errores en el trabajo. Una ruta mal construida o unos documentos incorrectamente cumplimentados pueden dar lugar a un kilometraje ocioso o a un tiempo de inactividad del transporte, a retrasos en los plazos de entrega y a reclamaciones de los clientes. Una forma eficaz de eliminar estas dificultades es utilizar un software de planificaci\u00f3n de rutas para planificarlas de forma autom\u00e1tica y supervisar el proceso de entrega. Un software de optimizaci\u00f3n de rutas le ayuda a ahorrar tiempo y a realizar entregas sin errores.  <\/p>\n<\/p>\n<h2><strong>\u00bfQu\u00e9 es la optimizaci\u00f3n de rutas?<\/strong><\/h2>\n<p>Un software de gesti\u00f3n de rutas es un sistema con el que es posible planificar la entrega y construir eficazmente las rutas para el transporte propio o contratado. Tiene en cuenta varias condiciones, como la carga \u00f3ptima de la flota de veh\u00edculos y la entrega puntual de las mercanc\u00edas a los clientes. Al mismo tiempo, el software le permite supervisar el trabajo de los conductores, los expedidores y los transportistas.<\/p>\n<p>Una vez instalado el software de planificaci\u00f3n de rutas, el funcionamiento de la flota de veh\u00edculos ser\u00e1 racional y los costes ser\u00e1n m\u00ednimos. Y esta no es la \u00fanica ventaja del software de optimizaci\u00f3n de rutas. Algunas ventajas m\u00e1s son:<\/p>\n<ul>\n<li>Los conductores sin escr\u00fapulos ser\u00e1n identificados en caso de que se produzcan trampas;<\/li>\n<li>se impedir\u00e1 el uso del coche para fines personales;<\/li>\n<li>la seguridad vial aumentar\u00e1;<\/li>\n<li>Los costes de combustible se reducir\u00e1n tres veces debido a la ausencia de desag\u00fces;<\/li>\n<li>se reducir\u00e1 el n\u00famero de paradas de transporte.<\/li>\n<\/ul>\n<h2><strong>\u00bfC\u00f3mo funciona la optimizaci\u00f3n de rutas?<\/strong><\/h2>\n<p>El software de gesti\u00f3n de rutas optimiza los recorridos mediante el seguimiento por sat\u00e9lite. Esta herramienta basada en GLONASS\/GPS es adecuada para hacer negocios en grandes flotas, log\u00edstica o empresas de transporte. Con la ayuda de un software instalado en un PC, una tableta o un dispositivo m\u00f3vil, el usuario tiene acceso a informaci\u00f3n sobre el veh\u00edculo. El programa genera informes sobre los par\u00e1metros monitorizados del veh\u00edculo, que se guardan en diferentes formatos, y luego se utilizan para analizar y optimizar el funcionamiento de la flota de veh\u00edculos.  <\/p>\n<\/p>\n<h2><strong>\u00bfQu\u00e9 software utilizar para la optimizaci\u00f3n de rutas?<\/strong><\/h2>\n<p>Puede que pienses que los programas de planificaci\u00f3n de rutas funcionan como Google Maps, pero no es cierto. Esta aplicaci\u00f3n simplemente proporciona direcciones desde el punto &#8216;1&#8217; al punto &#8216;2&#8217;. Es complicado establecer rutas con varias paradas. Los usuarios tienen que introducir las direcciones manualmente, lo que lleva mucho tiempo y da lugar a errores.<\/p>\n<p>El bajo coste inicial es tentador, pero acabar\u00e1 cost\u00e1ndole dinero a largo plazo. Por lo tanto, las aplicaciones de navegaci\u00f3n no son una soluci\u00f3n ideal. Debe utilizar un software de optimizaci\u00f3n de rutas especialmente dise\u00f1ado para este fin.  <\/p>\n<\/p>\n<h2><strong>\u00bfPor qu\u00e9 elegir Logdio?<\/strong><\/h2>\n<p>Logdio es un software de planificaci\u00f3n de entregas dise\u00f1ado para empresas con un gran n\u00famero de pedidos, veh\u00edculos, as\u00ed como con requisitos complejos para el proceso de entrega.<\/p>\n<p>Distribuye r\u00e1pida y autom\u00e1ticamente las aplicaciones entre los ejecutantes, teniendo en cuenta los requisitos de cada env\u00edo. El software realiza de forma aut\u00f3noma la planificaci\u00f3n del transporte, simplificando el trabajo del personal. Ahora sus logistas son vers\u00e1tiles: pueden trabajar en lugares antes desconocidos y, por tanto, con varios centros de distribuci\u00f3n. Gracias a una aplicaci\u00f3n m\u00f3vil con funci\u00f3n de navegaci\u00f3n, los conductores son intercambiables, ya que no necesitan tener un conocimiento perfecto de la zona de entrega.<\/p>\n<\/p>\n<p>Por eso, <a href=\"https:\/\/logdio.com\/es\/\">el\u00edjanos<\/a> para la supervisi\u00f3n de veh\u00edculos y la gesti\u00f3n de rutas. Nos encantar\u00eda ofrecerle un servicio de calidad.<\/p>\n<\/p><\/p>\n\t\t\t\t\t\t\t\t<\/div>\n\t\t\t\t<\/div>\n\t\t\t\t\t<\/div>\n\t\t<\/div>\n\t\t\t\t\t<\/div>\n\t\t<\/section>\n\t\t\t\t<\/div>\n\t\t","protected":false},"excerpt":{"rendered":"<p>La eficacia de una empresa de transporte y log\u00edstica o de una flota de veh\u00edculos corporativa depende directamente de la calidad y la rapidez con que se resuelven los problemas de transporte y log\u00edstica. Es necesario centrarse en la gesti\u00f3n de las rutas, elaborar r\u00e1pidamente los documentos de acompa\u00f1amiento, controlar la ejecuci\u00f3n de las asignaciones [&hellip;]<\/p>\n","protected":false},"author":1,"featured_media":0,"parent":0,"menu_order":0,"comment_status":"closed","ping_status":"closed","template":"elementor_header_footer","meta":{"footnotes":""},"class_list":["post-7505","page","type-page","status-publish","hentry"],"yoast_head":"<!-- This site is optimized with the Yoast SEO plugin v26.8 - https:\/\/yoast.com\/product\/yoast-seo-wordpress\/ -->\n<title>Software de planificaci\u00f3n de rutas - Logdio - delivery management tool<\/title>\n<meta name=\"description\" content=\"Se acab\u00f3 la creaci\u00f3n de rutas mediante hojas de c\u00e1lculo, pizarras y mapas de Google. Cree y optimice todas las rutas del d\u00eda con facilidad.\" \/>\n<meta name=\"robots\" content=\"index, follow, max-snippet:-1, max-image-preview:large, max-video-preview:-1\" \/>\n<link rel=\"canonical\" href=\"https:\/\/logdio.com\/es\/software-de-planificacion-de-rutas\/\" \/>\n<meta property=\"og:locale\" content=\"es_ES\" \/>\n<meta property=\"og:type\" content=\"article\" \/>\n<meta property=\"og:title\" content=\"Software de planificaci\u00f3n de rutas - Logdio - delivery management tool\" \/>\n<meta property=\"og:description\" content=\"Se acab\u00f3 la creaci\u00f3n de rutas mediante hojas de c\u00e1lculo, pizarras y mapas de Google. Cree y optimice todas las rutas del d\u00eda con facilidad.\" \/>\n<meta property=\"og:url\" content=\"https:\/\/logdio.com\/es\/software-de-planificacion-de-rutas\/\" \/>\n<meta property=\"og:site_name\" content=\"Logdio - delivery management tool\" \/>\n<meta property=\"article:publisher\" content=\"https:\/\/www.facebook.com\/logtime.eu\/\" \/>\n<meta property=\"article:modified_time\" content=\"2021-09-13T14:11:58+00:00\" \/>\n<meta name=\"twitter:card\" content=\"summary_large_image\" \/>\n<meta name=\"twitter:label1\" content=\"Tiempo de lectura\" \/>\n\t<meta name=\"twitter:data1\" content=\"4 minutos\" \/>\n<script type=\"application\/ld+json\" class=\"yoast-schema-graph\">{\"@context\":\"https:\/\/schema.org\",\"@graph\":[{\"@type\":\"WebPage\",\"@id\":\"https:\/\/logdio.com\/es\/software-de-planificacion-de-rutas\/\",\"url\":\"https:\/\/logdio.com\/es\/software-de-planificacion-de-rutas\/\",\"name\":\"Software de planificaci\u00f3n de rutas - Logdio - delivery management tool\",\"isPartOf\":{\"@id\":\"https:\/\/logdio.com\/es\/#website\"},\"datePublished\":\"2021-08-23T19:01:49+00:00\",\"dateModified\":\"2021-09-13T14:11:58+00:00\",\"description\":\"Se acab\u00f3 la creaci\u00f3n de rutas mediante hojas de c\u00e1lculo, pizarras y mapas de Google. Cree y optimice todas las rutas del d\u00eda con facilidad.\",\"breadcrumb\":{\"@id\":\"https:\/\/logdio.com\/es\/software-de-planificacion-de-rutas\/#breadcrumb\"},\"inLanguage\":\"es\",\"potentialAction\":[{\"@type\":\"ReadAction\",\"target\":[\"https:\/\/logdio.com\/es\/software-de-planificacion-de-rutas\/\"]}]},{\"@type\":\"BreadcrumbList\",\"@id\":\"https:\/\/logdio.com\/es\/software-de-planificacion-de-rutas\/#breadcrumb\",\"itemListElement\":[{\"@type\":\"ListItem\",\"position\":1,\"name\":\"Home\",\"item\":\"https:\/\/logdio.com\/es\/pagina-de-aterrizaje\/\"},{\"@type\":\"ListItem\",\"position\":2,\"name\":\"Software de planificaci\u00f3n de rutas\"}]},{\"@type\":\"WebSite\",\"@id\":\"https:\/\/logdio.com\/es\/#website\",\"url\":\"https:\/\/logdio.com\/es\/\",\"name\":\"Logdio - delivery management tool\",\"description\":\"Next level delivery management software\",\"publisher\":{\"@id\":\"https:\/\/logdio.com\/es\/#organization\"},\"potentialAction\":[{\"@type\":\"SearchAction\",\"target\":{\"@type\":\"EntryPoint\",\"urlTemplate\":\"https:\/\/logdio.com\/es\/?s={search_term_string}\"},\"query-input\":{\"@type\":\"PropertyValueSpecification\",\"valueRequired\":true,\"valueName\":\"search_term_string\"}}],\"inLanguage\":\"es\"},{\"@type\":\"Organization\",\"@id\":\"https:\/\/logdio.com\/es\/#organization\",\"name\":\"Logdio\",\"url\":\"https:\/\/logdio.com\/es\/\",\"logo\":{\"@type\":\"ImageObject\",\"inLanguage\":\"es\",\"@id\":\"https:\/\/logdio.com\/es\/#\/schema\/logo\/image\/\",\"url\":\"https:\/\/logdio.com\/wp-content\/uploads\/2021\/05\/Logdio.svg\",\"contentUrl\":\"https:\/\/logdio.com\/wp-content\/uploads\/2021\/05\/Logdio.svg\",\"width\":4.44919,\"height\":1.1285,\"caption\":\"Logdio\"},\"image\":{\"@id\":\"https:\/\/logdio.com\/es\/#\/schema\/logo\/image\/\"},\"sameAs\":[\"https:\/\/www.facebook.com\/logtime.eu\/\",\"https:\/\/www.linkedin.com\/company\/logtime\"]}]}<\/script>\n<!-- \/ Yoast SEO plugin. -->","yoast_head_json":{"title":"Software de planificaci\u00f3n de rutas - Logdio - delivery management tool","description":"Se acab\u00f3 la creaci\u00f3n de rutas mediante hojas de c\u00e1lculo, pizarras y mapas de Google. Cree y optimice todas las rutas del d\u00eda con facilidad.","robots":{"index":"index","follow":"follow","max-snippet":"max-snippet:-1","max-image-preview":"max-image-preview:large","max-video-preview":"max-video-preview:-1"},"canonical":"https:\/\/logdio.com\/es\/software-de-planificacion-de-rutas\/","og_locale":"es_ES","og_type":"article","og_title":"Software de planificaci\u00f3n de rutas - Logdio - delivery management tool","og_description":"Se acab\u00f3 la creaci\u00f3n de rutas mediante hojas de c\u00e1lculo, pizarras y mapas de Google. Cree y optimice todas las rutas del d\u00eda con facilidad.","og_url":"https:\/\/logdio.com\/es\/software-de-planificacion-de-rutas\/","og_site_name":"Logdio - delivery management tool","article_publisher":"https:\/\/www.facebook.com\/logtime.eu\/","article_modified_time":"2021-09-13T14:11:58+00:00","twitter_card":"summary_large_image","twitter_misc":{"Tiempo de lectura":"4 minutos"},"schema":{"@context":"https:\/\/schema.org","@graph":[{"@type":"WebPage","@id":"https:\/\/logdio.com\/es\/software-de-planificacion-de-rutas\/","url":"https:\/\/logdio.com\/es\/software-de-planificacion-de-rutas\/","name":"Software de planificaci\u00f3n de rutas - Logdio - delivery management tool","isPartOf":{"@id":"https:\/\/logdio.com\/es\/#website"},"datePublished":"2021-08-23T19:01:49+00:00","dateModified":"2021-09-13T14:11:58+00:00","description":"Se acab\u00f3 la creaci\u00f3n de rutas mediante hojas de c\u00e1lculo, pizarras y mapas de Google. Cree y optimice todas las rutas del d\u00eda con facilidad.","breadcrumb":{"@id":"https:\/\/logdio.com\/es\/software-de-planificacion-de-rutas\/#breadcrumb"},"inLanguage":"es","potentialAction":[{"@type":"ReadAction","target":["https:\/\/logdio.com\/es\/software-de-planificacion-de-rutas\/"]}]},{"@type":"BreadcrumbList","@id":"https:\/\/logdio.com\/es\/software-de-planificacion-de-rutas\/#breadcrumb","itemListElement":[{"@type":"ListItem","position":1,"name":"Home","item":"https:\/\/logdio.com\/es\/pagina-de-aterrizaje\/"},{"@type":"ListItem","position":2,"name":"Software de planificaci\u00f3n de rutas"}]},{"@type":"WebSite","@id":"https:\/\/logdio.com\/es\/#website","url":"https:\/\/logdio.com\/es\/","name":"Logdio - delivery management tool","description":"Next level delivery management software","publisher":{"@id":"https:\/\/logdio.com\/es\/#organization"},"potentialAction":[{"@type":"SearchAction","target":{"@type":"EntryPoint","urlTemplate":"https:\/\/logdio.com\/es\/?s={search_term_string}"},"query-input":{"@type":"PropertyValueSpecification","valueRequired":true,"valueName":"search_term_string"}}],"inLanguage":"es"},{"@type":"Organization","@id":"https:\/\/logdio.com\/es\/#organization","name":"Logdio","url":"https:\/\/logdio.com\/es\/","logo":{"@type":"ImageObject","inLanguage":"es","@id":"https:\/\/logdio.com\/es\/#\/schema\/logo\/image\/","url":"https:\/\/logdio.com\/wp-content\/uploads\/2021\/05\/Logdio.svg","contentUrl":"https:\/\/logdio.com\/wp-content\/uploads\/2021\/05\/Logdio.svg","width":4.44919,"height":1.1285,"caption":"Logdio"},"image":{"@id":"https:\/\/logdio.com\/es\/#\/schema\/logo\/image\/"},"sameAs":["https:\/\/www.facebook.com\/logtime.eu\/","https:\/\/www.linkedin.com\/company\/logtime"]}]}},"_links":{"self":[{"href":"https:\/\/logdio.com\/es\/wp-json\/wp\/v2\/pages\/7505","targetHints":{"allow":["GET"]}}],"collection":[{"href":"https:\/\/logdio.com\/es\/wp-json\/wp\/v2\/pages"}],"about":[{"href":"https:\/\/logdio.com\/es\/wp-json\/wp\/v2\/types\/page"}],"author":[{"embeddable":true,"href":"https:\/\/logdio.com\/es\/wp-json\/wp\/v2\/users\/1"}],"replies":[{"embeddable":true,"href":"https:\/\/logdio.com\/es\/wp-json\/wp\/v2\/comments?post=7505"}],"version-history":[{"count":2,"href":"https:\/\/logdio.com\/es\/wp-json\/wp\/v2\/pages\/7505\/revisions"}],"predecessor-version":[{"id":11819,"href":"https:\/\/logdio.com\/es\/wp-json\/wp\/v2\/pages\/7505\/revisions\/11819"}],"wp:attachment":[{"href":"https:\/\/logdio.com\/es\/wp-json\/wp\/v2\/media?parent=7505"}],"curies":[{"name":"wp","href":"https:\/\/api.w.org\/{rel}","templated":true}]}}