{"id":7503,"date":"2021-08-23T22:01:49","date_gmt":"2021-08-23T19:01:49","guid":{"rendered":"https:\/\/logdio.com\/software-de-gestion-de-entregas\/"},"modified":"2023-08-21T00:31:06","modified_gmt":"2023-08-20T21:31:06","slug":"software-de-gestion-de-entregas","status":"publish","type":"page","link":"https:\/\/logdio.com\/es\/software-de-gestion-de-entregas\/","title":{"rendered":"Software de gesti\u00f3n de entregas"},"content":{"rendered":"\t\t<div data-elementor-type=\"wp-page\" data-elementor-id=\"7503\" class=\"elementor elementor-7503 elementor-1051\" data-elementor-post-type=\"page\">\n\t\t\t\t\t\t<section class=\"has_ma_el_bg_slider elementor-section elementor-top-section elementor-element elementor-element-7029e7e elementor-section-boxed elementor-section-height-default elementor-section-height-default jltma-glass-effect-no\" data-id=\"7029e7e\" data-element_type=\"section\" data-e-type=\"section\" data-settings=\"{&quot;jet_parallax_layout_list&quot;:[{&quot;jet_parallax_layout_image&quot;:{&quot;url&quot;:&quot;&quot;,&quot;id&quot;:&quot;&quot;,&quot;size&quot;:&quot;&quot;},&quot;_id&quot;:&quot;efca056&quot;,&quot;jet_parallax_layout_image_tablet&quot;:{&quot;url&quot;:&quot;&quot;,&quot;id&quot;:&quot;&quot;,&quot;size&quot;:&quot;&quot;},&quot;jet_parallax_layout_image_mobile&quot;:{&quot;url&quot;:&quot;&quot;,&quot;id&quot;:&quot;&quot;,&quot;size&quot;:&quot;&quot;},&quot;jet_parallax_layout_speed&quot;:{&quot;unit&quot;:&quot;%&quot;,&quot;size&quot;:50,&quot;sizes&quot;:[]},&quot;jet_parallax_layout_type&quot;:&quot;scroll&quot;,&quot;jet_parallax_layout_direction&quot;:null,&quot;jet_parallax_layout_fx_direction&quot;:null,&quot;jet_parallax_layout_z_index&quot;:&quot;&quot;,&quot;jet_parallax_layout_bg_x&quot;:50,&quot;jet_parallax_layout_bg_x_tablet&quot;:&quot;&quot;,&quot;jet_parallax_layout_bg_x_mobile&quot;:&quot;&quot;,&quot;jet_parallax_layout_bg_y&quot;:50,&quot;jet_parallax_layout_bg_y_tablet&quot;:&quot;&quot;,&quot;jet_parallax_layout_bg_y_mobile&quot;:&quot;&quot;,&quot;jet_parallax_layout_bg_size&quot;:&quot;auto&quot;,&quot;jet_parallax_layout_bg_size_tablet&quot;:&quot;&quot;,&quot;jet_parallax_layout_bg_size_mobile&quot;:&quot;&quot;,&quot;jet_parallax_layout_animation_prop&quot;:&quot;transform&quot;,&quot;jet_parallax_layout_on&quot;:[&quot;desktop&quot;,&quot;tablet&quot;]}]}\">\n\t\t\t\t\t\t<div class=\"elementor-container elementor-column-gap-default\">\n\t\t\t\t\t<div class=\"has_ma_el_bg_slider elementor-column elementor-col-100 elementor-top-column elementor-element elementor-element-b29a765 jltma-glass-effect-no\" data-id=\"b29a765\" data-element_type=\"column\" data-e-type=\"column\">\n\t\t\t<div class=\"elementor-widget-wrap elementor-element-populated\">\n\t\t\t\t\t\t<div class=\"elementor-element elementor-element-7982dc4 jltma-glass-effect-no elementor-widget elementor-widget-heading\" data-id=\"7982dc4\" data-element_type=\"widget\" data-e-type=\"widget\" data-widget_type=\"heading.default\">\n\t\t\t\t<div class=\"elementor-widget-container\">\n\t\t\t\t\t<h1 class=\"elementor-heading-title elementor-size-default\">Software de gesti\u00f3n de entregas: Una gu\u00eda completa<\/h1>\t\t\t\t<\/div>\n\t\t\t\t<\/div>\n\t\t\t\t\t<\/div>\n\t\t<\/div>\n\t\t\t\t\t<\/div>\n\t\t<\/section>\n\t\t\t\t<section class=\"has_ma_el_bg_slider elementor-section elementor-top-section elementor-element elementor-element-96ad6eb elementor-section-boxed elementor-section-height-default elementor-section-height-default jltma-glass-effect-no\" data-id=\"96ad6eb\" data-element_type=\"section\" data-e-type=\"section\" data-settings=\"{&quot;jet_parallax_layout_list&quot;:[{&quot;jet_parallax_layout_image&quot;:{&quot;url&quot;:&quot;&quot;,&quot;id&quot;:&quot;&quot;,&quot;size&quot;:&quot;&quot;},&quot;_id&quot;:&quot;d3a1587&quot;,&quot;jet_parallax_layout_image_tablet&quot;:{&quot;url&quot;:&quot;&quot;,&quot;id&quot;:&quot;&quot;,&quot;size&quot;:&quot;&quot;},&quot;jet_parallax_layout_image_mobile&quot;:{&quot;url&quot;:&quot;&quot;,&quot;id&quot;:&quot;&quot;,&quot;size&quot;:&quot;&quot;},&quot;jet_parallax_layout_speed&quot;:{&quot;unit&quot;:&quot;%&quot;,&quot;size&quot;:50,&quot;sizes&quot;:[]},&quot;jet_parallax_layout_type&quot;:&quot;scroll&quot;,&quot;jet_parallax_layout_direction&quot;:null,&quot;jet_parallax_layout_fx_direction&quot;:null,&quot;jet_parallax_layout_z_index&quot;:&quot;&quot;,&quot;jet_parallax_layout_bg_x&quot;:50,&quot;jet_parallax_layout_bg_x_tablet&quot;:&quot;&quot;,&quot;jet_parallax_layout_bg_x_mobile&quot;:&quot;&quot;,&quot;jet_parallax_layout_bg_y&quot;:50,&quot;jet_parallax_layout_bg_y_tablet&quot;:&quot;&quot;,&quot;jet_parallax_layout_bg_y_mobile&quot;:&quot;&quot;,&quot;jet_parallax_layout_bg_size&quot;:&quot;auto&quot;,&quot;jet_parallax_layout_bg_size_tablet&quot;:&quot;&quot;,&quot;jet_parallax_layout_bg_size_mobile&quot;:&quot;&quot;,&quot;jet_parallax_layout_animation_prop&quot;:&quot;transform&quot;,&quot;jet_parallax_layout_on&quot;:[&quot;desktop&quot;,&quot;tablet&quot;]}]}\">\n\t\t\t\t\t\t<div class=\"elementor-container elementor-column-gap-default\">\n\t\t\t\t\t<div class=\"has_ma_el_bg_slider elementor-column elementor-col-100 elementor-top-column elementor-element elementor-element-e9851f5 jltma-glass-effect-no\" data-id=\"e9851f5\" data-element_type=\"column\" data-e-type=\"column\">\n\t\t\t<div class=\"elementor-widget-wrap elementor-element-populated\">\n\t\t\t\t\t\t<div class=\"elementor-element elementor-element-cbf76de jltma-glass-effect-no elementor-widget elementor-widget-text-editor\" data-id=\"cbf76de\" data-element_type=\"widget\" data-e-type=\"widget\" data-widget_type=\"text-editor.default\">\n\t\t\t\t<div class=\"elementor-widget-container\">\n\t\t\t\t\t\t\t\t\t<p>Uno de los objetivos m\u00e1s importantes de cualquier empresa de entregas es combinar todos los procesos de entrega bajo un mismo sistema. Gestionar todas las operaciones manualmente lleva mucho tiempo. Por eso el software de gesti\u00f3n de entregas es una necesidad para las empresas modernas.  <\/p>\n<p>El software de seguimiento de entregas permite a las empresas realizar entregas bajo demanda en menos tiempo, reducir los costes operativos y aumentar la productividad. Las empresas experimentadas est\u00e1n desplegando r\u00e1pidamente sistemas avanzados de gesti\u00f3n de entregas para mejorar el servicio al cliente y aumentar su fidelidad.<\/p>\n<\/p>\n<h3>\u00bfQu\u00e9 es el software de gesti\u00f3n de entregas?<\/h3>\n<p>El software de gesti\u00f3n de entregas puede definirse como una plataforma que digitaliza las operaciones log\u00edsticas b\u00e1sicas, como la expedici\u00f3n, la distribuci\u00f3n de tareas y la asignaci\u00f3n de pedidos, el seguimiento de veh\u00edculos, la planificaci\u00f3n de rutas, etc. El software realiza varias tareas a la vez:<\/p>\n<ul>\n<li>entiende el tiempo y los patrones de tr\u00e1fico y sigue el movimiento de las mercanc\u00edas,  <\/li>\n<li>proporciona un alto nivel de transparencia log\u00edstica,  <\/li>\n<li>reduce el coste por kil\u00f3metro, genera tiempos de llegada precisos,  <\/li>\n<li>elimina los pedidos pendientes y mejora el servicio al cliente.  <\/li>\n<\/ul>\n<p>En otras palabras, permite a las partes interesadas en la log\u00edstica, como los despachadores y los gerentes de entrega, gestionar las operaciones de \u00faltima milla de manera impecable.<\/p>\n<\/p>\n<h2>\u00bfQu\u00e9 tareas resuelve el software de gesti\u00f3n de entregas?<\/h2>\n<p>Este software puede ayudar a su empresa en cada paso, ya que las posibilidades de una herramienta de este tipo son muy amplias. Veamos lo que le ofrece en diferentes etapas y niveles:<\/p>\n<\/p>\n<h3>Cumplimiento de los pedidos<\/h3>\n<p>Ahora todos sus pedidos est\u00e1n reunidos en un solo lugar; le resulta f\u00e1cil gestionarlos y llevar un registro. La informaci\u00f3n sobre los clientes, su ubicaci\u00f3n y todos los datos necesarios se encuentran tambi\u00e9n en un \u00fanico sistema integrado. Por lo tanto, ser\u00e1 mucho m\u00e1s f\u00e1cil para todo el personal navegar y tomar mucho menos tiempo para procesar los pedidos.<\/p>\n<\/p>\n<h3>Programaci\u00f3n de env\u00edos<\/h3>\n<p>Puede distribuir autom\u00e1ticamente los pedidos y las mercanc\u00edas, optimizar la entrega y la ruta, y calcular el tiempo de llegada al punto final. Tanto el conductor como el cliente pueden recibir notificaciones con toda la informaci\u00f3n que necesitan.<\/p>\n<\/p>\n<h3>Entrega<\/h3>\n<p>En primer lugar, proporciona navegaci\u00f3n, una c\u00f3moda planificaci\u00f3n de la ruta para el conductor y un seguimiento de la entrega en tiempo real para el cliente. Adem\u00e1s, en caso de atascos u otros retrasos inesperados, la hora de llegada estimada puede ajustarse en tiempo real.<\/p>\n<\/p>\n<h3>Notificaciones de tiempo<\/h3>\n<p>Las notificaciones de los plazos de entrega y el seguimiento de los mapas aumentan considerablemente la satisfacci\u00f3n de los clientes. La confirmaci\u00f3n digital de la entrega le ayudar\u00e1 a realizar un seguimiento del rendimiento de los conductores, y los comentarios instant\u00e1neos de los clientes le acercar\u00e1n a\u00fan m\u00e1s a su p\u00fablico objetivo.<\/p>\n<\/p>\n<h3>An\u00e1lisis<\/h3>\n<p>El \u00e1rea de entrega, el rendimiento, las estad\u00edsticas de los pedidos y otros datos estar\u00e1n siempre a su alcance. Le ayudar\u00e1 a controlar la eficiencia de su sistema.<\/p>\n<\/p>\n<h3>Integraci\u00f3n<\/h3>\n<p>Los programas para los servicios de entrega pueden integrarse f\u00e1cilmente con otros servicios de la empresa para crear un sistema \u00fanico de registro de toda la informaci\u00f3n necesaria.<\/p>\n<\/p>\n<h2>\u00bfC\u00f3mo aplicar un sistema de gesti\u00f3n de entregas en su empresa?<\/h2>\n<\/p>\n<p>El software de gesti\u00f3n de entregas es conveniente para cualquier \u00e1mbito que requiera recogida y entrega, como supermercados, sitios web de comercio electr\u00f3nico, farmacias, restaurantes, etc.<\/p>\n<p>Si dirige este tipo de empresas, debe ponerse en contacto con los mejores proveedores de servicios. Hay muchas opciones disponibles en el mercado online. Seleccione la que se ajuste a sus necesidades y le proporcione la mejor soluci\u00f3n. Los proveedores de servicios evaluar\u00e1n sus necesidades y le ofrecer\u00e1n el servicio pertinente.  <\/p>\n<\/p>\n<h2>\u00bfCu\u00e1les son las ventajas de un sistema de gesti\u00f3n de entregas?<\/h2>\n<p>La gesti\u00f3n de las entregas consiste en mejorar los procesos. El software de seguimiento de entregas es la mejor soluci\u00f3n para cualquier empresa que busque reducir costes realizando m\u00e1s entregas con menos recursos y manteniendo un alto nivel de servicio para los clientes. Las ventajas del software de gesti\u00f3n de entregas son muchas, por ejemplo  <\/p>\n<\/p>\n<h3>Presentaci\u00f3n autom\u00e1tica<\/h3>\n<p>Para un negocio de entrega a gran escala bajo demanda, ser\u00e1 beneficioso automatizar el proceso de env\u00edo en cierta medida. A diferencia de las entregas programadas, las empresas bajo demanda necesitan realizar env\u00edos a medida que llegan nuevos pedidos. En lugar de ocuparse de un gran n\u00famero de pedidos entrantes, utilice herramientas para distribuir de forma programada los pedidos a los conductores cercanos que puedan realmente entregar el pedido en el tiempo asignado. La automatizaci\u00f3n de los env\u00edos libera un valioso tiempo de gesti\u00f3n para centrarse en la gesti\u00f3n de excepciones y la satisfacci\u00f3n del cliente.<\/p>\n<\/p>\n<h3>Optimizaci\u00f3n de rutas<\/h3>\n<p>En lugar de enrutar manualmente cada tarea, se utilizan algoritmos de optimizaci\u00f3n de rutas para generar rutas m\u00e1s adecuadas en menos tiempo. El software avanzado de automatizaci\u00f3n de entregas puede tener en cuenta limitaciones como la capacidad de los veh\u00edculos, las ventanas de entrega, los horarios de los conductores y los patrones de tr\u00e1fico para sugerir la mejor ruta a los conductores. Adem\u00e1s, esta herramienta tambi\u00e9n puede determinar las horas de llegada estimadas, que pueden utilizarse para fines internos y para las comunicaciones con los clientes.<\/p>\n<\/p>\n<h3>Seguimiento de veh\u00edculos<\/h3>\n<p>\u00bfEst\u00e1n los conductores de camino a su pr\u00f3xima entrega, o se dirigen accidentalmente en la direcci\u00f3n equivocada? \u00bfEst\u00e1n atascados en el tr\u00e1fico? La visibilidad de la ubicaci\u00f3n de los veh\u00edculos puede ayudar a un despachador a entender cu\u00e1ndo el conductor podr\u00eda desviarse, ahorrar valiosos recursos y evitar costosos retrasos. Los equipos de atenci\u00f3n al cliente tambi\u00e9n utilizan el seguimiento de veh\u00edculos para informar a sus clientes de cu\u00e1ndo se espera su entrega. Este software utiliza los datos para proporcionar a los clientes una gran experiencia mientras esperan la entrega.<\/p>\n<\/p>\n<h3>Confirmaci\u00f3n de entrega (prueba de entrega)<\/h3>\n<p>Esto significa recibir una firma del cliente confirmando la recepci\u00f3n del paquete para algunas operaciones. Para otros, puede ser una fotograf\u00eda del lugar en el que se dej\u00f3 el paquete\/transporte para compartirla con el comprador m\u00e1s adelante. Hoy en d\u00eda existen opciones m\u00e1s avanzadas que utilizan el escaneo de c\u00f3digos de barras para garantizar que se entrega el paquete correcto en el lugar especificado. Esta cadena de suministro es especialmente esencial para productos farmac\u00e9uticos, documentos y otros productos sensibles.<\/p>\n<\/p>\n<h3>Comunicaci\u00f3n entre el equipo y los clientes<\/h3>\n<p>Es posible que sus expedidores y conductores no tengan que comunicarse nunca por texto o voz. Los despachadores establecen las tareas y los conductores las realizan. Sin embargo, en el mundo real es necesario facilitar la comunicaci\u00f3n entre los miembros del equipo. Supongamos que un conductor tiene problemas para encontrar un punto de entrega o para contactar con un cliente. En ese caso, a menudo se dirige primero al despachador para pedirle consejo. Esta gu\u00eda es uno de los componentes importantes de la gesti\u00f3n de la entrega. Con el chat en tiempo real, estas comunicaciones se simplifican y mejoran gracias al contexto a\u00f1adido de la ubicaci\u00f3n del conductor y los detalles de su entrega activa.<\/p>\n<\/p>\n<h3>Algunos beneficios adicionales:<\/h3>\n<p>Los objetivos de las herramientas de gesti\u00f3n de entregas pueden ser diferentes, principalmente en funci\u00f3n de las tareas que la empresa quiera resolver. Por lo tanto, los beneficios tambi\u00e9n dependen del instrumento concreto de que se trate. Pero con un enfoque hol\u00edstico, se puede sacar el m\u00e1ximo provecho de la automatizaci\u00f3n:<\/p>\n<ul>\n<li>Ahorre tiempo y dinero, incluidos los costes de mano de obra y de env\u00edo;<\/li>\n<li>Entrega segura de alimentos con menos contacto humano;<\/li>\n<li>Seguridad garantizada para el conductor;<\/li>\n<li>Mayor precisi\u00f3n en los pedidos;<\/li>\n<li>Planificaci\u00f3n eficaz de las entregas m\u00faltiples;<\/li>\n<li>Optimizaci\u00f3n de rutas en tiempo real;<\/li>\n<li>Automatizaci\u00f3n del despacho;<\/li>\n<li>Alto nivel de transparencia para los clientes;<\/li>\n<li>Plazos cortos de facturaci\u00f3n;<\/li>\n<li>Automatizaci\u00f3n de la distribuci\u00f3n de tareas;<\/li>\n<li>Reducir los riesgos del transporte;<\/li>\n<\/ul>\n<ul>\n<li>Debido al aumento del negocio, las expectativas de los clientes tambi\u00e9n han aumentado. Por lo tanto, en una situaci\u00f3n as\u00ed, optimizar la \u00faltima milla es importante para ofrecer a los ciudadanos un mejor servicio.<\/li>\n<\/ul>\n<\/p>\n<h2><strong>\u00bfCu\u00e1nto cuesta?<\/strong><\/h2>\n<p>Hay muchas opciones disponibles a la hora de elegir un software de gesti\u00f3n de entregas para su empresa. Cada proveedor de servicios de gesti\u00f3n de la entrega de TI tiene un precio diferente por suscripci\u00f3n y un m\u00e9todo de facturaci\u00f3n diferente. Adem\u00e1s, el coste del servicio depende de sus necesidades. Si quieres menos prestaciones, tienes que pagar menos. Pero se estima que, por t\u00e9rmino medio, el precio del software de gesti\u00f3n de entregas se sit\u00faa entre 182 y 250 d\u00f3lares al mes.<\/p>\n<\/p>\n<h2><strong>\u00bfPor qu\u00e9 elegir Logdio?<\/strong><\/h2>\n<p>La principal tarea de Logdio es reducir la influencia del factor humano y aumentar la eficiencia de la entrega de pedidos, cargas, bienes y servicios, facilitando el laborioso proceso de recepci\u00f3n y distribuci\u00f3n de pedidos a los mensajeros, conductores, as\u00ed como optimizar los costes de mantenimiento de la flota y los conductores.<\/p>\n<p>Como todos sabemos, la comunicaci\u00f3n juega un papel fundamental en cualquier negocio, por lo que los clientes pueden comunicarse con el administrador cuando lo necesiten. Este es el mejor servicio que ofrece Logdio en este caso.<\/p>\n<p>Logdio ayuda a conseguir grandes resultados con su software de seguimiento de entregas. Con esta herramienta podr\u00e1 controlar f\u00e1cilmente el rendimiento global de su empresa. As\u00ed que debes probarlo.  <\/p>\n<\/p>\n<h2><strong>Resumamos<\/strong><\/h2>\n<p>El software de gesti\u00f3n de las entregas es fundamental para optimizarlas. Al digitalizar y conectar las distintas partes y procesos que intervienen en la entrega, el software de mensajer\u00eda ayuda a las empresas a simplificar la entrega, desde la planificaci\u00f3n de la ruta y el env\u00edo hasta el seguimiento del cliente en tiempo real y la confirmaci\u00f3n digital de la entrega.<\/p>\n<p>Un software sabiamente seleccionado puede ayudar a las empresas de reparto a alcanzar un nivel de madurez de automatizaci\u00f3n. Adem\u00e1s, se traducir\u00e1 en un aumento de su base de clientes fieles y de sus beneficios. Adem\u00e1s, la automatizaci\u00f3n de la entrega de mensajer\u00eda en tiempos de crisis le ayudar\u00e1 a elevar el nivel de su negocio y a seguir realizando entregas de forma mucho m\u00e1s eficiente. Es posible que est\u00e9 confundido por la gran cantidad de opciones disponibles en el mercado online. Por lo tanto, preste atenci\u00f3n a todas las caracter\u00edsticas, los costes y la eficacia del software antes de seleccionarlo.  <\/p>\n<p>Si tiene alguna pregunta o la idea de un proyecto ha madurado, deje una solicitud en nuestro sitio web o llame al n\u00famero de tel\u00e9fono indicado. Nuestros gestores estar\u00e1n encantados de responder a todas sus preguntas y ayudarle a elegir la mejor soluci\u00f3n que resuelva los problemas y las tareas de su empresa.<\/p><\/p>\n\t\t\t\t\t\t\t\t<\/div>\n\t\t\t\t<\/div>\n\t\t\t\t\t<\/div>\n\t\t<\/div>\n\t\t\t\t\t<\/div>\n\t\t<\/section>\n\t\t\t\t<\/div>\n\t\t","protected":false},"excerpt":{"rendered":"<p>Software de gesti\u00f3n de entregas: Una gu\u00eda completa Uno de los objetivos m\u00e1s importantes de cualquier empresa de entregas es combinar todos los procesos de entrega bajo un mismo sistema. Gestionar todas las operaciones manualmente lleva mucho tiempo. Por eso el software de gesti\u00f3n de entregas es una necesidad para las empresas modernas. El software [&hellip;]<\/p>\n","protected":false},"author":1,"featured_media":0,"parent":0,"menu_order":0,"comment_status":"closed","ping_status":"closed","template":"elementor_header_footer","meta":{"footnotes":""},"class_list":["post-7503","page","type-page","status-publish","hentry"],"yoast_head":"<!-- This site is optimized with the Yoast SEO plugin v26.8 - https:\/\/yoast.com\/product\/yoast-seo-wordpress\/ -->\n<title>Software de gesti\u00f3n de entregas - Logdio - delivery management tool<\/title>\n<meta name=\"description\" content=\"Aumente su productividad con el software de gesti\u00f3n de entregas Logdis. Una soluci\u00f3n integral para las empresas de reparto.\" \/>\n<meta name=\"robots\" content=\"index, follow, max-snippet:-1, max-image-preview:large, max-video-preview:-1\" \/>\n<link rel=\"canonical\" href=\"https:\/\/logdio.com\/es\/software-de-gestion-de-entregas\/\" \/>\n<meta property=\"og:locale\" content=\"es_ES\" \/>\n<meta property=\"og:type\" content=\"article\" \/>\n<meta property=\"og:title\" content=\"Software de gesti\u00f3n de entregas - Logdio - delivery management tool\" \/>\n<meta property=\"og:description\" content=\"Aumente su productividad con el software de gesti\u00f3n de entregas Logdis. Una soluci\u00f3n integral para las empresas de reparto.\" \/>\n<meta property=\"og:url\" content=\"https:\/\/logdio.com\/es\/software-de-gestion-de-entregas\/\" \/>\n<meta property=\"og:site_name\" content=\"Logdio - delivery management tool\" \/>\n<meta property=\"article:publisher\" content=\"https:\/\/www.facebook.com\/logtime.eu\/\" \/>\n<meta property=\"article:modified_time\" content=\"2023-08-20T21:31:06+00:00\" \/>\n<meta name=\"twitter:card\" content=\"summary_large_image\" \/>\n<meta name=\"twitter:label1\" content=\"Tiempo de lectura\" \/>\n\t<meta name=\"twitter:data1\" content=\"10 minutos\" \/>\n<script type=\"application\/ld+json\" class=\"yoast-schema-graph\">{\"@context\":\"https:\/\/schema.org\",\"@graph\":[{\"@type\":\"WebPage\",\"@id\":\"https:\/\/logdio.com\/es\/software-de-gestion-de-entregas\/\",\"url\":\"https:\/\/logdio.com\/es\/software-de-gestion-de-entregas\/\",\"name\":\"Software de gesti\u00f3n de entregas - Logdio - delivery management tool\",\"isPartOf\":{\"@id\":\"https:\/\/logdio.com\/es\/#website\"},\"datePublished\":\"2021-08-23T19:01:49+00:00\",\"dateModified\":\"2023-08-20T21:31:06+00:00\",\"description\":\"Aumente su productividad con el software de gesti\u00f3n de entregas Logdis. Una soluci\u00f3n integral para las empresas de reparto.\",\"breadcrumb\":{\"@id\":\"https:\/\/logdio.com\/es\/software-de-gestion-de-entregas\/#breadcrumb\"},\"inLanguage\":\"es\",\"potentialAction\":[{\"@type\":\"ReadAction\",\"target\":[\"https:\/\/logdio.com\/es\/software-de-gestion-de-entregas\/\"]}]},{\"@type\":\"BreadcrumbList\",\"@id\":\"https:\/\/logdio.com\/es\/software-de-gestion-de-entregas\/#breadcrumb\",\"itemListElement\":[{\"@type\":\"ListItem\",\"position\":1,\"name\":\"Home\",\"item\":\"https:\/\/logdio.com\/es\/pagina-de-aterrizaje\/\"},{\"@type\":\"ListItem\",\"position\":2,\"name\":\"Software de gesti\u00f3n de entregas\"}]},{\"@type\":\"WebSite\",\"@id\":\"https:\/\/logdio.com\/es\/#website\",\"url\":\"https:\/\/logdio.com\/es\/\",\"name\":\"Logdio - delivery management tool\",\"description\":\"Next level delivery management software\",\"publisher\":{\"@id\":\"https:\/\/logdio.com\/es\/#organization\"},\"potentialAction\":[{\"@type\":\"SearchAction\",\"target\":{\"@type\":\"EntryPoint\",\"urlTemplate\":\"https:\/\/logdio.com\/es\/?s={search_term_string}\"},\"query-input\":{\"@type\":\"PropertyValueSpecification\",\"valueRequired\":true,\"valueName\":\"search_term_string\"}}],\"inLanguage\":\"es\"},{\"@type\":\"Organization\",\"@id\":\"https:\/\/logdio.com\/es\/#organization\",\"name\":\"Logdio\",\"url\":\"https:\/\/logdio.com\/es\/\",\"logo\":{\"@type\":\"ImageObject\",\"inLanguage\":\"es\",\"@id\":\"https:\/\/logdio.com\/es\/#\/schema\/logo\/image\/\",\"url\":\"https:\/\/logdio.com\/wp-content\/uploads\/2021\/05\/Logdio.svg\",\"contentUrl\":\"https:\/\/logdio.com\/wp-content\/uploads\/2021\/05\/Logdio.svg\",\"width\":4.44919,\"height\":1.1285,\"caption\":\"Logdio\"},\"image\":{\"@id\":\"https:\/\/logdio.com\/es\/#\/schema\/logo\/image\/\"},\"sameAs\":[\"https:\/\/www.facebook.com\/logtime.eu\/\",\"https:\/\/www.linkedin.com\/company\/logtime\"]}]}<\/script>\n<!-- \/ Yoast SEO plugin. -->","yoast_head_json":{"title":"Software de gesti\u00f3n de entregas - Logdio - delivery management tool","description":"Aumente su productividad con el software de gesti\u00f3n de entregas Logdis. Una soluci\u00f3n integral para las empresas de reparto.","robots":{"index":"index","follow":"follow","max-snippet":"max-snippet:-1","max-image-preview":"max-image-preview:large","max-video-preview":"max-video-preview:-1"},"canonical":"https:\/\/logdio.com\/es\/software-de-gestion-de-entregas\/","og_locale":"es_ES","og_type":"article","og_title":"Software de gesti\u00f3n de entregas - Logdio - delivery management tool","og_description":"Aumente su productividad con el software de gesti\u00f3n de entregas Logdis. Una soluci\u00f3n integral para las empresas de reparto.","og_url":"https:\/\/logdio.com\/es\/software-de-gestion-de-entregas\/","og_site_name":"Logdio - delivery management tool","article_publisher":"https:\/\/www.facebook.com\/logtime.eu\/","article_modified_time":"2023-08-20T21:31:06+00:00","twitter_card":"summary_large_image","twitter_misc":{"Tiempo de lectura":"10 minutos"},"schema":{"@context":"https:\/\/schema.org","@graph":[{"@type":"WebPage","@id":"https:\/\/logdio.com\/es\/software-de-gestion-de-entregas\/","url":"https:\/\/logdio.com\/es\/software-de-gestion-de-entregas\/","name":"Software de gesti\u00f3n de entregas - Logdio - delivery management tool","isPartOf":{"@id":"https:\/\/logdio.com\/es\/#website"},"datePublished":"2021-08-23T19:01:49+00:00","dateModified":"2023-08-20T21:31:06+00:00","description":"Aumente su productividad con el software de gesti\u00f3n de entregas Logdis. Una soluci\u00f3n integral para las empresas de reparto.","breadcrumb":{"@id":"https:\/\/logdio.com\/es\/software-de-gestion-de-entregas\/#breadcrumb"},"inLanguage":"es","potentialAction":[{"@type":"ReadAction","target":["https:\/\/logdio.com\/es\/software-de-gestion-de-entregas\/"]}]},{"@type":"BreadcrumbList","@id":"https:\/\/logdio.com\/es\/software-de-gestion-de-entregas\/#breadcrumb","itemListElement":[{"@type":"ListItem","position":1,"name":"Home","item":"https:\/\/logdio.com\/es\/pagina-de-aterrizaje\/"},{"@type":"ListItem","position":2,"name":"Software de gesti\u00f3n de entregas"}]},{"@type":"WebSite","@id":"https:\/\/logdio.com\/es\/#website","url":"https:\/\/logdio.com\/es\/","name":"Logdio - delivery management tool","description":"Next level delivery management software","publisher":{"@id":"https:\/\/logdio.com\/es\/#organization"},"potentialAction":[{"@type":"SearchAction","target":{"@type":"EntryPoint","urlTemplate":"https:\/\/logdio.com\/es\/?s={search_term_string}"},"query-input":{"@type":"PropertyValueSpecification","valueRequired":true,"valueName":"search_term_string"}}],"inLanguage":"es"},{"@type":"Organization","@id":"https:\/\/logdio.com\/es\/#organization","name":"Logdio","url":"https:\/\/logdio.com\/es\/","logo":{"@type":"ImageObject","inLanguage":"es","@id":"https:\/\/logdio.com\/es\/#\/schema\/logo\/image\/","url":"https:\/\/logdio.com\/wp-content\/uploads\/2021\/05\/Logdio.svg","contentUrl":"https:\/\/logdio.com\/wp-content\/uploads\/2021\/05\/Logdio.svg","width":4.44919,"height":1.1285,"caption":"Logdio"},"image":{"@id":"https:\/\/logdio.com\/es\/#\/schema\/logo\/image\/"},"sameAs":["https:\/\/www.facebook.com\/logtime.eu\/","https:\/\/www.linkedin.com\/company\/logtime"]}]}},"_links":{"self":[{"href":"https:\/\/logdio.com\/es\/wp-json\/wp\/v2\/pages\/7503","targetHints":{"allow":["GET"]}}],"collection":[{"href":"https:\/\/logdio.com\/es\/wp-json\/wp\/v2\/pages"}],"about":[{"href":"https:\/\/logdio.com\/es\/wp-json\/wp\/v2\/types\/page"}],"author":[{"embeddable":true,"href":"https:\/\/logdio.com\/es\/wp-json\/wp\/v2\/users\/1"}],"replies":[{"embeddable":true,"href":"https:\/\/logdio.com\/es\/wp-json\/wp\/v2\/comments?post=7503"}],"version-history":[{"count":3,"href":"https:\/\/logdio.com\/es\/wp-json\/wp\/v2\/pages\/7503\/revisions"}],"predecessor-version":[{"id":27083,"href":"https:\/\/logdio.com\/es\/wp-json\/wp\/v2\/pages\/7503\/revisions\/27083"}],"wp:attachment":[{"href":"https:\/\/logdio.com\/es\/wp-json\/wp\/v2\/media?parent=7503"}],"curies":[{"name":"wp","href":"https:\/\/api.w.org\/{rel}","templated":true}]}}