{"id":7366,"date":"2021-08-23T21:57:37","date_gmt":"2021-08-23T18:57:37","guid":{"rendered":"https:\/\/logdio.com\/sobre-nosotros\/"},"modified":"2023-08-21T00:34:54","modified_gmt":"2023-08-20T21:34:54","slug":"sobre-nosotros","status":"publish","type":"page","link":"https:\/\/logdio.com\/es\/sobre-nosotros\/","title":{"rendered":"Sobre nosotros"},"content":{"rendered":"\t\t<div data-elementor-type=\"wp-page\" data-elementor-id=\"7366\" class=\"elementor elementor-7366 elementor-25\" data-elementor-post-type=\"page\">\n\t\t\t\t\t\t<section class=\"has_ma_el_bg_slider elementor-section elementor-top-section elementor-element elementor-element-a8f2033 elementor-section-boxed elementor-section-height-default elementor-section-height-default jltma-glass-effect-no\" data-id=\"a8f2033\" data-element_type=\"section\" data-e-type=\"section\" data-settings=\"{&quot;jet_parallax_layout_list&quot;:[{&quot;jet_parallax_layout_image&quot;:{&quot;url&quot;:&quot;&quot;,&quot;id&quot;:&quot;&quot;,&quot;size&quot;:&quot;&quot;},&quot;_id&quot;:&quot;c7a9eeb&quot;,&quot;jet_parallax_layout_image_tablet&quot;:{&quot;url&quot;:&quot;&quot;,&quot;id&quot;:&quot;&quot;,&quot;size&quot;:&quot;&quot;},&quot;jet_parallax_layout_image_mobile&quot;:{&quot;url&quot;:&quot;&quot;,&quot;id&quot;:&quot;&quot;,&quot;size&quot;:&quot;&quot;},&quot;jet_parallax_layout_speed&quot;:{&quot;unit&quot;:&quot;%&quot;,&quot;size&quot;:50,&quot;sizes&quot;:[]},&quot;jet_parallax_layout_type&quot;:&quot;scroll&quot;,&quot;jet_parallax_layout_direction&quot;:null,&quot;jet_parallax_layout_fx_direction&quot;:null,&quot;jet_parallax_layout_z_index&quot;:&quot;&quot;,&quot;jet_parallax_layout_bg_x&quot;:50,&quot;jet_parallax_layout_bg_x_tablet&quot;:&quot;&quot;,&quot;jet_parallax_layout_bg_x_mobile&quot;:&quot;&quot;,&quot;jet_parallax_layout_bg_y&quot;:50,&quot;jet_parallax_layout_bg_y_tablet&quot;:&quot;&quot;,&quot;jet_parallax_layout_bg_y_mobile&quot;:&quot;&quot;,&quot;jet_parallax_layout_bg_size&quot;:&quot;auto&quot;,&quot;jet_parallax_layout_bg_size_tablet&quot;:&quot;&quot;,&quot;jet_parallax_layout_bg_size_mobile&quot;:&quot;&quot;,&quot;jet_parallax_layout_animation_prop&quot;:&quot;transform&quot;,&quot;jet_parallax_layout_on&quot;:[&quot;desktop&quot;,&quot;tablet&quot;]}]}\">\n\t\t\t\t\t\t<div class=\"elementor-container elementor-column-gap-default\">\n\t\t\t\t\t<div class=\"has_ma_el_bg_slider elementor-column elementor-col-100 elementor-top-column elementor-element elementor-element-7eff6e2 jltma-glass-effect-no\" data-id=\"7eff6e2\" data-element_type=\"column\" data-e-type=\"column\">\n\t\t\t<div class=\"elementor-widget-wrap elementor-element-populated\">\n\t\t\t\t\t\t<div class=\"elementor-element elementor-element-430a85f jltma-glass-effect-no elementor-widget elementor-widget-heading\" data-id=\"430a85f\" data-element_type=\"widget\" data-e-type=\"widget\" data-widget_type=\"heading.default\">\n\t\t\t\t<div class=\"elementor-widget-container\">\n\t\t\t\t\t<h1 class=\"elementor-heading-title elementor-size-default\">Acerca de Logtime<\/h1>\t\t\t\t<\/div>\n\t\t\t\t<\/div>\n\t\t\t\t<div class=\"elementor-element elementor-element-b127471 jltma-glass-effect-no elementor-widget elementor-widget-text-editor\" data-id=\"b127471\" data-element_type=\"widget\" data-e-type=\"widget\" data-widget_type=\"text-editor.default\">\n\t\t\t\t<div class=\"elementor-widget-container\">\n\t\t\t\t\t\t\t\t\t<p>\u00danase a m\u00e1s de 1000 empresas que aceleran su sistema de entrega con Logdis<\/p>\n\t\t\t\t\t\t\t\t<\/div>\n\t\t\t\t<\/div>\n\t\t\t\t<div class=\"elementor-element elementor-element-41181d9 jltma-glass-effect-no elementor-widget elementor-widget-heading\" data-id=\"41181d9\" data-element_type=\"widget\" data-e-type=\"widget\" data-widget_type=\"heading.default\">\n\t\t\t\t<div class=\"elementor-widget-container\">\n\t\t\t\t\t<h2 class=\"elementor-heading-title elementor-size-default\">Qui\u00e9nes somos<\/h2>\t\t\t\t<\/div>\n\t\t\t\t<\/div>\n\t\t\t\t<div class=\"elementor-element elementor-element-2a65ef8 jltma-glass-effect-no elementor-widget elementor-widget-text-editor\" data-id=\"2a65ef8\" data-element_type=\"widget\" data-e-type=\"widget\" data-widget_type=\"text-editor.default\">\n\t\t\t\t<div class=\"elementor-widget-container\">\n\t\t\t\t\t\t\t\t\t<p>Logtime es un equipo experimentado de profesionales altamente cualificados. Venimos de diferentes ciudades, tenemos diferentes edades, pero lo que nos une es la pasi\u00f3n por crear soluciones B2B destinadas a ayudar a nuestros clientes a dirigir sus negocios de forma m\u00e1s f\u00e1cil, eficiente y rentable. El \u00e1rea principal de nuestra experiencia son las soluciones que ayudan a las empresas a gestionar sus equipos sobre el terreno. Estamos especializados en el desarrollo de sistemas m\u00f3viles de gesti\u00f3n de tareas, gesti\u00f3n de ventas y gesti\u00f3n de entregas. Proporcionamos soluciones y servicios que mejoran la gesti\u00f3n log\u00edstica para diversos tipos de empresas, como las empresas mayoristas y minoristas, la gesti\u00f3n de residuos, los servicios de emergencia, los servicios de mensajer\u00eda y cualquier otra empresa relacionada con los servicios que requiera un seguimiento en tiempo real de los pedidos de productos, las entregas, los fletes, los servicios de campo y las personas.<\/p>\n\t\t\t\t\t\t\t\t<\/div>\n\t\t\t\t<\/div>\n\t\t\t\t<div class=\"elementor-element elementor-element-3cc6940 jltma-glass-effect-no elementor-widget elementor-widget-heading\" data-id=\"3cc6940\" data-element_type=\"widget\" data-e-type=\"widget\" data-widget_type=\"heading.default\">\n\t\t\t\t<div class=\"elementor-widget-container\">\n\t\t\t\t\t<h2 class=\"elementor-heading-title elementor-size-default\">Nuestra misi\u00f3n es<\/h2>\t\t\t\t<\/div>\n\t\t\t\t<\/div>\n\t\t\t\t<div class=\"elementor-element elementor-element-bf56420 jltma-glass-effect-no elementor-widget elementor-widget-text-editor\" data-id=\"bf56420\" data-element_type=\"widget\" data-e-type=\"widget\" data-widget_type=\"text-editor.default\">\n\t\t\t\t<div class=\"elementor-widget-container\">\n\t\t\t\t\t\t\t\t\t<p>para crear soluciones inform\u00e1ticas de vanguardia al alcance de empresas de todos los tama\u00f1os. Hacemos todo lo posible para crear soluciones que tengan la m\u00e1xima utilidad y sean f\u00e1ciles de usar. Normalmente, nuestros clientes ni siquiera necesitan manuales de usuario. Estas soluciones est\u00e1n cuidadosamente dise\u00f1adas y personalizadas para satisfacer las necesidades espec\u00edficas de cada cliente. Y ayudan a nuestros clientes a mejorar sus procesos empresariales, aumentar las ventas, reducir los costes operativos y aumentar los beneficios.<\/p>\n\t\t\t\t\t\t\t\t<\/div>\n\t\t\t\t<\/div>\n\t\t\t\t<div class=\"elementor-element elementor-element-fba2d37 jltma-glass-effect-no elementor-widget elementor-widget-heading\" data-id=\"fba2d37\" data-element_type=\"widget\" data-e-type=\"widget\" data-widget_type=\"heading.default\">\n\t\t\t\t<div class=\"elementor-widget-container\">\n\t\t\t\t\t<h2 class=\"elementor-heading-title elementor-size-default\">Nuestros valores:<\/h2>\t\t\t\t<\/div>\n\t\t\t\t<\/div>\n\t\t\t\t<div class=\"elementor-element elementor-element-9a1a737 jltma-glass-effect-no elementor-widget elementor-widget-text-editor\" data-id=\"9a1a737\" data-element_type=\"widget\" data-e-type=\"widget\" data-widget_type=\"text-editor.default\">\n\t\t\t\t<div class=\"elementor-widget-container\">\n\t\t\t\t\t\t\t\t\t<p>Desarrollamos asociaciones a largo plazo con todos nuestros clientes porque creemos que es la mejor manera de ayudarles a obtener el m\u00e1ximo valor de nuestras soluciones. Por ello, trabajamos con nuestros clientes para crear un valor a\u00f1adido que los sit\u00fae por delante de sus competidores. Estas herramientas avanzadas han sido probadas y se ha demostrado que ofrecen resultados extraordinarios. Todas nuestras soluciones proporcionan resultados medibles y verificables que mejoran la eficiencia y la rentabilidad de nuestros clientes. Y debido a nuestro compromiso de ayudar a nuestros clientes a lograr un alto rendimiento constante, nos esforzamos constantemente por mejorar la calidad de nuestros servicios y soluciones.<\/p>\n\t\t\t\t\t\t\t\t<\/div>\n\t\t\t\t<\/div>\n\t\t\t\t<div class=\"elementor-element elementor-element-96fafbc jltma-glass-effect-no elementor-widget elementor-widget-heading\" data-id=\"96fafbc\" data-element_type=\"widget\" data-e-type=\"widget\" data-widget_type=\"heading.default\">\n\t\t\t\t<div class=\"elementor-widget-container\">\n\t\t\t\t\t<h2 class=\"elementor-heading-title elementor-size-default\">Empiece a recibir sus beneficios ahora.<\/h2>\t\t\t\t<\/div>\n\t\t\t\t<\/div>\n\t\t\t\t<div class=\"elementor-element elementor-element-ba20ede jltma-glass-effect-no elementor-widget elementor-widget-text-editor\" data-id=\"ba20ede\" data-element_type=\"widget\" data-e-type=\"widget\" data-widget_type=\"text-editor.default\">\n\t\t\t\t<div class=\"elementor-widget-container\">\n\t\t\t\t\t\t\t\t\t<p>P\u00f3ngase en contacto con nosotros para obtener m\u00e1s informaci\u00f3n o solicitar una demostraci\u00f3n. Estaremos encantados de ayudarle a lo largo del proceso y de proporcionarle todo el apoyo necesario. Inicie una prueba gratuita y compruebe usted mismo cu\u00e1nto dinero y tiempo puede ahorrar. Act\u00faa ahora!<\/p>\n\t\t\t\t\t\t\t\t<\/div>\n\t\t\t\t<\/div>\n\t\t\t\t\t<\/div>\n\t\t<\/div>\n\t\t\t\t\t<\/div>\n\t\t<\/section>\n\t\t\t\t<\/div>\n\t\t","protected":false},"excerpt":{"rendered":"<p>Acerca de Logtime \u00danase a m\u00e1s de 1000 empresas que aceleran su sistema de entrega con Logdis Qui\u00e9nes somos Logtime es un equipo experimentado de profesionales altamente cualificados. Venimos de diferentes ciudades, tenemos diferentes edades, pero lo que nos une es la pasi\u00f3n por crear soluciones B2B destinadas a ayudar a nuestros clientes a dirigir [&hellip;]<\/p>\n","protected":false},"author":1,"featured_media":0,"parent":0,"menu_order":0,"comment_status":"closed","ping_status":"closed","template":"elementor_header_footer","meta":{"footnotes":""},"class_list":["post-7366","page","type-page","status-publish","hentry"],"yoast_head":"<!-- This site is optimized with the Yoast SEO plugin v26.8 - https:\/\/yoast.com\/product\/yoast-seo-wordpress\/ -->\n<title>- Logdio - delivery management tool - \u00a1todo en una sola soluci\u00f3n!<\/title>\n<meta name=\"description\" content=\"Software de gesti\u00f3n de entregas Logdio. Soluci\u00f3n m\u00f3vil todo en uno para la optimizaci\u00f3n de rutas y el seguimiento de entregas en tiempo real. Haga clic aqu\u00ed para saber m\u00e1s sobre nosotros.\" \/>\n<meta name=\"robots\" content=\"index, follow, max-snippet:-1, max-image-preview:large, max-video-preview:-1\" \/>\n<link rel=\"canonical\" href=\"https:\/\/logdio.com\/es\/sobre-nosotros\/\" \/>\n<meta property=\"og:locale\" content=\"es_ES\" \/>\n<meta property=\"og:type\" content=\"article\" \/>\n<meta property=\"og:title\" content=\"- Logdio - delivery management tool - \u00a1todo en una sola soluci\u00f3n!\" \/>\n<meta property=\"og:description\" content=\"Software de gesti\u00f3n de entregas Logdio. Soluci\u00f3n m\u00f3vil todo en uno para la optimizaci\u00f3n de rutas y el seguimiento de entregas en tiempo real. Haga clic aqu\u00ed para saber m\u00e1s sobre nosotros.\" \/>\n<meta property=\"og:url\" content=\"https:\/\/logdio.com\/es\/sobre-nosotros\/\" \/>\n<meta property=\"og:site_name\" content=\"Logdio - delivery management tool\" \/>\n<meta property=\"article:publisher\" content=\"https:\/\/www.facebook.com\/logtime.eu\/\" \/>\n<meta property=\"article:modified_time\" content=\"2023-08-20T21:34:54+00:00\" \/>\n<meta name=\"twitter:card\" content=\"summary_large_image\" \/>\n<meta name=\"twitter:label1\" content=\"Tiempo de lectura\" \/>\n\t<meta name=\"twitter:data1\" content=\"2 minutos\" \/>\n<script type=\"application\/ld+json\" class=\"yoast-schema-graph\">{\"@context\":\"https:\/\/schema.org\",\"@graph\":[{\"@type\":\"WebPage\",\"@id\":\"https:\/\/logdio.com\/es\/sobre-nosotros\/\",\"url\":\"https:\/\/logdio.com\/es\/sobre-nosotros\/\",\"name\":\"- Logdio - delivery management tool - \u00a1todo en una sola soluci\u00f3n!\",\"isPartOf\":{\"@id\":\"https:\/\/logdio.com\/es\/#website\"},\"datePublished\":\"2021-08-23T18:57:37+00:00\",\"dateModified\":\"2023-08-20T21:34:54+00:00\",\"description\":\"Software de gesti\u00f3n de entregas Logdio. Soluci\u00f3n m\u00f3vil todo en uno para la optimizaci\u00f3n de rutas y el seguimiento de entregas en tiempo real. Haga clic aqu\u00ed para saber m\u00e1s sobre nosotros.\",\"breadcrumb\":{\"@id\":\"https:\/\/logdio.com\/es\/sobre-nosotros\/#breadcrumb\"},\"inLanguage\":\"es\",\"potentialAction\":[{\"@type\":\"ReadAction\",\"target\":[\"https:\/\/logdio.com\/es\/sobre-nosotros\/\"]}]},{\"@type\":\"BreadcrumbList\",\"@id\":\"https:\/\/logdio.com\/es\/sobre-nosotros\/#breadcrumb\",\"itemListElement\":[{\"@type\":\"ListItem\",\"position\":1,\"name\":\"Home\",\"item\":\"https:\/\/logdio.com\/es\/pagina-de-aterrizaje\/\"},{\"@type\":\"ListItem\",\"position\":2,\"name\":\"Sobre nosotros\"}]},{\"@type\":\"WebSite\",\"@id\":\"https:\/\/logdio.com\/es\/#website\",\"url\":\"https:\/\/logdio.com\/es\/\",\"name\":\"Logdio - delivery management tool\",\"description\":\"Next level delivery management software\",\"publisher\":{\"@id\":\"https:\/\/logdio.com\/es\/#organization\"},\"potentialAction\":[{\"@type\":\"SearchAction\",\"target\":{\"@type\":\"EntryPoint\",\"urlTemplate\":\"https:\/\/logdio.com\/es\/?s={search_term_string}\"},\"query-input\":{\"@type\":\"PropertyValueSpecification\",\"valueRequired\":true,\"valueName\":\"search_term_string\"}}],\"inLanguage\":\"es\"},{\"@type\":\"Organization\",\"@id\":\"https:\/\/logdio.com\/es\/#organization\",\"name\":\"Logdio\",\"url\":\"https:\/\/logdio.com\/es\/\",\"logo\":{\"@type\":\"ImageObject\",\"inLanguage\":\"es\",\"@id\":\"https:\/\/logdio.com\/es\/#\/schema\/logo\/image\/\",\"url\":\"https:\/\/logdio.com\/wp-content\/uploads\/2021\/05\/Logdio.svg\",\"contentUrl\":\"https:\/\/logdio.com\/wp-content\/uploads\/2021\/05\/Logdio.svg\",\"width\":4.44919,\"height\":1.1285,\"caption\":\"Logdio\"},\"image\":{\"@id\":\"https:\/\/logdio.com\/es\/#\/schema\/logo\/image\/\"},\"sameAs\":[\"https:\/\/www.facebook.com\/logtime.eu\/\",\"https:\/\/www.linkedin.com\/company\/logtime\"]}]}<\/script>\n<!-- \/ Yoast SEO plugin. -->","yoast_head_json":{"title":"- Logdio - delivery management tool - \u00a1todo en una sola soluci\u00f3n!","description":"Software de gesti\u00f3n de entregas Logdio. Soluci\u00f3n m\u00f3vil todo en uno para la optimizaci\u00f3n de rutas y el seguimiento de entregas en tiempo real. Haga clic aqu\u00ed para saber m\u00e1s sobre nosotros.","robots":{"index":"index","follow":"follow","max-snippet":"max-snippet:-1","max-image-preview":"max-image-preview:large","max-video-preview":"max-video-preview:-1"},"canonical":"https:\/\/logdio.com\/es\/sobre-nosotros\/","og_locale":"es_ES","og_type":"article","og_title":"- Logdio - delivery management tool - \u00a1todo en una sola soluci\u00f3n!","og_description":"Software de gesti\u00f3n de entregas Logdio. Soluci\u00f3n m\u00f3vil todo en uno para la optimizaci\u00f3n de rutas y el seguimiento de entregas en tiempo real. Haga clic aqu\u00ed para saber m\u00e1s sobre nosotros.","og_url":"https:\/\/logdio.com\/es\/sobre-nosotros\/","og_site_name":"Logdio - delivery management tool","article_publisher":"https:\/\/www.facebook.com\/logtime.eu\/","article_modified_time":"2023-08-20T21:34:54+00:00","twitter_card":"summary_large_image","twitter_misc":{"Tiempo de lectura":"2 minutos"},"schema":{"@context":"https:\/\/schema.org","@graph":[{"@type":"WebPage","@id":"https:\/\/logdio.com\/es\/sobre-nosotros\/","url":"https:\/\/logdio.com\/es\/sobre-nosotros\/","name":"- Logdio - delivery management tool - \u00a1todo en una sola soluci\u00f3n!","isPartOf":{"@id":"https:\/\/logdio.com\/es\/#website"},"datePublished":"2021-08-23T18:57:37+00:00","dateModified":"2023-08-20T21:34:54+00:00","description":"Software de gesti\u00f3n de entregas Logdio. Soluci\u00f3n m\u00f3vil todo en uno para la optimizaci\u00f3n de rutas y el seguimiento de entregas en tiempo real. Haga clic aqu\u00ed para saber m\u00e1s sobre nosotros.","breadcrumb":{"@id":"https:\/\/logdio.com\/es\/sobre-nosotros\/#breadcrumb"},"inLanguage":"es","potentialAction":[{"@type":"ReadAction","target":["https:\/\/logdio.com\/es\/sobre-nosotros\/"]}]},{"@type":"BreadcrumbList","@id":"https:\/\/logdio.com\/es\/sobre-nosotros\/#breadcrumb","itemListElement":[{"@type":"ListItem","position":1,"name":"Home","item":"https:\/\/logdio.com\/es\/pagina-de-aterrizaje\/"},{"@type":"ListItem","position":2,"name":"Sobre nosotros"}]},{"@type":"WebSite","@id":"https:\/\/logdio.com\/es\/#website","url":"https:\/\/logdio.com\/es\/","name":"Logdio - delivery management tool","description":"Next level delivery management software","publisher":{"@id":"https:\/\/logdio.com\/es\/#organization"},"potentialAction":[{"@type":"SearchAction","target":{"@type":"EntryPoint","urlTemplate":"https:\/\/logdio.com\/es\/?s={search_term_string}"},"query-input":{"@type":"PropertyValueSpecification","valueRequired":true,"valueName":"search_term_string"}}],"inLanguage":"es"},{"@type":"Organization","@id":"https:\/\/logdio.com\/es\/#organization","name":"Logdio","url":"https:\/\/logdio.com\/es\/","logo":{"@type":"ImageObject","inLanguage":"es","@id":"https:\/\/logdio.com\/es\/#\/schema\/logo\/image\/","url":"https:\/\/logdio.com\/wp-content\/uploads\/2021\/05\/Logdio.svg","contentUrl":"https:\/\/logdio.com\/wp-content\/uploads\/2021\/05\/Logdio.svg","width":4.44919,"height":1.1285,"caption":"Logdio"},"image":{"@id":"https:\/\/logdio.com\/es\/#\/schema\/logo\/image\/"},"sameAs":["https:\/\/www.facebook.com\/logtime.eu\/","https:\/\/www.linkedin.com\/company\/logtime"]}]}},"_links":{"self":[{"href":"https:\/\/logdio.com\/es\/wp-json\/wp\/v2\/pages\/7366","targetHints":{"allow":["GET"]}}],"collection":[{"href":"https:\/\/logdio.com\/es\/wp-json\/wp\/v2\/pages"}],"about":[{"href":"https:\/\/logdio.com\/es\/wp-json\/wp\/v2\/types\/page"}],"author":[{"embeddable":true,"href":"https:\/\/logdio.com\/es\/wp-json\/wp\/v2\/users\/1"}],"replies":[{"embeddable":true,"href":"https:\/\/logdio.com\/es\/wp-json\/wp\/v2\/comments?post=7366"}],"version-history":[{"count":2,"href":"https:\/\/logdio.com\/es\/wp-json\/wp\/v2\/pages\/7366\/revisions"}],"predecessor-version":[{"id":11549,"href":"https:\/\/logdio.com\/es\/wp-json\/wp\/v2\/pages\/7366\/revisions\/11549"}],"wp:attachment":[{"href":"https:\/\/logdio.com\/es\/wp-json\/wp\/v2\/media?parent=7366"}],"curies":[{"name":"wp","href":"https:\/\/api.w.org\/{rel}","templated":true}]}}