{"id":7538,"date":"2021-08-23T22:02:10","date_gmt":"2021-08-23T19:02:10","guid":{"rendered":"https:\/\/logdio.com\/routenplaner-fuer-die-lieferung\/"},"modified":"2023-08-21T00:31:11","modified_gmt":"2023-08-20T21:31:11","slug":"routenplaner-fuer-die-lieferung","status":"publish","type":"page","link":"https:\/\/logdio.com\/de\/routenplaner-fuer-die-lieferung\/","title":{"rendered":"Routenplaner f\u00fcr die Lieferung"},"content":{"rendered":"\t\t<div data-elementor-type=\"wp-page\" data-elementor-id=\"7538\" class=\"elementor elementor-7538 elementor-1056\" data-elementor-post-type=\"page\">\n\t\t\t\t\t\t<section class=\"has_ma_el_bg_slider elementor-section elementor-top-section elementor-element elementor-element-bb4cbd0 elementor-section-boxed elementor-section-height-default elementor-section-height-default jltma-glass-effect-no\" data-id=\"bb4cbd0\" data-element_type=\"section\" data-e-type=\"section\" data-settings=\"{&quot;jet_parallax_layout_list&quot;:[{&quot;jet_parallax_layout_image&quot;:{&quot;url&quot;:&quot;&quot;,&quot;id&quot;:&quot;&quot;,&quot;size&quot;:&quot;&quot;},&quot;_id&quot;:&quot;dcee667&quot;,&quot;jet_parallax_layout_image_tablet&quot;:{&quot;url&quot;:&quot;&quot;,&quot;id&quot;:&quot;&quot;,&quot;size&quot;:&quot;&quot;},&quot;jet_parallax_layout_image_mobile&quot;:{&quot;url&quot;:&quot;&quot;,&quot;id&quot;:&quot;&quot;,&quot;size&quot;:&quot;&quot;},&quot;jet_parallax_layout_speed&quot;:{&quot;unit&quot;:&quot;%&quot;,&quot;size&quot;:50,&quot;sizes&quot;:[]},&quot;jet_parallax_layout_type&quot;:&quot;scroll&quot;,&quot;jet_parallax_layout_direction&quot;:null,&quot;jet_parallax_layout_fx_direction&quot;:null,&quot;jet_parallax_layout_z_index&quot;:&quot;&quot;,&quot;jet_parallax_layout_bg_x&quot;:50,&quot;jet_parallax_layout_bg_x_tablet&quot;:&quot;&quot;,&quot;jet_parallax_layout_bg_x_mobile&quot;:&quot;&quot;,&quot;jet_parallax_layout_bg_y&quot;:50,&quot;jet_parallax_layout_bg_y_tablet&quot;:&quot;&quot;,&quot;jet_parallax_layout_bg_y_mobile&quot;:&quot;&quot;,&quot;jet_parallax_layout_bg_size&quot;:&quot;auto&quot;,&quot;jet_parallax_layout_bg_size_tablet&quot;:&quot;&quot;,&quot;jet_parallax_layout_bg_size_mobile&quot;:&quot;&quot;,&quot;jet_parallax_layout_animation_prop&quot;:&quot;transform&quot;,&quot;jet_parallax_layout_on&quot;:[&quot;desktop&quot;,&quot;tablet&quot;]}]}\">\n\t\t\t\t\t\t<div class=\"elementor-container elementor-column-gap-default\">\n\t\t\t\t\t<div class=\"has_ma_el_bg_slider elementor-column elementor-col-100 elementor-top-column elementor-element elementor-element-d8f9397 jltma-glass-effect-no\" data-id=\"d8f9397\" data-element_type=\"column\" data-e-type=\"column\">\n\t\t\t<div class=\"elementor-widget-wrap elementor-element-populated\">\n\t\t\t\t\t\t<div class=\"elementor-element elementor-element-ab71b3f jltma-glass-effect-no elementor-widget elementor-widget-heading\" data-id=\"ab71b3f\" data-element_type=\"widget\" data-e-type=\"widget\" data-widget_type=\"heading.default\">\n\t\t\t\t<div class=\"elementor-widget-container\">\n\t\t\t\t\t<h1 class=\"elementor-heading-title elementor-size-default\">Routenplaner f\u00fcr die Lieferung<\/h1>\t\t\t\t<\/div>\n\t\t\t\t<\/div>\n\t\t\t\t\t<\/div>\n\t\t<\/div>\n\t\t\t\t\t<\/div>\n\t\t<\/section>\n\t\t\t\t<section class=\"has_ma_el_bg_slider elementor-section elementor-top-section elementor-element elementor-element-9a53e57 elementor-section-boxed elementor-section-height-default elementor-section-height-default jltma-glass-effect-no\" data-id=\"9a53e57\" data-element_type=\"section\" data-e-type=\"section\" data-settings=\"{&quot;jet_parallax_layout_list&quot;:[{&quot;jet_parallax_layout_image&quot;:{&quot;url&quot;:&quot;&quot;,&quot;id&quot;:&quot;&quot;,&quot;size&quot;:&quot;&quot;},&quot;_id&quot;:&quot;c42d9be&quot;,&quot;jet_parallax_layout_image_tablet&quot;:{&quot;url&quot;:&quot;&quot;,&quot;id&quot;:&quot;&quot;,&quot;size&quot;:&quot;&quot;},&quot;jet_parallax_layout_image_mobile&quot;:{&quot;url&quot;:&quot;&quot;,&quot;id&quot;:&quot;&quot;,&quot;size&quot;:&quot;&quot;},&quot;jet_parallax_layout_speed&quot;:{&quot;unit&quot;:&quot;%&quot;,&quot;size&quot;:50,&quot;sizes&quot;:[]},&quot;jet_parallax_layout_type&quot;:&quot;scroll&quot;,&quot;jet_parallax_layout_direction&quot;:null,&quot;jet_parallax_layout_fx_direction&quot;:null,&quot;jet_parallax_layout_z_index&quot;:&quot;&quot;,&quot;jet_parallax_layout_bg_x&quot;:50,&quot;jet_parallax_layout_bg_x_tablet&quot;:&quot;&quot;,&quot;jet_parallax_layout_bg_x_mobile&quot;:&quot;&quot;,&quot;jet_parallax_layout_bg_y&quot;:50,&quot;jet_parallax_layout_bg_y_tablet&quot;:&quot;&quot;,&quot;jet_parallax_layout_bg_y_mobile&quot;:&quot;&quot;,&quot;jet_parallax_layout_bg_size&quot;:&quot;auto&quot;,&quot;jet_parallax_layout_bg_size_tablet&quot;:&quot;&quot;,&quot;jet_parallax_layout_bg_size_mobile&quot;:&quot;&quot;,&quot;jet_parallax_layout_animation_prop&quot;:&quot;transform&quot;,&quot;jet_parallax_layout_on&quot;:[&quot;desktop&quot;,&quot;tablet&quot;]}]}\">\n\t\t\t\t\t\t<div class=\"elementor-container elementor-column-gap-default\">\n\t\t\t\t\t<div class=\"has_ma_el_bg_slider elementor-column elementor-col-100 elementor-top-column elementor-element elementor-element-0f35f0a jltma-glass-effect-no\" data-id=\"0f35f0a\" data-element_type=\"column\" data-e-type=\"column\">\n\t\t\t<div class=\"elementor-widget-wrap elementor-element-populated\">\n\t\t\t\t\t\t<div class=\"elementor-element elementor-element-2972b23 jltma-glass-effect-no elementor-widget elementor-widget-text-editor\" data-id=\"2972b23\" data-element_type=\"widget\" data-e-type=\"widget\" data-widget_type=\"text-editor.default\">\n\t\t\t\t<div class=\"elementor-widget-container\">\n\t\t\t\t\t\t\t\t\t<p>Unternehmen, die \u00fcber eine eigene Auslieferung verf\u00fcgen, wollen ihre Kunden p\u00fcnktlich beliefern und die Logistikkosten senken. Die \u00fcblichen Aufgaben eines Kurierdienstes sehen so aus: Ein Logistiker nimmt Auftr\u00e4ge entgegen und verteilt die Routen, ein Kurier liefert die Auftr\u00e4ge aus und berichtet \u00fcber die Arbeit. Der Algorithmus sieht einfach aus, aber der Logistiker muss die Zeitfenster f\u00fcr die Zustellung, die Zeit f\u00fcr das Treffen mit dem Kunden und die Verkehrsstaus ber\u00fccksichtigen. Sie m\u00fcssen auch die Kuriere kontrollieren und die Qualit\u00e4t der Zustellung \u00fcberwachen. Es ist schwierig, sie manuell zu bearbeiten. Der Routenplaner f\u00fcr Lieferungen l\u00f6st das Problem.<\/p>\n<p>Lassen Sie uns herausfinden, was ein Routenplaner ist, welche Vorteile er bietet und welche Software f\u00fcr Sie geeignet ist.  <\/p>\n<\/p>\n<h2><strong>Was ist ein Routenplaner f\u00fcr die Zustellung?<\/strong><\/h2>\n<p>Ein Zustellroutenplaner ist eine Software, die zur Optimierung von Zustellrouten eingesetzt wird. Der Routing-Dienst verteilt automatisch Hunderte von Auftr\u00e4gen innerhalb weniger Minuten. Der Logistiker verbringt mehrere Stunden damit, die Routen von Hand oder im halbautomatischen Modus zu verteilen. Zeit ist nicht der einzige Schmerz.<\/p>\n<p>Um Kurierfahrten auf die Minute genau zu planen, muss der Logistiker Stra\u00dfenreparaturen und Stauvorhersagen ber\u00fccksichtigen, mehrere Routen vergleichen und die beste ausw\u00e4hlen. Wenn nicht richtig geplant wird, kommt der Kurier zu fr\u00fch oder zu sp\u00e4t. Manchmal verwenden Unternehmen Tools zur Planung von Lieferrouten, die Verkehrsstaus oder Stauraten am Morgen, Abend und Nachmittag ber\u00fccksichtigen. In Anbetracht der Staus hier und jetzt wird es nicht m\u00f6glich sein, die Route f\u00fcr morgen zu planen. Wenn Sie die Koeffizienten ber\u00fccksichtigen, m\u00fcssen Sie Verz\u00f6gerungen einplanen.  <\/p>\n<p>Der Algorithmus durchl\u00e4uft in wenigen Minuten etwa eine Milliarde Kombinationen und liefert die optimale Route. Ein Logistiker kann das nicht tun. Auf diese Weise wird der Zeitaufwand f\u00fcr den Logistiker reduziert und die Zahl der Versp\u00e4tungen auf Null gesenkt.<\/p>\n<p>Das Beste an einem Routenplaner f\u00fcr Lieferungen ist, dass er nicht auf ein bestimmtes Unternehmen beschr\u00e4nkt ist. Das Programm kann verwendet werden von:<\/p>\n<ul>\n<li>Kurierdienst<\/li>\n<li>Zustelldienst<\/li>\n<li>Eilpost<\/li>\n<li>Logistikunternehmen<\/li>\n<li>Handelsgesellschaft<\/li>\n<li>Jede andere Organisation<\/li>\n<\/ul>\n<p>Diese Unternehmen k\u00f6nnen die folgenden zwei Hauptvorteile aus einem Lieferroutenplaner ziehen:  <\/p>\n<p><strong>Lieferung auf Zeit<\/strong> Loyalit\u00e4t des Kunden und die Umsetzung der Zahlung f\u00fcr die Bestellung in Abh\u00e4ngigkeit von der Geschwindigkeit und Genauigkeit der Lieferung. Zum Beispiel stellt ein Bankkunde eine Kreditkartenlieferung aus, um eine Behandlung dringend zu bezahlen. Wenn der Kurier den Termin verschiebt, besteht die Gefahr, dass der Kunde die Lieferung storniert und sich an eine andere Bank wendet &#8211; die Umrechnung in die Kreditkartenaktivierung sinkt. Ein weiteres Beispiel ist die Lieferung von Kleidung mit Anprobe. Der K\u00e4ufer bezahlt die Bestellung erst nach der Anprobe.  <\/p>\n<p>Wenn Sie die Route falsch planen, wird sich der Kurier versp\u00e4ten. Der Routing-Algorithmus ber\u00fccksichtigt nicht nur Staus und Stra\u00dfenbedingungen, sondern auch wirtschaftliche Parameter. Infolgedessen durchl\u00e4uft es etwa eine Milliarde m\u00f6glicher Iterationen und liefert das optimale Ergebnis. Dadurch werden Verz\u00f6gerungen reduziert und beseitigt, und die Kunden k\u00f6nnen weiterhin enge Lieferintervalle w\u00e4hlen.  <\/p>\n<p>Dies sind nicht die einzigen M\u00f6glichkeiten. Mit einer Lieferplanungs-App k\u00f6nnen Sie die Abmessungen der Waren, die Arbeitszeiten des Lagers und andere wesentliche Merkmale f\u00fcr die Lieferung ber\u00fccksichtigen.<\/p>\n<\/p>\n<h3>Schnelle Planung<\/h3>\n<p>Erstens braucht der Logistiker nicht mehr verschiedene Dienste zu nutzen &#8211; er erstellt Routen und verfolgt die Ausf\u00fchrung von Auftr\u00e4gen in einem einzigen Fenster. Dadurch wird die Zeit bereits verk\u00fcrzt. Zweitens verschwendet der Logistiker keine Zeit mit der Planung. Der Dienst berechnet automatisch die Routen.  <\/p>\n<p>Der Dienst zeigt die Route jedes Kuriers oder Fahrzeugs, wie viele Bestellungen zugestellt wurden und ob es Verst\u00f6\u00dfe gab.  <\/p>\n<p>Der Logistiker kann Auftr\u00e4ge auch manuell korrigieren. Dies ist praktisch, wenn neue Bestellungen eingegangen sind. Zun\u00e4chst verteilt der Dienst alle Auftr\u00e4ge an alle Kuriere. Liegt eine neue Anfrage vor, f\u00fcgt der Logistiker dem Kurier, der auf dem Weg ist, einen Punkt am Ende der Route hinzu. Wenn Sie eine Route automatisch umverteilen, werden alle Routen neu erstellt, was unpraktisch ist.<\/p>\n<\/p>\n<h2><strong>Wie lassen sich die Lieferkosten einsparen?<\/strong><\/h2>\n<p>Eine App zur Planung von Lieferrouten berechnet viele Routen unter Ber\u00fccksichtigung der Stauvorhersage, der Daten \u00fcber fr\u00fchere Routen und der Fahrweise der Kuriere und bietet die beste Option an.<\/p>\n<p>Zum Beispiel m\u00fcssen Sie morgen 750 Bestellungen ausliefern. Zwanzig Kuriere liefern Auftr\u00e4ge zu Fu\u00df aus, zehn Kuriere liefern mit \u00f6ffentlichen Verkehrsmitteln aus und f\u00fcnf Kuriere mit dem Auto.  <\/p>\n<p>Der Logistiker sieht den Arbeitsplan der Kuriere und den Kalender der Auftr\u00e4ge in der App. Um Auftr\u00e4ge zu verteilen, m\u00fcssen Sie nur auf eine Schaltfl\u00e4che klicken. Der integrierte Routing-Service ermittelt automatisch, wie viele Auftr\u00e4ge die Mitarbeiter zum richtigen Zeitpunkt ausliefern k\u00f6nnen. Wenn viele Kuriere zu Fu\u00df unterwegs sind, bieten Sie ihnen an, den Dienst zu Fu\u00df zu erledigen, und rufen Sie die Fahrer nicht an, damit sie keinen Kraftstoff verschwenden. So ist es billiger.<\/p>\n<\/p>\n<h2><strong>Welche Software zur Planung von Lieferrouten ist zu verwenden?<\/strong><\/h2>\n<p>Jetzt ist es an der Zeit, nach den richtigen Dienstleistungen zu suchen. Denken Sie daran, dass es hier viele M\u00f6glichkeiten gibt, aber der richtige Routenplaner f\u00fcr Zusteller ist derjenige, der Ihrem Unternehmen einen echten Mehrwert bringt. Nicht jede Plattform bietet gute Dienste zum richtigen Preis an. Au\u00dferdem kann es eine Herausforderung sein, einen h\u00f6heren Preis f\u00fcr ein neues Unternehmen zu zahlen.  <\/p>\n<p>Sie brauchen also ein Paket, das Ihren gesch\u00e4ftlichen Anforderungen entspricht. Hier ist alles, was Sie beachten m\u00fcssen:  <\/p>\n<ul>\n<li>Angemessene Preisgestaltung<\/li>\n<li>Must-have Features in einem Versandsystem  <\/li>\n<li>Einfache L\u00f6sungen f\u00fcr alle Arten von Gesch\u00e4ftsanforderungen  <\/li>\n<li>Ein kostenloser Test: Melden Sie sich f\u00fcr die kostenlose Testversion an und \u00fcberzeugen Sie sich selbst von den Ergebnissen!  <\/li>\n<\/ul>\n<h2><strong>Warum Logdio w\u00e4hlen?<\/strong><\/h2>\n<p>Logdio bietet Ihnen unsere Erfahrung in der Entwicklung und Implementierung des schnellsten Routenplaners f\u00fcr das Management von Lieferprozessen, der von vielen unserer Kunden erfolgreich eingesetzt wird.<\/p>\n<p>Logdio ist ein Designsystem, mit dem Sie Ihren eigenen Lieferservice in einem Unternehmen einrichten, die Arbeit automatisieren und die volle Kontrolle \u00fcber die Kuriere organisieren k\u00f6nnen.<\/p>\n<p>W\u00e4hlen Sie die gew\u00fcnschte Funktionalit\u00e4t, bestimmen Sie den Grad der Personalisierung der Schnittstelle, f\u00fcgen Sie zus\u00e4tzliche Module und Optionen hinzu, die f\u00fcr Ihr Unternehmen entwickelt wurden. Logdio delivery route planner app UK f\u00fchrt einen vollst\u00e4ndigen Zyklus der Automatisierung und Anpassung durch: von der Gesch\u00e4ftsanalyse bis zur Implementierung.<\/p>\n<p>Pr\u00fcfen Sie die kostenlose Testversion der Routenplaner-App f\u00fcr Lieferfahrer und kontaktieren Sie uns f\u00fcr weitere Informationen.  <\/p>\n\t\t\t\t\t\t\t\t<\/div>\n\t\t\t\t<\/div>\n\t\t\t\t\t<\/div>\n\t\t<\/div>\n\t\t\t\t\t<\/div>\n\t\t<\/section>\n\t\t\t\t<\/div>\n\t\t","protected":false},"excerpt":{"rendered":"<p>Unternehmen, die \u00fcber eine eigene Auslieferung verf\u00fcgen, wollen ihre Kunden p\u00fcnktlich beliefern und die Logistikkosten senken. Die \u00fcblichen Aufgaben eines Kurierdienstes sehen so aus: Ein Logistiker nimmt Auftr\u00e4ge entgegen und verteilt die Routen, ein Kurier liefert die Auftr\u00e4ge aus und berichtet \u00fcber die Arbeit. Der Algorithmus sieht einfach aus, aber der Logistiker muss die Zeitfenster [&hellip;]<\/p>\n","protected":false},"author":1,"featured_media":0,"parent":0,"menu_order":0,"comment_status":"closed","ping_status":"closed","template":"elementor_header_footer","meta":{"footnotes":""},"class_list":["post-7538","page","type-page","status-publish","hentry"],"yoast_head":"<!-- This site is optimized with the Yoast SEO plugin v26.8 - https:\/\/yoast.com\/product\/yoast-seo-wordpress\/ -->\n<title>Routenplaner f\u00fcr die Lieferung - Logdio - delivery management tool<\/title>\n<meta name=\"description\" content=\"Steigern Sie Ihre Produktivit\u00e4t mit dem Logdis-Lieferroutenplaner. Google Maps wird nicht mehr ben\u00f6tigt. Wir bieten eine einfach zu bedienende App f\u00fcr Lieferfirmen.\" \/>\n<meta name=\"robots\" content=\"index, follow, max-snippet:-1, max-image-preview:large, max-video-preview:-1\" \/>\n<link rel=\"canonical\" href=\"https:\/\/logdio.com\/de\/routenplaner-fuer-die-lieferung\/\" \/>\n<meta property=\"og:locale\" content=\"de_DE\" \/>\n<meta property=\"og:type\" content=\"article\" \/>\n<meta property=\"og:title\" content=\"Routenplaner f\u00fcr die Lieferung - Logdio - delivery management tool\" \/>\n<meta property=\"og:description\" content=\"Steigern Sie Ihre Produktivit\u00e4t mit dem Logdis-Lieferroutenplaner. Google Maps wird nicht mehr ben\u00f6tigt. Wir bieten eine einfach zu bedienende App f\u00fcr Lieferfirmen.\" \/>\n<meta property=\"og:url\" content=\"https:\/\/logdio.com\/de\/routenplaner-fuer-die-lieferung\/\" \/>\n<meta property=\"og:site_name\" content=\"Logdio - delivery management tool\" \/>\n<meta property=\"article:publisher\" content=\"https:\/\/www.facebook.com\/logtime.eu\/\" \/>\n<meta property=\"article:modified_time\" content=\"2023-08-20T21:31:11+00:00\" \/>\n<meta name=\"twitter:card\" content=\"summary_large_image\" \/>\n<meta name=\"twitter:label1\" content=\"Gesch\u00e4tzte Lesezeit\" \/>\n\t<meta name=\"twitter:data1\" content=\"5\u00a0Minuten\" \/>\n<script type=\"application\/ld+json\" class=\"yoast-schema-graph\">{\"@context\":\"https:\/\/schema.org\",\"@graph\":[{\"@type\":\"WebPage\",\"@id\":\"https:\/\/logdio.com\/de\/routenplaner-fuer-die-lieferung\/\",\"url\":\"https:\/\/logdio.com\/de\/routenplaner-fuer-die-lieferung\/\",\"name\":\"Routenplaner f\u00fcr die Lieferung - Logdio - delivery management tool\",\"isPartOf\":{\"@id\":\"https:\/\/logdio.com\/de\/#website\"},\"datePublished\":\"2021-08-23T19:02:10+00:00\",\"dateModified\":\"2023-08-20T21:31:11+00:00\",\"description\":\"Steigern Sie Ihre Produktivit\u00e4t mit dem Logdis-Lieferroutenplaner. Google Maps wird nicht mehr ben\u00f6tigt. Wir bieten eine einfach zu bedienende App f\u00fcr Lieferfirmen.\",\"breadcrumb\":{\"@id\":\"https:\/\/logdio.com\/de\/routenplaner-fuer-die-lieferung\/#breadcrumb\"},\"inLanguage\":\"de\",\"potentialAction\":[{\"@type\":\"ReadAction\",\"target\":[\"https:\/\/logdio.com\/de\/routenplaner-fuer-die-lieferung\/\"]}]},{\"@type\":\"BreadcrumbList\",\"@id\":\"https:\/\/logdio.com\/de\/routenplaner-fuer-die-lieferung\/#breadcrumb\",\"itemListElement\":[{\"@type\":\"ListItem\",\"position\":1,\"name\":\"Home\",\"item\":\"https:\/\/logdio.com\/de\/landing-page\/\"},{\"@type\":\"ListItem\",\"position\":2,\"name\":\"Routenplaner f\u00fcr die Lieferung\"}]},{\"@type\":\"WebSite\",\"@id\":\"https:\/\/logdio.com\/de\/#website\",\"url\":\"https:\/\/logdio.com\/de\/\",\"name\":\"Logdio - delivery management tool\",\"description\":\"Next level delivery management software\",\"publisher\":{\"@id\":\"https:\/\/logdio.com\/de\/#organization\"},\"potentialAction\":[{\"@type\":\"SearchAction\",\"target\":{\"@type\":\"EntryPoint\",\"urlTemplate\":\"https:\/\/logdio.com\/de\/?s={search_term_string}\"},\"query-input\":{\"@type\":\"PropertyValueSpecification\",\"valueRequired\":true,\"valueName\":\"search_term_string\"}}],\"inLanguage\":\"de\"},{\"@type\":\"Organization\",\"@id\":\"https:\/\/logdio.com\/de\/#organization\",\"name\":\"Logdio\",\"url\":\"https:\/\/logdio.com\/de\/\",\"logo\":{\"@type\":\"ImageObject\",\"inLanguage\":\"de\",\"@id\":\"https:\/\/logdio.com\/de\/#\/schema\/logo\/image\/\",\"url\":\"https:\/\/logdio.com\/wp-content\/uploads\/2021\/05\/Logdio.svg\",\"contentUrl\":\"https:\/\/logdio.com\/wp-content\/uploads\/2021\/05\/Logdio.svg\",\"width\":4.44919,\"height\":1.1285,\"caption\":\"Logdio\"},\"image\":{\"@id\":\"https:\/\/logdio.com\/de\/#\/schema\/logo\/image\/\"},\"sameAs\":[\"https:\/\/www.facebook.com\/logtime.eu\/\",\"https:\/\/www.linkedin.com\/company\/logtime\"]}]}<\/script>\n<!-- \/ Yoast SEO plugin. -->","yoast_head_json":{"title":"Routenplaner f\u00fcr die Lieferung - Logdio - delivery management tool","description":"Steigern Sie Ihre Produktivit\u00e4t mit dem Logdis-Lieferroutenplaner. Google Maps wird nicht mehr ben\u00f6tigt. Wir bieten eine einfach zu bedienende App f\u00fcr Lieferfirmen.","robots":{"index":"index","follow":"follow","max-snippet":"max-snippet:-1","max-image-preview":"max-image-preview:large","max-video-preview":"max-video-preview:-1"},"canonical":"https:\/\/logdio.com\/de\/routenplaner-fuer-die-lieferung\/","og_locale":"de_DE","og_type":"article","og_title":"Routenplaner f\u00fcr die Lieferung - Logdio - delivery management tool","og_description":"Steigern Sie Ihre Produktivit\u00e4t mit dem Logdis-Lieferroutenplaner. Google Maps wird nicht mehr ben\u00f6tigt. Wir bieten eine einfach zu bedienende App f\u00fcr Lieferfirmen.","og_url":"https:\/\/logdio.com\/de\/routenplaner-fuer-die-lieferung\/","og_site_name":"Logdio - delivery management tool","article_publisher":"https:\/\/www.facebook.com\/logtime.eu\/","article_modified_time":"2023-08-20T21:31:11+00:00","twitter_card":"summary_large_image","twitter_misc":{"Gesch\u00e4tzte Lesezeit":"5\u00a0Minuten"},"schema":{"@context":"https:\/\/schema.org","@graph":[{"@type":"WebPage","@id":"https:\/\/logdio.com\/de\/routenplaner-fuer-die-lieferung\/","url":"https:\/\/logdio.com\/de\/routenplaner-fuer-die-lieferung\/","name":"Routenplaner f\u00fcr die Lieferung - Logdio - delivery management tool","isPartOf":{"@id":"https:\/\/logdio.com\/de\/#website"},"datePublished":"2021-08-23T19:02:10+00:00","dateModified":"2023-08-20T21:31:11+00:00","description":"Steigern Sie Ihre Produktivit\u00e4t mit dem Logdis-Lieferroutenplaner. Google Maps wird nicht mehr ben\u00f6tigt. Wir bieten eine einfach zu bedienende App f\u00fcr Lieferfirmen.","breadcrumb":{"@id":"https:\/\/logdio.com\/de\/routenplaner-fuer-die-lieferung\/#breadcrumb"},"inLanguage":"de","potentialAction":[{"@type":"ReadAction","target":["https:\/\/logdio.com\/de\/routenplaner-fuer-die-lieferung\/"]}]},{"@type":"BreadcrumbList","@id":"https:\/\/logdio.com\/de\/routenplaner-fuer-die-lieferung\/#breadcrumb","itemListElement":[{"@type":"ListItem","position":1,"name":"Home","item":"https:\/\/logdio.com\/de\/landing-page\/"},{"@type":"ListItem","position":2,"name":"Routenplaner f\u00fcr die Lieferung"}]},{"@type":"WebSite","@id":"https:\/\/logdio.com\/de\/#website","url":"https:\/\/logdio.com\/de\/","name":"Logdio - delivery management tool","description":"Next level delivery management software","publisher":{"@id":"https:\/\/logdio.com\/de\/#organization"},"potentialAction":[{"@type":"SearchAction","target":{"@type":"EntryPoint","urlTemplate":"https:\/\/logdio.com\/de\/?s={search_term_string}"},"query-input":{"@type":"PropertyValueSpecification","valueRequired":true,"valueName":"search_term_string"}}],"inLanguage":"de"},{"@type":"Organization","@id":"https:\/\/logdio.com\/de\/#organization","name":"Logdio","url":"https:\/\/logdio.com\/de\/","logo":{"@type":"ImageObject","inLanguage":"de","@id":"https:\/\/logdio.com\/de\/#\/schema\/logo\/image\/","url":"https:\/\/logdio.com\/wp-content\/uploads\/2021\/05\/Logdio.svg","contentUrl":"https:\/\/logdio.com\/wp-content\/uploads\/2021\/05\/Logdio.svg","width":4.44919,"height":1.1285,"caption":"Logdio"},"image":{"@id":"https:\/\/logdio.com\/de\/#\/schema\/logo\/image\/"},"sameAs":["https:\/\/www.facebook.com\/logtime.eu\/","https:\/\/www.linkedin.com\/company\/logtime"]}]}},"_links":{"self":[{"href":"https:\/\/logdio.com\/de\/wp-json\/wp\/v2\/pages\/7538","targetHints":{"allow":["GET"]}}],"collection":[{"href":"https:\/\/logdio.com\/de\/wp-json\/wp\/v2\/pages"}],"about":[{"href":"https:\/\/logdio.com\/de\/wp-json\/wp\/v2\/types\/page"}],"author":[{"embeddable":true,"href":"https:\/\/logdio.com\/de\/wp-json\/wp\/v2\/users\/1"}],"replies":[{"embeddable":true,"href":"https:\/\/logdio.com\/de\/wp-json\/wp\/v2\/comments?post=7538"}],"version-history":[{"count":5,"href":"https:\/\/logdio.com\/de\/wp-json\/wp\/v2\/pages\/7538\/revisions"}],"predecessor-version":[{"id":11617,"href":"https:\/\/logdio.com\/de\/wp-json\/wp\/v2\/pages\/7538\/revisions\/11617"}],"wp:attachment":[{"href":"https:\/\/logdio.com\/de\/wp-json\/wp\/v2\/media?parent=7538"}],"curies":[{"name":"wp","href":"https:\/\/api.w.org\/{rel}","templated":true}]}}