{"id":7523,"date":"2021-08-23T22:01:59","date_gmt":"2021-08-23T19:01:59","guid":{"rendered":"https:\/\/logdio.com\/nachweis-der-lieferung\/"},"modified":"2021-09-13T17:12:44","modified_gmt":"2021-09-13T14:12:44","slug":"nachweis-der-lieferung","status":"publish","type":"page","link":"https:\/\/logdio.com\/de\/nachweis-der-lieferung\/","title":{"rendered":"Nachweis der Lieferung"},"content":{"rendered":"\t\t<div data-elementor-type=\"wp-page\" data-elementor-id=\"7523\" class=\"elementor elementor-7523 elementor-1053\" data-elementor-post-type=\"page\">\n\t\t\t\t\t\t<section class=\"has_ma_el_bg_slider elementor-section elementor-top-section elementor-element elementor-element-0fecb16 elementor-section-boxed elementor-section-height-default elementor-section-height-default jltma-glass-effect-no\" data-id=\"0fecb16\" data-element_type=\"section\" data-e-type=\"section\" data-settings=\"{&quot;jet_parallax_layout_list&quot;:[{&quot;jet_parallax_layout_image&quot;:{&quot;url&quot;:&quot;&quot;,&quot;id&quot;:&quot;&quot;,&quot;size&quot;:&quot;&quot;},&quot;_id&quot;:&quot;26d3bd4&quot;,&quot;jet_parallax_layout_image_tablet&quot;:{&quot;url&quot;:&quot;&quot;,&quot;id&quot;:&quot;&quot;,&quot;size&quot;:&quot;&quot;},&quot;jet_parallax_layout_image_mobile&quot;:{&quot;url&quot;:&quot;&quot;,&quot;id&quot;:&quot;&quot;,&quot;size&quot;:&quot;&quot;},&quot;jet_parallax_layout_speed&quot;:{&quot;unit&quot;:&quot;%&quot;,&quot;size&quot;:50,&quot;sizes&quot;:[]},&quot;jet_parallax_layout_type&quot;:&quot;scroll&quot;,&quot;jet_parallax_layout_direction&quot;:null,&quot;jet_parallax_layout_fx_direction&quot;:null,&quot;jet_parallax_layout_z_index&quot;:&quot;&quot;,&quot;jet_parallax_layout_bg_x&quot;:50,&quot;jet_parallax_layout_bg_x_tablet&quot;:&quot;&quot;,&quot;jet_parallax_layout_bg_x_mobile&quot;:&quot;&quot;,&quot;jet_parallax_layout_bg_y&quot;:50,&quot;jet_parallax_layout_bg_y_tablet&quot;:&quot;&quot;,&quot;jet_parallax_layout_bg_y_mobile&quot;:&quot;&quot;,&quot;jet_parallax_layout_bg_size&quot;:&quot;auto&quot;,&quot;jet_parallax_layout_bg_size_tablet&quot;:&quot;&quot;,&quot;jet_parallax_layout_bg_size_mobile&quot;:&quot;&quot;,&quot;jet_parallax_layout_animation_prop&quot;:&quot;transform&quot;,&quot;jet_parallax_layout_on&quot;:[&quot;desktop&quot;,&quot;tablet&quot;]}]}\">\n\t\t\t\t\t\t<div class=\"elementor-container elementor-column-gap-default\">\n\t\t\t\t\t<div class=\"has_ma_el_bg_slider elementor-column elementor-col-100 elementor-top-column elementor-element elementor-element-9bbe2b6 jltma-glass-effect-no\" data-id=\"9bbe2b6\" data-element_type=\"column\" data-e-type=\"column\">\n\t\t\t<div class=\"elementor-widget-wrap elementor-element-populated\">\n\t\t\t\t\t\t<div class=\"elementor-element elementor-element-93204c4 jltma-glass-effect-no elementor-widget elementor-widget-heading\" data-id=\"93204c4\" data-element_type=\"widget\" data-e-type=\"widget\" data-widget_type=\"heading.default\">\n\t\t\t\t<div class=\"elementor-widget-container\">\n\t\t\t\t\t<h1 class=\"elementor-heading-title elementor-size-default\">Nachweis der Lieferung<\/h1>\t\t\t\t<\/div>\n\t\t\t\t<\/div>\n\t\t\t\t\t<\/div>\n\t\t<\/div>\n\t\t\t\t\t<\/div>\n\t\t<\/section>\n\t\t\t\t<section class=\"has_ma_el_bg_slider elementor-section elementor-top-section elementor-element elementor-element-ffa49c8 elementor-section-boxed elementor-section-height-default elementor-section-height-default jltma-glass-effect-no\" data-id=\"ffa49c8\" data-element_type=\"section\" data-e-type=\"section\" data-settings=\"{&quot;jet_parallax_layout_list&quot;:[{&quot;jet_parallax_layout_image&quot;:{&quot;url&quot;:&quot;&quot;,&quot;id&quot;:&quot;&quot;,&quot;size&quot;:&quot;&quot;},&quot;_id&quot;:&quot;883b2bc&quot;,&quot;jet_parallax_layout_image_tablet&quot;:{&quot;url&quot;:&quot;&quot;,&quot;id&quot;:&quot;&quot;,&quot;size&quot;:&quot;&quot;},&quot;jet_parallax_layout_image_mobile&quot;:{&quot;url&quot;:&quot;&quot;,&quot;id&quot;:&quot;&quot;,&quot;size&quot;:&quot;&quot;},&quot;jet_parallax_layout_speed&quot;:{&quot;unit&quot;:&quot;%&quot;,&quot;size&quot;:50,&quot;sizes&quot;:[]},&quot;jet_parallax_layout_type&quot;:&quot;scroll&quot;,&quot;jet_parallax_layout_direction&quot;:null,&quot;jet_parallax_layout_fx_direction&quot;:null,&quot;jet_parallax_layout_z_index&quot;:&quot;&quot;,&quot;jet_parallax_layout_bg_x&quot;:50,&quot;jet_parallax_layout_bg_x_tablet&quot;:&quot;&quot;,&quot;jet_parallax_layout_bg_x_mobile&quot;:&quot;&quot;,&quot;jet_parallax_layout_bg_y&quot;:50,&quot;jet_parallax_layout_bg_y_tablet&quot;:&quot;&quot;,&quot;jet_parallax_layout_bg_y_mobile&quot;:&quot;&quot;,&quot;jet_parallax_layout_bg_size&quot;:&quot;auto&quot;,&quot;jet_parallax_layout_bg_size_tablet&quot;:&quot;&quot;,&quot;jet_parallax_layout_bg_size_mobile&quot;:&quot;&quot;,&quot;jet_parallax_layout_animation_prop&quot;:&quot;transform&quot;,&quot;jet_parallax_layout_on&quot;:[&quot;desktop&quot;,&quot;tablet&quot;]}]}\">\n\t\t\t\t\t\t<div class=\"elementor-container elementor-column-gap-default\">\n\t\t\t\t\t<div class=\"has_ma_el_bg_slider elementor-column elementor-col-100 elementor-top-column elementor-element elementor-element-bf6b3b9 jltma-glass-effect-no\" data-id=\"bf6b3b9\" data-element_type=\"column\" data-e-type=\"column\">\n\t\t\t<div class=\"elementor-widget-wrap elementor-element-populated\">\n\t\t\t\t\t\t<div class=\"elementor-element elementor-element-5d3d529 jltma-glass-effect-no elementor-widget elementor-widget-text-editor\" data-id=\"5d3d529\" data-element_type=\"widget\" data-e-type=\"widget\" data-widget_type=\"text-editor.default\">\n\t\t\t\t<div class=\"elementor-widget-container\">\n\t\t\t\t\t\t\t\t\t<p>Heutzutage werden die Bestellungen immer schneller geliefert. Die steigende Zahl der Lieferungen und die wachsenden Erwartungen der Kunden erh\u00f6hen den Druck auf die Unternehmen. Manchmal bestellen Kunden ein Produkt, aber es kommt zu sp\u00e4t oder gar nicht an. Selbst wenn die Lieferung reibungslos verl\u00e4uft, erhalten sie besch\u00e4digte Waren. In diesen F\u00e4llen gibt der <strong>Liefernachweis<\/strong> (auch POD genannt) Ihren Kunden die Gewissheit, dass sie das, wof\u00fcr sie bezahlt haben, in einwandfreiem Zustand erhalten haben.<\/p>\n<p>Daher sollte jedes Unternehmen, dessen Ruf von der Schnelligkeit und Qualit\u00e4t der Lieferung eines Produkts oder einer Dienstleistung abh\u00e4ngt, dem Liefernachweis besondere Aufmerksamkeit schenken. Sie wird die Zustellung sowohl f\u00fcr den Kunden als auch f\u00fcr das Unternehmen erleichtern.<\/p>\n<\/p>\n<h2><strong>Was ist ein Zustellungsnachweis?<\/strong><\/h2>\n<p>Der Zustellnachweis ist eine Best\u00e4tigung, dass die Bestellung erfolgreich am gew\u00fcnschten Ort angekommen ist. Wenn Sie in den Bereichen Lebensmittellieferung, Logistik, B2B oder eCommerce t\u00e4tig sind, ist POD die beste Option f\u00fcr Sie. Sie ist jedoch nicht nur auf diese beiden Str\u00f6me beschr\u00e4nkt, sondern kann auch dazu verwendet werden, um zu zeigen, dass ein Dienst abgeschlossen wurde. Deshalb wird der POD auch als Proof of Completion (POC) bezeichnet.<\/p>\n<p>POD ist in zwei Formen erh\u00e4ltlich:<\/p>\n<h3><strong>1. <\/strong><strong>Papier-POD: <\/strong> <\/h3>\n<p>Ein POD in Papierform ist ein physisches Dokument, das als Quittung dient. Die Kunden unterschreiben ein Papier-POD, wenn sie ein Produkt oder eine Dienstleistung erhalten.<\/p>\n<h3><strong>2. <\/strong><strong>Elektronischer POD: <\/strong> <\/h3>\n<p>Heutzutage sind die Kunden mit dem elektronischen POD besser vertraut. Vorbei sind die Zeiten, in denen die Unternehmen auf die R\u00fcckkehr der Zustellfahrer mit Papier-PODs warten oder die Kunden anrufen mussten, um den Lieferstatus zu \u00fcberpr\u00fcfen. Beim elektronischen POD-Liefernachweis geben die Kunden bei der Entgegennahme ihrer Produkte elektronische Zeichen. Sowohl der Kunde als auch der Absender k\u00f6nnen sofortige Updates \u00fcber die erfolgreiche Zustellung erhalten.<\/p>\n<p>Papier-PODs k\u00f6nnen leicht verloren gehen oder besch\u00e4digt werden. Mit dem elektronischen POD ist es nicht mehr notwendig, Papierbelege zur Best\u00e4tigung der Lieferung zu f\u00fchren. Das reduziert den manuellen Aufwand und macht die Dinge unkomplizierter.<\/p>\n<\/p>\n<h2><strong>Warum ist das wichtig?<\/strong><\/h2>\n<p>POD ist aus mehreren Gr\u00fcnden wichtig:<\/p>\n<h3><strong>1. <\/strong><strong>Sichere Zustellung von wichtigen Dokumenten<\/strong><\/h3>\n<p>Wenn Sie wichtige Dokumente (Original Heiratsurkunde, Geburtsurkunde, Reisepass) versenden m\u00f6chten, ist POD unerl\u00e4sslich. Mit Hilfe dieses fortschrittlichen Tools werden Ihre Dokumente an den richtigen Ort und an die richtigen Beh\u00f6rden weitergeleitet. Wenn die Dokumente verloren gehen, k\u00f6nnen Sie also leicht feststellen, wo der Fehler aufgetreten ist.<\/p>\n<h3><strong>2. <\/strong><strong>Vervollst\u00e4ndigt die Chain of Custody:<\/strong><\/h3>\n<p>Bei B2B-Lieferungen ist die Rechenschaftspflicht unerl\u00e4sslich, auch wenn das Paket sein Ziel erreicht hat. POD vervollst\u00e4ndigt die Verwahrungskette und stellt sicher, dass die Waren an den richtigen Empf\u00e4nger geliefert werden. Dieser Service ist vor allem dann von Vorteil, wenn Sie Produkte an Unternehmen mit mehreren Abteilungen liefern m\u00fcssen.<\/p>\n<h3><strong>3. <\/strong><strong>Verhindert Streitigkeiten <\/strong> <\/h3>\n<p>POD erm\u00f6glicht eine kontaktlose Interaktion, wenn die Kunden nicht zu Hause sind. Diese Option verhindert Streitigkeiten zwischen Kunden und Lieferanten, da der Fahrer ein Foto macht, um zu beweisen, dass die Sendung die Adresse des K\u00e4ufers erreicht hat. POD erm\u00f6glicht es, eine Best\u00e4tigung \u00fcber die Annahme der Bestellung durch den Kunden zu erhalten, indem die elektronische Unterschrift des Kunden auf dem Smartphone-Bildschirm des Kuriers erscheint, sowie ein Foto von der Zustellung der Bestellung zu machen. Die Verwendung des Fotofixierungsmechanismus erm\u00f6glicht es Ihnen auch, die Situation im Falle einer Besch\u00e4digung\/Verschiebung von Waren schnell zu kl\u00e4ren. Auf diese Weise sch\u00fctzt POD die Zusteller vor negativen R\u00fcckmeldungen oder falschen Kundenbehauptungen.<\/p>\n<h3><strong>4. <\/strong><strong>Reduziert Duplikate, Betrug und Zahlungsverzug<\/strong><\/h3>\n<p>Dar\u00fcber hinaus tr\u00e4gt POD dazu bei, Betrugsf\u00e4lle, doppelte Artikel und Geb\u00fchren f\u00fcr versp\u00e4tete Zahlungen, die von Verk\u00e4ufern f\u00fcr noch nicht gelieferte Produkte erhoben werden, zu reduzieren.<\/p>\n<h3><strong>5. <\/strong><strong>Verbessert die R\u00fcckverfolgbarkeit<\/strong><\/h3>\n<p>Ein elektronisches POD-System schafft Transparenz, indem es die R\u00fcckverfolgbarkeit der Sendungen in Ihrer gesamten Lieferkette verbessert. Sie erm\u00f6glicht eine bessere Verfolgung des Lieferfortschritts und erleichtert es den Unternehmen, relevante Lieferprobleme zu erkennen, bevor sie zu erheblichen Verbindlichkeiten werden.<\/p>\n<h3><strong>6. <\/strong><strong>Erh\u00f6ht die Bestandsgenauigkeit:<\/strong><\/h3>\n<p>Mit dem Abliefernachweis bleiben die Unternehmen organisiert und f\u00fchren Aufzeichnungen \u00fcber erfolgreiche Lieferungen und R\u00fccksendungen. Dies hilft dem Lagerteam, die Best\u00e4nde besser zu verwalten und die Bestandsgenauigkeit zu erh\u00f6hen.<\/p>\n<h3><strong>7. <\/strong><strong>Hilft bei der \u00dcberwachung des Lieferfortschritts<\/strong><\/h3>\n<p>Electronic POD vereinfacht die Zustellungsprozesse, indem es eine Funktion zur \u00dcberwachung des Zustellungsfortschritts bietet. Wenn ein Fahrer unterwegs ist, k\u00f6nnen Sie nachweisen, dass er angehalten hat, um die Lieferung auszuf\u00fchren. Mit dem elektronischen POD k\u00f6nnen Sie also die Abl\u00e4ufe auf und neben dem Spielfeld verbessern.<\/p>\n<h3><strong>8. <\/strong><strong>Verbessert das Kundenerlebnis<\/strong><\/h3>\n<p>Die Kunden haben eine breite Palette von Kaufoptionen. Die Unternehmen, die ein pers\u00f6nliches und zuverl\u00e4ssiges Erlebnis bieten, verdienen den L\u00f6wenanteil an der Loyalit\u00e4t ihrer Kunden. POD tr\u00e4gt dazu bei, den Kundenservice zu verbessern und das Kundenerlebnis zu steigern. Sie k\u00f6nnen die Kundenbindung st\u00e4rken, das Markenimage Ihres Unternehmens verbessern und die Kundenbindungsrate erh\u00f6hen.<\/p>\n<h3><strong>9. <\/strong><strong>Spart Zeit<\/strong><\/h3>\n<p>Wir leben schon lange im 21. Jahrhundert, und f\u00fcr viele K\u00e4ufer ist es unzumutbar, tags\u00fcber auf einen Kurier zu warten. Auf der Grundlage von Informationen aus dem System zur Planung und Steuerung der Kurierfahrten k\u00f6nnen Sie Ihre Kunden automatisch \u00fcber die Lieferzeiten informieren!<\/p>\n<\/p>\n<h2><strong>Warum das Logdis POD-System?<\/strong><\/h2>\n<p>Lieferschwierigkeiten sind vielleicht der h\u00e4ufigste Grund f\u00fcr negative Bewertungen und negative \u00c4u\u00dferungen \u00fcber ein Gesch\u00e4ft. Und umgekehrt: schnelle Lieferung, keine Notwendigkeit, tags\u00fcber auf einen Kurier zu warten, Information \u00fcber den Fortschritt der Lieferung &#8211; das macht einen guten Eindruck und macht den Kunden zu einem Stammkunden. Ein solcher Kunde wird gerne wiederkommen, das Gesch\u00e4ft an Freunde und Kollegen weiterempfehlen und positive Online-Bewertungen schreiben. Das Logdis POD-System tr\u00e4gt dazu bei, dieses Ziel zu erreichen.<\/p>\n<p>Die Rede ist von dem Online-Dienst logdio.com, der die Verwaltung der Kuriere stark vereinfacht und die Wartezeit der Kunden verk\u00fcrzt. Dar\u00fcber hinaus macht es Informationen \u00fcber den Lieferstatus jeder Bestellung nicht nur f\u00fcr den Zusteller, sondern auf Wunsch auch f\u00fcr die Kunden transparent.<\/p>\n<p>Diese Software enth\u00e4lt alle Informationen \u00fcber Auftr\u00e4ge, Kunden, Waren, Zahlungen usw. Der Administrator-Arbeitsplatz erm\u00f6glicht es Ihnen, den Standort von Kurieren und Auftr\u00e4gen auf der Karte zu sehen und eine Vorhersage \u00fcber den Zeitpunkt der Ankunft des Kuriers beim Kunden zu erhalten.<\/p>\n<p>Wir sind an R\u00fcckmeldungen, Empfehlungen und W\u00fcnschen interessiert, die es uns erm\u00f6glichen, den Dienst zu einem praktischen und wertvollen Instrument zu machen. Wenn Sie daran interessiert sind, einen POD-Liefernachweis in Ihrem Unternehmen einzuf\u00fchren, <a href=\"https:\/\/logdio.com\/de\/nachweis-der-lieferung\/\">kaufen Sie unsere Dienstleistungen<\/a>.<\/p><\/p>\n\t\t\t\t\t\t\t\t<\/div>\n\t\t\t\t<\/div>\n\t\t\t\t\t<\/div>\n\t\t<\/div>\n\t\t\t\t\t<\/div>\n\t\t<\/section>\n\t\t\t\t<\/div>\n\t\t","protected":false},"excerpt":{"rendered":"<p>Nachweis der Lieferung Heutzutage werden die Bestellungen immer schneller geliefert. Die steigende Zahl der Lieferungen und die wachsenden Erwartungen der Kunden erh\u00f6hen den Druck auf die Unternehmen. Manchmal bestellen Kunden ein Produkt, aber es kommt zu sp\u00e4t oder gar nicht an. Selbst wenn die Lieferung reibungslos verl\u00e4uft, erhalten sie besch\u00e4digte Waren. In diesen F\u00e4llen gibt [&hellip;]<\/p>\n","protected":false},"author":1,"featured_media":0,"parent":0,"menu_order":0,"comment_status":"closed","ping_status":"closed","template":"elementor_header_footer","meta":{"footnotes":""},"class_list":["post-7523","page","type-page","status-publish","hentry"],"yoast_head":"<!-- This site is optimized with the Yoast SEO plugin v26.8 - https:\/\/yoast.com\/product\/yoast-seo-wordpress\/ -->\n<title>Nachweis der Lieferung - Logdio - delivery management tool<\/title>\n<meta name=\"description\" content=\"Erstellung von Liefernachweisen f\u00fcr die Kunden mit dem Logdis-System. Sie enth\u00e4lt Fotos und Unterschriften. Sowie Koordinaten und Zeitangaben.\" \/>\n<meta name=\"robots\" content=\"index, follow, max-snippet:-1, max-image-preview:large, max-video-preview:-1\" \/>\n<link rel=\"canonical\" href=\"https:\/\/logdio.com\/de\/nachweis-der-lieferung\/\" \/>\n<meta property=\"og:locale\" content=\"de_DE\" \/>\n<meta property=\"og:type\" content=\"article\" \/>\n<meta property=\"og:title\" content=\"Nachweis der Lieferung - Logdio - delivery management tool\" \/>\n<meta property=\"og:description\" content=\"Erstellung von Liefernachweisen f\u00fcr die Kunden mit dem Logdis-System. Sie enth\u00e4lt Fotos und Unterschriften. Sowie Koordinaten und Zeitangaben.\" \/>\n<meta property=\"og:url\" content=\"https:\/\/logdio.com\/de\/nachweis-der-lieferung\/\" \/>\n<meta property=\"og:site_name\" content=\"Logdio - delivery management tool\" \/>\n<meta property=\"article:publisher\" content=\"https:\/\/www.facebook.com\/logtime.eu\/\" \/>\n<meta property=\"article:modified_time\" content=\"2021-09-13T14:12:44+00:00\" \/>\n<meta name=\"twitter:card\" content=\"summary_large_image\" \/>\n<meta name=\"twitter:label1\" content=\"Gesch\u00e4tzte Lesezeit\" \/>\n\t<meta name=\"twitter:data1\" content=\"5\u00a0Minuten\" \/>\n<script type=\"application\/ld+json\" class=\"yoast-schema-graph\">{\"@context\":\"https:\/\/schema.org\",\"@graph\":[{\"@type\":\"WebPage\",\"@id\":\"https:\/\/logdio.com\/de\/nachweis-der-lieferung\/\",\"url\":\"https:\/\/logdio.com\/de\/nachweis-der-lieferung\/\",\"name\":\"Nachweis der Lieferung - Logdio - delivery management tool\",\"isPartOf\":{\"@id\":\"https:\/\/logdio.com\/de\/#website\"},\"datePublished\":\"2021-08-23T19:01:59+00:00\",\"dateModified\":\"2021-09-13T14:12:44+00:00\",\"description\":\"Erstellung von Liefernachweisen f\u00fcr die Kunden mit dem Logdis-System. Sie enth\u00e4lt Fotos und Unterschriften. Sowie Koordinaten und Zeitangaben.\",\"breadcrumb\":{\"@id\":\"https:\/\/logdio.com\/de\/nachweis-der-lieferung\/#breadcrumb\"},\"inLanguage\":\"de\",\"potentialAction\":[{\"@type\":\"ReadAction\",\"target\":[\"https:\/\/logdio.com\/de\/nachweis-der-lieferung\/\"]}]},{\"@type\":\"BreadcrumbList\",\"@id\":\"https:\/\/logdio.com\/de\/nachweis-der-lieferung\/#breadcrumb\",\"itemListElement\":[{\"@type\":\"ListItem\",\"position\":1,\"name\":\"Home\",\"item\":\"https:\/\/logdio.com\/de\/landing-page\/\"},{\"@type\":\"ListItem\",\"position\":2,\"name\":\"Nachweis der Lieferung\"}]},{\"@type\":\"WebSite\",\"@id\":\"https:\/\/logdio.com\/de\/#website\",\"url\":\"https:\/\/logdio.com\/de\/\",\"name\":\"Logdio - delivery management tool\",\"description\":\"Next level delivery management software\",\"publisher\":{\"@id\":\"https:\/\/logdio.com\/de\/#organization\"},\"potentialAction\":[{\"@type\":\"SearchAction\",\"target\":{\"@type\":\"EntryPoint\",\"urlTemplate\":\"https:\/\/logdio.com\/de\/?s={search_term_string}\"},\"query-input\":{\"@type\":\"PropertyValueSpecification\",\"valueRequired\":true,\"valueName\":\"search_term_string\"}}],\"inLanguage\":\"de\"},{\"@type\":\"Organization\",\"@id\":\"https:\/\/logdio.com\/de\/#organization\",\"name\":\"Logdio\",\"url\":\"https:\/\/logdio.com\/de\/\",\"logo\":{\"@type\":\"ImageObject\",\"inLanguage\":\"de\",\"@id\":\"https:\/\/logdio.com\/de\/#\/schema\/logo\/image\/\",\"url\":\"https:\/\/logdio.com\/wp-content\/uploads\/2021\/05\/Logdio.svg\",\"contentUrl\":\"https:\/\/logdio.com\/wp-content\/uploads\/2021\/05\/Logdio.svg\",\"width\":4.44919,\"height\":1.1285,\"caption\":\"Logdio\"},\"image\":{\"@id\":\"https:\/\/logdio.com\/de\/#\/schema\/logo\/image\/\"},\"sameAs\":[\"https:\/\/www.facebook.com\/logtime.eu\/\",\"https:\/\/www.linkedin.com\/company\/logtime\"]}]}<\/script>\n<!-- \/ Yoast SEO plugin. -->","yoast_head_json":{"title":"Nachweis der Lieferung - Logdio - delivery management tool","description":"Erstellung von Liefernachweisen f\u00fcr die Kunden mit dem Logdis-System. Sie enth\u00e4lt Fotos und Unterschriften. Sowie Koordinaten und Zeitangaben.","robots":{"index":"index","follow":"follow","max-snippet":"max-snippet:-1","max-image-preview":"max-image-preview:large","max-video-preview":"max-video-preview:-1"},"canonical":"https:\/\/logdio.com\/de\/nachweis-der-lieferung\/","og_locale":"de_DE","og_type":"article","og_title":"Nachweis der Lieferung - Logdio - delivery management tool","og_description":"Erstellung von Liefernachweisen f\u00fcr die Kunden mit dem Logdis-System. Sie enth\u00e4lt Fotos und Unterschriften. Sowie Koordinaten und Zeitangaben.","og_url":"https:\/\/logdio.com\/de\/nachweis-der-lieferung\/","og_site_name":"Logdio - delivery management tool","article_publisher":"https:\/\/www.facebook.com\/logtime.eu\/","article_modified_time":"2021-09-13T14:12:44+00:00","twitter_card":"summary_large_image","twitter_misc":{"Gesch\u00e4tzte Lesezeit":"5\u00a0Minuten"},"schema":{"@context":"https:\/\/schema.org","@graph":[{"@type":"WebPage","@id":"https:\/\/logdio.com\/de\/nachweis-der-lieferung\/","url":"https:\/\/logdio.com\/de\/nachweis-der-lieferung\/","name":"Nachweis der Lieferung - Logdio - delivery management tool","isPartOf":{"@id":"https:\/\/logdio.com\/de\/#website"},"datePublished":"2021-08-23T19:01:59+00:00","dateModified":"2021-09-13T14:12:44+00:00","description":"Erstellung von Liefernachweisen f\u00fcr die Kunden mit dem Logdis-System. Sie enth\u00e4lt Fotos und Unterschriften. Sowie Koordinaten und Zeitangaben.","breadcrumb":{"@id":"https:\/\/logdio.com\/de\/nachweis-der-lieferung\/#breadcrumb"},"inLanguage":"de","potentialAction":[{"@type":"ReadAction","target":["https:\/\/logdio.com\/de\/nachweis-der-lieferung\/"]}]},{"@type":"BreadcrumbList","@id":"https:\/\/logdio.com\/de\/nachweis-der-lieferung\/#breadcrumb","itemListElement":[{"@type":"ListItem","position":1,"name":"Home","item":"https:\/\/logdio.com\/de\/landing-page\/"},{"@type":"ListItem","position":2,"name":"Nachweis der Lieferung"}]},{"@type":"WebSite","@id":"https:\/\/logdio.com\/de\/#website","url":"https:\/\/logdio.com\/de\/","name":"Logdio - delivery management tool","description":"Next level delivery management software","publisher":{"@id":"https:\/\/logdio.com\/de\/#organization"},"potentialAction":[{"@type":"SearchAction","target":{"@type":"EntryPoint","urlTemplate":"https:\/\/logdio.com\/de\/?s={search_term_string}"},"query-input":{"@type":"PropertyValueSpecification","valueRequired":true,"valueName":"search_term_string"}}],"inLanguage":"de"},{"@type":"Organization","@id":"https:\/\/logdio.com\/de\/#organization","name":"Logdio","url":"https:\/\/logdio.com\/de\/","logo":{"@type":"ImageObject","inLanguage":"de","@id":"https:\/\/logdio.com\/de\/#\/schema\/logo\/image\/","url":"https:\/\/logdio.com\/wp-content\/uploads\/2021\/05\/Logdio.svg","contentUrl":"https:\/\/logdio.com\/wp-content\/uploads\/2021\/05\/Logdio.svg","width":4.44919,"height":1.1285,"caption":"Logdio"},"image":{"@id":"https:\/\/logdio.com\/de\/#\/schema\/logo\/image\/"},"sameAs":["https:\/\/www.facebook.com\/logtime.eu\/","https:\/\/www.linkedin.com\/company\/logtime"]}]}},"_links":{"self":[{"href":"https:\/\/logdio.com\/de\/wp-json\/wp\/v2\/pages\/7523","targetHints":{"allow":["GET"]}}],"collection":[{"href":"https:\/\/logdio.com\/de\/wp-json\/wp\/v2\/pages"}],"about":[{"href":"https:\/\/logdio.com\/de\/wp-json\/wp\/v2\/types\/page"}],"author":[{"embeddable":true,"href":"https:\/\/logdio.com\/de\/wp-json\/wp\/v2\/users\/1"}],"replies":[{"embeddable":true,"href":"https:\/\/logdio.com\/de\/wp-json\/wp\/v2\/comments?post=7523"}],"version-history":[{"count":3,"href":"https:\/\/logdio.com\/de\/wp-json\/wp\/v2\/pages\/7523\/revisions"}],"predecessor-version":[{"id":13853,"href":"https:\/\/logdio.com\/de\/wp-json\/wp\/v2\/pages\/7523\/revisions\/13853"}],"wp:attachment":[{"href":"https:\/\/logdio.com\/de\/wp-json\/wp\/v2\/media?parent=7523"}],"curies":[{"name":"wp","href":"https:\/\/api.w.org\/{rel}","templated":true}]}}