{"id":7522,"date":"2021-08-23T22:01:58","date_gmt":"2021-08-23T19:01:58","guid":{"rendered":"https:\/\/logdio.com\/software-fuer-die-lieferverwaltung\/"},"modified":"2023-08-21T00:31:06","modified_gmt":"2023-08-20T21:31:06","slug":"software-fuer-die-lieferverwaltung","status":"publish","type":"page","link":"https:\/\/logdio.com\/de\/software-fuer-die-lieferverwaltung\/","title":{"rendered":"Software f\u00fcr die Lieferverwaltung"},"content":{"rendered":"\t\t<div data-elementor-type=\"wp-page\" data-elementor-id=\"7522\" class=\"elementor elementor-7522 elementor-1051\" data-elementor-post-type=\"page\">\n\t\t\t\t\t\t<section class=\"has_ma_el_bg_slider elementor-section elementor-top-section elementor-element elementor-element-7029e7e elementor-section-boxed elementor-section-height-default elementor-section-height-default jltma-glass-effect-no\" data-id=\"7029e7e\" data-element_type=\"section\" data-e-type=\"section\" data-settings=\"{&quot;jet_parallax_layout_list&quot;:[{&quot;jet_parallax_layout_image&quot;:{&quot;url&quot;:&quot;&quot;,&quot;id&quot;:&quot;&quot;,&quot;size&quot;:&quot;&quot;},&quot;_id&quot;:&quot;efca056&quot;,&quot;jet_parallax_layout_image_tablet&quot;:{&quot;url&quot;:&quot;&quot;,&quot;id&quot;:&quot;&quot;,&quot;size&quot;:&quot;&quot;},&quot;jet_parallax_layout_image_mobile&quot;:{&quot;url&quot;:&quot;&quot;,&quot;id&quot;:&quot;&quot;,&quot;size&quot;:&quot;&quot;},&quot;jet_parallax_layout_speed&quot;:{&quot;unit&quot;:&quot;%&quot;,&quot;size&quot;:50,&quot;sizes&quot;:[]},&quot;jet_parallax_layout_type&quot;:&quot;scroll&quot;,&quot;jet_parallax_layout_direction&quot;:null,&quot;jet_parallax_layout_fx_direction&quot;:null,&quot;jet_parallax_layout_z_index&quot;:&quot;&quot;,&quot;jet_parallax_layout_bg_x&quot;:50,&quot;jet_parallax_layout_bg_x_tablet&quot;:&quot;&quot;,&quot;jet_parallax_layout_bg_x_mobile&quot;:&quot;&quot;,&quot;jet_parallax_layout_bg_y&quot;:50,&quot;jet_parallax_layout_bg_y_tablet&quot;:&quot;&quot;,&quot;jet_parallax_layout_bg_y_mobile&quot;:&quot;&quot;,&quot;jet_parallax_layout_bg_size&quot;:&quot;auto&quot;,&quot;jet_parallax_layout_bg_size_tablet&quot;:&quot;&quot;,&quot;jet_parallax_layout_bg_size_mobile&quot;:&quot;&quot;,&quot;jet_parallax_layout_animation_prop&quot;:&quot;transform&quot;,&quot;jet_parallax_layout_on&quot;:[&quot;desktop&quot;,&quot;tablet&quot;]}]}\">\n\t\t\t\t\t\t<div class=\"elementor-container elementor-column-gap-default\">\n\t\t\t\t\t<div class=\"has_ma_el_bg_slider elementor-column elementor-col-100 elementor-top-column elementor-element elementor-element-b29a765 jltma-glass-effect-no\" data-id=\"b29a765\" data-element_type=\"column\" data-e-type=\"column\">\n\t\t\t<div class=\"elementor-widget-wrap elementor-element-populated\">\n\t\t\t\t\t\t<div class=\"elementor-element elementor-element-7982dc4 jltma-glass-effect-no elementor-widget elementor-widget-heading\" data-id=\"7982dc4\" data-element_type=\"widget\" data-e-type=\"widget\" data-widget_type=\"heading.default\">\n\t\t\t\t<div class=\"elementor-widget-container\">\n\t\t\t\t\t<h1 class=\"elementor-heading-title elementor-size-default\">Software f\u00fcr das Liefermanagement: Ein vollst\u00e4ndiger Leitfaden<\/h1>\t\t\t\t<\/div>\n\t\t\t\t<\/div>\n\t\t\t\t\t<\/div>\n\t\t<\/div>\n\t\t\t\t\t<\/div>\n\t\t<\/section>\n\t\t\t\t<section class=\"has_ma_el_bg_slider elementor-section elementor-top-section elementor-element elementor-element-96ad6eb elementor-section-boxed elementor-section-height-default elementor-section-height-default jltma-glass-effect-no\" data-id=\"96ad6eb\" data-element_type=\"section\" data-e-type=\"section\" data-settings=\"{&quot;jet_parallax_layout_list&quot;:[{&quot;jet_parallax_layout_image&quot;:{&quot;url&quot;:&quot;&quot;,&quot;id&quot;:&quot;&quot;,&quot;size&quot;:&quot;&quot;},&quot;_id&quot;:&quot;d3a1587&quot;,&quot;jet_parallax_layout_image_tablet&quot;:{&quot;url&quot;:&quot;&quot;,&quot;id&quot;:&quot;&quot;,&quot;size&quot;:&quot;&quot;},&quot;jet_parallax_layout_image_mobile&quot;:{&quot;url&quot;:&quot;&quot;,&quot;id&quot;:&quot;&quot;,&quot;size&quot;:&quot;&quot;},&quot;jet_parallax_layout_speed&quot;:{&quot;unit&quot;:&quot;%&quot;,&quot;size&quot;:50,&quot;sizes&quot;:[]},&quot;jet_parallax_layout_type&quot;:&quot;scroll&quot;,&quot;jet_parallax_layout_direction&quot;:null,&quot;jet_parallax_layout_fx_direction&quot;:null,&quot;jet_parallax_layout_z_index&quot;:&quot;&quot;,&quot;jet_parallax_layout_bg_x&quot;:50,&quot;jet_parallax_layout_bg_x_tablet&quot;:&quot;&quot;,&quot;jet_parallax_layout_bg_x_mobile&quot;:&quot;&quot;,&quot;jet_parallax_layout_bg_y&quot;:50,&quot;jet_parallax_layout_bg_y_tablet&quot;:&quot;&quot;,&quot;jet_parallax_layout_bg_y_mobile&quot;:&quot;&quot;,&quot;jet_parallax_layout_bg_size&quot;:&quot;auto&quot;,&quot;jet_parallax_layout_bg_size_tablet&quot;:&quot;&quot;,&quot;jet_parallax_layout_bg_size_mobile&quot;:&quot;&quot;,&quot;jet_parallax_layout_animation_prop&quot;:&quot;transform&quot;,&quot;jet_parallax_layout_on&quot;:[&quot;desktop&quot;,&quot;tablet&quot;]}]}\">\n\t\t\t\t\t\t<div class=\"elementor-container elementor-column-gap-default\">\n\t\t\t\t\t<div class=\"has_ma_el_bg_slider elementor-column elementor-col-100 elementor-top-column elementor-element elementor-element-e9851f5 jltma-glass-effect-no\" data-id=\"e9851f5\" data-element_type=\"column\" data-e-type=\"column\">\n\t\t\t<div class=\"elementor-widget-wrap elementor-element-populated\">\n\t\t\t\t\t\t<div class=\"elementor-element elementor-element-cbf76de jltma-glass-effect-no elementor-widget elementor-widget-text-editor\" data-id=\"cbf76de\" data-element_type=\"widget\" data-e-type=\"widget\" data-widget_type=\"text-editor.default\">\n\t\t\t\t<div class=\"elementor-widget-container\">\n\t\t\t\t\t\t\t\t\t<p>Eines der wichtigsten Ziele eines jeden Lieferunternehmens ist es, alle Lieferprozesse in einem System zu vereinen. Die manuelle Verwaltung aller Vorg\u00e4nge ist sehr zeitaufw\u00e4ndig. Aus diesem Grund ist eine Software f\u00fcr das Liefermanagement eine Notwendigkeit f\u00fcr moderne Unternehmen.  <\/p>\n<p>Die Software zur Sendungsverfolgung erm\u00f6glicht es Unternehmen, in k\u00fcrzerer Zeit nach Bedarf zu liefern, die Betriebskosten zu senken und die Produktivit\u00e4t zu steigern. Erfahrene Unternehmen setzen rasch moderne Liefermanagementsysteme ein, um den Kundenservice zu verbessern und die Kundenbindung zu erh\u00f6hen.<\/p>\n<\/p>\n<h3>Was ist eine Software f\u00fcr das Liefermanagement?<\/h3>\n<p>Software f\u00fcr das Liefermanagement kann als Plattform definiert werden, die grundlegende logistische Abl\u00e4ufe wie Disposition, Aufgabenverteilung und Auftragszuweisung, Fahrzeugverfolgung, Routenplanung und mehr digitalisiert. Die Software f\u00fchrt mehrere Aufgaben auf einmal aus:<\/p>\n<ul>\n<li>versteht Wetter- und Verkehrsmuster und verfolgt den Warenverkehr,  <\/li>\n<li>bietet ein hohes Ma\u00df an logistischer Transparenz,  <\/li>\n<li>senkt die Kosten pro Meile, erzeugt genaue Ankunftszeiten,  <\/li>\n<li>eliminiert Auftragsr\u00fcckst\u00e4nde und verbessert den Kundenservice.  <\/li>\n<\/ul>\n<p>Mit anderen Worten: Logistikverantwortliche wie Disponenten und Zustellmanager k\u00f6nnen die letzte Meile problemlos bew\u00e4ltigen.<\/p>\n<\/p>\n<h2>Welche Aufgaben l\u00f6st die Liefermanagement-Software?<\/h2>\n<p>Diese Software kann Ihr Unternehmen bei jedem Schritt unterst\u00fctzen, denn die M\u00f6glichkeiten eines solchen Tools sind sehr vielf\u00e4ltig. Schauen wir uns an, was es Ihnen auf verschiedenen Stufen und Ebenen bietet:<\/p>\n<\/p>\n<h3>Auftragsabwicklung<\/h3>\n<p>Jetzt werden alle Ihre Bestellungen an einem Ort gesammelt; es ist f\u00fcr Sie einfach, sie zu verwalten und Aufzeichnungen zu f\u00fchren. Informationen \u00fcber Kunden, ihren Standort und alle erforderlichen Daten sind ebenfalls in einem einzigen integrierten System enthalten. So wird die Navigation f\u00fcr alle Mitarbeiter wesentlich einfacher und die Bearbeitung der Auftr\u00e4ge nimmt weniger Zeit in Anspruch.<\/p>\n<\/p>\n<h3>Terminierung von Sendungen<\/h3>\n<p>Es kann Bestellungen und Waren automatisch verteilen, die Lieferung und die Route optimieren und die Ankunftszeit am Endpunkt berechnen. Sowohl der Fahrer als auch der Kunde k\u00f6nnen Benachrichtigungen mit allen erforderlichen Informationen erhalten.<\/p>\n<\/p>\n<h3>Lieferung<\/h3>\n<p>In erster Linie bietet es Navigation, bequeme Routenplanung f\u00fcr den Fahrer und Lieferverfolgung in Echtzeit f\u00fcr den Kunden. Au\u00dferdem kann bei Staus oder anderen unerwarteten Verz\u00f6gerungen die voraussichtliche Ankunftszeit in Echtzeit angepasst werden.<\/p>\n<\/p>\n<h3>Zeitliche Benachrichtigungen<\/h3>\n<p>Benachrichtigungen \u00fcber Lieferzeiten und Kartenverfolgung erh\u00f6hen die Kundenzufriedenheit erheblich. Die digitale Zustellbest\u00e4tigung hilft Ihnen, die Leistung der Fahrer zu verfolgen, und sofortiges Kundenfeedback bringt Sie noch n\u00e4her an Ihre Zielgruppe heran.<\/p>\n<\/p>\n<h3>Analytik<\/h3>\n<p>Der Bereich Lieferung, Leistung, Auftragsstatistiken und andere Daten stehen Ihnen jederzeit zur Verf\u00fcgung. So k\u00f6nnen Sie die Effizienz Ihres Systems verfolgen.<\/p>\n<\/p>\n<h3>Integration<\/h3>\n<p>Programme f\u00fcr Lieferdienste k\u00f6nnen leicht mit anderen Diensten des Unternehmens integriert werden, um ein einziges System zur Erfassung aller erforderlichen Informationen zu schaffen.<\/p>\n<\/p>\n<h2>Wie kann ein Liefermanagementsystem in Ihrem Unternehmen eingesetzt werden?<\/h2>\n<\/p>\n<p>Die Software f\u00fcr das Liefermanagement eignet sich f\u00fcr alle Bereiche, in denen Abholungen und Lieferungen erforderlich sind, z. B. Superm\u00e4rkte, E-Commerce-Websites, Apotheken, Restaurants usw.<\/p>\n<p>Wenn Sie diese Art von Unternehmen betreiben, sollten Sie sich an die besten Dienstleister wenden. Auf dem Online-Markt gibt es eine Vielzahl von Optionen. W\u00e4hlen Sie diejenige aus, die Ihren Bed\u00fcrfnissen entspricht und Ihnen die beste L\u00f6sung bietet. Die Dienstleister bewerten Ihren Bedarf und bieten Ihnen den entsprechenden Service an.  <\/p>\n<\/p>\n<h2>Was sind die Vorteile eines Liefermanagementsystems?<\/h2>\n<p>Beim Liefermanagement geht es um die Verbesserung von Prozessen. Die Software zur Sendungsverfolgung ist die beste L\u00f6sung f\u00fcr jedes Unternehmen, das seine Kosten senken m\u00f6chte, indem es mehr Lieferungen mit weniger Ressourcen durchf\u00fchrt und gleichzeitig ein hohes Serviceniveau f\u00fcr seine Kunden aufrechterh\u00e4lt. Es gibt eine Reihe von Vorteilen der Lieferverwaltungssoftware, wie z. B:  <\/p>\n<\/p>\n<h3>Automatische \u00dcbermittlung<\/h3>\n<p>F\u00fcr ein gro\u00df angelegtes On-Demand-Liefergesch\u00e4ft ist es von Vorteil, den Versandprozess bis zu einem gewissen Grad zu automatisieren. Im Gegensatz zu planm\u00e4\u00dfigen Lieferungen m\u00fcssen Unternehmen, die auf Abruf t\u00e4tig sind, bei Eingang neuer Bestellungen liefern. Anstatt viele eingehende Auftr\u00e4ge zu bearbeiten, k\u00f6nnen Sie mit Hilfe von Werkzeugen die Auftr\u00e4ge programmgesteuert an Fahrer in der N\u00e4he verteilen, die den Auftrag tats\u00e4chlich innerhalb der zugewiesenen Zeit ausliefern k\u00f6nnen. Durch die Automatisierung des Versands gewinnt das Management wertvolle Zeit, um sich auf die Bearbeitung von Ausnahmen und die Kundenzufriedenheit zu konzentrieren.<\/p>\n<\/p>\n<h3>Optimierung der Route<\/h3>\n<p>Anstatt jede Aufgabe manuell zu routen, werden Algorithmen zur Routenoptimierung eingesetzt, um in k\u00fcrzerer Zeit geeignetere Routen zu erstellen. Eine fortschrittliche Software f\u00fcr die Lieferautomatisierung kann Einschr\u00e4nkungen wie Fahrzeugkapazit\u00e4ten, Zeitfenster f\u00fcr die Auslieferung, Zeitpl\u00e4ne der Fahrer und Verkehrsmuster ber\u00fccksichtigen, um den Fahrern die beste Route vorzuschlagen. Dar\u00fcber hinaus kann dieses Tool auch die voraussichtlichen Ankunftszeiten ermitteln, die f\u00fcr interne Zwecke und die Kundenkommunikation genutzt werden k\u00f6nnen.<\/p>\n<\/p>\n<h3>Fahrzeugverfolgung<\/h3>\n<p>Sind die Fahrer auf dem Weg zu ihrer n\u00e4chsten Lieferung, oder fahren sie aus Versehen in die falsche Richtung? Stehen sie im dichten Verkehr? Die Sichtbarkeit der Fahrzeugstandorte kann einem Disponenten helfen, zu erkennen, wann der Fahrer vom Kurs abkommen k\u00f6nnte, wertvolle Ressourcen zu sparen und kostspielige Versp\u00e4tungen zu vermeiden. Auch die Kundendienstteams nutzen die Fahrzeugverfolgung, um ihre Kunden zu informieren, wann ihre Lieferung erwartet wird. Diese Software nutzt Daten, um den Kunden ein optimales Erlebnis zu bieten, w\u00e4hrend sie auf ihre Lieferung warten.<\/p>\n<\/p>\n<h3>Zustellbest\u00e4tigung (Liefernachweis)<\/h3>\n<p>Dies bedeutet, dass bei einigen Vorg\u00e4ngen eine Unterschrift des Kunden den Empfang des Pakets best\u00e4tigen muss. F\u00fcr andere kann es ein Foto des Ortes sein, an dem das Paket\/der Kurier aufgegeben wurde, um es sp\u00e4ter mit dem K\u00e4ufer zu teilen. Heutzutage gibt es fortschrittlichere Optionen, die das Scannen von Barcodes verwenden, um sicherzustellen, dass das richtige Paket an den angegebenen Ort geliefert wird. Diese Lieferkette ist insbesondere f\u00fcr Arzneimittel, Dokumente und andere sensible Produkte unerl\u00e4sslich.<\/p>\n<\/p>\n<h3>Kommunikation zwischen dem Team und den Kunden<\/h3>\n<p>Ihre Disponenten und Fahrer m\u00fcssen vielleicht nie per Text oder Sprache kommunizieren. Die Fahrdienstleiter legen die Aufgaben fest, und die Fahrer f\u00fchren sie aus. In der realen Welt ist es jedoch notwendig, die Kommunikation zwischen den Teammitgliedern zu erleichtern. Angenommen, ein Fahrer hat Probleme, eine Abgabestelle zu finden oder einen Kunden zu kontaktieren. In diesem Fall wendet er sich oft zuerst an den Fahrdienstleiter, um sich beraten zu lassen. Dieser Leitfaden ist einer der wichtigsten Bestandteile des Liefermanagements. Mit dem Echtzeit-Chat wird diese Kommunikation vereinfacht und durch den zus\u00e4tzlichen Kontext des Standortes des Fahrers und der Details seiner aktiven Lieferung verbessert.<\/p>\n<\/p>\n<h3>Einige zus\u00e4tzliche Vorteile:<\/h3>\n<p>Die Ziele von Liefermanagement-Tools k\u00f6nnen unterschiedlich sein, haupts\u00e4chlich abh\u00e4ngig von den Aufgaben, die das Unternehmen l\u00f6sen will. Die Vorteile h\u00e4ngen also auch davon ab, um welches Instrument es sich handelt. Aber mit einem ganzheitlichen Ansatz k\u00f6nnen Sie das Beste aus der Automatisierung herausholen:<\/p>\n<ul>\n<li>Sparen Sie Zeit und Geld, einschlie\u00dflich Arbeits- und Transportkosten;<\/li>\n<li>Sichere Lebensmittellieferung mit weniger menschlichem Kontakt;<\/li>\n<li>Garantierte Sicherheit f\u00fcr den Fahrer;<\/li>\n<li>Erh\u00f6hte Auftragsgenauigkeit;<\/li>\n<li>Effiziente Planung von Mehrfachlieferungen;<\/li>\n<li>Optimierung von Routen in Echtzeit;<\/li>\n<li>Automatisierung des Versands;<\/li>\n<li>Ein hohes Ma\u00df an Transparenz f\u00fcr die Kunden;<\/li>\n<li>Kurze Laufzeiten des Umsatzes;<\/li>\n<li>Automatisierung der Aufgabenverteilung;<\/li>\n<li>Verringerung der Transportrisiken;<\/li>\n<\/ul>\n<ul>\n<li>Mit dem Anstieg des Gesch\u00e4ftsvolumens sind auch die Erwartungen der Kunden gestiegen. Daher ist es in einer solchen Situation wichtig, die letzte Meile zu optimieren, um den Menschen einen besseren Service zu bieten.<\/li>\n<\/ul>\n<\/p>\n<h2><strong>Wie hoch sind die Kosten?<\/strong><\/h2>\n<p>Bei der Auswahl einer Software f\u00fcr das Liefermanagement in Ihrem Unternehmen stehen Ihnen zahlreiche Optionen zur Verf\u00fcgung. Jeder Anbieter von IT-Delivery-Management-Diensten hat einen anderen Preis pro Abonnement und eine andere Abrechnungsmethode. Auch die Kosten des Dienstes h\u00e4ngen von Ihren Anforderungen ab. Wenn Sie weniger Funktionen w\u00fcnschen, m\u00fcssen Sie weniger bezahlen. Es wird jedoch gesch\u00e4tzt, dass der durchschnittliche Preis f\u00fcr Software zur Lieferverwaltung zwischen 182 und 250 Dollar pro Monat liegt.<\/p>\n<\/p>\n<h2><strong>Warum Logdio w\u00e4hlen?<\/strong><\/h2>\n<p>Die Hauptaufgabe von Logdio ist es, den Einfluss des menschlichen Faktors zu reduzieren und die Effizienz der Lieferung von Bestellungen, G\u00fctern und Dienstleistungen zu erh\u00f6hen, indem es den m\u00fchsamen Prozess der Entgegennahme und Verteilung von Bestellungen an Kuriere und Fahrer erleichtert und die Kosten f\u00fcr die Wartung der Flotte und der Fahrer optimiert.<\/p>\n<p>Wie wir alle wissen, spielt die Kommunikation in jedem Unternehmen eine wichtige Rolle, so dass die Kunden bei Bedarf mit dem Verwalter kommunizieren k\u00f6nnen. Dies ist der beste Service, den Logdio in diesem Fall bietet.<\/p>\n<p>Logdio hilft bei der Erzielung hoher Ergebnisse mit seiner Software zur Lieferungsverfolgung. Mit diesem Tool k\u00f6nnen Sie die Gesamtleistung Ihres Unternehmens leicht \u00fcberwachen. Sie m\u00fcssen es also probieren.  <\/p>\n<\/p>\n<h2><strong>Wir fassen zusammen<\/strong><\/h2>\n<p>Software f\u00fcr das Zustellungsmanagement ist entscheidend f\u00fcr die Optimierung der Zustellung. Durch die Digitalisierung und Verkn\u00fcpfung der verschiedenen Teile und Prozesse, die an der Zustellung beteiligt sind, hilft Kurierdienstsoftware Unternehmen, die Zustellung zu vereinfachen &#8211; von der Routenplanung und dem Versand bis hin zur Kundenverfolgung in Echtzeit und der digitalen Zustellbest\u00e4tigung.<\/p>\n<p>Eine klug ausgew\u00e4hlte Software kann den Zustellunternehmen helfen, einen gewissen Grad an Automatisierungsreife zu erreichen. Dies wird auch dazu f\u00fchren, dass Ihr treuer Kundenstamm w\u00e4chst und Sie davon profitieren. Au\u00dferdem hilft Ihnen die Automatisierung der Kurierzustellung in Krisenzeiten, die Messlatte f\u00fcr Ihr Unternehmen h\u00f6her zu legen und weiterhin effizienter zu liefern. Vielleicht sind Sie verwirrt von den vielen M\u00f6glichkeiten, die der Online-Markt bietet. Achten Sie also auf alle Funktionen, Kosten und die Wirksamkeit der Software, bevor Sie sie ausw\u00e4hlen.  <\/p>\n<p>Wenn Sie Fragen haben oder die Idee zu einem Projekt gereift ist &#8211; hinterlassen Sie eine Anfrage auf unserer Website oder rufen Sie die angegebene Telefonnummer an. Unsere Manager beantworten gerne alle Ihre Fragen und helfen Ihnen bei der Auswahl der besten L\u00f6sung f\u00fcr die Probleme und Aufgaben Ihres Unternehmens.<\/p><\/p>\n\t\t\t\t\t\t\t\t<\/div>\n\t\t\t\t<\/div>\n\t\t\t\t\t<\/div>\n\t\t<\/div>\n\t\t\t\t\t<\/div>\n\t\t<\/section>\n\t\t\t\t<\/div>\n\t\t","protected":false},"excerpt":{"rendered":"<p>Software f\u00fcr das Liefermanagement: Ein vollst\u00e4ndiger Leitfaden Eines der wichtigsten Ziele eines jeden Lieferunternehmens ist es, alle Lieferprozesse in einem System zu vereinen. Die manuelle Verwaltung aller Vorg\u00e4nge ist sehr zeitaufw\u00e4ndig. Aus diesem Grund ist eine Software f\u00fcr das Liefermanagement eine Notwendigkeit f\u00fcr moderne Unternehmen. Die Software zur Sendungsverfolgung erm\u00f6glicht es Unternehmen, in k\u00fcrzerer Zeit [&hellip;]<\/p>\n","protected":false},"author":1,"featured_media":0,"parent":0,"menu_order":0,"comment_status":"closed","ping_status":"closed","template":"elementor_header_footer","meta":{"footnotes":""},"class_list":["post-7522","page","type-page","status-publish","hentry"],"yoast_head":"<!-- This site is optimized with the Yoast SEO plugin v26.8 - https:\/\/yoast.com\/product\/yoast-seo-wordpress\/ -->\n<title>Software f\u00fcr die Lieferverwaltung - Logdio - delivery management tool<\/title>\n<meta name=\"description\" content=\"Steigern Sie Ihre Produktivit\u00e4t mit der Logdis Liefermanagement-Software. Eine Komplettl\u00f6sung f\u00fcr Lieferfirmen.\" \/>\n<meta name=\"robots\" content=\"index, follow, max-snippet:-1, max-image-preview:large, max-video-preview:-1\" \/>\n<link rel=\"canonical\" href=\"https:\/\/logdio.com\/de\/software-fuer-die-lieferverwaltung\/\" \/>\n<meta property=\"og:locale\" content=\"de_DE\" \/>\n<meta property=\"og:type\" content=\"article\" \/>\n<meta property=\"og:title\" content=\"Software f\u00fcr die Lieferverwaltung - Logdio - delivery management tool\" \/>\n<meta property=\"og:description\" content=\"Steigern Sie Ihre Produktivit\u00e4t mit der Logdis Liefermanagement-Software. Eine Komplettl\u00f6sung f\u00fcr Lieferfirmen.\" \/>\n<meta property=\"og:url\" content=\"https:\/\/logdio.com\/de\/software-fuer-die-lieferverwaltung\/\" \/>\n<meta property=\"og:site_name\" content=\"Logdio - delivery management tool\" \/>\n<meta property=\"article:publisher\" content=\"https:\/\/www.facebook.com\/logtime.eu\/\" \/>\n<meta property=\"article:modified_time\" content=\"2023-08-20T21:31:06+00:00\" \/>\n<meta name=\"twitter:card\" content=\"summary_large_image\" \/>\n<meta name=\"twitter:label1\" content=\"Gesch\u00e4tzte Lesezeit\" \/>\n\t<meta name=\"twitter:data1\" content=\"8\u00a0Minuten\" \/>\n<script type=\"application\/ld+json\" class=\"yoast-schema-graph\">{\"@context\":\"https:\/\/schema.org\",\"@graph\":[{\"@type\":\"WebPage\",\"@id\":\"https:\/\/logdio.com\/de\/software-fuer-die-lieferverwaltung\/\",\"url\":\"https:\/\/logdio.com\/de\/software-fuer-die-lieferverwaltung\/\",\"name\":\"Software f\u00fcr die Lieferverwaltung - Logdio - delivery management tool\",\"isPartOf\":{\"@id\":\"https:\/\/logdio.com\/de\/#website\"},\"datePublished\":\"2021-08-23T19:01:58+00:00\",\"dateModified\":\"2023-08-20T21:31:06+00:00\",\"description\":\"Steigern Sie Ihre Produktivit\u00e4t mit der Logdis Liefermanagement-Software. Eine Komplettl\u00f6sung f\u00fcr Lieferfirmen.\",\"breadcrumb\":{\"@id\":\"https:\/\/logdio.com\/de\/software-fuer-die-lieferverwaltung\/#breadcrumb\"},\"inLanguage\":\"de\",\"potentialAction\":[{\"@type\":\"ReadAction\",\"target\":[\"https:\/\/logdio.com\/de\/software-fuer-die-lieferverwaltung\/\"]}]},{\"@type\":\"BreadcrumbList\",\"@id\":\"https:\/\/logdio.com\/de\/software-fuer-die-lieferverwaltung\/#breadcrumb\",\"itemListElement\":[{\"@type\":\"ListItem\",\"position\":1,\"name\":\"Home\",\"item\":\"https:\/\/logdio.com\/de\/landing-page\/\"},{\"@type\":\"ListItem\",\"position\":2,\"name\":\"Software f\u00fcr die Lieferverwaltung\"}]},{\"@type\":\"WebSite\",\"@id\":\"https:\/\/logdio.com\/de\/#website\",\"url\":\"https:\/\/logdio.com\/de\/\",\"name\":\"Logdio - delivery management tool\",\"description\":\"Next level delivery management software\",\"publisher\":{\"@id\":\"https:\/\/logdio.com\/de\/#organization\"},\"potentialAction\":[{\"@type\":\"SearchAction\",\"target\":{\"@type\":\"EntryPoint\",\"urlTemplate\":\"https:\/\/logdio.com\/de\/?s={search_term_string}\"},\"query-input\":{\"@type\":\"PropertyValueSpecification\",\"valueRequired\":true,\"valueName\":\"search_term_string\"}}],\"inLanguage\":\"de\"},{\"@type\":\"Organization\",\"@id\":\"https:\/\/logdio.com\/de\/#organization\",\"name\":\"Logdio\",\"url\":\"https:\/\/logdio.com\/de\/\",\"logo\":{\"@type\":\"ImageObject\",\"inLanguage\":\"de\",\"@id\":\"https:\/\/logdio.com\/de\/#\/schema\/logo\/image\/\",\"url\":\"https:\/\/logdio.com\/wp-content\/uploads\/2021\/05\/Logdio.svg\",\"contentUrl\":\"https:\/\/logdio.com\/wp-content\/uploads\/2021\/05\/Logdio.svg\",\"width\":4.44919,\"height\":1.1285,\"caption\":\"Logdio\"},\"image\":{\"@id\":\"https:\/\/logdio.com\/de\/#\/schema\/logo\/image\/\"},\"sameAs\":[\"https:\/\/www.facebook.com\/logtime.eu\/\",\"https:\/\/www.linkedin.com\/company\/logtime\"]}]}<\/script>\n<!-- \/ Yoast SEO plugin. -->","yoast_head_json":{"title":"Software f\u00fcr die Lieferverwaltung - Logdio - delivery management tool","description":"Steigern Sie Ihre Produktivit\u00e4t mit der Logdis Liefermanagement-Software. Eine Komplettl\u00f6sung f\u00fcr Lieferfirmen.","robots":{"index":"index","follow":"follow","max-snippet":"max-snippet:-1","max-image-preview":"max-image-preview:large","max-video-preview":"max-video-preview:-1"},"canonical":"https:\/\/logdio.com\/de\/software-fuer-die-lieferverwaltung\/","og_locale":"de_DE","og_type":"article","og_title":"Software f\u00fcr die Lieferverwaltung - Logdio - delivery management tool","og_description":"Steigern Sie Ihre Produktivit\u00e4t mit der Logdis Liefermanagement-Software. Eine Komplettl\u00f6sung f\u00fcr Lieferfirmen.","og_url":"https:\/\/logdio.com\/de\/software-fuer-die-lieferverwaltung\/","og_site_name":"Logdio - delivery management tool","article_publisher":"https:\/\/www.facebook.com\/logtime.eu\/","article_modified_time":"2023-08-20T21:31:06+00:00","twitter_card":"summary_large_image","twitter_misc":{"Gesch\u00e4tzte Lesezeit":"8\u00a0Minuten"},"schema":{"@context":"https:\/\/schema.org","@graph":[{"@type":"WebPage","@id":"https:\/\/logdio.com\/de\/software-fuer-die-lieferverwaltung\/","url":"https:\/\/logdio.com\/de\/software-fuer-die-lieferverwaltung\/","name":"Software f\u00fcr die Lieferverwaltung - Logdio - delivery management tool","isPartOf":{"@id":"https:\/\/logdio.com\/de\/#website"},"datePublished":"2021-08-23T19:01:58+00:00","dateModified":"2023-08-20T21:31:06+00:00","description":"Steigern Sie Ihre Produktivit\u00e4t mit der Logdis Liefermanagement-Software. Eine Komplettl\u00f6sung f\u00fcr Lieferfirmen.","breadcrumb":{"@id":"https:\/\/logdio.com\/de\/software-fuer-die-lieferverwaltung\/#breadcrumb"},"inLanguage":"de","potentialAction":[{"@type":"ReadAction","target":["https:\/\/logdio.com\/de\/software-fuer-die-lieferverwaltung\/"]}]},{"@type":"BreadcrumbList","@id":"https:\/\/logdio.com\/de\/software-fuer-die-lieferverwaltung\/#breadcrumb","itemListElement":[{"@type":"ListItem","position":1,"name":"Home","item":"https:\/\/logdio.com\/de\/landing-page\/"},{"@type":"ListItem","position":2,"name":"Software f\u00fcr die Lieferverwaltung"}]},{"@type":"WebSite","@id":"https:\/\/logdio.com\/de\/#website","url":"https:\/\/logdio.com\/de\/","name":"Logdio - delivery management tool","description":"Next level delivery management software","publisher":{"@id":"https:\/\/logdio.com\/de\/#organization"},"potentialAction":[{"@type":"SearchAction","target":{"@type":"EntryPoint","urlTemplate":"https:\/\/logdio.com\/de\/?s={search_term_string}"},"query-input":{"@type":"PropertyValueSpecification","valueRequired":true,"valueName":"search_term_string"}}],"inLanguage":"de"},{"@type":"Organization","@id":"https:\/\/logdio.com\/de\/#organization","name":"Logdio","url":"https:\/\/logdio.com\/de\/","logo":{"@type":"ImageObject","inLanguage":"de","@id":"https:\/\/logdio.com\/de\/#\/schema\/logo\/image\/","url":"https:\/\/logdio.com\/wp-content\/uploads\/2021\/05\/Logdio.svg","contentUrl":"https:\/\/logdio.com\/wp-content\/uploads\/2021\/05\/Logdio.svg","width":4.44919,"height":1.1285,"caption":"Logdio"},"image":{"@id":"https:\/\/logdio.com\/de\/#\/schema\/logo\/image\/"},"sameAs":["https:\/\/www.facebook.com\/logtime.eu\/","https:\/\/www.linkedin.com\/company\/logtime"]}]}},"_links":{"self":[{"href":"https:\/\/logdio.com\/de\/wp-json\/wp\/v2\/pages\/7522","targetHints":{"allow":["GET"]}}],"collection":[{"href":"https:\/\/logdio.com\/de\/wp-json\/wp\/v2\/pages"}],"about":[{"href":"https:\/\/logdio.com\/de\/wp-json\/wp\/v2\/types\/page"}],"author":[{"embeddable":true,"href":"https:\/\/logdio.com\/de\/wp-json\/wp\/v2\/users\/1"}],"replies":[{"embeddable":true,"href":"https:\/\/logdio.com\/de\/wp-json\/wp\/v2\/comments?post=7522"}],"version-history":[{"count":7,"href":"https:\/\/logdio.com\/de\/wp-json\/wp\/v2\/pages\/7522\/revisions"}],"predecessor-version":[{"id":13841,"href":"https:\/\/logdio.com\/de\/wp-json\/wp\/v2\/pages\/7522\/revisions\/13841"}],"wp:attachment":[{"href":"https:\/\/logdio.com\/de\/wp-json\/wp\/v2\/media?parent=7522"}],"curies":[{"name":"wp","href":"https:\/\/api.w.org\/{rel}","templated":true}]}}