{"id":7514,"date":"2021-08-23T22:01:55","date_gmt":"2021-08-23T19:01:55","guid":{"rendered":"https:\/\/logdio.com\/software-fuer-die-routenplanung-von-kurieren\/"},"modified":"2021-09-13T17:12:51","modified_gmt":"2021-09-13T14:12:51","slug":"software-fuer-die-routenplanung-von-kurieren","status":"publish","type":"page","link":"https:\/\/logdio.com\/de\/software-fuer-die-routenplanung-von-kurieren\/","title":{"rendered":"Software f\u00fcr die Routenplanung von Kurieren"},"content":{"rendered":"\t\t<div data-elementor-type=\"wp-page\" data-elementor-id=\"7514\" class=\"elementor elementor-7514 elementor-1055\" data-elementor-post-type=\"page\">\n\t\t\t\t\t\t<section class=\"has_ma_el_bg_slider elementor-section elementor-top-section elementor-element elementor-element-a6afc90 elementor-section-boxed elementor-section-height-default elementor-section-height-default jltma-glass-effect-no\" data-id=\"a6afc90\" data-element_type=\"section\" data-e-type=\"section\" data-settings=\"{&quot;jet_parallax_layout_list&quot;:[{&quot;jet_parallax_layout_image&quot;:{&quot;url&quot;:&quot;&quot;,&quot;id&quot;:&quot;&quot;,&quot;size&quot;:&quot;&quot;},&quot;_id&quot;:&quot;1632b6e&quot;,&quot;jet_parallax_layout_image_tablet&quot;:{&quot;url&quot;:&quot;&quot;,&quot;id&quot;:&quot;&quot;,&quot;size&quot;:&quot;&quot;},&quot;jet_parallax_layout_image_mobile&quot;:{&quot;url&quot;:&quot;&quot;,&quot;id&quot;:&quot;&quot;,&quot;size&quot;:&quot;&quot;},&quot;jet_parallax_layout_speed&quot;:{&quot;unit&quot;:&quot;%&quot;,&quot;size&quot;:50,&quot;sizes&quot;:[]},&quot;jet_parallax_layout_type&quot;:&quot;scroll&quot;,&quot;jet_parallax_layout_direction&quot;:null,&quot;jet_parallax_layout_fx_direction&quot;:null,&quot;jet_parallax_layout_z_index&quot;:&quot;&quot;,&quot;jet_parallax_layout_bg_x&quot;:50,&quot;jet_parallax_layout_bg_x_tablet&quot;:&quot;&quot;,&quot;jet_parallax_layout_bg_x_mobile&quot;:&quot;&quot;,&quot;jet_parallax_layout_bg_y&quot;:50,&quot;jet_parallax_layout_bg_y_tablet&quot;:&quot;&quot;,&quot;jet_parallax_layout_bg_y_mobile&quot;:&quot;&quot;,&quot;jet_parallax_layout_bg_size&quot;:&quot;auto&quot;,&quot;jet_parallax_layout_bg_size_tablet&quot;:&quot;&quot;,&quot;jet_parallax_layout_bg_size_mobile&quot;:&quot;&quot;,&quot;jet_parallax_layout_animation_prop&quot;:&quot;transform&quot;,&quot;jet_parallax_layout_on&quot;:[&quot;desktop&quot;,&quot;tablet&quot;]}]}\">\n\t\t\t\t\t\t<div class=\"elementor-container elementor-column-gap-default\">\n\t\t\t\t\t<div class=\"has_ma_el_bg_slider elementor-column elementor-col-100 elementor-top-column elementor-element elementor-element-9dbd7a5 jltma-glass-effect-no\" data-id=\"9dbd7a5\" data-element_type=\"column\" data-e-type=\"column\">\n\t\t\t<div class=\"elementor-widget-wrap elementor-element-populated\">\n\t\t\t\t\t\t<div class=\"elementor-element elementor-element-096e315 jltma-glass-effect-no elementor-widget elementor-widget-heading\" data-id=\"096e315\" data-element_type=\"widget\" data-e-type=\"widget\" data-widget_type=\"heading.default\">\n\t\t\t\t<div class=\"elementor-widget-container\">\n\t\t\t\t\t<h1 class=\"elementor-heading-title elementor-size-default\">Kurier-Routenplanungs-Software<\/h1>\t\t\t\t<\/div>\n\t\t\t\t<\/div>\n\t\t\t\t\t<\/div>\n\t\t<\/div>\n\t\t\t\t\t<\/div>\n\t\t<\/section>\n\t\t\t\t<section class=\"has_ma_el_bg_slider elementor-section elementor-top-section elementor-element elementor-element-8cd51f7 elementor-section-boxed elementor-section-height-default elementor-section-height-default jltma-glass-effect-no\" data-id=\"8cd51f7\" data-element_type=\"section\" data-e-type=\"section\" data-settings=\"{&quot;jet_parallax_layout_list&quot;:[{&quot;jet_parallax_layout_image&quot;:{&quot;url&quot;:&quot;&quot;,&quot;id&quot;:&quot;&quot;,&quot;size&quot;:&quot;&quot;},&quot;_id&quot;:&quot;30d0d76&quot;,&quot;jet_parallax_layout_image_tablet&quot;:{&quot;url&quot;:&quot;&quot;,&quot;id&quot;:&quot;&quot;,&quot;size&quot;:&quot;&quot;},&quot;jet_parallax_layout_image_mobile&quot;:{&quot;url&quot;:&quot;&quot;,&quot;id&quot;:&quot;&quot;,&quot;size&quot;:&quot;&quot;},&quot;jet_parallax_layout_speed&quot;:{&quot;unit&quot;:&quot;%&quot;,&quot;size&quot;:50,&quot;sizes&quot;:[]},&quot;jet_parallax_layout_type&quot;:&quot;scroll&quot;,&quot;jet_parallax_layout_direction&quot;:null,&quot;jet_parallax_layout_fx_direction&quot;:null,&quot;jet_parallax_layout_z_index&quot;:&quot;&quot;,&quot;jet_parallax_layout_bg_x&quot;:50,&quot;jet_parallax_layout_bg_x_tablet&quot;:&quot;&quot;,&quot;jet_parallax_layout_bg_x_mobile&quot;:&quot;&quot;,&quot;jet_parallax_layout_bg_y&quot;:50,&quot;jet_parallax_layout_bg_y_tablet&quot;:&quot;&quot;,&quot;jet_parallax_layout_bg_y_mobile&quot;:&quot;&quot;,&quot;jet_parallax_layout_bg_size&quot;:&quot;auto&quot;,&quot;jet_parallax_layout_bg_size_tablet&quot;:&quot;&quot;,&quot;jet_parallax_layout_bg_size_mobile&quot;:&quot;&quot;,&quot;jet_parallax_layout_animation_prop&quot;:&quot;transform&quot;,&quot;jet_parallax_layout_on&quot;:[&quot;desktop&quot;,&quot;tablet&quot;]}]}\">\n\t\t\t\t\t\t<div class=\"elementor-container elementor-column-gap-default\">\n\t\t\t\t\t<div class=\"has_ma_el_bg_slider elementor-column elementor-col-100 elementor-top-column elementor-element elementor-element-0dc1596 jltma-glass-effect-no\" data-id=\"0dc1596\" data-element_type=\"column\" data-e-type=\"column\">\n\t\t\t<div class=\"elementor-widget-wrap elementor-element-populated\">\n\t\t\t\t\t\t<div class=\"elementor-element elementor-element-89bcbea jltma-glass-effect-no elementor-widget elementor-widget-text-editor\" data-id=\"89bcbea\" data-element_type=\"widget\" data-e-type=\"widget\" data-widget_type=\"text-editor.default\">\n\t\t\t\t<div class=\"elementor-widget-container\">\n\t\t\t\t\t\t\t\t\t<p>Leiten Sie einen Au\u00dfendienst, verwalten Sie eine Flotte von Lieferfahrzeugen (Paketzustellung oder Auslieferung von Waren) oder leiten Sie die Logistik f\u00fcr ein Unternehmen, das Waren abholt und von T\u00fcr zu T\u00fcr liefert? Sind Sie daran interessiert, den Transport in Ihrem Unternehmen zu optimieren? Kurierdienstsoftware ist der sicherste Weg zur Verbesserung der betrieblichen Effizienz Ihres Unternehmens.<\/p>\n<p>Mit dem richtigen Kurier-Routenplaner lassen sich Ausfallzeiten reduzieren und die Produktivit\u00e4t drastisch erh\u00f6hen. Aus diesem Grund wird sie weltweit immer beliebter.<\/p>\n<\/p>\n<h2><strong>Was ist Kuriersoftware?<\/strong><\/h2>\n<p>Kuriersoftware ist ein Kuriermanagementsystem, das auf der Grundlage externer Faktoren wie Verkehrsstaus, Tageszeit und Wetter die zeitaufw\u00e4ndigsten Reisepl\u00e4ne ermittelt. Es verwendet fortschrittliche Algorithmen, um die effizienteste Route f\u00fcr den Nutzer zu ermitteln. Es analysiert die Anforderungen an den G\u00fctertransport, die Ladekapazit\u00e4t des Fahrzeugs, den Arbeitsplan und die \u00fcbrigen Fahrer und schl\u00e4gt die optimale Anpassung der Fahrten vor.<\/p>\n<p>Sch\u00e4tzungen zufolge reduziert die Kuriermanagementsoftware die t\u00e4gliche Fahrleistung der Fahrzeuge um 10-20 %. Sie erh\u00f6ht die Effizienz der Fahrzeugflotte. Einige weitere Merkmale sind:  <\/p>\n<p><strong>Integration mit GPS \/ Glonass-Tracking-Systeme auf der Grundlage<\/strong> von Informationen von Android-Ger\u00e4ten oder ein GPS-Tracker empfangen, erhalten Sie Informationen \u00fcber den Standort des Fahrzeugs. Der Dienst verfolgt die Bewegung entlang der Lieferroute von Waren und erfasst Abweichungen in zeitlicher und geografischer Hinsicht. Die Informationen werden an den Disponenten \u00fcbermittelt, der sie verarbeitet und entsprechende Entscheidungen trifft.<\/p>\n<\/p>\n<h3>Geringere Kosten<\/h3>\n<p>Jede Kuriermanagementsoftware kann, wenn sie sinnvoll eingesetzt wird, die Reisezeiten drastisch reduzieren. Dies wiederum senkt die Kurierkosten um ein Vielfaches. Optimierte Routen k\u00f6nnen Ihnen in zweierlei Hinsicht helfen, Ihre Kosten zu senken:<\/p>\n<h3>Es hat den Kraftstoffverbrauch reduziert<\/h3>\n<p>  Da die Flotte weniger Zeit auf der Stra\u00dfe verbringt, ist der Kraftstoffverbrauch den Berichten zufolge geringer. Das bedeutet, dass weniger Verbrauch zu geringeren Kosten f\u00fchrt.<\/p>\n<h3>Geringere Wartungskosten<\/h3>\n<p>  Da die Fahrzeuge nicht so viel Zeit auf der Stra\u00dfe verbringen, ist ihr normaler Verschlei\u00df geringer. Dies f\u00fchrt zu geringeren Wartungskosten.<\/p>\n<h3>Produktivit\u00e4tssteigerung<\/h3>\n<p>Der Kurier-Routenplaner spart Zeit und Ressourcen. Es erledigt komplexe Aufgaben f\u00fcr Sie. Sie brauchen keine Zeit mit der Planung von Routen zu verschwenden. Dies erh\u00f6ht die Gesamtproduktivit\u00e4t des Fuhrparks, so dass Auftr\u00e4ge schneller und p\u00fcnktlich erledigt werden k\u00f6nnen.<\/p>\n<h3>Erh\u00f6hte Kundenzufriedenheit<\/h3>\n<p>Es ist eine bekannte Tatsache, dass zufriedene Kunden auf dem Einkaufszettel stehen. Wenn Sie Ihre Dienstleistungen p\u00fcnktlich anbieten k\u00f6nnen, werden Ihre Kunden mit Ihnen zufrieden sein. Das Kuriermanagementsystem sorgt daf\u00fcr, dass der richtige Fahrer zur richtigen Zeit beim richtigen Kunden eintrifft, ohne dass es zu einer R\u00fccksendung kommt.<\/p>\n<h3>Hilft, die Ressourcen zu \u00fcbersch\u00e4tzen<\/h3>\n<p>Es ist m\u00f6glich, dass Sie mehr Ressourcen verbrauchen, als f\u00fcr die Erbringung von Dienstleistungen tats\u00e4chlich erforderlich sind. Ein Tool zur Optimierung von Kurierdiensten hilft dabei, die Anzahl der f\u00fcr den Betrieb erforderlichen Fahrzeuge neu zu bestimmen. Sie k\u00f6nnen von reduzierten Mengen und damit von geringeren Kosten profitieren.<\/p>\n<p>Jetzt wissen Sie, was Kurier-Software ist und warum sie wichtig ist. Vielleicht denken Sie jetzt dar\u00fcber nach, welche Software die richtige f\u00fcr Ihr Unternehmen ist?  <\/p>\n<\/p>\n<h2>Welche Software f\u00fcr das Kuriermanagement soll ich w\u00e4hlen?<\/h2>\n<p>Es gibt zahlreiche Quellen, die Listen und eine Auswahl von Programmen zur Optimierung von Kurierdiensten anbieten. Es gibt viele Faktoren zu ber\u00fccksichtigen, z. B. Preis, angebotene Funktionen, Zielgruppe und andere Parameter.<\/p>\n<p>Geben Sie bei der Auswahl einer Kuriermanagementsoftware an, welche Funktionen im Preis inbegriffen sind und welche gegen eine zus\u00e4tzliche Geb\u00fchr angeboten werden. Bevorzugen Sie die Systeme, deren Preis auch den technischen Support und Updates umfasst.<\/p>\n<\/p>\n<h2><strong>Warum Logdio w\u00e4hlen?<\/strong><\/h2>\n<p>In Logdio ist die Funktion implementiert, die optimale Route f\u00fcr den Kurier zu erstellen und die Zeit unter Ber\u00fccksichtigung von Staus zu berechnen. Die Aufgaben f\u00fcr den Kurier werden nach Priorit\u00e4ten und Lieferzeiten verteilt. Es gibt eine GPS-Tracker-Funktion f\u00fcr Kuriere (Sie k\u00f6nnen den Standort des Kuriers in Echtzeit auf der Karte verfolgen). Die Software hat eine benutzerfreundliche Oberfl\u00e4che. Es ist auch m\u00f6glich, Auftr\u00e4ge an einen anderen Kurier zu \u00fcbertragen (z. B. bei einer Autopanne). Das Beste an Logdio ist, dass es erschwinglich ist. F\u00fcr die Nutzung dieser produktiven Software m\u00fcssen Sie keinen hohen Betrag bezahlen. Es ist also die beste L\u00f6sung f\u00fcr diese Aufgabe.  <\/p>\n\t\t\t\t\t\t\t\t<\/div>\n\t\t\t\t<\/div>\n\t\t\t\t\t<\/div>\n\t\t<\/div>\n\t\t\t\t\t<\/div>\n\t\t<\/section>\n\t\t\t\t<\/div>\n\t\t","protected":false},"excerpt":{"rendered":"<p>Kurier-Routenplanungs-Software Leiten Sie einen Au\u00dfendienst, verwalten Sie eine Flotte von Lieferfahrzeugen (Paketzustellung oder Auslieferung von Waren) oder leiten Sie die Logistik f\u00fcr ein Unternehmen, das Waren abholt und von T\u00fcr zu T\u00fcr liefert? Sind Sie daran interessiert, den Transport in Ihrem Unternehmen zu optimieren? Kurierdienstsoftware ist der sicherste Weg zur Verbesserung der betrieblichen Effizienz Ihres [&hellip;]<\/p>\n","protected":false},"author":1,"featured_media":0,"parent":0,"menu_order":0,"comment_status":"closed","ping_status":"closed","template":"elementor_header_footer","meta":{"footnotes":""},"class_list":["post-7514","page","type-page","status-publish","hentry"],"yoast_head":"<!-- This site is optimized with the Yoast SEO plugin v26.8 - https:\/\/yoast.com\/product\/yoast-seo-wordpress\/ -->\n<title>Software f\u00fcr die Routenplanung von Kurieren - Logdio - delivery management tool<\/title>\n<meta name=\"description\" content=\"Steigern Sie die Produktivit\u00e4t von Kurieren mit der Logdis Routenplanungssoftware. Eine Komplettl\u00f6sung f\u00fcr Lieferfirmen.\" \/>\n<meta name=\"robots\" content=\"index, follow, max-snippet:-1, max-image-preview:large, max-video-preview:-1\" \/>\n<link rel=\"canonical\" href=\"https:\/\/logdio.com\/de\/software-fuer-die-routenplanung-von-kurieren\/\" \/>\n<meta property=\"og:locale\" content=\"de_DE\" \/>\n<meta property=\"og:type\" content=\"article\" \/>\n<meta property=\"og:title\" content=\"Software f\u00fcr die Routenplanung von Kurieren - Logdio - delivery management tool\" \/>\n<meta property=\"og:description\" content=\"Steigern Sie die Produktivit\u00e4t von Kurieren mit der Logdis Routenplanungssoftware. Eine Komplettl\u00f6sung f\u00fcr Lieferfirmen.\" \/>\n<meta property=\"og:url\" content=\"https:\/\/logdio.com\/de\/software-fuer-die-routenplanung-von-kurieren\/\" \/>\n<meta property=\"og:site_name\" content=\"Logdio - delivery management tool\" \/>\n<meta property=\"article:publisher\" content=\"https:\/\/www.facebook.com\/logtime.eu\/\" \/>\n<meta property=\"article:modified_time\" content=\"2021-09-13T14:12:51+00:00\" \/>\n<meta name=\"twitter:card\" content=\"summary_large_image\" \/>\n<meta name=\"twitter:label1\" content=\"Gesch\u00e4tzte Lesezeit\" \/>\n\t<meta name=\"twitter:data1\" content=\"4\u00a0Minuten\" \/>\n<script type=\"application\/ld+json\" class=\"yoast-schema-graph\">{\"@context\":\"https:\/\/schema.org\",\"@graph\":[{\"@type\":\"WebPage\",\"@id\":\"https:\/\/logdio.com\/de\/software-fuer-die-routenplanung-von-kurieren\/\",\"url\":\"https:\/\/logdio.com\/de\/software-fuer-die-routenplanung-von-kurieren\/\",\"name\":\"Software f\u00fcr die Routenplanung von Kurieren - Logdio - delivery management tool\",\"isPartOf\":{\"@id\":\"https:\/\/logdio.com\/de\/#website\"},\"datePublished\":\"2021-08-23T19:01:55+00:00\",\"dateModified\":\"2021-09-13T14:12:51+00:00\",\"description\":\"Steigern Sie die Produktivit\u00e4t von Kurieren mit der Logdis Routenplanungssoftware. Eine Komplettl\u00f6sung f\u00fcr Lieferfirmen.\",\"breadcrumb\":{\"@id\":\"https:\/\/logdio.com\/de\/software-fuer-die-routenplanung-von-kurieren\/#breadcrumb\"},\"inLanguage\":\"de\",\"potentialAction\":[{\"@type\":\"ReadAction\",\"target\":[\"https:\/\/logdio.com\/de\/software-fuer-die-routenplanung-von-kurieren\/\"]}]},{\"@type\":\"BreadcrumbList\",\"@id\":\"https:\/\/logdio.com\/de\/software-fuer-die-routenplanung-von-kurieren\/#breadcrumb\",\"itemListElement\":[{\"@type\":\"ListItem\",\"position\":1,\"name\":\"Home\",\"item\":\"https:\/\/logdio.com\/de\/landing-page\/\"},{\"@type\":\"ListItem\",\"position\":2,\"name\":\"Software f\u00fcr die Routenplanung von Kurieren\"}]},{\"@type\":\"WebSite\",\"@id\":\"https:\/\/logdio.com\/de\/#website\",\"url\":\"https:\/\/logdio.com\/de\/\",\"name\":\"Logdio - delivery management tool\",\"description\":\"Next level delivery management software\",\"publisher\":{\"@id\":\"https:\/\/logdio.com\/de\/#organization\"},\"potentialAction\":[{\"@type\":\"SearchAction\",\"target\":{\"@type\":\"EntryPoint\",\"urlTemplate\":\"https:\/\/logdio.com\/de\/?s={search_term_string}\"},\"query-input\":{\"@type\":\"PropertyValueSpecification\",\"valueRequired\":true,\"valueName\":\"search_term_string\"}}],\"inLanguage\":\"de\"},{\"@type\":\"Organization\",\"@id\":\"https:\/\/logdio.com\/de\/#organization\",\"name\":\"Logdio\",\"url\":\"https:\/\/logdio.com\/de\/\",\"logo\":{\"@type\":\"ImageObject\",\"inLanguage\":\"de\",\"@id\":\"https:\/\/logdio.com\/de\/#\/schema\/logo\/image\/\",\"url\":\"https:\/\/logdio.com\/wp-content\/uploads\/2021\/05\/Logdio.svg\",\"contentUrl\":\"https:\/\/logdio.com\/wp-content\/uploads\/2021\/05\/Logdio.svg\",\"width\":4.44919,\"height\":1.1285,\"caption\":\"Logdio\"},\"image\":{\"@id\":\"https:\/\/logdio.com\/de\/#\/schema\/logo\/image\/\"},\"sameAs\":[\"https:\/\/www.facebook.com\/logtime.eu\/\",\"https:\/\/www.linkedin.com\/company\/logtime\"]}]}<\/script>\n<!-- \/ Yoast SEO plugin. -->","yoast_head_json":{"title":"Software f\u00fcr die Routenplanung von Kurieren - Logdio - delivery management tool","description":"Steigern Sie die Produktivit\u00e4t von Kurieren mit der Logdis Routenplanungssoftware. Eine Komplettl\u00f6sung f\u00fcr Lieferfirmen.","robots":{"index":"index","follow":"follow","max-snippet":"max-snippet:-1","max-image-preview":"max-image-preview:large","max-video-preview":"max-video-preview:-1"},"canonical":"https:\/\/logdio.com\/de\/software-fuer-die-routenplanung-von-kurieren\/","og_locale":"de_DE","og_type":"article","og_title":"Software f\u00fcr die Routenplanung von Kurieren - Logdio - delivery management tool","og_description":"Steigern Sie die Produktivit\u00e4t von Kurieren mit der Logdis Routenplanungssoftware. Eine Komplettl\u00f6sung f\u00fcr Lieferfirmen.","og_url":"https:\/\/logdio.com\/de\/software-fuer-die-routenplanung-von-kurieren\/","og_site_name":"Logdio - delivery management tool","article_publisher":"https:\/\/www.facebook.com\/logtime.eu\/","article_modified_time":"2021-09-13T14:12:51+00:00","twitter_card":"summary_large_image","twitter_misc":{"Gesch\u00e4tzte Lesezeit":"4\u00a0Minuten"},"schema":{"@context":"https:\/\/schema.org","@graph":[{"@type":"WebPage","@id":"https:\/\/logdio.com\/de\/software-fuer-die-routenplanung-von-kurieren\/","url":"https:\/\/logdio.com\/de\/software-fuer-die-routenplanung-von-kurieren\/","name":"Software f\u00fcr die Routenplanung von Kurieren - Logdio - delivery management tool","isPartOf":{"@id":"https:\/\/logdio.com\/de\/#website"},"datePublished":"2021-08-23T19:01:55+00:00","dateModified":"2021-09-13T14:12:51+00:00","description":"Steigern Sie die Produktivit\u00e4t von Kurieren mit der Logdis Routenplanungssoftware. Eine Komplettl\u00f6sung f\u00fcr Lieferfirmen.","breadcrumb":{"@id":"https:\/\/logdio.com\/de\/software-fuer-die-routenplanung-von-kurieren\/#breadcrumb"},"inLanguage":"de","potentialAction":[{"@type":"ReadAction","target":["https:\/\/logdio.com\/de\/software-fuer-die-routenplanung-von-kurieren\/"]}]},{"@type":"BreadcrumbList","@id":"https:\/\/logdio.com\/de\/software-fuer-die-routenplanung-von-kurieren\/#breadcrumb","itemListElement":[{"@type":"ListItem","position":1,"name":"Home","item":"https:\/\/logdio.com\/de\/landing-page\/"},{"@type":"ListItem","position":2,"name":"Software f\u00fcr die Routenplanung von Kurieren"}]},{"@type":"WebSite","@id":"https:\/\/logdio.com\/de\/#website","url":"https:\/\/logdio.com\/de\/","name":"Logdio - delivery management tool","description":"Next level delivery management software","publisher":{"@id":"https:\/\/logdio.com\/de\/#organization"},"potentialAction":[{"@type":"SearchAction","target":{"@type":"EntryPoint","urlTemplate":"https:\/\/logdio.com\/de\/?s={search_term_string}"},"query-input":{"@type":"PropertyValueSpecification","valueRequired":true,"valueName":"search_term_string"}}],"inLanguage":"de"},{"@type":"Organization","@id":"https:\/\/logdio.com\/de\/#organization","name":"Logdio","url":"https:\/\/logdio.com\/de\/","logo":{"@type":"ImageObject","inLanguage":"de","@id":"https:\/\/logdio.com\/de\/#\/schema\/logo\/image\/","url":"https:\/\/logdio.com\/wp-content\/uploads\/2021\/05\/Logdio.svg","contentUrl":"https:\/\/logdio.com\/wp-content\/uploads\/2021\/05\/Logdio.svg","width":4.44919,"height":1.1285,"caption":"Logdio"},"image":{"@id":"https:\/\/logdio.com\/de\/#\/schema\/logo\/image\/"},"sameAs":["https:\/\/www.facebook.com\/logtime.eu\/","https:\/\/www.linkedin.com\/company\/logtime"]}]}},"_links":{"self":[{"href":"https:\/\/logdio.com\/de\/wp-json\/wp\/v2\/pages\/7514","targetHints":{"allow":["GET"]}}],"collection":[{"href":"https:\/\/logdio.com\/de\/wp-json\/wp\/v2\/pages"}],"about":[{"href":"https:\/\/logdio.com\/de\/wp-json\/wp\/v2\/types\/page"}],"author":[{"embeddable":true,"href":"https:\/\/logdio.com\/de\/wp-json\/wp\/v2\/users\/1"}],"replies":[{"embeddable":true,"href":"https:\/\/logdio.com\/de\/wp-json\/wp\/v2\/comments?post=7514"}],"version-history":[{"count":3,"href":"https:\/\/logdio.com\/de\/wp-json\/wp\/v2\/pages\/7514\/revisions"}],"predecessor-version":[{"id":13858,"href":"https:\/\/logdio.com\/de\/wp-json\/wp\/v2\/pages\/7514\/revisions\/13858"}],"wp:attachment":[{"href":"https:\/\/logdio.com\/de\/wp-json\/wp\/v2\/media?parent=7514"}],"curies":[{"name":"wp","href":"https:\/\/api.w.org\/{rel}","templated":true}]}}