{"id":7493,"date":"2021-08-23T22:01:43","date_gmt":"2021-08-23T19:01:43","guid":{"rendered":"https:\/\/logdio.com\/routenplanungs-software\/"},"modified":"2021-09-13T17:12:32","modified_gmt":"2021-09-13T14:12:32","slug":"routenplanungs-software","status":"publish","type":"page","link":"https:\/\/logdio.com\/de\/routenplanungs-software\/","title":{"rendered":"Routenplanungs-Software"},"content":{"rendered":"\t\t<div data-elementor-type=\"wp-page\" data-elementor-id=\"7493\" class=\"elementor elementor-7493 elementor-1054\" data-elementor-post-type=\"page\">\n\t\t\t\t\t\t<section class=\"has_ma_el_bg_slider elementor-section elementor-top-section elementor-element elementor-element-aa63506 elementor-section-boxed elementor-section-height-default elementor-section-height-default jltma-glass-effect-no\" data-id=\"aa63506\" data-element_type=\"section\" data-e-type=\"section\" data-settings=\"{&quot;jet_parallax_layout_list&quot;:[{&quot;jet_parallax_layout_image&quot;:{&quot;url&quot;:&quot;&quot;,&quot;id&quot;:&quot;&quot;,&quot;size&quot;:&quot;&quot;},&quot;_id&quot;:&quot;7ffc1ed&quot;,&quot;jet_parallax_layout_image_tablet&quot;:{&quot;url&quot;:&quot;&quot;,&quot;id&quot;:&quot;&quot;,&quot;size&quot;:&quot;&quot;},&quot;jet_parallax_layout_image_mobile&quot;:{&quot;url&quot;:&quot;&quot;,&quot;id&quot;:&quot;&quot;,&quot;size&quot;:&quot;&quot;},&quot;jet_parallax_layout_speed&quot;:{&quot;unit&quot;:&quot;%&quot;,&quot;size&quot;:50,&quot;sizes&quot;:[]},&quot;jet_parallax_layout_type&quot;:&quot;scroll&quot;,&quot;jet_parallax_layout_direction&quot;:null,&quot;jet_parallax_layout_fx_direction&quot;:null,&quot;jet_parallax_layout_z_index&quot;:&quot;&quot;,&quot;jet_parallax_layout_bg_x&quot;:50,&quot;jet_parallax_layout_bg_x_tablet&quot;:&quot;&quot;,&quot;jet_parallax_layout_bg_x_mobile&quot;:&quot;&quot;,&quot;jet_parallax_layout_bg_y&quot;:50,&quot;jet_parallax_layout_bg_y_tablet&quot;:&quot;&quot;,&quot;jet_parallax_layout_bg_y_mobile&quot;:&quot;&quot;,&quot;jet_parallax_layout_bg_size&quot;:&quot;auto&quot;,&quot;jet_parallax_layout_bg_size_tablet&quot;:&quot;&quot;,&quot;jet_parallax_layout_bg_size_mobile&quot;:&quot;&quot;,&quot;jet_parallax_layout_animation_prop&quot;:&quot;transform&quot;,&quot;jet_parallax_layout_on&quot;:[&quot;desktop&quot;,&quot;tablet&quot;]}]}\">\n\t\t\t\t\t\t<div class=\"elementor-container elementor-column-gap-default\">\n\t\t\t\t\t<div class=\"has_ma_el_bg_slider elementor-column elementor-col-100 elementor-top-column elementor-element elementor-element-a5671ee jltma-glass-effect-no\" data-id=\"a5671ee\" data-element_type=\"column\" data-e-type=\"column\">\n\t\t\t<div class=\"elementor-widget-wrap elementor-element-populated\">\n\t\t\t\t\t\t<div class=\"elementor-element elementor-element-293514c jltma-glass-effect-no elementor-widget elementor-widget-heading\" data-id=\"293514c\" data-element_type=\"widget\" data-e-type=\"widget\" data-widget_type=\"heading.default\">\n\t\t\t\t<div class=\"elementor-widget-container\">\n\t\t\t\t\t<h1 class=\"elementor-heading-title elementor-size-default\">Routenplanungs-Software<\/h1>\t\t\t\t<\/div>\n\t\t\t\t<\/div>\n\t\t\t\t\t<\/div>\n\t\t<\/div>\n\t\t\t\t\t<\/div>\n\t\t<\/section>\n\t\t\t\t<section class=\"has_ma_el_bg_slider elementor-section elementor-top-section elementor-element elementor-element-8e5f6e9 elementor-section-boxed elementor-section-height-default elementor-section-height-default jltma-glass-effect-no\" data-id=\"8e5f6e9\" data-element_type=\"section\" data-e-type=\"section\" data-settings=\"{&quot;jet_parallax_layout_list&quot;:[{&quot;jet_parallax_layout_image&quot;:{&quot;url&quot;:&quot;&quot;,&quot;id&quot;:&quot;&quot;,&quot;size&quot;:&quot;&quot;},&quot;_id&quot;:&quot;80a7424&quot;,&quot;jet_parallax_layout_image_tablet&quot;:{&quot;url&quot;:&quot;&quot;,&quot;id&quot;:&quot;&quot;,&quot;size&quot;:&quot;&quot;},&quot;jet_parallax_layout_image_mobile&quot;:{&quot;url&quot;:&quot;&quot;,&quot;id&quot;:&quot;&quot;,&quot;size&quot;:&quot;&quot;},&quot;jet_parallax_layout_speed&quot;:{&quot;unit&quot;:&quot;%&quot;,&quot;size&quot;:50,&quot;sizes&quot;:[]},&quot;jet_parallax_layout_type&quot;:&quot;scroll&quot;,&quot;jet_parallax_layout_direction&quot;:null,&quot;jet_parallax_layout_fx_direction&quot;:null,&quot;jet_parallax_layout_z_index&quot;:&quot;&quot;,&quot;jet_parallax_layout_bg_x&quot;:50,&quot;jet_parallax_layout_bg_x_tablet&quot;:&quot;&quot;,&quot;jet_parallax_layout_bg_x_mobile&quot;:&quot;&quot;,&quot;jet_parallax_layout_bg_y&quot;:50,&quot;jet_parallax_layout_bg_y_tablet&quot;:&quot;&quot;,&quot;jet_parallax_layout_bg_y_mobile&quot;:&quot;&quot;,&quot;jet_parallax_layout_bg_size&quot;:&quot;auto&quot;,&quot;jet_parallax_layout_bg_size_tablet&quot;:&quot;&quot;,&quot;jet_parallax_layout_bg_size_mobile&quot;:&quot;&quot;,&quot;jet_parallax_layout_animation_prop&quot;:&quot;transform&quot;,&quot;jet_parallax_layout_on&quot;:[&quot;desktop&quot;,&quot;tablet&quot;]}]}\">\n\t\t\t\t\t\t<div class=\"elementor-container elementor-column-gap-default\">\n\t\t\t\t\t<div class=\"has_ma_el_bg_slider elementor-column elementor-col-100 elementor-top-column elementor-element elementor-element-d48a05b jltma-glass-effect-no\" data-id=\"d48a05b\" data-element_type=\"column\" data-e-type=\"column\">\n\t\t\t<div class=\"elementor-widget-wrap elementor-element-populated\">\n\t\t\t\t\t\t<div class=\"elementor-element elementor-element-0f9707f jltma-glass-effect-no elementor-widget elementor-widget-text-editor\" data-id=\"0f9707f\" data-element_type=\"widget\" data-e-type=\"widget\" data-widget_type=\"text-editor.default\">\n\t\t\t\t<div class=\"elementor-widget-container\">\n\t\t\t\t\t\t\t\t\t<p>Die Effizienz eines Transport- und Logistikunternehmens oder eines Firmenfuhrparks h\u00e4ngt direkt von der Qualit\u00e4t und Geschwindigkeit der L\u00f6sung von Transport- und Logistikproblemen ab. Es ist notwendig, sich auf das Routenmanagement zu konzentrieren, schnell Begleitdokumente zu erstellen, die Durchf\u00fchrung von Transportauftr\u00e4gen zu \u00fcberwachen und die Qualit\u00e4t der Arbeit der Transportabteilung zu analysieren.<\/p>\n<p>Die L\u00f6sung dieser Aufgaben im manuellen Modus erfordert einen beeindruckenden Stab von Logistikern und Disponenten. Gleichzeitig sind Fehler bei der Arbeit nicht ausgeschlossen. Eine falsch angelegte Route oder falsch ausgef\u00fcllte Dokumente k\u00f6nnen zu Leerlauf oder Transportstillstand, Verz\u00f6gerungen bei den Lieferzeiten und Kundenbeschwerden f\u00fchren. Eine effektive M\u00f6glichkeit, solche Schwierigkeiten zu beseitigen, ist der Einsatz von Routenplanungssoftware f\u00fcr die automatisierte Routenplanung und \u00dcberwachung des Lieferprozesses. Eine Software zur Routenoptimierung hilft Ihnen, Zeit zu sparen und fehlerfreie Lieferungen zu gew\u00e4hrleisten.  <\/p>\n<\/p>\n<h2><strong>Was bedeutet Routenoptimierung?<\/strong><\/h2>\n<p>Eine Routenmanagement-Software ist ein System, mit dem man die Auslieferung planen und effektiv Routen f\u00fcr den eigenen oder gemieteten Transport erstellen kann. Dabei werden mehrere Bedingungen ber\u00fccksichtigt, z. B. die optimale Auslastung der Fahrzeugflotte und die rechtzeitige Lieferung der Waren an die Kunden. Gleichzeitig erm\u00f6glicht die Software die \u00dcberwachung der Arbeit von Fahrern, Disponenten und Spediteuren.<\/p>\n<p>Nach der Installation einer Routenplanungssoftware wird der Betrieb der Fahrzeugflotte rationell und die Kosten werden minimal sein. Und das ist nicht der einzige Vorteil einer Software zur Optimierung von Arbeitspl\u00e4nen. Einige weitere Vorteile sind:<\/p>\n<ul>\n<li>Skrupellose Fahrer werden im Falle eines Betrugs ermittelt;<\/li>\n<li>die Nutzung des Fahrzeugs f\u00fcr pers\u00f6nliche Zwecke wird verhindert;<\/li>\n<li>Die Verkehrssicherheit wird erh\u00f6ht;<\/li>\n<li>Die Kraftstoffkosten werden durch das Fehlen von Abfl\u00fcssen um das Dreifache gesenkt;<\/li>\n<li>die Zahl der Ausfallzeiten beim Transport wird verringert.<\/li>\n<\/ul>\n<h2><strong>Wie funktioniert die Routenoptimierung?<\/strong><\/h2>\n<p>Die Routenmanagement-Software optimiert die Routen mithilfe der Satelliten\u00fcberwachung. Dieses GLONASS\/GPS-basierte Tool eignet sich f\u00fcr die Arbeit in gro\u00dfen Flotten, Logistik- oder Speditionsunternehmen. Mit Hilfe einer Software, die auf einem PC, einem Tablet oder einem mobilen Ger\u00e4t installiert ist, erh\u00e4lt der Nutzer Zugang zu Informationen \u00fcber das Fahrzeug. Das Programm erstellt Berichte \u00fcber die \u00fcberwachten Parameter des Fahrzeugs, die in verschiedenen Formaten gespeichert werden und dann zur Analyse und Optimierung des Betriebs der Fahrzeugflotte verwendet werden.  <\/p>\n<\/p>\n<h2><strong>Welche Software ist f\u00fcr die Routenoptimierung zu verwenden?<\/strong><\/h2>\n<p>Sie denken vielleicht, dass Routenplanungssoftware wie Google Maps funktioniert, aber das ist nicht wahr. Diese App bietet einfach eine Wegbeschreibung von Punkt 1&#8243; zu Punkt 2&#8243;. Es ist kompliziert, Routen mit mehreren Haltestellen festzulegen. Die Nutzer m\u00fcssen die Adressen manuell eingeben, was zeitaufw\u00e4ndig und fehleranf\u00e4llig ist.<\/p>\n<p>Die niedrigen Anfangskosten sind verlockend, aber auf lange Sicht wird es Sie Geld kosten. Navigationsanwendungen sind also keine ideale L\u00f6sung. Sie sollten eine Software zur Routenoptimierung verwenden, die speziell f\u00fcr diesen Zweck entwickelt wurde.  <\/p>\n<\/p>\n<h2><strong>Warum Logdio w\u00e4hlen?<\/strong><\/h2>\n<p>Logdio ist eine Lieferplanungssoftware, die f\u00fcr Unternehmen mit einer gro\u00dfen Anzahl von Auftr\u00e4gen, Fahrzeugen sowie mit komplexen Anforderungen an den Lieferprozess entwickelt wurde.<\/p>\n<p>Es verteilt die Antr\u00e4ge schnell und automatisch zwischen den Ausf\u00fchrenden und ber\u00fccksichtigt dabei die Anforderungen f\u00fcr jede Sendung. Die Software f\u00fchrt selbstst\u00e4ndig die Transportplanung durch und erleichtert so die Arbeit des Personals. Ihre Logistiker sind jetzt vielseitig einsetzbar: Sie k\u00f6nnen an bisher unbekannten Orten und somit in mehreren Vertriebszentren arbeiten. Dank einer mobilen Anwendung mit Navigationsfunktion sind die Fahrer austauschbar, da sie das Liefergebiet nicht perfekt kennen m\u00fcssen.<\/p>\n<\/p>\n<p> <a href=\"https:\/\/logdio.com\/de\/\">W\u00e4hlen Sie uns<\/a> also f\u00fcr die Fahrzeug\u00fcberwachung und das Routenmanagement. Wir w\u00fcrden Ihnen gerne einen hochwertigen Service bieten.<\/p>\n<\/p><\/p>\n\t\t\t\t\t\t\t\t<\/div>\n\t\t\t\t<\/div>\n\t\t\t\t\t<\/div>\n\t\t<\/div>\n\t\t\t\t\t<\/div>\n\t\t<\/section>\n\t\t\t\t<\/div>\n\t\t","protected":false},"excerpt":{"rendered":"<p>Die Effizienz eines Transport- und Logistikunternehmens oder eines Firmenfuhrparks h\u00e4ngt direkt von der Qualit\u00e4t und Geschwindigkeit der L\u00f6sung von Transport- und Logistikproblemen ab. Es ist notwendig, sich auf das Routenmanagement zu konzentrieren, schnell Begleitdokumente zu erstellen, die Durchf\u00fchrung von Transportauftr\u00e4gen zu \u00fcberwachen und die Qualit\u00e4t der Arbeit der Transportabteilung zu analysieren. Die L\u00f6sung dieser Aufgaben [&hellip;]<\/p>\n","protected":false},"author":1,"featured_media":0,"parent":0,"menu_order":0,"comment_status":"closed","ping_status":"closed","template":"elementor_header_footer","meta":{"footnotes":""},"class_list":["post-7493","page","type-page","status-publish","hentry"],"yoast_head":"<!-- This site is optimized with the Yoast SEO plugin v26.8 - https:\/\/yoast.com\/product\/yoast-seo-wordpress\/ -->\n<title>Routenplanungs-Software - Logdio - delivery management tool<\/title>\n<meta name=\"description\" content=\"Die Erstellung von Routen mit Hilfe von Tabellenkalkulationen, Whiteboards und Google Maps entf\u00e4llt. Erstellen und optimieren Sie m\u00fchelos alle Routen f\u00fcr den Tag.\" \/>\n<meta name=\"robots\" content=\"index, follow, max-snippet:-1, max-image-preview:large, max-video-preview:-1\" \/>\n<link rel=\"canonical\" href=\"https:\/\/logdio.com\/de\/routenplanungs-software\/\" \/>\n<meta property=\"og:locale\" content=\"de_DE\" \/>\n<meta property=\"og:type\" content=\"article\" \/>\n<meta property=\"og:title\" content=\"Routenplanungs-Software - Logdio - delivery management tool\" \/>\n<meta property=\"og:description\" content=\"Die Erstellung von Routen mit Hilfe von Tabellenkalkulationen, Whiteboards und Google Maps entf\u00e4llt. Erstellen und optimieren Sie m\u00fchelos alle Routen f\u00fcr den Tag.\" \/>\n<meta property=\"og:url\" content=\"https:\/\/logdio.com\/de\/routenplanungs-software\/\" \/>\n<meta property=\"og:site_name\" content=\"Logdio - delivery management tool\" \/>\n<meta property=\"article:publisher\" content=\"https:\/\/www.facebook.com\/logtime.eu\/\" \/>\n<meta property=\"article:modified_time\" content=\"2021-09-13T14:12:32+00:00\" \/>\n<meta name=\"twitter:card\" content=\"summary_large_image\" \/>\n<meta name=\"twitter:label1\" content=\"Gesch\u00e4tzte Lesezeit\" \/>\n\t<meta name=\"twitter:data1\" content=\"3\u00a0Minuten\" \/>\n<script type=\"application\/ld+json\" class=\"yoast-schema-graph\">{\"@context\":\"https:\/\/schema.org\",\"@graph\":[{\"@type\":\"WebPage\",\"@id\":\"https:\/\/logdio.com\/de\/routenplanungs-software\/\",\"url\":\"https:\/\/logdio.com\/de\/routenplanungs-software\/\",\"name\":\"Routenplanungs-Software - Logdio - delivery management tool\",\"isPartOf\":{\"@id\":\"https:\/\/logdio.com\/de\/#website\"},\"datePublished\":\"2021-08-23T19:01:43+00:00\",\"dateModified\":\"2021-09-13T14:12:32+00:00\",\"description\":\"Die Erstellung von Routen mit Hilfe von Tabellenkalkulationen, Whiteboards und Google Maps entf\u00e4llt. Erstellen und optimieren Sie m\u00fchelos alle Routen f\u00fcr den Tag.\",\"breadcrumb\":{\"@id\":\"https:\/\/logdio.com\/de\/routenplanungs-software\/#breadcrumb\"},\"inLanguage\":\"de\",\"potentialAction\":[{\"@type\":\"ReadAction\",\"target\":[\"https:\/\/logdio.com\/de\/routenplanungs-software\/\"]}]},{\"@type\":\"BreadcrumbList\",\"@id\":\"https:\/\/logdio.com\/de\/routenplanungs-software\/#breadcrumb\",\"itemListElement\":[{\"@type\":\"ListItem\",\"position\":1,\"name\":\"Home\",\"item\":\"https:\/\/logdio.com\/de\/landing-page\/\"},{\"@type\":\"ListItem\",\"position\":2,\"name\":\"Routenplanungs-Software\"}]},{\"@type\":\"WebSite\",\"@id\":\"https:\/\/logdio.com\/de\/#website\",\"url\":\"https:\/\/logdio.com\/de\/\",\"name\":\"Logdio - delivery management tool\",\"description\":\"Next level delivery management software\",\"publisher\":{\"@id\":\"https:\/\/logdio.com\/de\/#organization\"},\"potentialAction\":[{\"@type\":\"SearchAction\",\"target\":{\"@type\":\"EntryPoint\",\"urlTemplate\":\"https:\/\/logdio.com\/de\/?s={search_term_string}\"},\"query-input\":{\"@type\":\"PropertyValueSpecification\",\"valueRequired\":true,\"valueName\":\"search_term_string\"}}],\"inLanguage\":\"de\"},{\"@type\":\"Organization\",\"@id\":\"https:\/\/logdio.com\/de\/#organization\",\"name\":\"Logdio\",\"url\":\"https:\/\/logdio.com\/de\/\",\"logo\":{\"@type\":\"ImageObject\",\"inLanguage\":\"de\",\"@id\":\"https:\/\/logdio.com\/de\/#\/schema\/logo\/image\/\",\"url\":\"https:\/\/logdio.com\/wp-content\/uploads\/2021\/05\/Logdio.svg\",\"contentUrl\":\"https:\/\/logdio.com\/wp-content\/uploads\/2021\/05\/Logdio.svg\",\"width\":4.44919,\"height\":1.1285,\"caption\":\"Logdio\"},\"image\":{\"@id\":\"https:\/\/logdio.com\/de\/#\/schema\/logo\/image\/\"},\"sameAs\":[\"https:\/\/www.facebook.com\/logtime.eu\/\",\"https:\/\/www.linkedin.com\/company\/logtime\"]}]}<\/script>\n<!-- \/ Yoast SEO plugin. -->","yoast_head_json":{"title":"Routenplanungs-Software - Logdio - delivery management tool","description":"Die Erstellung von Routen mit Hilfe von Tabellenkalkulationen, Whiteboards und Google Maps entf\u00e4llt. Erstellen und optimieren Sie m\u00fchelos alle Routen f\u00fcr den Tag.","robots":{"index":"index","follow":"follow","max-snippet":"max-snippet:-1","max-image-preview":"max-image-preview:large","max-video-preview":"max-video-preview:-1"},"canonical":"https:\/\/logdio.com\/de\/routenplanungs-software\/","og_locale":"de_DE","og_type":"article","og_title":"Routenplanungs-Software - Logdio - delivery management tool","og_description":"Die Erstellung von Routen mit Hilfe von Tabellenkalkulationen, Whiteboards und Google Maps entf\u00e4llt. Erstellen und optimieren Sie m\u00fchelos alle Routen f\u00fcr den Tag.","og_url":"https:\/\/logdio.com\/de\/routenplanungs-software\/","og_site_name":"Logdio - delivery management tool","article_publisher":"https:\/\/www.facebook.com\/logtime.eu\/","article_modified_time":"2021-09-13T14:12:32+00:00","twitter_card":"summary_large_image","twitter_misc":{"Gesch\u00e4tzte Lesezeit":"3\u00a0Minuten"},"schema":{"@context":"https:\/\/schema.org","@graph":[{"@type":"WebPage","@id":"https:\/\/logdio.com\/de\/routenplanungs-software\/","url":"https:\/\/logdio.com\/de\/routenplanungs-software\/","name":"Routenplanungs-Software - Logdio - delivery management tool","isPartOf":{"@id":"https:\/\/logdio.com\/de\/#website"},"datePublished":"2021-08-23T19:01:43+00:00","dateModified":"2021-09-13T14:12:32+00:00","description":"Die Erstellung von Routen mit Hilfe von Tabellenkalkulationen, Whiteboards und Google Maps entf\u00e4llt. Erstellen und optimieren Sie m\u00fchelos alle Routen f\u00fcr den Tag.","breadcrumb":{"@id":"https:\/\/logdio.com\/de\/routenplanungs-software\/#breadcrumb"},"inLanguage":"de","potentialAction":[{"@type":"ReadAction","target":["https:\/\/logdio.com\/de\/routenplanungs-software\/"]}]},{"@type":"BreadcrumbList","@id":"https:\/\/logdio.com\/de\/routenplanungs-software\/#breadcrumb","itemListElement":[{"@type":"ListItem","position":1,"name":"Home","item":"https:\/\/logdio.com\/de\/landing-page\/"},{"@type":"ListItem","position":2,"name":"Routenplanungs-Software"}]},{"@type":"WebSite","@id":"https:\/\/logdio.com\/de\/#website","url":"https:\/\/logdio.com\/de\/","name":"Logdio - delivery management tool","description":"Next level delivery management software","publisher":{"@id":"https:\/\/logdio.com\/de\/#organization"},"potentialAction":[{"@type":"SearchAction","target":{"@type":"EntryPoint","urlTemplate":"https:\/\/logdio.com\/de\/?s={search_term_string}"},"query-input":{"@type":"PropertyValueSpecification","valueRequired":true,"valueName":"search_term_string"}}],"inLanguage":"de"},{"@type":"Organization","@id":"https:\/\/logdio.com\/de\/#organization","name":"Logdio","url":"https:\/\/logdio.com\/de\/","logo":{"@type":"ImageObject","inLanguage":"de","@id":"https:\/\/logdio.com\/de\/#\/schema\/logo\/image\/","url":"https:\/\/logdio.com\/wp-content\/uploads\/2021\/05\/Logdio.svg","contentUrl":"https:\/\/logdio.com\/wp-content\/uploads\/2021\/05\/Logdio.svg","width":4.44919,"height":1.1285,"caption":"Logdio"},"image":{"@id":"https:\/\/logdio.com\/de\/#\/schema\/logo\/image\/"},"sameAs":["https:\/\/www.facebook.com\/logtime.eu\/","https:\/\/www.linkedin.com\/company\/logtime"]}]}},"_links":{"self":[{"href":"https:\/\/logdio.com\/de\/wp-json\/wp\/v2\/pages\/7493","targetHints":{"allow":["GET"]}}],"collection":[{"href":"https:\/\/logdio.com\/de\/wp-json\/wp\/v2\/pages"}],"about":[{"href":"https:\/\/logdio.com\/de\/wp-json\/wp\/v2\/types\/page"}],"author":[{"embeddable":true,"href":"https:\/\/logdio.com\/de\/wp-json\/wp\/v2\/users\/1"}],"replies":[{"embeddable":true,"href":"https:\/\/logdio.com\/de\/wp-json\/wp\/v2\/comments?post=7493"}],"version-history":[{"count":2,"href":"https:\/\/logdio.com\/de\/wp-json\/wp\/v2\/pages\/7493\/revisions"}],"predecessor-version":[{"id":11603,"href":"https:\/\/logdio.com\/de\/wp-json\/wp\/v2\/pages\/7493\/revisions\/11603"}],"wp:attachment":[{"href":"https:\/\/logdio.com\/de\/wp-json\/wp\/v2\/media?parent=7493"}],"curies":[{"name":"wp","href":"https:\/\/api.w.org\/{rel}","templated":true}]}}