{"id":7488,"date":"2021-08-23T22:01:41","date_gmt":"2021-08-23T19:01:41","guid":{"rendered":"https:\/\/logdio.com\/umzugs-software\/"},"modified":"2021-09-13T17:11:54","modified_gmt":"2021-09-13T14:11:54","slug":"umzugs-software","status":"publish","type":"page","link":"https:\/\/logdio.com\/de\/umzugs-software\/","title":{"rendered":"Umzugs-Software"},"content":{"rendered":"\t\t<div data-elementor-type=\"wp-page\" data-elementor-id=\"7488\" class=\"elementor elementor-7488 elementor-1057\" data-elementor-post-type=\"page\">\n\t\t\t\t\t\t<section class=\"has_ma_el_bg_slider elementor-section elementor-top-section elementor-element elementor-element-4c6dc8e elementor-section-boxed elementor-section-height-default elementor-section-height-default jltma-glass-effect-no\" data-id=\"4c6dc8e\" data-element_type=\"section\" data-e-type=\"section\" data-settings=\"{&quot;jet_parallax_layout_list&quot;:[{&quot;jet_parallax_layout_image&quot;:{&quot;url&quot;:&quot;&quot;,&quot;id&quot;:&quot;&quot;,&quot;size&quot;:&quot;&quot;},&quot;_id&quot;:&quot;0cca513&quot;,&quot;jet_parallax_layout_image_tablet&quot;:{&quot;url&quot;:&quot;&quot;,&quot;id&quot;:&quot;&quot;,&quot;size&quot;:&quot;&quot;},&quot;jet_parallax_layout_image_mobile&quot;:{&quot;url&quot;:&quot;&quot;,&quot;id&quot;:&quot;&quot;,&quot;size&quot;:&quot;&quot;},&quot;jet_parallax_layout_speed&quot;:{&quot;unit&quot;:&quot;%&quot;,&quot;size&quot;:50,&quot;sizes&quot;:[]},&quot;jet_parallax_layout_type&quot;:&quot;scroll&quot;,&quot;jet_parallax_layout_direction&quot;:null,&quot;jet_parallax_layout_fx_direction&quot;:null,&quot;jet_parallax_layout_z_index&quot;:&quot;&quot;,&quot;jet_parallax_layout_bg_x&quot;:50,&quot;jet_parallax_layout_bg_x_tablet&quot;:&quot;&quot;,&quot;jet_parallax_layout_bg_x_mobile&quot;:&quot;&quot;,&quot;jet_parallax_layout_bg_y&quot;:50,&quot;jet_parallax_layout_bg_y_tablet&quot;:&quot;&quot;,&quot;jet_parallax_layout_bg_y_mobile&quot;:&quot;&quot;,&quot;jet_parallax_layout_bg_size&quot;:&quot;auto&quot;,&quot;jet_parallax_layout_bg_size_tablet&quot;:&quot;&quot;,&quot;jet_parallax_layout_bg_size_mobile&quot;:&quot;&quot;,&quot;jet_parallax_layout_animation_prop&quot;:&quot;transform&quot;,&quot;jet_parallax_layout_on&quot;:[&quot;desktop&quot;,&quot;tablet&quot;]}]}\">\n\t\t\t\t\t\t<div class=\"elementor-container elementor-column-gap-default\">\n\t\t\t\t\t<div class=\"has_ma_el_bg_slider elementor-column elementor-col-100 elementor-top-column elementor-element elementor-element-d0dcb32 jltma-glass-effect-no\" data-id=\"d0dcb32\" data-element_type=\"column\" data-e-type=\"column\">\n\t\t\t<div class=\"elementor-widget-wrap elementor-element-populated\">\n\t\t\t\t\t\t<div class=\"elementor-element elementor-element-39d830a jltma-glass-effect-no elementor-widget elementor-widget-heading\" data-id=\"39d830a\" data-element_type=\"widget\" data-e-type=\"widget\" data-widget_type=\"heading.default\">\n\t\t\t\t<div class=\"elementor-widget-container\">\n\t\t\t\t\t<h1 class=\"elementor-heading-title elementor-size-default\">Umzugs-Software<\/h1>\t\t\t\t<\/div>\n\t\t\t\t<\/div>\n\t\t\t\t\t<\/div>\n\t\t<\/div>\n\t\t\t\t\t<\/div>\n\t\t<\/section>\n\t\t\t\t<section class=\"has_ma_el_bg_slider elementor-section elementor-top-section elementor-element elementor-element-dbf48eb elementor-section-boxed elementor-section-height-default elementor-section-height-default jltma-glass-effect-no\" data-id=\"dbf48eb\" data-element_type=\"section\" data-e-type=\"section\" data-settings=\"{&quot;jet_parallax_layout_list&quot;:[{&quot;jet_parallax_layout_image&quot;:{&quot;url&quot;:&quot;&quot;,&quot;id&quot;:&quot;&quot;,&quot;size&quot;:&quot;&quot;},&quot;_id&quot;:&quot;d626da6&quot;,&quot;jet_parallax_layout_image_tablet&quot;:{&quot;url&quot;:&quot;&quot;,&quot;id&quot;:&quot;&quot;,&quot;size&quot;:&quot;&quot;},&quot;jet_parallax_layout_image_mobile&quot;:{&quot;url&quot;:&quot;&quot;,&quot;id&quot;:&quot;&quot;,&quot;size&quot;:&quot;&quot;},&quot;jet_parallax_layout_speed&quot;:{&quot;unit&quot;:&quot;%&quot;,&quot;size&quot;:50,&quot;sizes&quot;:[]},&quot;jet_parallax_layout_type&quot;:&quot;scroll&quot;,&quot;jet_parallax_layout_direction&quot;:null,&quot;jet_parallax_layout_fx_direction&quot;:null,&quot;jet_parallax_layout_z_index&quot;:&quot;&quot;,&quot;jet_parallax_layout_bg_x&quot;:50,&quot;jet_parallax_layout_bg_x_tablet&quot;:&quot;&quot;,&quot;jet_parallax_layout_bg_x_mobile&quot;:&quot;&quot;,&quot;jet_parallax_layout_bg_y&quot;:50,&quot;jet_parallax_layout_bg_y_tablet&quot;:&quot;&quot;,&quot;jet_parallax_layout_bg_y_mobile&quot;:&quot;&quot;,&quot;jet_parallax_layout_bg_size&quot;:&quot;auto&quot;,&quot;jet_parallax_layout_bg_size_tablet&quot;:&quot;&quot;,&quot;jet_parallax_layout_bg_size_mobile&quot;:&quot;&quot;,&quot;jet_parallax_layout_animation_prop&quot;:&quot;transform&quot;,&quot;jet_parallax_layout_on&quot;:[&quot;desktop&quot;,&quot;tablet&quot;]}]}\">\n\t\t\t\t\t\t<div class=\"elementor-container elementor-column-gap-default\">\n\t\t\t\t\t<div class=\"has_ma_el_bg_slider elementor-column elementor-col-100 elementor-top-column elementor-element elementor-element-07ff841 jltma-glass-effect-no\" data-id=\"07ff841\" data-element_type=\"column\" data-e-type=\"column\">\n\t\t\t<div class=\"elementor-widget-wrap elementor-element-populated\">\n\t\t\t\t\t\t<div class=\"elementor-element elementor-element-6003307 jltma-glass-effect-no elementor-widget elementor-widget-text-editor\" data-id=\"6003307\" data-element_type=\"widget\" data-e-type=\"widget\" data-widget_type=\"text-editor.default\">\n\t\t\t\t<div class=\"elementor-widget-container\">\n\t\t\t\t\t\t\t\t\t<p>Ein Umzug ist nie eine sch\u00f6ne Erfahrung, egal wie interessant man ihn zu gestalten versucht. Es ist wirklich unangenehm, alles zusammenzupacken und zu transportieren. Aber f\u00fcr ein Umzugsunternehmen ist das keine stressige Erfahrung, sondern ein ganz normaler Arbeitstag. Das Umzugsunternehmen braucht also eine Umzugssoftware, die seine Effizienz steigert.  <\/p>\n<\/p>\n<h2><strong>Was ist eine Umzugssoftware?<\/strong><\/h2>\n<p>Die Software f\u00fcr Umzugsunternehmen ist das Werkzeug, das Ihr Umzugsunternehmen braucht. Unabh\u00e4ngig davon, ob Sie ein einzelnes Unternehmen betreiben oder Franchiseunternehmen im ganzen Land haben, kann Umzugssoftware Ihre Verk\u00e4ufe, Ihr Marketing, Ihren Betrieb und Ihre Gewinne maximieren.<\/p>\n<p>Dar\u00fcber hinaus hilft Ihnen intelligente Umzugssoftware dabei, Ihre Abl\u00e4ufe zu optimieren, mehr Gewinne zu erzielen, die Verantwortlichkeit zu erh\u00f6hen, die Servicequalit\u00e4t zu verbessern und das volle Gewinnpotenzial auszusch\u00f6pfen.<\/p>\n<p>Diese Software kann die folgenden Funktionen ausf\u00fchren:<\/p>\n<ul>\n<li>Verwaltung von Arbeitsauftr\u00e4gen<\/li>\n<li>Planung von Terminen<\/li>\n<li>Verwaltung der Kontakte<\/li>\n<li>Verbindlichkeiten und Forderungen aus Lieferungen und Leistungen  <\/li>\n<li>Arbeitsmaterialien und Kalkulator<\/li>\n<\/ul>\n<p>Diese F\u00e4higkeiten k\u00f6nnen die Unternehmen vom Beginn bis zum Abschluss des Auftrags unterst\u00fctzen. Die Umzugssoftware umfasst auch Marketingfunktionen, die Ihnen helfen, Beziehungen zu Ihren Kunden aufzubauen.  <\/p>\n<\/p>\n<h2><strong>Welche Umzugssoftware ist zu verwenden?<\/strong> <\/h2>\n<p>Die Umzugs-Software erh\u00f6ht die F\u00e4higkeit des Unternehmens, seinen Kunden angenehme Erlebnisse zu bieten, erheblich. Aber es gibt eine Vielzahl von Software f\u00fcr Umzugsunternehmen auf dem Markt. Die Wahl der besten Option kann eine schwierige Aufgabe sein.  <\/p>\n<p>Hier empfehlen wir Ihnen, Lodgio auszuprobieren. Egal, ob Sie gerade erst anfangen oder bereits ein erfahrener Gesch\u00e4ftsinhaber sind, Logdio bietet Ihnen die Ressourcen und die Unterst\u00fctzung von Experten, um Ihren Erfolg zu sichern.<\/p>\n<p>CRM f\u00fcr Umzugsunternehmen erm\u00f6glicht es Ihnen, alle Aufgaben wie Disposition, GPS-Verfolgung und Abschluss von Umz\u00fcgen \u00fcber ein mobiles Ger\u00e4t zu erledigen. Sie k\u00f6nnen auch eine 14-t\u00e4gige kostenlose Testversion ausprobieren und sich von den Ergebnissen \u00fcberzeugen.  <\/p>\n<p>Wenn Sie Fragen zur Umzugssoftware haben, k\u00f6nnen Sie sich gerne an uns wenden.  <\/p><\/p>\n\t\t\t\t\t\t\t\t<\/div>\n\t\t\t\t<\/div>\n\t\t\t\t\t<\/div>\n\t\t<\/div>\n\t\t\t\t\t<\/div>\n\t\t<\/section>\n\t\t\t\t<\/div>\n\t\t","protected":false},"excerpt":{"rendered":"<p>Ein Umzug ist nie eine sch\u00f6ne Erfahrung, egal wie interessant man ihn zu gestalten versucht. Es ist wirklich unangenehm, alles zusammenzupacken und zu transportieren. Aber f\u00fcr ein Umzugsunternehmen ist das keine stressige Erfahrung, sondern ein ganz normaler Arbeitstag. Das Umzugsunternehmen braucht also eine Umzugssoftware, die seine Effizienz steigert. Was ist eine Umzugssoftware? Die Software f\u00fcr [&hellip;]<\/p>\n","protected":false},"author":1,"featured_media":0,"parent":0,"menu_order":0,"comment_status":"closed","ping_status":"closed","template":"elementor_header_footer","meta":{"footnotes":""},"class_list":["post-7488","page","type-page","status-publish","hentry"],"yoast_head":"<!-- This site is optimized with the Yoast SEO plugin v26.8 - https:\/\/yoast.com\/product\/yoast-seo-wordpress\/ -->\n<title>Umzugs-Software - Logdio - delivery management tool<\/title>\n<meta name=\"description\" content=\"Die Kapazit\u00e4tsplanung ist ein Prozess, bei dem ermittelt wird, ob Sie \u00fcber die erforderlichen F\u00e4higkeiten und Materialien verf\u00fcgen, um die Arbeit zu erledigen.\" \/>\n<meta name=\"robots\" content=\"index, follow, max-snippet:-1, max-image-preview:large, max-video-preview:-1\" \/>\n<link rel=\"canonical\" href=\"https:\/\/logdio.com\/de\/umzugs-software\/\" \/>\n<meta property=\"og:locale\" content=\"de_DE\" \/>\n<meta property=\"og:type\" content=\"article\" \/>\n<meta property=\"og:title\" content=\"Umzugs-Software - Logdio - delivery management tool\" \/>\n<meta property=\"og:description\" content=\"Die Kapazit\u00e4tsplanung ist ein Prozess, bei dem ermittelt wird, ob Sie \u00fcber die erforderlichen F\u00e4higkeiten und Materialien verf\u00fcgen, um die Arbeit zu erledigen.\" \/>\n<meta property=\"og:url\" content=\"https:\/\/logdio.com\/de\/umzugs-software\/\" \/>\n<meta property=\"og:site_name\" content=\"Logdio - delivery management tool\" \/>\n<meta property=\"article:publisher\" content=\"https:\/\/www.facebook.com\/logtime.eu\/\" \/>\n<meta property=\"article:modified_time\" content=\"2021-09-13T14:11:54+00:00\" \/>\n<meta name=\"twitter:card\" content=\"summary_large_image\" \/>\n<meta name=\"twitter:label1\" content=\"Gesch\u00e4tzte Lesezeit\" \/>\n\t<meta name=\"twitter:data1\" content=\"2\u00a0Minuten\" \/>\n<script type=\"application\/ld+json\" class=\"yoast-schema-graph\">{\"@context\":\"https:\/\/schema.org\",\"@graph\":[{\"@type\":\"WebPage\",\"@id\":\"https:\/\/logdio.com\/de\/umzugs-software\/\",\"url\":\"https:\/\/logdio.com\/de\/umzugs-software\/\",\"name\":\"Umzugs-Software - Logdio - delivery management tool\",\"isPartOf\":{\"@id\":\"https:\/\/logdio.com\/de\/#website\"},\"datePublished\":\"2021-08-23T19:01:41+00:00\",\"dateModified\":\"2021-09-13T14:11:54+00:00\",\"description\":\"Die Kapazit\u00e4tsplanung ist ein Prozess, bei dem ermittelt wird, ob Sie \u00fcber die erforderlichen F\u00e4higkeiten und Materialien verf\u00fcgen, um die Arbeit zu erledigen.\",\"breadcrumb\":{\"@id\":\"https:\/\/logdio.com\/de\/umzugs-software\/#breadcrumb\"},\"inLanguage\":\"de\",\"potentialAction\":[{\"@type\":\"ReadAction\",\"target\":[\"https:\/\/logdio.com\/de\/umzugs-software\/\"]}]},{\"@type\":\"BreadcrumbList\",\"@id\":\"https:\/\/logdio.com\/de\/umzugs-software\/#breadcrumb\",\"itemListElement\":[{\"@type\":\"ListItem\",\"position\":1,\"name\":\"Home\",\"item\":\"https:\/\/logdio.com\/de\/landing-page\/\"},{\"@type\":\"ListItem\",\"position\":2,\"name\":\"Umzugs-Software\"}]},{\"@type\":\"WebSite\",\"@id\":\"https:\/\/logdio.com\/de\/#website\",\"url\":\"https:\/\/logdio.com\/de\/\",\"name\":\"Logdio - delivery management tool\",\"description\":\"Next level delivery management software\",\"publisher\":{\"@id\":\"https:\/\/logdio.com\/de\/#organization\"},\"potentialAction\":[{\"@type\":\"SearchAction\",\"target\":{\"@type\":\"EntryPoint\",\"urlTemplate\":\"https:\/\/logdio.com\/de\/?s={search_term_string}\"},\"query-input\":{\"@type\":\"PropertyValueSpecification\",\"valueRequired\":true,\"valueName\":\"search_term_string\"}}],\"inLanguage\":\"de\"},{\"@type\":\"Organization\",\"@id\":\"https:\/\/logdio.com\/de\/#organization\",\"name\":\"Logdio\",\"url\":\"https:\/\/logdio.com\/de\/\",\"logo\":{\"@type\":\"ImageObject\",\"inLanguage\":\"de\",\"@id\":\"https:\/\/logdio.com\/de\/#\/schema\/logo\/image\/\",\"url\":\"https:\/\/logdio.com\/wp-content\/uploads\/2021\/05\/Logdio.svg\",\"contentUrl\":\"https:\/\/logdio.com\/wp-content\/uploads\/2021\/05\/Logdio.svg\",\"width\":4.44919,\"height\":1.1285,\"caption\":\"Logdio\"},\"image\":{\"@id\":\"https:\/\/logdio.com\/de\/#\/schema\/logo\/image\/\"},\"sameAs\":[\"https:\/\/www.facebook.com\/logtime.eu\/\",\"https:\/\/www.linkedin.com\/company\/logtime\"]}]}<\/script>\n<!-- \/ Yoast SEO plugin. -->","yoast_head_json":{"title":"Umzugs-Software - Logdio - delivery management tool","description":"Die Kapazit\u00e4tsplanung ist ein Prozess, bei dem ermittelt wird, ob Sie \u00fcber die erforderlichen F\u00e4higkeiten und Materialien verf\u00fcgen, um die Arbeit zu erledigen.","robots":{"index":"index","follow":"follow","max-snippet":"max-snippet:-1","max-image-preview":"max-image-preview:large","max-video-preview":"max-video-preview:-1"},"canonical":"https:\/\/logdio.com\/de\/umzugs-software\/","og_locale":"de_DE","og_type":"article","og_title":"Umzugs-Software - Logdio - delivery management tool","og_description":"Die Kapazit\u00e4tsplanung ist ein Prozess, bei dem ermittelt wird, ob Sie \u00fcber die erforderlichen F\u00e4higkeiten und Materialien verf\u00fcgen, um die Arbeit zu erledigen.","og_url":"https:\/\/logdio.com\/de\/umzugs-software\/","og_site_name":"Logdio - delivery management tool","article_publisher":"https:\/\/www.facebook.com\/logtime.eu\/","article_modified_time":"2021-09-13T14:11:54+00:00","twitter_card":"summary_large_image","twitter_misc":{"Gesch\u00e4tzte Lesezeit":"2\u00a0Minuten"},"schema":{"@context":"https:\/\/schema.org","@graph":[{"@type":"WebPage","@id":"https:\/\/logdio.com\/de\/umzugs-software\/","url":"https:\/\/logdio.com\/de\/umzugs-software\/","name":"Umzugs-Software - Logdio - delivery management tool","isPartOf":{"@id":"https:\/\/logdio.com\/de\/#website"},"datePublished":"2021-08-23T19:01:41+00:00","dateModified":"2021-09-13T14:11:54+00:00","description":"Die Kapazit\u00e4tsplanung ist ein Prozess, bei dem ermittelt wird, ob Sie \u00fcber die erforderlichen F\u00e4higkeiten und Materialien verf\u00fcgen, um die Arbeit zu erledigen.","breadcrumb":{"@id":"https:\/\/logdio.com\/de\/umzugs-software\/#breadcrumb"},"inLanguage":"de","potentialAction":[{"@type":"ReadAction","target":["https:\/\/logdio.com\/de\/umzugs-software\/"]}]},{"@type":"BreadcrumbList","@id":"https:\/\/logdio.com\/de\/umzugs-software\/#breadcrumb","itemListElement":[{"@type":"ListItem","position":1,"name":"Home","item":"https:\/\/logdio.com\/de\/landing-page\/"},{"@type":"ListItem","position":2,"name":"Umzugs-Software"}]},{"@type":"WebSite","@id":"https:\/\/logdio.com\/de\/#website","url":"https:\/\/logdio.com\/de\/","name":"Logdio - delivery management tool","description":"Next level delivery management software","publisher":{"@id":"https:\/\/logdio.com\/de\/#organization"},"potentialAction":[{"@type":"SearchAction","target":{"@type":"EntryPoint","urlTemplate":"https:\/\/logdio.com\/de\/?s={search_term_string}"},"query-input":{"@type":"PropertyValueSpecification","valueRequired":true,"valueName":"search_term_string"}}],"inLanguage":"de"},{"@type":"Organization","@id":"https:\/\/logdio.com\/de\/#organization","name":"Logdio","url":"https:\/\/logdio.com\/de\/","logo":{"@type":"ImageObject","inLanguage":"de","@id":"https:\/\/logdio.com\/de\/#\/schema\/logo\/image\/","url":"https:\/\/logdio.com\/wp-content\/uploads\/2021\/05\/Logdio.svg","contentUrl":"https:\/\/logdio.com\/wp-content\/uploads\/2021\/05\/Logdio.svg","width":4.44919,"height":1.1285,"caption":"Logdio"},"image":{"@id":"https:\/\/logdio.com\/de\/#\/schema\/logo\/image\/"},"sameAs":["https:\/\/www.facebook.com\/logtime.eu\/","https:\/\/www.linkedin.com\/company\/logtime"]}]}},"_links":{"self":[{"href":"https:\/\/logdio.com\/de\/wp-json\/wp\/v2\/pages\/7488","targetHints":{"allow":["GET"]}}],"collection":[{"href":"https:\/\/logdio.com\/de\/wp-json\/wp\/v2\/pages"}],"about":[{"href":"https:\/\/logdio.com\/de\/wp-json\/wp\/v2\/types\/page"}],"author":[{"embeddable":true,"href":"https:\/\/logdio.com\/de\/wp-json\/wp\/v2\/users\/1"}],"replies":[{"embeddable":true,"href":"https:\/\/logdio.com\/de\/wp-json\/wp\/v2\/comments?post=7488"}],"version-history":[{"count":2,"href":"https:\/\/logdio.com\/de\/wp-json\/wp\/v2\/pages\/7488\/revisions"}],"predecessor-version":[{"id":11656,"href":"https:\/\/logdio.com\/de\/wp-json\/wp\/v2\/pages\/7488\/revisions\/11656"}],"wp:attachment":[{"href":"https:\/\/logdio.com\/de\/wp-json\/wp\/v2\/media?parent=7488"}],"curies":[{"name":"wp","href":"https:\/\/api.w.org\/{rel}","templated":true}]}}