{"id":7362,"date":"2021-08-23T21:57:08","date_gmt":"2021-08-23T18:57:08","guid":{"rendered":"https:\/\/logdio.com\/ueber-uns\/"},"modified":"2023-08-21T00:34:53","modified_gmt":"2023-08-20T21:34:53","slug":"ueber-uns","status":"publish","type":"page","link":"https:\/\/logdio.com\/de\/ueber-uns\/","title":{"rendered":"\u00dcber uns"},"content":{"rendered":"\t\t<div data-elementor-type=\"wp-page\" data-elementor-id=\"7362\" class=\"elementor elementor-7362 elementor-25\" data-elementor-post-type=\"page\">\n\t\t\t\t\t\t<section class=\"has_ma_el_bg_slider elementor-section elementor-top-section elementor-element elementor-element-a8f2033 elementor-section-boxed elementor-section-height-default elementor-section-height-default jltma-glass-effect-no\" data-id=\"a8f2033\" data-element_type=\"section\" data-e-type=\"section\" data-settings=\"{&quot;jet_parallax_layout_list&quot;:[{&quot;jet_parallax_layout_image&quot;:{&quot;url&quot;:&quot;&quot;,&quot;id&quot;:&quot;&quot;,&quot;size&quot;:&quot;&quot;},&quot;_id&quot;:&quot;c7a9eeb&quot;,&quot;jet_parallax_layout_image_tablet&quot;:{&quot;url&quot;:&quot;&quot;,&quot;id&quot;:&quot;&quot;,&quot;size&quot;:&quot;&quot;},&quot;jet_parallax_layout_image_mobile&quot;:{&quot;url&quot;:&quot;&quot;,&quot;id&quot;:&quot;&quot;,&quot;size&quot;:&quot;&quot;},&quot;jet_parallax_layout_speed&quot;:{&quot;unit&quot;:&quot;%&quot;,&quot;size&quot;:50,&quot;sizes&quot;:[]},&quot;jet_parallax_layout_type&quot;:&quot;scroll&quot;,&quot;jet_parallax_layout_direction&quot;:null,&quot;jet_parallax_layout_fx_direction&quot;:null,&quot;jet_parallax_layout_z_index&quot;:&quot;&quot;,&quot;jet_parallax_layout_bg_x&quot;:50,&quot;jet_parallax_layout_bg_x_tablet&quot;:&quot;&quot;,&quot;jet_parallax_layout_bg_x_mobile&quot;:&quot;&quot;,&quot;jet_parallax_layout_bg_y&quot;:50,&quot;jet_parallax_layout_bg_y_tablet&quot;:&quot;&quot;,&quot;jet_parallax_layout_bg_y_mobile&quot;:&quot;&quot;,&quot;jet_parallax_layout_bg_size&quot;:&quot;auto&quot;,&quot;jet_parallax_layout_bg_size_tablet&quot;:&quot;&quot;,&quot;jet_parallax_layout_bg_size_mobile&quot;:&quot;&quot;,&quot;jet_parallax_layout_animation_prop&quot;:&quot;transform&quot;,&quot;jet_parallax_layout_on&quot;:[&quot;desktop&quot;,&quot;tablet&quot;]}]}\">\n\t\t\t\t\t\t<div class=\"elementor-container elementor-column-gap-default\">\n\t\t\t\t\t<div class=\"has_ma_el_bg_slider elementor-column elementor-col-100 elementor-top-column elementor-element elementor-element-7eff6e2 jltma-glass-effect-no\" data-id=\"7eff6e2\" data-element_type=\"column\" data-e-type=\"column\">\n\t\t\t<div class=\"elementor-widget-wrap elementor-element-populated\">\n\t\t\t\t\t\t<div class=\"elementor-element elementor-element-430a85f jltma-glass-effect-no elementor-widget elementor-widget-heading\" data-id=\"430a85f\" data-element_type=\"widget\" data-e-type=\"widget\" data-widget_type=\"heading.default\">\n\t\t\t\t<div class=\"elementor-widget-container\">\n\t\t\t\t\t<h1 class=\"elementor-heading-title elementor-size-default\">\u00dcber Logtime<\/h1>\t\t\t\t<\/div>\n\t\t\t\t<\/div>\n\t\t\t\t<div class=\"elementor-element elementor-element-b127471 jltma-glass-effect-no elementor-widget elementor-widget-text-editor\" data-id=\"b127471\" data-element_type=\"widget\" data-e-type=\"widget\" data-widget_type=\"text-editor.default\">\n\t\t\t\t<div class=\"elementor-widget-container\">\n\t\t\t\t\t\t\t\t\t<p>Schlie\u00dfen Sie sich 1000+ Unternehmen an, die ihr Lieferungssystem mit Logdis beschleunigen<\/p>\n\t\t\t\t\t\t\t\t<\/div>\n\t\t\t\t<\/div>\n\t\t\t\t<div class=\"elementor-element elementor-element-41181d9 jltma-glass-effect-no elementor-widget elementor-widget-heading\" data-id=\"41181d9\" data-element_type=\"widget\" data-e-type=\"widget\" data-widget_type=\"heading.default\">\n\t\t\t\t<div class=\"elementor-widget-container\">\n\t\t\t\t\t<h2 class=\"elementor-heading-title elementor-size-default\">Wer wir sind<\/h2>\t\t\t\t<\/div>\n\t\t\t\t<\/div>\n\t\t\t\t<div class=\"elementor-element elementor-element-2a65ef8 jltma-glass-effect-no elementor-widget elementor-widget-text-editor\" data-id=\"2a65ef8\" data-element_type=\"widget\" data-e-type=\"widget\" data-widget_type=\"text-editor.default\">\n\t\t\t\t<div class=\"elementor-widget-container\">\n\t\t\t\t\t\t\t\t\t<p>Logtime ist ein erfahrenes Team von hochqualifizierten Fachleuten. Wir kommen aus verschiedenen St\u00e4dten, wir sind unterschiedlich alt, aber was uns verbindet, ist die Leidenschaft f\u00fcr die Entwicklung von B2B-L\u00f6sungen, die unseren Kunden helfen, ihre Gesch\u00e4fte einfacher, effizienter und profitabler zu f\u00fchren. Unser Hauptaugenmerk liegt auf L\u00f6sungen, die Unternehmen bei der Verwaltung ihrer Teams vor Ort unterst\u00fctzen. Wir haben uns auf die Entwicklung von Systemen f\u00fcr das mobile Aufgabenmanagement, das Vertriebsmanagement und das Liefermanagement spezialisiert. Wir bieten L\u00f6sungen und Dienstleistungen an, die das Logistikmanagement f\u00fcr verschiedene Arten von Unternehmen verbessern, darunter Gro\u00df- und Einzelhandelsunternehmen, die Abfallwirtschaft, Notfalldienste, Kurierdienste und alle anderen Dienstleistungsunternehmen, die eine Echtzeitverfolgung von Produktbestellungen, Lieferungen, Fracht, Au\u00dfendienst und Mitarbeitern ben\u00f6tigen.<\/p>\n\t\t\t\t\t\t\t\t<\/div>\n\t\t\t\t<\/div>\n\t\t\t\t<div class=\"elementor-element elementor-element-3cc6940 jltma-glass-effect-no elementor-widget elementor-widget-heading\" data-id=\"3cc6940\" data-element_type=\"widget\" data-e-type=\"widget\" data-widget_type=\"heading.default\">\n\t\t\t\t<div class=\"elementor-widget-container\">\n\t\t\t\t\t<h2 class=\"elementor-heading-title elementor-size-default\">Unser Auftrag lautet<\/h2>\t\t\t\t<\/div>\n\t\t\t\t<\/div>\n\t\t\t\t<div class=\"elementor-element elementor-element-bf56420 jltma-glass-effect-no elementor-widget elementor-widget-text-editor\" data-id=\"bf56420\" data-element_type=\"widget\" data-e-type=\"widget\" data-widget_type=\"text-editor.default\">\n\t\t\t\t<div class=\"elementor-widget-container\">\n\t\t\t\t\t\t\t\t\t<p>um modernste IT-L\u00f6sungen f\u00fcr Unternehmen jeder Gr\u00f6\u00dfe zu entwickeln. Wir tun unser Bestes, um L\u00f6sungen zu entwickeln, die eine maximale Benutzerfreundlichkeit aufweisen. Normalerweise brauchen unsere Kunden nicht einmal Benutzerhandb\u00fccher. Diese L\u00f6sungen werden sorgf\u00e4ltig konzipiert und auf die spezifischen Bed\u00fcrfnisse jedes Kunden zugeschnitten. Und sie helfen unseren Kunden, ihre Gesch\u00e4ftsprozesse zu verbessern, den Umsatz zu steigern, die Betriebskosten zu senken und die Gewinne zu erh\u00f6hen.<\/p>\n\t\t\t\t\t\t\t\t<\/div>\n\t\t\t\t<\/div>\n\t\t\t\t<div class=\"elementor-element elementor-element-fba2d37 jltma-glass-effect-no elementor-widget elementor-widget-heading\" data-id=\"fba2d37\" data-element_type=\"widget\" data-e-type=\"widget\" data-widget_type=\"heading.default\">\n\t\t\t\t<div class=\"elementor-widget-container\">\n\t\t\t\t\t<h2 class=\"elementor-heading-title elementor-size-default\">Unsere Werte:<\/h2>\t\t\t\t<\/div>\n\t\t\t\t<\/div>\n\t\t\t\t<div class=\"elementor-element elementor-element-9a1a737 jltma-glass-effect-no elementor-widget elementor-widget-text-editor\" data-id=\"9a1a737\" data-element_type=\"widget\" data-e-type=\"widget\" data-widget_type=\"text-editor.default\">\n\t\t\t\t<div class=\"elementor-widget-container\">\n\t\t\t\t\t\t\t\t\t<p>Wir bauen langfristige Partnerschaften mit all unseren Kunden auf, weil wir der Meinung sind, dass dies der beste Weg ist, um unseren Kunden zu helfen, den gr\u00f6\u00dften Nutzen aus unseren L\u00f6sungen zu ziehen. Deshalb arbeiten wir mit unseren Kunden zusammen, um einen Mehrwert zu schaffen, der sie von ihren Mitbewerbern abhebt. Diese fortschrittlichen Werkzeuge wurden getestet und liefern nachweislich hervorragende Ergebnisse. Alle unsere L\u00f6sungen liefern messbare und \u00fcberpr\u00fcfbare Ergebnisse, die die Effizienz und Rentabilit\u00e4t unserer Kunden verbessern. Und weil wir unseren Kunden helfen wollen, gleichbleibend hohe Leistungen zu erzielen, sind wir st\u00e4ndig bem\u00fcht, die Qualit\u00e4t unserer Dienstleistungen und L\u00f6sungen zu verbessern.<\/p>\n\t\t\t\t\t\t\t\t<\/div>\n\t\t\t\t<\/div>\n\t\t\t\t<div class=\"elementor-element elementor-element-96fafbc jltma-glass-effect-no elementor-widget elementor-widget-heading\" data-id=\"96fafbc\" data-element_type=\"widget\" data-e-type=\"widget\" data-widget_type=\"heading.default\">\n\t\t\t\t<div class=\"elementor-widget-container\">\n\t\t\t\t\t<h2 class=\"elementor-heading-title elementor-size-default\">Sichern Sie sich jetzt Ihre Vorteile!<\/h2>\t\t\t\t<\/div>\n\t\t\t\t<\/div>\n\t\t\t\t<div class=\"elementor-element elementor-element-ba20ede jltma-glass-effect-no elementor-widget elementor-widget-text-editor\" data-id=\"ba20ede\" data-element_type=\"widget\" data-e-type=\"widget\" data-widget_type=\"text-editor.default\">\n\t\t\t\t<div class=\"elementor-widget-container\">\n\t\t\t\t\t\t\t\t\t<p>Kontaktieren Sie uns f\u00fcr weitere Informationen oder fordern Sie eine Demo an. Wir helfen Ihnen gerne, indem wir Sie durch den Prozess f\u00fchren und alle erforderliche Unterst\u00fctzung bieten. Starten Sie einen kostenlosen Test und sehen Sie selbst, wie viel Geld und Zeit Sie sparen k\u00f6nnen. Handeln Sie jetzt!<\/p>\n\t\t\t\t\t\t\t\t<\/div>\n\t\t\t\t<\/div>\n\t\t\t\t\t<\/div>\n\t\t<\/div>\n\t\t\t\t\t<\/div>\n\t\t<\/section>\n\t\t\t\t<\/div>\n\t\t","protected":false},"excerpt":{"rendered":"<p>\u00dcber Logtime Schlie\u00dfen Sie sich 1000+ Unternehmen an, die ihr Lieferungssystem mit Logdis beschleunigen Wer wir sind Logtime ist ein erfahrenes Team von hochqualifizierten Fachleuten. Wir kommen aus verschiedenen St\u00e4dten, wir sind unterschiedlich alt, aber was uns verbindet, ist die Leidenschaft f\u00fcr die Entwicklung von B2B-L\u00f6sungen, die unseren Kunden helfen, ihre Gesch\u00e4fte einfacher, effizienter und [&hellip;]<\/p>\n","protected":false},"author":1,"featured_media":0,"parent":0,"menu_order":0,"comment_status":"closed","ping_status":"closed","template":"elementor_header_footer","meta":{"footnotes":""},"class_list":["post-7362","page","type-page","status-publish","hentry"],"yoast_head":"<!-- This site is optimized with the Yoast SEO plugin v26.8 - https:\/\/yoast.com\/product\/yoast-seo-wordpress\/ -->\n<title>- Logdio - delivery management tool - alles in einer L\u00f6sung!<\/title>\n<meta name=\"description\" content=\"Logdio Software zur Verwaltung von Lieferungen. Mobile All-in-One-L\u00f6sung f\u00fcr die Optimierung von Routen und die Verfolgung von Lieferungen in Echtzeit. Klicken Sie hier, um mehr \u00fcber uns zu erfahren.\" \/>\n<meta name=\"robots\" content=\"index, follow, max-snippet:-1, max-image-preview:large, max-video-preview:-1\" \/>\n<link rel=\"canonical\" href=\"https:\/\/logdio.com\/de\/ueber-uns\/\" \/>\n<meta property=\"og:locale\" content=\"de_DE\" \/>\n<meta property=\"og:type\" content=\"article\" \/>\n<meta property=\"og:title\" content=\"- Logdio - delivery management tool - alles in einer L\u00f6sung!\" \/>\n<meta property=\"og:description\" content=\"Logdio Software zur Verwaltung von Lieferungen. Mobile All-in-One-L\u00f6sung f\u00fcr die Optimierung von Routen und die Verfolgung von Lieferungen in Echtzeit. Klicken Sie hier, um mehr \u00fcber uns zu erfahren.\" \/>\n<meta property=\"og:url\" content=\"https:\/\/logdio.com\/de\/ueber-uns\/\" \/>\n<meta property=\"og:site_name\" content=\"Logdio - delivery management tool\" \/>\n<meta property=\"article:publisher\" content=\"https:\/\/www.facebook.com\/logtime.eu\/\" \/>\n<meta property=\"article:modified_time\" content=\"2023-08-20T21:34:53+00:00\" \/>\n<meta name=\"twitter:card\" content=\"summary_large_image\" \/>\n<meta name=\"twitter:label1\" content=\"Gesch\u00e4tzte Lesezeit\" \/>\n\t<meta name=\"twitter:data1\" content=\"2\u00a0Minuten\" \/>\n<script type=\"application\/ld+json\" class=\"yoast-schema-graph\">{\"@context\":\"https:\/\/schema.org\",\"@graph\":[{\"@type\":\"WebPage\",\"@id\":\"https:\/\/logdio.com\/de\/ueber-uns\/\",\"url\":\"https:\/\/logdio.com\/de\/ueber-uns\/\",\"name\":\"- Logdio - delivery management tool - alles in einer L\u00f6sung!\",\"isPartOf\":{\"@id\":\"https:\/\/logdio.com\/de\/#website\"},\"datePublished\":\"2021-08-23T18:57:08+00:00\",\"dateModified\":\"2023-08-20T21:34:53+00:00\",\"description\":\"Logdio Software zur Verwaltung von Lieferungen. Mobile All-in-One-L\u00f6sung f\u00fcr die Optimierung von Routen und die Verfolgung von Lieferungen in Echtzeit. Klicken Sie hier, um mehr \u00fcber uns zu erfahren.\",\"breadcrumb\":{\"@id\":\"https:\/\/logdio.com\/de\/ueber-uns\/#breadcrumb\"},\"inLanguage\":\"de\",\"potentialAction\":[{\"@type\":\"ReadAction\",\"target\":[\"https:\/\/logdio.com\/de\/ueber-uns\/\"]}]},{\"@type\":\"BreadcrumbList\",\"@id\":\"https:\/\/logdio.com\/de\/ueber-uns\/#breadcrumb\",\"itemListElement\":[{\"@type\":\"ListItem\",\"position\":1,\"name\":\"Home\",\"item\":\"https:\/\/logdio.com\/de\/landing-page\/\"},{\"@type\":\"ListItem\",\"position\":2,\"name\":\"\u00dcber uns\"}]},{\"@type\":\"WebSite\",\"@id\":\"https:\/\/logdio.com\/de\/#website\",\"url\":\"https:\/\/logdio.com\/de\/\",\"name\":\"Logdio - delivery management tool\",\"description\":\"Next level delivery management software\",\"publisher\":{\"@id\":\"https:\/\/logdio.com\/de\/#organization\"},\"potentialAction\":[{\"@type\":\"SearchAction\",\"target\":{\"@type\":\"EntryPoint\",\"urlTemplate\":\"https:\/\/logdio.com\/de\/?s={search_term_string}\"},\"query-input\":{\"@type\":\"PropertyValueSpecification\",\"valueRequired\":true,\"valueName\":\"search_term_string\"}}],\"inLanguage\":\"de\"},{\"@type\":\"Organization\",\"@id\":\"https:\/\/logdio.com\/de\/#organization\",\"name\":\"Logdio\",\"url\":\"https:\/\/logdio.com\/de\/\",\"logo\":{\"@type\":\"ImageObject\",\"inLanguage\":\"de\",\"@id\":\"https:\/\/logdio.com\/de\/#\/schema\/logo\/image\/\",\"url\":\"https:\/\/logdio.com\/wp-content\/uploads\/2021\/05\/Logdio.svg\",\"contentUrl\":\"https:\/\/logdio.com\/wp-content\/uploads\/2021\/05\/Logdio.svg\",\"width\":4.44919,\"height\":1.1285,\"caption\":\"Logdio\"},\"image\":{\"@id\":\"https:\/\/logdio.com\/de\/#\/schema\/logo\/image\/\"},\"sameAs\":[\"https:\/\/www.facebook.com\/logtime.eu\/\",\"https:\/\/www.linkedin.com\/company\/logtime\"]}]}<\/script>\n<!-- \/ Yoast SEO plugin. -->","yoast_head_json":{"title":"- Logdio - delivery management tool - alles in einer L\u00f6sung!","description":"Logdio Software zur Verwaltung von Lieferungen. Mobile All-in-One-L\u00f6sung f\u00fcr die Optimierung von Routen und die Verfolgung von Lieferungen in Echtzeit. Klicken Sie hier, um mehr \u00fcber uns zu erfahren.","robots":{"index":"index","follow":"follow","max-snippet":"max-snippet:-1","max-image-preview":"max-image-preview:large","max-video-preview":"max-video-preview:-1"},"canonical":"https:\/\/logdio.com\/de\/ueber-uns\/","og_locale":"de_DE","og_type":"article","og_title":"- Logdio - delivery management tool - alles in einer L\u00f6sung!","og_description":"Logdio Software zur Verwaltung von Lieferungen. Mobile All-in-One-L\u00f6sung f\u00fcr die Optimierung von Routen und die Verfolgung von Lieferungen in Echtzeit. Klicken Sie hier, um mehr \u00fcber uns zu erfahren.","og_url":"https:\/\/logdio.com\/de\/ueber-uns\/","og_site_name":"Logdio - delivery management tool","article_publisher":"https:\/\/www.facebook.com\/logtime.eu\/","article_modified_time":"2023-08-20T21:34:53+00:00","twitter_card":"summary_large_image","twitter_misc":{"Gesch\u00e4tzte Lesezeit":"2\u00a0Minuten"},"schema":{"@context":"https:\/\/schema.org","@graph":[{"@type":"WebPage","@id":"https:\/\/logdio.com\/de\/ueber-uns\/","url":"https:\/\/logdio.com\/de\/ueber-uns\/","name":"- Logdio - delivery management tool - alles in einer L\u00f6sung!","isPartOf":{"@id":"https:\/\/logdio.com\/de\/#website"},"datePublished":"2021-08-23T18:57:08+00:00","dateModified":"2023-08-20T21:34:53+00:00","description":"Logdio Software zur Verwaltung von Lieferungen. Mobile All-in-One-L\u00f6sung f\u00fcr die Optimierung von Routen und die Verfolgung von Lieferungen in Echtzeit. Klicken Sie hier, um mehr \u00fcber uns zu erfahren.","breadcrumb":{"@id":"https:\/\/logdio.com\/de\/ueber-uns\/#breadcrumb"},"inLanguage":"de","potentialAction":[{"@type":"ReadAction","target":["https:\/\/logdio.com\/de\/ueber-uns\/"]}]},{"@type":"BreadcrumbList","@id":"https:\/\/logdio.com\/de\/ueber-uns\/#breadcrumb","itemListElement":[{"@type":"ListItem","position":1,"name":"Home","item":"https:\/\/logdio.com\/de\/landing-page\/"},{"@type":"ListItem","position":2,"name":"\u00dcber uns"}]},{"@type":"WebSite","@id":"https:\/\/logdio.com\/de\/#website","url":"https:\/\/logdio.com\/de\/","name":"Logdio - delivery management tool","description":"Next level delivery management software","publisher":{"@id":"https:\/\/logdio.com\/de\/#organization"},"potentialAction":[{"@type":"SearchAction","target":{"@type":"EntryPoint","urlTemplate":"https:\/\/logdio.com\/de\/?s={search_term_string}"},"query-input":{"@type":"PropertyValueSpecification","valueRequired":true,"valueName":"search_term_string"}}],"inLanguage":"de"},{"@type":"Organization","@id":"https:\/\/logdio.com\/de\/#organization","name":"Logdio","url":"https:\/\/logdio.com\/de\/","logo":{"@type":"ImageObject","inLanguage":"de","@id":"https:\/\/logdio.com\/de\/#\/schema\/logo\/image\/","url":"https:\/\/logdio.com\/wp-content\/uploads\/2021\/05\/Logdio.svg","contentUrl":"https:\/\/logdio.com\/wp-content\/uploads\/2021\/05\/Logdio.svg","width":4.44919,"height":1.1285,"caption":"Logdio"},"image":{"@id":"https:\/\/logdio.com\/de\/#\/schema\/logo\/image\/"},"sameAs":["https:\/\/www.facebook.com\/logtime.eu\/","https:\/\/www.linkedin.com\/company\/logtime"]}]}},"_links":{"self":[{"href":"https:\/\/logdio.com\/de\/wp-json\/wp\/v2\/pages\/7362","targetHints":{"allow":["GET"]}}],"collection":[{"href":"https:\/\/logdio.com\/de\/wp-json\/wp\/v2\/pages"}],"about":[{"href":"https:\/\/logdio.com\/de\/wp-json\/wp\/v2\/types\/page"}],"author":[{"embeddable":true,"href":"https:\/\/logdio.com\/de\/wp-json\/wp\/v2\/users\/1"}],"replies":[{"embeddable":true,"href":"https:\/\/logdio.com\/de\/wp-json\/wp\/v2\/comments?post=7362"}],"version-history":[{"count":2,"href":"https:\/\/logdio.com\/de\/wp-json\/wp\/v2\/pages\/7362\/revisions"}],"predecessor-version":[{"id":11536,"href":"https:\/\/logdio.com\/de\/wp-json\/wp\/v2\/pages\/7362\/revisions\/11536"}],"wp:attachment":[{"href":"https:\/\/logdio.com\/de\/wp-json\/wp\/v2\/media?parent=7362"}],"curies":[{"name":"wp","href":"https:\/\/api.w.org\/{rel}","templated":true}]}}