{"id":6005,"date":"2021-05-03T09:53:33","date_gmt":"2021-05-03T06:53:33","guid":{"rendered":"https:\/\/logdio.com\/datenschutzrichtlinie\/"},"modified":"2023-08-21T00:35:20","modified_gmt":"2023-08-20T21:35:20","slug":"privacy-policy","status":"publish","type":"page","link":"https:\/\/logdio.com\/de\/privacy-policy\/","title":{"rendered":"Datenschutzrichtlinie"},"content":{"rendered":"\t\t<div data-elementor-type=\"wp-page\" data-elementor-id=\"6005\" class=\"elementor elementor-6005 elementor-3\" data-elementor-post-type=\"page\">\n\t\t\t\t\t\t<section class=\"has_ma_el_bg_slider elementor-section elementor-top-section elementor-element elementor-element-23def496 elementor-section-boxed elementor-section-height-default elementor-section-height-default jltma-glass-effect-no\" data-id=\"23def496\" data-element_type=\"section\" data-e-type=\"section\" data-settings=\"{&quot;jet_parallax_layout_list&quot;:[{&quot;jet_parallax_layout_image&quot;:{&quot;url&quot;:&quot;&quot;,&quot;id&quot;:&quot;&quot;,&quot;size&quot;:&quot;&quot;},&quot;_id&quot;:&quot;4322483&quot;,&quot;jet_parallax_layout_image_tablet&quot;:{&quot;url&quot;:&quot;&quot;,&quot;id&quot;:&quot;&quot;,&quot;size&quot;:&quot;&quot;},&quot;jet_parallax_layout_image_mobile&quot;:{&quot;url&quot;:&quot;&quot;,&quot;id&quot;:&quot;&quot;,&quot;size&quot;:&quot;&quot;},&quot;jet_parallax_layout_speed&quot;:{&quot;unit&quot;:&quot;%&quot;,&quot;size&quot;:50,&quot;sizes&quot;:[]},&quot;jet_parallax_layout_type&quot;:&quot;scroll&quot;,&quot;jet_parallax_layout_direction&quot;:null,&quot;jet_parallax_layout_fx_direction&quot;:null,&quot;jet_parallax_layout_z_index&quot;:&quot;&quot;,&quot;jet_parallax_layout_bg_x&quot;:50,&quot;jet_parallax_layout_bg_x_tablet&quot;:&quot;&quot;,&quot;jet_parallax_layout_bg_x_mobile&quot;:&quot;&quot;,&quot;jet_parallax_layout_bg_y&quot;:50,&quot;jet_parallax_layout_bg_y_tablet&quot;:&quot;&quot;,&quot;jet_parallax_layout_bg_y_mobile&quot;:&quot;&quot;,&quot;jet_parallax_layout_bg_size&quot;:&quot;auto&quot;,&quot;jet_parallax_layout_bg_size_tablet&quot;:&quot;&quot;,&quot;jet_parallax_layout_bg_size_mobile&quot;:&quot;&quot;,&quot;jet_parallax_layout_animation_prop&quot;:&quot;transform&quot;,&quot;jet_parallax_layout_on&quot;:[&quot;desktop&quot;,&quot;tablet&quot;]}]}\">\n\t\t\t\t\t\t<div class=\"elementor-container elementor-column-gap-default\">\n\t\t\t\t\t<div class=\"has_ma_el_bg_slider elementor-column elementor-col-100 elementor-top-column elementor-element elementor-element-562b08a1 jltma-glass-effect-no\" data-id=\"562b08a1\" data-element_type=\"column\" data-e-type=\"column\">\n\t\t\t<div class=\"elementor-widget-wrap elementor-element-populated\">\n\t\t\t\t\t\t<div class=\"elementor-element elementor-element-fdbc374 jltma-glass-effect-no elementor-widget elementor-widget-heading\" data-id=\"fdbc374\" data-element_type=\"widget\" data-e-type=\"widget\" data-widget_type=\"heading.default\">\n\t\t\t\t<div class=\"elementor-widget-container\">\n\t\t\t\t\t<h2 class=\"elementor-heading-title elementor-size-default\">Datenschutzrichtlinie<\/h2>\t\t\t\t<\/div>\n\t\t\t\t<\/div>\n\t\t\t\t<div class=\"elementor-element elementor-element-71fb796b jltma-glass-effect-no elementor-widget elementor-widget-text-editor\" data-id=\"71fb796b\" data-element_type=\"widget\" data-e-type=\"widget\" data-widget_type=\"text-editor.default\">\n\t\t\t\t<div class=\"elementor-widget-container\">\n\t\t\t\t\t\t\t\t\t\n<p>Bei Logdio &#8211; Delivery Management Software, zug\u00e4nglich \u00fcber Logdio.com, ist eine unserer wichtigsten Priorit\u00e4ten der Schutz der Privatsph\u00e4re unserer Besucher. Diese Datenschutzrichtlinie enth\u00e4lt die Arten von Informationen, die von Logdio &#8211; Delivery Management Software gesammelt und aufgezeichnet werden, und wie wir sie verwenden.<\/p>\n<p>Wenn Sie weitere Fragen haben oder mehr Informationen \u00fcber unsere Datenschutzpolitik ben\u00f6tigen, z\u00f6gern Sie nicht, uns zu kontaktieren.<\/p>\n<p>Diese Datenschutzrichtlinie gilt nur f\u00fcr unsere Online-Aktivit\u00e4ten und f\u00fcr die Besucher unserer Website in Bezug auf die Informationen, die sie in Logdio &#8211; Delivery Management Software teilen und\/oder sammeln. Diese Richtlinie gilt nicht f\u00fcr Informationen, die offline oder \u00fcber andere Kan\u00e4le als diese Website gesammelt werden.  <\/p>\n<h2>Zustimmung<\/h2>\n<p>Durch die Nutzung unserer Website erkl\u00e4ren Sie sich mit unserer Datenschutzrichtlinie einverstanden und stimmen deren Bedingungen zu.<\/p>\n<h2>Informationen, die wir sammeln<\/h2>\n<p>Die pers\u00f6nlichen Daten, um die Sie gebeten werden, und die Gr\u00fcnde, warum Sie um diese Daten gebeten werden, werden Ihnen zu dem Zeitpunkt mitgeteilt, zu dem wir Sie um die Angabe Ihrer pers\u00f6nlichen Daten bitten.<\/p>\n<p>Wenn Sie sich direkt an uns wenden, k\u00f6nnen wir zus\u00e4tzliche Informationen \u00fcber Sie erhalten, wie z. B. Ihren Namen, Ihre E-Mail-Adresse, Ihre Telefonnummer, den Inhalt der Nachricht und\/oder Anh\u00e4nge, die Sie uns senden, und andere Informationen, die Sie uns zur Verf\u00fcgung stellen m\u00f6chten.<\/p>\n<p>Wenn Sie sich f\u00fcr ein Konto registrieren, fragen wir Sie m\u00f6glicherweise nach Ihren Kontaktinformationen, einschlie\u00dflich Angaben wie Name, Firmenname, Adresse, E-Mail-Adresse und Telefonnummer.<\/p>\n<h2>Wie wir Ihre Informationen verwenden<\/h2>\n<p>Wir verwenden die von uns gesammelten Informationen auf verschiedene Weise, unter anderem um:<\/p>\n<ul>\n<li>Bereitstellung, Betrieb und Pflege unserer Website<\/li>\n<li>Verbesserung, Personalisierung und Erweiterung unserer Website<\/li>\n<li>Verstehen und Analysieren, wie Sie unsere Website nutzen<\/li>\n<li>Entwicklung neuer Produkte, Dienstleistungen, Merkmale und Funktionen<\/li>\n<li>mit Ihnen zu kommunizieren, entweder direkt oder \u00fcber einen unserer Partner, u. a. f\u00fcr den Kundendienst, um Ihnen Aktualisierungen und andere Informationen \u00fcber die Website zukommen zu lassen, sowie f\u00fcr Marketing- und Werbezwecke<\/li>\n<li>Senden Sie E-Mails<\/li>\n<li>Betrug aufdecken und verhindern<\/li>\n<\/ul>\n<h2>Log-Dateien<\/h2>\n<p>Logdio &#8211; Die Software f\u00fcr das Liefermanagement folgt einem Standardverfahren zur Verwendung von Protokolldateien. Diese Dateien protokollieren den Besuch von Websites. Alle Hosting-Unternehmen tun dies und es ist Teil der Analyse der Hosting-Dienste. Zu den in den Protokolldateien erfassten Informationen geh\u00f6ren Internetprotokolladressen (IP-Adressen), Browsertyp, Internetdienstanbieter (ISP), Datums- und Zeitstempel, verweisende und verlassende Seiten und m\u00f6glicherweise die Anzahl der Klicks. Diese sind nicht mit Informationen verkn\u00fcpft, die eine pers\u00f6nliche Identifizierung erm\u00f6glichen. Der Zweck dieser Daten ist die Analyse von Trends, die Verwaltung der Website, die Verfolgung der Bewegungen der Nutzer auf der Website und die Erfassung demografischer Daten.<\/p>\n<h2>Cookies und Web Beacons<\/h2>\n<p>Wie jede andere Website auch, verwendet Logdio &#8211; Delivery Management Software &#8222;Cookies&#8220;. Diese Cookies werden verwendet, um Informationen zu speichern, einschlie\u00dflich der Pr\u00e4ferenzen der Besucher und der Seiten auf der Website, die der Besucher aufgerufen oder besucht hat. Die Informationen werden verwendet, um die Nutzererfahrung zu optimieren, indem wir den Inhalt unserer Webseiten auf der Grundlage des Browsertyps und\/oder anderer Informationen der Besucher anpassen.<\/p>\n<h2>Werbepartner Datenschutzrichtlinien<\/h2>\n<p>Sie k\u00f6nnen diese Liste konsultieren, um die Datenschutzbestimmungen f\u00fcr jeden der Werbepartner von Logdio &#8211; Delivery Management Software zu finden.<\/p>\n<p>Werbeserver oder Werbenetzwerke von Drittanbietern verwenden Technologien wie Cookies, JavaScript oder Web Beacons, die in ihren jeweiligen Anzeigen und Links verwendet werden, die auf Logdio &#8211; Delivery Management Software erscheinen und direkt an den Browser des Nutzers gesendet werden. In diesem Fall erhalten sie automatisch Ihre IP-Adresse. Diese Technologien werden verwendet, um die Wirksamkeit ihrer Werbekampagnen zu messen und\/oder die Werbeinhalte, die Sie auf den von Ihnen besuchten Websites sehen, zu personalisieren.<\/p>\n<p>Beachten Sie, dass Logdio &#8211; Delivery Management Software keinen Zugang zu oder Kontrolle \u00fcber diese Cookies hat, die von Drittanbietern verwendet werden.<\/p>\n<h2>Datenschutzrichtlinien von Dritten<\/h2>\n<p>Die Datenschutzrichtlinie von Logdio &#8211; Delivery Management Software gilt nicht f\u00fcr andere Werbetreibende oder Websites. Wir raten Ihnen daher, die jeweiligen Datenschutzrichtlinien dieser Adserver Dritter zu konsultieren, um weitere Informationen zu erhalten. Darin k\u00f6nnen ihre Praktiken und Anweisungen zur Ablehnung bestimmter Optionen enthalten sein.<\/p>\n<p>Sie k\u00f6nnen Cookies in den Einstellungen Ihres Browsers deaktivieren. Ausf\u00fchrlichere Informationen zur Cookie-Verwaltung mit bestimmten Webbrowsern finden Sie auf den jeweiligen Websites der Browser.<\/p>\n<h2>CCPA-Datenschutzrechte (Verkaufen Sie meine pers\u00f6nlichen Daten nicht)<\/h2>\n<p>Nach dem CCPA haben die kalifornischen Verbraucher unter anderem das Recht auf:<\/p>\n<p>Verlangen Sie, dass ein Unternehmen, das personenbezogene Daten eines Verbrauchers sammelt, die Kategorien und spezifischen Teile der personenbezogenen Daten offenlegt, die das Unternehmen \u00fcber den Verbraucher gesammelt hat.<\/p>\n<p>ein Unternehmen aufzufordern, personenbezogene Daten \u00fcber den Verbraucher zu l\u00f6schen, die ein Unternehmen gesammelt hat.<\/p>\n<p>Verlangen Sie, dass ein Unternehmen, das die personenbezogenen Daten eines Verbrauchers verkauft, die personenbezogenen Daten des Verbrauchers nicht verkauft.<\/p>\n<p>Wenn Sie einen Antrag stellen, haben wir einen Monat Zeit, Ihnen zu antworten. Wenn Sie eines dieser Rechte aus\u00fcben m\u00f6chten, wenden Sie sich bitte an uns.<\/p>\n<h2>GDPR-Datenschutzrechte<\/h2>\n<p>Wir m\u00f6chten sicherstellen, dass Sie \u00fcber alle Ihre Datenschutzrechte informiert sind. Jeder Nutzer hat Anspruch auf folgende Leistungen:<\/p>\n<p>Recht auf Zugang &#8211; Sie haben das Recht, Kopien Ihrer personenbezogenen Daten anzufordern. F\u00fcr diesen Service k\u00f6nnen wir Ihnen eine geringe Geb\u00fchr berechnen.<\/p>\n<p>Das Recht auf Berichtigung &#8211; Sie haben das Recht, von uns die Berichtigung von Informationen zu verlangen, die Sie f\u00fcr unrichtig halten. Sie haben auch das Recht, uns aufzufordern, die Informationen zu vervollst\u00e4ndigen, die Sie f\u00fcr unvollst\u00e4ndig halten.<\/p>\n<p>Das Recht auf L\u00f6schung &#8211; Sie haben das Recht, unter bestimmten Bedingungen die L\u00f6schung Ihrer personenbezogenen Daten zu verlangen.<\/p>\n<p>Recht auf Einschr\u00e4nkung der Verarbeitung &#8211; Sie haben das Recht zu verlangen, dass wir die Verarbeitung Ihrer personenbezogenen Daten unter bestimmten Bedingungen einschr\u00e4nken.<\/p>\n<p>Recht auf Widerspruch gegen die Verarbeitung &#8211; Sie haben das Recht, der Verarbeitung Ihrer personenbezogenen Daten durch uns unter bestimmten Bedingungen zu widersprechen.<\/p>\n<p>Das Recht auf Daten\u00fcbertragbarkeit &#8211; Sie haben das Recht, unter bestimmten Bedingungen zu verlangen, dass wir die von uns erfassten Daten an eine andere Organisation oder direkt an Sie weitergeben.<\/p>\n<p>Wenn Sie einen Antrag stellen, haben wir einen Monat Zeit, Ihnen zu antworten. Wenn Sie eines dieser Rechte aus\u00fcben m\u00f6chten, wenden Sie sich bitte an uns.<\/p>\n<h2>Informationen f\u00fcr Kinder<\/h2>\n<p>Ein weiterer Schwerpunkt ist der Schutz von Kindern bei der Nutzung des Internets. Wir ermutigen Eltern und Erziehungsberechtigte, die Online-Aktivit\u00e4ten der Kinder zu beobachten, an ihnen teilzunehmen und\/oder sie zu \u00fcberwachen und anzuleiten.<\/p>\n<p>Logdio &#8211; Delivery Management Software sammelt wissentlich keine personenbezogenen Daten von Kindern unter 13 Jahren. Wenn Sie der Meinung sind, dass Ihr Kind diese Art von Informationen auf unserer Website angegeben hat, sollten Sie sich umgehend mit uns in Verbindung setzen, und wir werden unser Bestes tun, um solche Informationen umgehend aus unseren Unterlagen zu entfernen.<\/p>\n\t\t\t\t\t\t\t\t<\/div>\n\t\t\t\t<\/div>\n\t\t\t\t\t<\/div>\n\t\t<\/div>\n\t\t\t\t\t<\/div>\n\t\t<\/section>\n\t\t\t\t<\/div>\n\t\t","protected":false},"excerpt":{"rendered":"<p>Bei Logdio &#8211; Delivery Management Software, zug\u00e4nglich \u00fcber Logdio.com, ist eine unserer wichtigsten Priorit\u00e4ten der Schutz der Privatsph\u00e4re unserer Besucher. Diese Datenschutzrichtlinie enth\u00e4lt die Arten von Informationen, die von Logdio &#8211; Delivery Management Software gesammelt und aufgezeichnet werden, und wie wir sie verwenden. Wenn Sie weitere Fragen haben oder mehr Informationen \u00fcber unsere Datenschutzpolitik ben\u00f6tigen, [&hellip;]<\/p>\n","protected":false},"author":1,"featured_media":0,"parent":0,"menu_order":0,"comment_status":"closed","ping_status":"closed","template":"elementor_header_footer","meta":{"footnotes":""},"class_list":["post-6005","page","type-page","status-publish","hentry"],"yoast_head":"<!-- This site is optimized with the Yoast SEO plugin v26.8 - https:\/\/yoast.com\/product\/yoast-seo-wordpress\/ -->\n<title>Datenschutzrichtlinie - Logdio - delivery management tool<\/title>\n<meta name=\"description\" content=\"Logdio.com ist die n\u00e4chste Stufe der Liefermanagement-Software, die faire Preise bietet, damit Ihr Unternehmen weiter w\u00e4chst! Pr\u00fcfen Sie unsere Datenschutzrichtlinie\" \/>\n<meta name=\"robots\" content=\"index, follow, max-snippet:-1, max-image-preview:large, max-video-preview:-1\" \/>\n<link rel=\"canonical\" href=\"https:\/\/logdio.com\/de\/privacy-policy\/\" \/>\n<meta property=\"og:locale\" content=\"de_DE\" \/>\n<meta property=\"og:type\" content=\"article\" \/>\n<meta property=\"og:title\" content=\"Datenschutzrichtlinie - Logdio - delivery management tool\" \/>\n<meta property=\"og:description\" content=\"Logdio.com ist die n\u00e4chste Stufe der Liefermanagement-Software, die faire Preise bietet, damit Ihr Unternehmen weiter w\u00e4chst! Pr\u00fcfen Sie unsere Datenschutzrichtlinie\" \/>\n<meta property=\"og:url\" content=\"https:\/\/logdio.com\/de\/privacy-policy\/\" \/>\n<meta property=\"og:site_name\" content=\"Logdio - delivery management tool\" \/>\n<meta property=\"article:publisher\" content=\"https:\/\/www.facebook.com\/logtime.eu\/\" \/>\n<meta property=\"article:modified_time\" content=\"2023-08-20T21:35:20+00:00\" \/>\n<meta name=\"twitter:card\" content=\"summary_large_image\" \/>\n<meta name=\"twitter:label1\" content=\"Gesch\u00e4tzte Lesezeit\" \/>\n\t<meta name=\"twitter:data1\" content=\"5\u00a0Minuten\" \/>\n<script type=\"application\/ld+json\" class=\"yoast-schema-graph\">{\"@context\":\"https:\/\/schema.org\",\"@graph\":[{\"@type\":\"WebPage\",\"@id\":\"https:\/\/logdio.com\/de\/privacy-policy\/\",\"url\":\"https:\/\/logdio.com\/de\/privacy-policy\/\",\"name\":\"Datenschutzrichtlinie - Logdio - delivery management tool\",\"isPartOf\":{\"@id\":\"https:\/\/logdio.com\/de\/#website\"},\"datePublished\":\"2021-05-03T06:53:33+00:00\",\"dateModified\":\"2023-08-20T21:35:20+00:00\",\"description\":\"Logdio.com ist die n\u00e4chste Stufe der Liefermanagement-Software, die faire Preise bietet, damit Ihr Unternehmen weiter w\u00e4chst! Pr\u00fcfen Sie unsere Datenschutzrichtlinie\",\"breadcrumb\":{\"@id\":\"https:\/\/logdio.com\/de\/privacy-policy\/#breadcrumb\"},\"inLanguage\":\"de\",\"potentialAction\":[{\"@type\":\"ReadAction\",\"target\":[\"https:\/\/logdio.com\/de\/privacy-policy\/\"]}]},{\"@type\":\"BreadcrumbList\",\"@id\":\"https:\/\/logdio.com\/de\/privacy-policy\/#breadcrumb\",\"itemListElement\":[{\"@type\":\"ListItem\",\"position\":1,\"name\":\"Home\",\"item\":\"https:\/\/logdio.com\/de\/landing-page\/\"},{\"@type\":\"ListItem\",\"position\":2,\"name\":\"Datenschutzrichtlinie\"}]},{\"@type\":\"WebSite\",\"@id\":\"https:\/\/logdio.com\/de\/#website\",\"url\":\"https:\/\/logdio.com\/de\/\",\"name\":\"Logdio - delivery management tool\",\"description\":\"Next level delivery management software\",\"publisher\":{\"@id\":\"https:\/\/logdio.com\/de\/#organization\"},\"potentialAction\":[{\"@type\":\"SearchAction\",\"target\":{\"@type\":\"EntryPoint\",\"urlTemplate\":\"https:\/\/logdio.com\/de\/?s={search_term_string}\"},\"query-input\":{\"@type\":\"PropertyValueSpecification\",\"valueRequired\":true,\"valueName\":\"search_term_string\"}}],\"inLanguage\":\"de\"},{\"@type\":\"Organization\",\"@id\":\"https:\/\/logdio.com\/de\/#organization\",\"name\":\"Logdio\",\"url\":\"https:\/\/logdio.com\/de\/\",\"logo\":{\"@type\":\"ImageObject\",\"inLanguage\":\"de\",\"@id\":\"https:\/\/logdio.com\/de\/#\/schema\/logo\/image\/\",\"url\":\"https:\/\/logdio.com\/wp-content\/uploads\/2021\/05\/Logdio.svg\",\"contentUrl\":\"https:\/\/logdio.com\/wp-content\/uploads\/2021\/05\/Logdio.svg\",\"width\":4.44919,\"height\":1.1285,\"caption\":\"Logdio\"},\"image\":{\"@id\":\"https:\/\/logdio.com\/de\/#\/schema\/logo\/image\/\"},\"sameAs\":[\"https:\/\/www.facebook.com\/logtime.eu\/\",\"https:\/\/www.linkedin.com\/company\/logtime\"]}]}<\/script>\n<!-- \/ Yoast SEO plugin. -->","yoast_head_json":{"title":"Datenschutzrichtlinie - Logdio - delivery management tool","description":"Logdio.com ist die n\u00e4chste Stufe der Liefermanagement-Software, die faire Preise bietet, damit Ihr Unternehmen weiter w\u00e4chst! Pr\u00fcfen Sie unsere Datenschutzrichtlinie","robots":{"index":"index","follow":"follow","max-snippet":"max-snippet:-1","max-image-preview":"max-image-preview:large","max-video-preview":"max-video-preview:-1"},"canonical":"https:\/\/logdio.com\/de\/privacy-policy\/","og_locale":"de_DE","og_type":"article","og_title":"Datenschutzrichtlinie - Logdio - delivery management tool","og_description":"Logdio.com ist die n\u00e4chste Stufe der Liefermanagement-Software, die faire Preise bietet, damit Ihr Unternehmen weiter w\u00e4chst! Pr\u00fcfen Sie unsere Datenschutzrichtlinie","og_url":"https:\/\/logdio.com\/de\/privacy-policy\/","og_site_name":"Logdio - delivery management tool","article_publisher":"https:\/\/www.facebook.com\/logtime.eu\/","article_modified_time":"2023-08-20T21:35:20+00:00","twitter_card":"summary_large_image","twitter_misc":{"Gesch\u00e4tzte Lesezeit":"5\u00a0Minuten"},"schema":{"@context":"https:\/\/schema.org","@graph":[{"@type":"WebPage","@id":"https:\/\/logdio.com\/de\/privacy-policy\/","url":"https:\/\/logdio.com\/de\/privacy-policy\/","name":"Datenschutzrichtlinie - Logdio - delivery management tool","isPartOf":{"@id":"https:\/\/logdio.com\/de\/#website"},"datePublished":"2021-05-03T06:53:33+00:00","dateModified":"2023-08-20T21:35:20+00:00","description":"Logdio.com ist die n\u00e4chste Stufe der Liefermanagement-Software, die faire Preise bietet, damit Ihr Unternehmen weiter w\u00e4chst! Pr\u00fcfen Sie unsere Datenschutzrichtlinie","breadcrumb":{"@id":"https:\/\/logdio.com\/de\/privacy-policy\/#breadcrumb"},"inLanguage":"de","potentialAction":[{"@type":"ReadAction","target":["https:\/\/logdio.com\/de\/privacy-policy\/"]}]},{"@type":"BreadcrumbList","@id":"https:\/\/logdio.com\/de\/privacy-policy\/#breadcrumb","itemListElement":[{"@type":"ListItem","position":1,"name":"Home","item":"https:\/\/logdio.com\/de\/landing-page\/"},{"@type":"ListItem","position":2,"name":"Datenschutzrichtlinie"}]},{"@type":"WebSite","@id":"https:\/\/logdio.com\/de\/#website","url":"https:\/\/logdio.com\/de\/","name":"Logdio - delivery management tool","description":"Next level delivery management software","publisher":{"@id":"https:\/\/logdio.com\/de\/#organization"},"potentialAction":[{"@type":"SearchAction","target":{"@type":"EntryPoint","urlTemplate":"https:\/\/logdio.com\/de\/?s={search_term_string}"},"query-input":{"@type":"PropertyValueSpecification","valueRequired":true,"valueName":"search_term_string"}}],"inLanguage":"de"},{"@type":"Organization","@id":"https:\/\/logdio.com\/de\/#organization","name":"Logdio","url":"https:\/\/logdio.com\/de\/","logo":{"@type":"ImageObject","inLanguage":"de","@id":"https:\/\/logdio.com\/de\/#\/schema\/logo\/image\/","url":"https:\/\/logdio.com\/wp-content\/uploads\/2021\/05\/Logdio.svg","contentUrl":"https:\/\/logdio.com\/wp-content\/uploads\/2021\/05\/Logdio.svg","width":4.44919,"height":1.1285,"caption":"Logdio"},"image":{"@id":"https:\/\/logdio.com\/de\/#\/schema\/logo\/image\/"},"sameAs":["https:\/\/www.facebook.com\/logtime.eu\/","https:\/\/www.linkedin.com\/company\/logtime"]}]}},"_links":{"self":[{"href":"https:\/\/logdio.com\/de\/wp-json\/wp\/v2\/pages\/6005","targetHints":{"allow":["GET"]}}],"collection":[{"href":"https:\/\/logdio.com\/de\/wp-json\/wp\/v2\/pages"}],"about":[{"href":"https:\/\/logdio.com\/de\/wp-json\/wp\/v2\/types\/page"}],"author":[{"embeddable":true,"href":"https:\/\/logdio.com\/de\/wp-json\/wp\/v2\/users\/1"}],"replies":[{"embeddable":true,"href":"https:\/\/logdio.com\/de\/wp-json\/wp\/v2\/comments?post=6005"}],"version-history":[{"count":9,"href":"https:\/\/logdio.com\/de\/wp-json\/wp\/v2\/pages\/6005\/revisions"}],"predecessor-version":[{"id":27360,"href":"https:\/\/logdio.com\/de\/wp-json\/wp\/v2\/pages\/6005\/revisions\/27360"}],"wp:attachment":[{"href":"https:\/\/logdio.com\/de\/wp-json\/wp\/v2\/media?parent=6005"}],"curies":[{"name":"wp","href":"https:\/\/api.w.org\/{rel}","templated":true}]}}