{"id":7531,"date":"2021-08-23T22:02:05","date_gmt":"2021-08-23T19:02:05","guid":{"rendered":"https:\/\/logdio.com\/planovac-trasy-doruceni\/"},"modified":"2023-08-21T00:31:11","modified_gmt":"2023-08-20T21:31:11","slug":"planovac-trasy-doruceni","status":"publish","type":"page","link":"https:\/\/logdio.com\/cs\/planovac-trasy-doruceni\/","title":{"rendered":"Pl\u00e1nova\u010d trasy doru\u010den\u00ed"},"content":{"rendered":"\t\t<div data-elementor-type=\"wp-page\" data-elementor-id=\"7531\" class=\"elementor elementor-7531 elementor-1056\" data-elementor-post-type=\"page\">\n\t\t\t\t\t\t<section class=\"has_ma_el_bg_slider elementor-section elementor-top-section elementor-element elementor-element-bb4cbd0 elementor-section-boxed elementor-section-height-default elementor-section-height-default jltma-glass-effect-no\" data-id=\"bb4cbd0\" data-element_type=\"section\" data-e-type=\"section\" data-settings=\"{&quot;jet_parallax_layout_list&quot;:[{&quot;jet_parallax_layout_image&quot;:{&quot;url&quot;:&quot;&quot;,&quot;id&quot;:&quot;&quot;,&quot;size&quot;:&quot;&quot;},&quot;_id&quot;:&quot;dcee667&quot;,&quot;jet_parallax_layout_image_tablet&quot;:{&quot;url&quot;:&quot;&quot;,&quot;id&quot;:&quot;&quot;,&quot;size&quot;:&quot;&quot;},&quot;jet_parallax_layout_image_mobile&quot;:{&quot;url&quot;:&quot;&quot;,&quot;id&quot;:&quot;&quot;,&quot;size&quot;:&quot;&quot;},&quot;jet_parallax_layout_speed&quot;:{&quot;unit&quot;:&quot;%&quot;,&quot;size&quot;:50,&quot;sizes&quot;:[]},&quot;jet_parallax_layout_type&quot;:&quot;scroll&quot;,&quot;jet_parallax_layout_direction&quot;:null,&quot;jet_parallax_layout_fx_direction&quot;:null,&quot;jet_parallax_layout_z_index&quot;:&quot;&quot;,&quot;jet_parallax_layout_bg_x&quot;:50,&quot;jet_parallax_layout_bg_x_tablet&quot;:&quot;&quot;,&quot;jet_parallax_layout_bg_x_mobile&quot;:&quot;&quot;,&quot;jet_parallax_layout_bg_y&quot;:50,&quot;jet_parallax_layout_bg_y_tablet&quot;:&quot;&quot;,&quot;jet_parallax_layout_bg_y_mobile&quot;:&quot;&quot;,&quot;jet_parallax_layout_bg_size&quot;:&quot;auto&quot;,&quot;jet_parallax_layout_bg_size_tablet&quot;:&quot;&quot;,&quot;jet_parallax_layout_bg_size_mobile&quot;:&quot;&quot;,&quot;jet_parallax_layout_animation_prop&quot;:&quot;transform&quot;,&quot;jet_parallax_layout_on&quot;:[&quot;desktop&quot;,&quot;tablet&quot;]}]}\">\n\t\t\t\t\t\t<div class=\"elementor-container elementor-column-gap-default\">\n\t\t\t\t\t<div class=\"has_ma_el_bg_slider elementor-column elementor-col-100 elementor-top-column elementor-element elementor-element-d8f9397 jltma-glass-effect-no\" data-id=\"d8f9397\" data-element_type=\"column\" data-e-type=\"column\">\n\t\t\t<div class=\"elementor-widget-wrap elementor-element-populated\">\n\t\t\t\t\t\t<div class=\"elementor-element elementor-element-ab71b3f jltma-glass-effect-no elementor-widget elementor-widget-heading\" data-id=\"ab71b3f\" data-element_type=\"widget\" data-e-type=\"widget\" data-widget_type=\"heading.default\">\n\t\t\t\t<div class=\"elementor-widget-container\">\n\t\t\t\t\t<h1 class=\"elementor-heading-title elementor-size-default\">Pl\u00e1nova\u010d trasy doru\u010den\u00ed<\/h1>\t\t\t\t<\/div>\n\t\t\t\t<\/div>\n\t\t\t\t\t<\/div>\n\t\t<\/div>\n\t\t\t\t\t<\/div>\n\t\t<\/section>\n\t\t\t\t<section class=\"has_ma_el_bg_slider elementor-section elementor-top-section elementor-element elementor-element-9a53e57 elementor-section-boxed elementor-section-height-default elementor-section-height-default jltma-glass-effect-no\" data-id=\"9a53e57\" data-element_type=\"section\" data-e-type=\"section\" data-settings=\"{&quot;jet_parallax_layout_list&quot;:[{&quot;jet_parallax_layout_image&quot;:{&quot;url&quot;:&quot;&quot;,&quot;id&quot;:&quot;&quot;,&quot;size&quot;:&quot;&quot;},&quot;_id&quot;:&quot;c42d9be&quot;,&quot;jet_parallax_layout_image_tablet&quot;:{&quot;url&quot;:&quot;&quot;,&quot;id&quot;:&quot;&quot;,&quot;size&quot;:&quot;&quot;},&quot;jet_parallax_layout_image_mobile&quot;:{&quot;url&quot;:&quot;&quot;,&quot;id&quot;:&quot;&quot;,&quot;size&quot;:&quot;&quot;},&quot;jet_parallax_layout_speed&quot;:{&quot;unit&quot;:&quot;%&quot;,&quot;size&quot;:50,&quot;sizes&quot;:[]},&quot;jet_parallax_layout_type&quot;:&quot;scroll&quot;,&quot;jet_parallax_layout_direction&quot;:null,&quot;jet_parallax_layout_fx_direction&quot;:null,&quot;jet_parallax_layout_z_index&quot;:&quot;&quot;,&quot;jet_parallax_layout_bg_x&quot;:50,&quot;jet_parallax_layout_bg_x_tablet&quot;:&quot;&quot;,&quot;jet_parallax_layout_bg_x_mobile&quot;:&quot;&quot;,&quot;jet_parallax_layout_bg_y&quot;:50,&quot;jet_parallax_layout_bg_y_tablet&quot;:&quot;&quot;,&quot;jet_parallax_layout_bg_y_mobile&quot;:&quot;&quot;,&quot;jet_parallax_layout_bg_size&quot;:&quot;auto&quot;,&quot;jet_parallax_layout_bg_size_tablet&quot;:&quot;&quot;,&quot;jet_parallax_layout_bg_size_mobile&quot;:&quot;&quot;,&quot;jet_parallax_layout_animation_prop&quot;:&quot;transform&quot;,&quot;jet_parallax_layout_on&quot;:[&quot;desktop&quot;,&quot;tablet&quot;]}]}\">\n\t\t\t\t\t\t<div class=\"elementor-container elementor-column-gap-default\">\n\t\t\t\t\t<div class=\"has_ma_el_bg_slider elementor-column elementor-col-100 elementor-top-column elementor-element elementor-element-0f35f0a jltma-glass-effect-no\" data-id=\"0f35f0a\" data-element_type=\"column\" data-e-type=\"column\">\n\t\t\t<div class=\"elementor-widget-wrap elementor-element-populated\">\n\t\t\t\t\t\t<div class=\"elementor-element elementor-element-2972b23 jltma-glass-effect-no elementor-widget elementor-widget-text-editor\" data-id=\"2972b23\" data-element_type=\"widget\" data-e-type=\"widget\" data-widget_type=\"text-editor.default\">\n\t\t\t\t<div class=\"elementor-widget-container\">\n\t\t\t\t\t\t\t\t\t<p>Spole\u010dnosti, kter\u00e9 maj\u00ed vlastn\u00ed dod\u00e1vku, cht\u011bj\u00ed dod\u00e1vat objedn\u00e1vky z\u00e1kazn\u00edk\u016fm v\u010das a sn\u00ed\u017eit n\u00e1klady na logistiku. Obvykl\u00e9 \u00fakoly kur\u00fdrn\u00ed slu\u017eby vypadaj\u00ed takto: logistik p\u0159ij\u00edm\u00e1 objedn\u00e1vky a distribuuje trasy, kur\u00fdr doru\u010duje objedn\u00e1vky a zpr\u00e1vy o pr\u00e1ci. Algoritmus vypad\u00e1 jednodu\u0161e, ale logistik mus\u00ed vz\u00edt v \u00favahu \u010dasov\u00e1 okna doru\u010den\u00ed, \u010das setk\u00e1n\u00ed s klientem, dopravn\u00ed z\u00e1cpy. Mus\u00edte tak\u00e9 ovl\u00e1dat kur\u00fdry a sledovat kvalitu doru\u010den\u00ed. Je t\u011b\u017ek\u00e9 se s t\u00edm vypo\u0159\u00e1dat ru\u010dn\u011b. Pl\u00e1nova\u010d trasy doru\u010den\u00ed probl\u00e9m \u0159e\u0161\u00ed.<\/p>\n<p>Poj\u010fme zjistit, co je pl\u00e1nova\u010d tras doru\u010dov\u00e1n\u00ed, jeho v\u00fdhody a kter\u00fd software je pro v\u00e1s vhodn\u00fd. <\/p>\n<\/p>\n<h2><strong>Co je pl\u00e1nova\u010d trasy doru\u010den\u00ed?<\/strong><\/h2>\n<p>Pl\u00e1nova\u010d tras doru\u010dov\u00e1n\u00ed je software, kter\u00fd se pou\u017e\u00edv\u00e1 k optimalizaci tras pro dod\u00e1vky. Slu\u017eba sm\u011brov\u00e1n\u00ed automaticky distribuuje stovky objedn\u00e1vek b\u011bhem n\u011bkolika minut. Logistik na tom str\u00e1v\u00ed n\u011bkolik hodin distribuc\u00ed tras ru\u010dn\u011b nebo v poloautomatick\u00e9m re\u017eimu. \u010cas nen\u00ed jedinou bolest\u00ed.<\/p>\n<p>P\u0159i pl\u00e1nov\u00e1n\u00ed v\u00fdlet\u016f kur\u00fdrem na p\u0159esn\u00fd \u010das mus\u00ed logista zv\u00e1\u017eit opravy silnic a p\u0159edpov\u011b\u010f dopravn\u00ed z\u00e1cpy, porovnat n\u011bkolik tras a vybrat tu nejlep\u0161\u00ed. Pokud to nen\u00ed napl\u00e1nov\u00e1no spr\u00e1vn\u011b, kur\u00fdr doraz\u00ed brzy nebo pozd\u011b. N\u011bkdy spole\u010dnosti pou\u017e\u00edvaj\u00ed n\u00e1stroje pro pl\u00e1nov\u00e1n\u00ed tras doru\u010den\u00ed, kter\u00e9 zohled\u0148uj\u00ed dopravn\u00ed z\u00e1cpy nebo dopravn\u00ed z\u00e1cpy r\u00e1no, ve\u010der a odpoledne. S ohledem na dopravn\u00ed z\u00e1cpy tady a te\u010f nebude mo\u017en\u00e9 napl\u00e1novat trasu na z\u00edtra. Pokud vezmete v \u00favahu koeficienty, budete muset napl\u00e1novat zpo\u017ed\u011bn\u00ed. <\/p>\n<p>Algoritmus projde asi miliardou kombinac\u00ed za n\u011bkolik minut a poskytne optim\u00e1ln\u00ed trasu. Logistik to nem\u016f\u017ee ud\u011blat. Tento p\u0159\u00edstup zkracuje \u010das logistiky a omezuje po\u010det zpo\u017ed\u011bn\u00ed na nulu.<\/p>\n<p>Nejlep\u0161\u00ed na pl\u00e1nova\u010di tras pro dod\u00e1vky je, \u017ee nen\u00ed omezen na konkr\u00e9tn\u00ed firmu. Program mohou pou\u017e\u00edvat:<\/p>\n<ul>\n<li>Kur\u00fdrn\u00ed spole\u010dnost<\/li>\n<li>Doru\u010dovac\u00ed slu\u017eba<\/li>\n<li>Expresn\u00ed po\u0161ta<\/li>\n<li>Logistick\u00e1 spole\u010dnost<\/li>\n<li>Obchodn\u00ed spole\u010dnost<\/li>\n<li>Jak\u00e1koli jin\u00e1 organizace<\/li>\n<\/ul>\n<p>Tyto firmy mohou z pl\u00e1nova\u010de tras doru\u010den\u00ed z\u00edskat n\u00e1sleduj\u00edc\u00ed dv\u011b hlavn\u00ed v\u00fdhody: <\/p>\n<p><strong>Doru\u010den\u00ed v\u010das<\/strong> loajalita klienta a p\u0159evod na platbu za objedn\u00e1vku v z\u00e1vislosti na rychlosti a p\u0159esnosti doru\u010den\u00ed. Klient banky nap\u0159\u00edklad vyd\u00e1 dod\u00e1vku kreditn\u00ed karty, aby urychlen\u011b zaplatil za o\u0161et\u0159en\u00ed. Pokud kur\u00fdr p\u0159epl\u00e1nuje sch\u016fzku, existuje riziko, \u017ee klient zru\u0161\u00ed doru\u010den\u00ed a kontaktuje jinou banku  konverze na aktivaci kreditn\u00ed karty klesne. Dal\u0161\u00edm p\u0159\u00edkladem je dod\u00e1vka oble\u010den\u00ed s mont\u00e1\u017e\u00ed. Kupuj\u00edc\u00ed plat\u00ed za objedn\u00e1vku a\u017e po vybaven\u00ed. <\/p>\n<p>Pokud trasu napl\u00e1nujete \u0161patn\u011b, kur\u00fdr p\u0159ijde pozd\u011b. Algoritmus sm\u011brov\u00e1n\u00ed zohled\u0148uje nejen dopravn\u00ed z\u00e1cpy a podm\u00ednky na silnici, ale tak\u00e9 obchodn\u00ed parametry. V\u00fdsledkem je, \u017ee projde asi miliardou mo\u017en\u00fdch iterac\u00ed a poskytne optim\u00e1ln\u00ed v\u00fdsledek. To omezuje a eliminuje prodlevy a z\u00e1kazn\u00edci si p\u0159esto mohou zvolit \u00fazk\u00e9 intervaly dod\u00e1n\u00ed. <\/p>\n<p>Nejsou to jedin\u00e9 mo\u017enosti. Pomoc\u00ed aplikace pl\u00e1nova\u010de dod\u00e1vek m\u016f\u017eete zv\u00e1\u017eit rozm\u011bry zbo\u017e\u00ed, pracovn\u00ed dobu skladu a dal\u0161\u00ed z\u00e1kladn\u00ed funkce pro doru\u010den\u00ed.<\/p>\n<\/p>\n<h3>Rychl\u00e9 pl\u00e1nov\u00e1n\u00ed<\/h3>\n<p>Za prv\u00e9, logistik nemus\u00ed pou\u017e\u00edvat r\u016fzn\u00e9 slu\u017eby  vytv\u00e1\u0159\u00ed trasy a sleduje prov\u00e1d\u011bn\u00ed objedn\u00e1vek v jednom okn\u011b. T\u00edm se ji\u017e \u010das zkracuje. Za druh\u00e9, logistik neztr\u00e1c\u00ed \u010das pl\u00e1nov\u00e1n\u00edm. Slu\u017eba automaticky vypo\u010d\u00edt\u00e1 trasy. <\/p>\n<p>Slu\u017eba zobrazuje trasu ka\u017ed\u00e9ho kur\u00fdra nebo vozidla, kolik objedn\u00e1vek bylo doru\u010deno a zda do\u0161lo k poru\u0161en\u00ed. <\/p>\n<p>Logistik m\u016f\u017ee tak\u00e9 ru\u010dn\u011b opravovat objedn\u00e1vky. To je v\u00fdhodn\u00e9, pokud se objevily nov\u00e9 objedn\u00e1vky. Nejprve slu\u017eba distribuuje v\u0161echny objedn\u00e1vky v\u0161em kur\u00fdr\u016fm. Pokud existuje nov\u00fd po\u017eadavek, logista p\u0159id\u00e1 bod na konci trasy kur\u00fdrovi, kter\u00fd je na cest\u011b. Pokud automaticky redistribuujete jednu trasu, v\u0161echny trasy budou znovu vytvo\u0159eny; to je nepohodln\u00e9.<\/p>\n<\/p>\n<h2><strong>Jak u\u0161et\u0159it n\u00e1klady na doru\u010den\u00ed?<\/strong><\/h2>\n<p>Aplikace pl\u00e1nova\u010de tras doru\u010den\u00ed vypo\u010d\u00edt\u00e1 mnoho tras, p\u0159i\u010dem\u017e zohledn\u00ed p\u0159edpov\u011b\u010f dopravn\u00edch z\u00e1cp, data o p\u0159edchoz\u00edch tras\u00e1ch, zp\u016fsob cestov\u00e1n\u00ed kur\u00fdr\u016f a nab\u00edz\u00ed nejlep\u0161\u00ed mo\u017enost.<\/p>\n<p>Nap\u0159\u00edklad z\u00edtra mus\u00edte dodat 750 objedn\u00e1vek. Dvacet kur\u00fdr\u016f doru\u010duje objedn\u00e1vky p\u011b\u0161ky, deset kur\u00fdr\u016f doru\u010duje ve\u0159ejnou dopravou a p\u011bt kur\u00fdr\u016f autem. <\/p>\n<p>Logistik vid\u00ed v aplikaci rozvrh pr\u00e1ce kur\u00fdr\u016f a kalend\u00e1\u0159 objedn\u00e1vek. K distribuci objedn\u00e1vek sta\u010d\u00ed kliknout na tla\u010d\u00edtko. Integrovan\u00e1 slu\u017eba sm\u011brov\u00e1n\u00ed automaticky ur\u010d\u00ed, kolik objedn\u00e1vek mohou zam\u011bstnanci dodat ve spr\u00e1vn\u00fd \u010das. Pokud je mnoho kur\u00fdr\u016f p\u011b\u0161ky, nab\u00eddn\u011bte dod\u00e1n\u00ed slu\u017eby p\u011b\u0161ky a nevolejte \u0159idi\u010d\u016fm, aby nepl\u00fdtvali palivem. Takhle je to levn\u011bj\u0161\u00ed.<\/p>\n<\/p>\n<h2><strong>Jak\u00fd software pro pl\u00e1nov\u00e1n\u00ed trasy doru\u010den\u00ed pou\u017e\u00edt?<\/strong><\/h2>\n<p>Nyn\u00ed je \u010das hledat ty spr\u00e1vn\u00e9 slu\u017eby. Pamatujte, \u017ee zde existuje spousta mo\u017enost\u00ed, ale spr\u00e1vn\u00fd pl\u00e1nova\u010d tras pro \u0159idi\u010de dod\u00e1vek je t\u00edm, co va\u0161emu podnik\u00e1n\u00ed p\u0159in\u00e1\u0161\u00ed skute\u010dnou hodnotu. Ka\u017ed\u00e1 platforma nenab\u00edz\u00ed dobr\u00e9 slu\u017eby za spr\u00e1vnou cenu. Tak\u00e9 m\u016f\u017ee b\u00fdt n\u00e1ro\u010dn\u00e9 zaplatit vy\u0161\u0161\u00ed cenu za nov\u00e9 podnik\u00e1n\u00ed. <\/p>\n<p>Pot\u0159ebujete tedy bal\u00ed\u010dek, kter\u00fd spl\u0148uje va\u0161e obchodn\u00ed po\u017eadavky. Zde je v\u0161e, co mus\u00edte vz\u00edt v \u00favahu: <\/p>\n<ul>\n<li>Rozumn\u00e9 ceny<\/li>\n<li>Mus\u00ed m\u00edt funkce v expedi\u010dn\u00edm syst\u00e9mu <\/li>\n<li>Jednoduch\u00e9 \u0159e\u0161en\u00ed pro v\u0161echny druhy obchodn\u00edch po\u017eadavk\u016f <\/li>\n<li>Zku\u0161ebn\u00ed verze zdarma: Zaregistrujte se na bezplatnou zku\u0161ebn\u00ed verzi a uvid\u00edte v\u00fdsledky sami! <\/li>\n<\/ul>\n<h2><strong>Pro\u010d si vybrat Logdio?<\/strong><\/h2>\n<p>Logdio v\u00e1m nab\u00edz\u00ed na\u0161e zku\u0161enosti s v\u00fdvojem a implementac\u00ed nejrychlej\u0161\u00edho pl\u00e1nova\u010de tras pro spr\u00e1vu doru\u010dovac\u00edch proces\u016f, kter\u00e9 \u00fasp\u011b\u0161n\u011b pou\u017e\u00edv\u00e1 mnoho na\u0161ich klient\u016f.<\/p>\n<p>Logdio je n\u00e1vrhov\u00fd syst\u00e9m, kter\u00fd v\u00e1m umo\u017e\u0148uje implementovat vlastn\u00ed doru\u010dovac\u00ed slu\u017ebu v podniku, automatizovat pr\u00e1ci a organizovat plnou kontrolu nad kur\u00fdry.<\/p>\n<p>Vyberte po\u017eadovanou funk\u010dnost, ur\u010dete \u00farove\u0148 p\u0159izp\u016fsoben\u00ed rozhran\u00ed, zahr\u0148te do sestavy dal\u0161\u00ed moduly a mo\u017enosti vyvinut\u00e9 pro va\u0161e podnik\u00e1n\u00ed. Aplikace pl\u00e1nova\u010de tras doru\u010dov\u00e1n\u00ed Logdio ve Velk\u00e9 Brit\u00e1nii provede cel\u00fd cyklus automatizace a p\u0159izp\u016fsoben\u00ed: od obchodn\u00ed anal\u00fdzy po implementaci.<\/p>\n<p>Pod\u00edvejte se na bezplatnou zku\u0161ebn\u00ed aplikaci \u201ePl\u00e1nova\u010d tras pro dodavatele\u201c a kontaktujte dal\u0161\u00ed podrobnosti. <\/p>\n\t\t\t\t\t\t\t\t<\/div>\n\t\t\t\t<\/div>\n\t\t\t\t\t<\/div>\n\t\t<\/div>\n\t\t\t\t\t<\/div>\n\t\t<\/section>\n\t\t\t\t<\/div>\n\t\t","protected":false},"excerpt":{"rendered":"<p> [&hellip;]<\/p>\n","protected":false},"author":1,"featured_media":0,"parent":0,"menu_order":0,"comment_status":"closed","ping_status":"closed","template":"elementor_header_footer","meta":{"footnotes":""},"class_list":["post-7531","page","type-page","status-publish","hentry"],"yoast_head":"<!-- This site is optimized with the Yoast SEO plugin v26.8 - https:\/\/yoast.com\/product\/yoast-seo-wordpress\/ -->\n<title>Pl\u00e1nova\u010d trasy doru\u010den\u00ed - Logdio - delivery management tool<\/title>\n<meta name=\"description\" content=\"Zvy\u0161te svou produktivitu pomoc\u00ed pl\u00e1nova\u010de tras dod\u00e1vek Logdis. Mapy Google u\u017e nebudou pot\u0159eba. Poskytujeme snadno pou\u017eitelnou aplikaci pro doru\u010dovac\u00ed firmy.\" \/>\n<meta name=\"robots\" content=\"index, follow, max-snippet:-1, max-image-preview:large, max-video-preview:-1\" \/>\n<link rel=\"canonical\" href=\"https:\/\/logdio.com\/cs\/planovac-trasy-doruceni\/\" \/>\n<meta property=\"og:locale\" content=\"cs_CZ\" \/>\n<meta property=\"og:type\" content=\"article\" \/>\n<meta property=\"og:title\" content=\"Pl\u00e1nova\u010d trasy doru\u010den\u00ed - Logdio - delivery management tool\" \/>\n<meta property=\"og:description\" content=\"Zvy\u0161te svou produktivitu pomoc\u00ed pl\u00e1nova\u010de tras dod\u00e1vek Logdis. Mapy Google u\u017e nebudou pot\u0159eba. Poskytujeme snadno pou\u017eitelnou aplikaci pro doru\u010dovac\u00ed firmy.\" \/>\n<meta property=\"og:url\" content=\"https:\/\/logdio.com\/cs\/planovac-trasy-doruceni\/\" \/>\n<meta property=\"og:site_name\" content=\"Logdio - delivery management tool\" \/>\n<meta property=\"article:publisher\" content=\"https:\/\/www.facebook.com\/logtime.eu\/\" \/>\n<meta property=\"article:modified_time\" content=\"2023-08-20T21:31:11+00:00\" \/>\n<meta name=\"twitter:card\" content=\"summary_large_image\" \/>\n<meta name=\"twitter:label1\" content=\"Odhadovan\u00e1 doba \u010dten\u00ed\" \/>\n\t<meta name=\"twitter:data1\" content=\"\" \/>\n<script type=\"application\/ld+json\" class=\"yoast-schema-graph\">{\"@context\":\"https:\/\/schema.org\",\"@graph\":[{\"@type\":\"WebPage\",\"@id\":\"https:\/\/logdio.com\/cs\/planovac-trasy-doruceni\/\",\"url\":\"https:\/\/logdio.com\/cs\/planovac-trasy-doruceni\/\",\"name\":\"Pl\u00e1nova\u010d trasy doru\u010den\u00ed - Logdio - delivery management tool\",\"isPartOf\":{\"@id\":\"https:\/\/logdio.com\/cs\/#website\"},\"datePublished\":\"2021-08-23T19:02:05+00:00\",\"dateModified\":\"2023-08-20T21:31:11+00:00\",\"description\":\"Zvy\u0161te svou produktivitu pomoc\u00ed pl\u00e1nova\u010de tras dod\u00e1vek Logdis. Mapy Google u\u017e nebudou pot\u0159eba. Poskytujeme snadno pou\u017eitelnou aplikaci pro doru\u010dovac\u00ed firmy.\",\"breadcrumb\":{\"@id\":\"https:\/\/logdio.com\/cs\/planovac-trasy-doruceni\/#breadcrumb\"},\"inLanguage\":\"\",\"potentialAction\":[{\"@type\":\"ReadAction\",\"target\":[\"https:\/\/logdio.com\/cs\/planovac-trasy-doruceni\/\"]}]},{\"@type\":\"BreadcrumbList\",\"@id\":\"https:\/\/logdio.com\/cs\/planovac-trasy-doruceni\/#breadcrumb\",\"itemListElement\":[{\"@type\":\"ListItem\",\"position\":1,\"name\":\"Home\",\"item\":\"https:\/\/logdio.com\/cs\/vstupni-stranka\/\"},{\"@type\":\"ListItem\",\"position\":2,\"name\":\"Pl\u00e1nova\u010d trasy doru\u010den\u00ed\"}]},{\"@type\":\"WebSite\",\"@id\":\"https:\/\/logdio.com\/cs\/#website\",\"url\":\"https:\/\/logdio.com\/cs\/\",\"name\":\"Logdio - delivery management tool\",\"description\":\"Next level delivery management software\",\"publisher\":{\"@id\":\"https:\/\/logdio.com\/cs\/#organization\"},\"potentialAction\":[{\"@type\":\"SearchAction\",\"target\":{\"@type\":\"EntryPoint\",\"urlTemplate\":\"https:\/\/logdio.com\/cs\/?s={search_term_string}\"},\"query-input\":{\"@type\":\"PropertyValueSpecification\",\"valueRequired\":true,\"valueName\":\"search_term_string\"}}],\"inLanguage\":\"\"},{\"@type\":\"Organization\",\"@id\":\"https:\/\/logdio.com\/cs\/#organization\",\"name\":\"Logdio\",\"url\":\"https:\/\/logdio.com\/cs\/\",\"logo\":{\"@type\":\"ImageObject\",\"inLanguage\":\"\",\"@id\":\"https:\/\/logdio.com\/cs\/#\/schema\/logo\/image\/\",\"url\":\"https:\/\/logdio.com\/wp-content\/uploads\/2021\/05\/Logdio.svg\",\"contentUrl\":\"https:\/\/logdio.com\/wp-content\/uploads\/2021\/05\/Logdio.svg\",\"width\":4.44919,\"height\":1.1285,\"caption\":\"Logdio\"},\"image\":{\"@id\":\"https:\/\/logdio.com\/cs\/#\/schema\/logo\/image\/\"},\"sameAs\":[\"https:\/\/www.facebook.com\/logtime.eu\/\",\"https:\/\/www.linkedin.com\/company\/logtime\"]}]}<\/script>\n<!-- \/ Yoast SEO plugin. -->","yoast_head_json":{"title":"Pl\u00e1nova\u010d trasy doru\u010den\u00ed - Logdio - delivery management tool","description":"Zvy\u0161te svou produktivitu pomoc\u00ed pl\u00e1nova\u010de tras dod\u00e1vek Logdis. Mapy Google u\u017e nebudou pot\u0159eba. Poskytujeme snadno pou\u017eitelnou aplikaci pro doru\u010dovac\u00ed firmy.","robots":{"index":"index","follow":"follow","max-snippet":"max-snippet:-1","max-image-preview":"max-image-preview:large","max-video-preview":"max-video-preview:-1"},"canonical":"https:\/\/logdio.com\/cs\/planovac-trasy-doruceni\/","og_locale":"cs_CZ","og_type":"article","og_title":"Pl\u00e1nova\u010d trasy doru\u010den\u00ed - Logdio - delivery management tool","og_description":"Zvy\u0161te svou produktivitu pomoc\u00ed pl\u00e1nova\u010de tras dod\u00e1vek Logdis. Mapy Google u\u017e nebudou pot\u0159eba. Poskytujeme snadno pou\u017eitelnou aplikaci pro doru\u010dovac\u00ed firmy.","og_url":"https:\/\/logdio.com\/cs\/planovac-trasy-doruceni\/","og_site_name":"Logdio - delivery management tool","article_publisher":"https:\/\/www.facebook.com\/logtime.eu\/","article_modified_time":"2023-08-20T21:31:11+00:00","twitter_card":"summary_large_image","twitter_misc":{"Odhadovan\u00e1 doba \u010dten\u00ed":""},"schema":{"@context":"https:\/\/schema.org","@graph":[{"@type":"WebPage","@id":"https:\/\/logdio.com\/cs\/planovac-trasy-doruceni\/","url":"https:\/\/logdio.com\/cs\/planovac-trasy-doruceni\/","name":"Pl\u00e1nova\u010d trasy doru\u010den\u00ed - Logdio - delivery management tool","isPartOf":{"@id":"https:\/\/logdio.com\/cs\/#website"},"datePublished":"2021-08-23T19:02:05+00:00","dateModified":"2023-08-20T21:31:11+00:00","description":"Zvy\u0161te svou produktivitu pomoc\u00ed pl\u00e1nova\u010de tras dod\u00e1vek Logdis. Mapy Google u\u017e nebudou pot\u0159eba. Poskytujeme snadno pou\u017eitelnou aplikaci pro doru\u010dovac\u00ed firmy.","breadcrumb":{"@id":"https:\/\/logdio.com\/cs\/planovac-trasy-doruceni\/#breadcrumb"},"inLanguage":"","potentialAction":[{"@type":"ReadAction","target":["https:\/\/logdio.com\/cs\/planovac-trasy-doruceni\/"]}]},{"@type":"BreadcrumbList","@id":"https:\/\/logdio.com\/cs\/planovac-trasy-doruceni\/#breadcrumb","itemListElement":[{"@type":"ListItem","position":1,"name":"Home","item":"https:\/\/logdio.com\/cs\/vstupni-stranka\/"},{"@type":"ListItem","position":2,"name":"Pl\u00e1nova\u010d trasy doru\u010den\u00ed"}]},{"@type":"WebSite","@id":"https:\/\/logdio.com\/cs\/#website","url":"https:\/\/logdio.com\/cs\/","name":"Logdio - delivery management tool","description":"Next level delivery management software","publisher":{"@id":"https:\/\/logdio.com\/cs\/#organization"},"potentialAction":[{"@type":"SearchAction","target":{"@type":"EntryPoint","urlTemplate":"https:\/\/logdio.com\/cs\/?s={search_term_string}"},"query-input":{"@type":"PropertyValueSpecification","valueRequired":true,"valueName":"search_term_string"}}],"inLanguage":""},{"@type":"Organization","@id":"https:\/\/logdio.com\/cs\/#organization","name":"Logdio","url":"https:\/\/logdio.com\/cs\/","logo":{"@type":"ImageObject","inLanguage":"","@id":"https:\/\/logdio.com\/cs\/#\/schema\/logo\/image\/","url":"https:\/\/logdio.com\/wp-content\/uploads\/2021\/05\/Logdio.svg","contentUrl":"https:\/\/logdio.com\/wp-content\/uploads\/2021\/05\/Logdio.svg","width":4.44919,"height":1.1285,"caption":"Logdio"},"image":{"@id":"https:\/\/logdio.com\/cs\/#\/schema\/logo\/image\/"},"sameAs":["https:\/\/www.facebook.com\/logtime.eu\/","https:\/\/www.linkedin.com\/company\/logtime"]}]}},"_links":{"self":[{"href":"https:\/\/logdio.com\/cs\/wp-json\/wp\/v2\/pages\/7531","targetHints":{"allow":["GET"]}}],"collection":[{"href":"https:\/\/logdio.com\/cs\/wp-json\/wp\/v2\/pages"}],"about":[{"href":"https:\/\/logdio.com\/cs\/wp-json\/wp\/v2\/types\/page"}],"author":[{"embeddable":true,"href":"https:\/\/logdio.com\/cs\/wp-json\/wp\/v2\/users\/1"}],"replies":[{"embeddable":true,"href":"https:\/\/logdio.com\/cs\/wp-json\/wp\/v2\/comments?post=7531"}],"version-history":[{"count":2,"href":"https:\/\/logdio.com\/cs\/wp-json\/wp\/v2\/pages\/7531\/revisions"}],"predecessor-version":[{"id":11580,"href":"https:\/\/logdio.com\/cs\/wp-json\/wp\/v2\/pages\/7531\/revisions\/11580"}],"wp:attachment":[{"href":"https:\/\/logdio.com\/cs\/wp-json\/wp\/v2\/media?parent=7531"}],"curies":[{"name":"wp","href":"https:\/\/api.w.org\/{rel}","templated":true}]}}