{"id":7497,"date":"2021-08-23T22:01:44","date_gmt":"2021-08-23T19:01:44","guid":{"rendered":"https:\/\/logdio.com\/kuryrni-software-pro-planovani-tras\/"},"modified":"2021-09-13T17:12:39","modified_gmt":"2021-09-13T14:12:39","slug":"kuryrni-software-pro-planovani-tras","status":"publish","type":"page","link":"https:\/\/logdio.com\/cs\/kuryrni-software-pro-planovani-tras\/","title":{"rendered":"Kur\u00fdrn\u00ed software pro pl\u00e1nov\u00e1n\u00ed tras"},"content":{"rendered":"\t\t<div data-elementor-type=\"wp-page\" data-elementor-id=\"7497\" class=\"elementor elementor-7497 elementor-1055\" data-elementor-post-type=\"page\">\n\t\t\t\t\t\t<section class=\"has_ma_el_bg_slider elementor-section elementor-top-section elementor-element elementor-element-a6afc90 elementor-section-boxed elementor-section-height-default elementor-section-height-default jltma-glass-effect-no\" data-id=\"a6afc90\" data-element_type=\"section\" data-e-type=\"section\" data-settings=\"{&quot;jet_parallax_layout_list&quot;:[{&quot;jet_parallax_layout_image&quot;:{&quot;url&quot;:&quot;&quot;,&quot;id&quot;:&quot;&quot;,&quot;size&quot;:&quot;&quot;},&quot;_id&quot;:&quot;1632b6e&quot;,&quot;jet_parallax_layout_image_tablet&quot;:{&quot;url&quot;:&quot;&quot;,&quot;id&quot;:&quot;&quot;,&quot;size&quot;:&quot;&quot;},&quot;jet_parallax_layout_image_mobile&quot;:{&quot;url&quot;:&quot;&quot;,&quot;id&quot;:&quot;&quot;,&quot;size&quot;:&quot;&quot;},&quot;jet_parallax_layout_speed&quot;:{&quot;unit&quot;:&quot;%&quot;,&quot;size&quot;:50,&quot;sizes&quot;:[]},&quot;jet_parallax_layout_type&quot;:&quot;scroll&quot;,&quot;jet_parallax_layout_direction&quot;:null,&quot;jet_parallax_layout_fx_direction&quot;:null,&quot;jet_parallax_layout_z_index&quot;:&quot;&quot;,&quot;jet_parallax_layout_bg_x&quot;:50,&quot;jet_parallax_layout_bg_x_tablet&quot;:&quot;&quot;,&quot;jet_parallax_layout_bg_x_mobile&quot;:&quot;&quot;,&quot;jet_parallax_layout_bg_y&quot;:50,&quot;jet_parallax_layout_bg_y_tablet&quot;:&quot;&quot;,&quot;jet_parallax_layout_bg_y_mobile&quot;:&quot;&quot;,&quot;jet_parallax_layout_bg_size&quot;:&quot;auto&quot;,&quot;jet_parallax_layout_bg_size_tablet&quot;:&quot;&quot;,&quot;jet_parallax_layout_bg_size_mobile&quot;:&quot;&quot;,&quot;jet_parallax_layout_animation_prop&quot;:&quot;transform&quot;,&quot;jet_parallax_layout_on&quot;:[&quot;desktop&quot;,&quot;tablet&quot;]}]}\">\n\t\t\t\t\t\t<div class=\"elementor-container elementor-column-gap-default\">\n\t\t\t\t\t<div class=\"has_ma_el_bg_slider elementor-column elementor-col-100 elementor-top-column elementor-element elementor-element-9dbd7a5 jltma-glass-effect-no\" data-id=\"9dbd7a5\" data-element_type=\"column\" data-e-type=\"column\">\n\t\t\t<div class=\"elementor-widget-wrap elementor-element-populated\">\n\t\t\t\t\t\t<div class=\"elementor-element elementor-element-096e315 jltma-glass-effect-no elementor-widget elementor-widget-heading\" data-id=\"096e315\" data-element_type=\"widget\" data-e-type=\"widget\" data-widget_type=\"heading.default\">\n\t\t\t\t<div class=\"elementor-widget-container\">\n\t\t\t\t\t<h1 class=\"elementor-heading-title elementor-size-default\">Kur\u00fdrn\u00ed software pro pl\u00e1nov\u00e1n\u00ed trasy<\/h1>\t\t\t\t<\/div>\n\t\t\t\t<\/div>\n\t\t\t\t\t<\/div>\n\t\t<\/div>\n\t\t\t\t\t<\/div>\n\t\t<\/section>\n\t\t\t\t<section class=\"has_ma_el_bg_slider elementor-section elementor-top-section elementor-element elementor-element-8cd51f7 elementor-section-boxed elementor-section-height-default elementor-section-height-default jltma-glass-effect-no\" data-id=\"8cd51f7\" data-element_type=\"section\" data-e-type=\"section\" data-settings=\"{&quot;jet_parallax_layout_list&quot;:[{&quot;jet_parallax_layout_image&quot;:{&quot;url&quot;:&quot;&quot;,&quot;id&quot;:&quot;&quot;,&quot;size&quot;:&quot;&quot;},&quot;_id&quot;:&quot;30d0d76&quot;,&quot;jet_parallax_layout_image_tablet&quot;:{&quot;url&quot;:&quot;&quot;,&quot;id&quot;:&quot;&quot;,&quot;size&quot;:&quot;&quot;},&quot;jet_parallax_layout_image_mobile&quot;:{&quot;url&quot;:&quot;&quot;,&quot;id&quot;:&quot;&quot;,&quot;size&quot;:&quot;&quot;},&quot;jet_parallax_layout_speed&quot;:{&quot;unit&quot;:&quot;%&quot;,&quot;size&quot;:50,&quot;sizes&quot;:[]},&quot;jet_parallax_layout_type&quot;:&quot;scroll&quot;,&quot;jet_parallax_layout_direction&quot;:null,&quot;jet_parallax_layout_fx_direction&quot;:null,&quot;jet_parallax_layout_z_index&quot;:&quot;&quot;,&quot;jet_parallax_layout_bg_x&quot;:50,&quot;jet_parallax_layout_bg_x_tablet&quot;:&quot;&quot;,&quot;jet_parallax_layout_bg_x_mobile&quot;:&quot;&quot;,&quot;jet_parallax_layout_bg_y&quot;:50,&quot;jet_parallax_layout_bg_y_tablet&quot;:&quot;&quot;,&quot;jet_parallax_layout_bg_y_mobile&quot;:&quot;&quot;,&quot;jet_parallax_layout_bg_size&quot;:&quot;auto&quot;,&quot;jet_parallax_layout_bg_size_tablet&quot;:&quot;&quot;,&quot;jet_parallax_layout_bg_size_mobile&quot;:&quot;&quot;,&quot;jet_parallax_layout_animation_prop&quot;:&quot;transform&quot;,&quot;jet_parallax_layout_on&quot;:[&quot;desktop&quot;,&quot;tablet&quot;]}]}\">\n\t\t\t\t\t\t<div class=\"elementor-container elementor-column-gap-default\">\n\t\t\t\t\t<div class=\"has_ma_el_bg_slider elementor-column elementor-col-100 elementor-top-column elementor-element elementor-element-0dc1596 jltma-glass-effect-no\" data-id=\"0dc1596\" data-element_type=\"column\" data-e-type=\"column\">\n\t\t\t<div class=\"elementor-widget-wrap elementor-element-populated\">\n\t\t\t\t\t\t<div class=\"elementor-element elementor-element-89bcbea jltma-glass-effect-no elementor-widget elementor-widget-text-editor\" data-id=\"89bcbea\" data-element_type=\"widget\" data-e-type=\"widget\" data-widget_type=\"text-editor.default\">\n\t\t\t\t<div class=\"elementor-widget-container\">\n\t\t\t\t\t\t\t\t\t<p>Provozujete prodejn\u00ed s\u00edly v ter\u00e9nu, \u0159\u00edd\u00edte flotilu doru\u010dovac\u00edch vozidel (doru\u010dov\u00e1n\u00ed bal\u00edk\u016f nebo dod\u00e1vka zbo\u017e\u00ed) nebo spravujete logistiku pro spole\u010dnost, kter\u00e1 sb\u00edr\u00e1 a dod\u00e1v\u00e1 zbo\u017e\u00ed od domu k domu? Zaj\u00edm\u00e1 v\u00e1s n\u011bjak optimalizace p\u0159epravy va\u0161\u00ed firmy? Kur\u00fdrn\u00ed software je nejjist\u011bj\u0161\u00ed zp\u016fsob, jak zlep\u0161it provozn\u00ed efektivitu va\u0161\u00ed firmy.<\/p>\n<p>Spr\u00e1vn\u00fd pl\u00e1nova\u010d tras kur\u00fdr\u016f zkr\u00e1t\u00ed prostoje a dramaticky zv\u00fd\u0161\u00ed produktivitu. To je d\u016fvod, pro\u010d se st\u00e1v\u00e1 celosv\u011btov\u011b popul\u00e1rn\u00ed.<\/p>\n<\/p>\n<h2><strong>Co je kur\u00fdrn\u00ed software?<\/strong><\/h2>\n<p>Courier software je syst\u00e9m spr\u00e1vy kur\u00fdr\u016f, kter\u00fd ur\u010duje \u010dasov\u011b nejn\u00e1ro\u010dn\u011bj\u0161\u00ed cestovn\u00ed pl\u00e1ny na z\u00e1klad\u011b vn\u011bj\u0161\u00edch faktor\u016f, jako jsou dopravn\u00ed z\u00e1cpy, denn\u00ed doba a po\u010das\u00ed. K ur\u010den\u00ed nejefektivn\u011bj\u0161\u00ed trasy pro u\u017eivatele pou\u017e\u00edv\u00e1 pokro\u010dil\u00e9 algoritmy. Analyzuje po\u017eadavky na p\u0159epravu zbo\u017e\u00ed, nosnost vozidla, harmonogram prac\u00ed a ostatn\u00ed \u0159idi\u010de a navrhne optim\u00e1ln\u00ed \u00fapravy pohybu.<\/p>\n<p>Podle odhadu software pro spr\u00e1vu kur\u00fdr\u016f sni\u017euje denn\u00ed po\u010det najet\u00fdch kilometr\u016f vozidel o 10\u201320%. Zvy\u0161uje efektivn\u00ed vyu\u017eit\u00ed vozov\u00e9ho parku. N\u011bkter\u00e9 dal\u0161\u00ed funkce jsou: <\/p>\n<p><strong>Integrace se syst\u00e9my sledov\u00e1n\u00ed GPS \/ Glonass<\/strong> na z\u00e1klad\u011b informac\u00ed p\u0159ijat\u00fdch ze za\u0159\u00edzen\u00ed Android nebo GPS trackeru obdr\u017e\u00edte informace o poloze vozidla. Slu\u017eba sleduje pohyb po trase dod\u00e1vky zbo\u017e\u00ed a zaznamen\u00e1v\u00e1 odchylky v \u010dase a geografii. Informace jsou p\u0159ed\u00e1ny dispe\u010derovi ke zpracov\u00e1n\u00ed a p\u0159ijet\u00ed p\u0159\u00edslu\u0161n\u00fdch rozhodnut\u00ed.<\/p>\n<\/p>\n<h3>Sn\u00ed\u017een\u00e9 n\u00e1klady<\/h3>\n<p>Jak\u00fdkoli software pro spr\u00e1vu kur\u00fdr\u016f, je -li pou\u017e\u00edv\u00e1n moud\u0159e, m\u016f\u017ee v\u00fdrazn\u011b zkr\u00e1tit dobu cestov\u00e1n\u00ed. To zase exponenci\u00e1ln\u011b sni\u017euje n\u00e1klady na kur\u00fdry. Optimalizovan\u00e9 trasy v\u00e1m mohou pomoci sn\u00ed\u017eit n\u00e1klady dv\u011bma hlavn\u00edmi zp\u016fsoby:<\/p>\n<h3>Sn\u00ed\u017eila se spot\u0159eba paliva<\/h3>\n<p> Vzhledem k tomu, \u017ee vozov\u00fd park tr\u00e1v\u00ed m\u00e9n\u011b \u010dasu na silnici, je spot\u0159eba paliva \u00fadajn\u011b ni\u017e\u0161\u00ed. To znamen\u00e1, \u017ee ni\u017e\u0161\u00ed spot\u0159eba vede k ni\u017e\u0161\u00edm n\u00e1klad\u016fm.<\/p>\n<h3>Sn\u00ed\u017een\u00e9 n\u00e1klady na \u00fadr\u017ebu<\/h3>\n<p> Proto\u017ee vozidla netr\u00e1v\u00ed p\u0159\u00edli\u0161 mnoho \u010dasu na silnici, sni\u017euje se jejich b\u011b\u017en\u00e9 opot\u0159eben\u00ed. To m\u00e1 za n\u00e1sledek ni\u017e\u0161\u00ed n\u00e1klady na \u00fadr\u017ebu.<\/p>\n<h3>Zvy\u0161te produktivitu<\/h3>\n<p>Kur\u00fdrn\u00ed pl\u00e1nova\u010d tras \u0161et\u0159\u00ed \u010das i zdroje. Zvl\u00e1d\u00e1 slo\u017eit\u00e9 \u00fakoly za v\u00e1s. Nemus\u00edte ztr\u00e1cet \u010das pl\u00e1nov\u00e1n\u00edm tras. To zvy\u0161uje celkovou produktivitu vozov\u00e9ho parku a umo\u017e\u0148uje rychlej\u0161\u00ed a v\u010dasn\u011bj\u0161\u00ed dokon\u010den\u00ed zak\u00e1zek.<\/p>\n<h3>Zv\u00fd\u0161en\u00e1 spokojenost z\u00e1kazn\u00edk\u016f<\/h3>\n<p>Je zn\u00e1mou skute\u010dnost\u00ed, \u017ee spokojen\u00ed z\u00e1kazn\u00edci nakupuj\u00ed zbo\u017e\u00ed. Pokud dok\u00e1\u017eete nab\u00eddnout sv\u00e9 slu\u017eby v\u010das, va\u0161i z\u00e1kazn\u00edci z v\u00e1s budou m\u00edt radost. Syst\u00e9m spr\u00e1vy kur\u00fdr\u016f zaji\u0161\u0165uje, \u017ee spr\u00e1vn\u00fd \u0159idi\u010d doraz\u00ed ve spr\u00e1vn\u00fd \u010das ke spr\u00e1vn\u00e9mu z\u00e1kazn\u00edkovi bez mo\u017enosti n\u00e1vratu.<\/p>\n<h3>Pom\u00e1h\u00e1 nadhodnocovat zdroje<\/h3>\n<p>Je mo\u017en\u00e9, \u017ee pou\u017e\u00edv\u00e1te v\u00edce zdroj\u016f, ne\u017e je skute\u010dn\u011b nutn\u00e9 k poskytov\u00e1n\u00ed nebo poskytov\u00e1n\u00ed slu\u017eeb. N\u00e1stroj pro optimalizaci kur\u00fdr\u016f pom\u00e1h\u00e1 p\u0159edefinovat po\u010det vozidel pot\u0159ebn\u00fdch k provozu. M\u016f\u017eete t\u011b\u017eit ze sn\u00ed\u017een\u00e9ho mno\u017estv\u00ed a t\u00edm ze sn\u00ed\u017een\u00ed n\u00e1klad\u016f.<\/p>\n<p>Nyn\u00ed v\u00edte, co je software Courier a pro\u010d je d\u016fle\u017eit\u00fd. Nyn\u00ed mo\u017en\u00e1 p\u0159em\u00fd\u0161l\u00edte o tom, jak\u00fd software je pro va\u0161e podnik\u00e1n\u00ed ten prav\u00fd? <\/p>\n<\/p>\n<h2>Jak\u00fd software pro spr\u00e1vu kur\u00fdr\u016f si vybrat?<\/h2>\n<p>Existuje mnoho zdroj\u016f, kter\u00e9 nab\u00edzej\u00ed seznamy a v\u00fdb\u011br program\u016f pro optimalizaci kur\u00fdr\u016f. Je t\u0159eba vz\u00edt v \u00favahu mnoho faktor\u016f, jako je cena, nab\u00edzen\u00e9 funkce, c\u00edlov\u00e9 publikum a dal\u0161\u00ed parametry.<\/p>\n<p>P\u0159i v\u00fdb\u011bru softwaru pro spr\u00e1vu kur\u00fdr\u016f ur\u010dete, kter\u00e9 funkce jsou zahrnuty v cen\u011b a kter\u00e9 jsou poskytov\u00e1ny za p\u0159\u00edplatek. Up\u0159ednostn\u011bte ty syst\u00e9my, jejich\u017e cena zahrnuje tak\u00e9 technickou podporu a aktualizace.<\/p>\n<\/p>\n<h2><strong>Pro\u010d si vybrat Logdio?<\/strong><\/h2>\n<p>V Logdio je implementov\u00e1na funkce sestaven\u00ed optim\u00e1ln\u00ed trasy pro kur\u00fdra a v\u00fdpo\u010det \u010dasu s ohledem na dopravn\u00ed z\u00e1cpy. \u00dakoly kur\u00fdrovi jsou rozd\u011bleny podle priorit a dodac\u00ed lh\u016fty. Pro kur\u00fdry je k dispozici funkce GPS-tracker (polohu kur\u00fdra m\u016f\u017eete na map\u011b sledovat v re\u00e1ln\u00e9m \u010dase). Software m\u00e1 p\u0159\u00e1telsk\u00e9 rozhran\u00ed. Je tak\u00e9 mo\u017en\u00e9 p\u0159ev\u00e9st objedn\u00e1vky na jin\u00e9ho kur\u00fdra (nap\u0159\u00edklad v p\u0159\u00edpad\u011b poruchy auta). Nejlep\u0161\u00ed na Logdio je, \u017ee je cenov\u011b dostupn\u00fd. Za pou\u017e\u00edv\u00e1n\u00ed tohoto produktivn\u00edho softwaru nemus\u00edte platit velkou \u010d\u00e1stku. Je to tedy nejlep\u0161\u00ed \u0159e\u0161en\u00ed pro danou pr\u00e1ci. <\/p>\n\t\t\t\t\t\t\t\t<\/div>\n\t\t\t\t<\/div>\n\t\t\t\t\t<\/div>\n\t\t<\/div>\n\t\t\t\t\t<\/div>\n\t\t<\/section>\n\t\t\t\t<\/div>\n\t\t","protected":false},"excerpt":{"rendered":"<p> [&hellip;]<\/p>\n","protected":false},"author":1,"featured_media":0,"parent":0,"menu_order":0,"comment_status":"closed","ping_status":"closed","template":"elementor_header_footer","meta":{"footnotes":""},"class_list":["post-7497","page","type-page","status-publish","hentry"],"yoast_head":"<!-- This site is optimized with the Yoast SEO plugin v26.8 - https:\/\/yoast.com\/product\/yoast-seo-wordpress\/ -->\n<title>Kur\u00fdrn\u00ed software pro pl\u00e1nov\u00e1n\u00ed tras - Logdio - delivery management tool<\/title>\n<meta name=\"description\" content=\"Zvy\u0161te produktivitu kur\u00fdr\u016f pomoc\u00ed softwaru pro pl\u00e1nov\u00e1n\u00ed tras Logdis. V\u0161e v jednom \u0159e\u0161en\u00ed pro doru\u010dovac\u00ed firmy.\" \/>\n<meta name=\"robots\" content=\"index, follow, max-snippet:-1, max-image-preview:large, max-video-preview:-1\" \/>\n<link rel=\"canonical\" href=\"https:\/\/logdio.com\/cs\/kuryrni-software-pro-planovani-tras\/\" \/>\n<meta property=\"og:locale\" content=\"cs_CZ\" \/>\n<meta property=\"og:type\" content=\"article\" \/>\n<meta property=\"og:title\" content=\"Kur\u00fdrn\u00ed software pro pl\u00e1nov\u00e1n\u00ed tras - Logdio - delivery management tool\" \/>\n<meta property=\"og:description\" content=\"Zvy\u0161te produktivitu kur\u00fdr\u016f pomoc\u00ed softwaru pro pl\u00e1nov\u00e1n\u00ed tras Logdis. V\u0161e v jednom \u0159e\u0161en\u00ed pro doru\u010dovac\u00ed firmy.\" \/>\n<meta property=\"og:url\" content=\"https:\/\/logdio.com\/cs\/kuryrni-software-pro-planovani-tras\/\" \/>\n<meta property=\"og:site_name\" content=\"Logdio - delivery management tool\" \/>\n<meta property=\"article:publisher\" content=\"https:\/\/www.facebook.com\/logtime.eu\/\" \/>\n<meta property=\"article:modified_time\" content=\"2021-09-13T14:12:39+00:00\" \/>\n<meta name=\"twitter:card\" content=\"summary_large_image\" \/>\n<meta name=\"twitter:label1\" content=\"Odhadovan\u00e1 doba \u010dten\u00ed\" \/>\n\t<meta name=\"twitter:data1\" content=\"\" \/>\n<script type=\"application\/ld+json\" class=\"yoast-schema-graph\">{\"@context\":\"https:\/\/schema.org\",\"@graph\":[{\"@type\":\"WebPage\",\"@id\":\"https:\/\/logdio.com\/cs\/kuryrni-software-pro-planovani-tras\/\",\"url\":\"https:\/\/logdio.com\/cs\/kuryrni-software-pro-planovani-tras\/\",\"name\":\"Kur\u00fdrn\u00ed software pro pl\u00e1nov\u00e1n\u00ed tras - Logdio - delivery management tool\",\"isPartOf\":{\"@id\":\"https:\/\/logdio.com\/cs\/#website\"},\"datePublished\":\"2021-08-23T19:01:44+00:00\",\"dateModified\":\"2021-09-13T14:12:39+00:00\",\"description\":\"Zvy\u0161te produktivitu kur\u00fdr\u016f pomoc\u00ed softwaru pro pl\u00e1nov\u00e1n\u00ed tras Logdis. V\u0161e v jednom \u0159e\u0161en\u00ed pro doru\u010dovac\u00ed firmy.\",\"breadcrumb\":{\"@id\":\"https:\/\/logdio.com\/cs\/kuryrni-software-pro-planovani-tras\/#breadcrumb\"},\"inLanguage\":\"\",\"potentialAction\":[{\"@type\":\"ReadAction\",\"target\":[\"https:\/\/logdio.com\/cs\/kuryrni-software-pro-planovani-tras\/\"]}]},{\"@type\":\"BreadcrumbList\",\"@id\":\"https:\/\/logdio.com\/cs\/kuryrni-software-pro-planovani-tras\/#breadcrumb\",\"itemListElement\":[{\"@type\":\"ListItem\",\"position\":1,\"name\":\"Home\",\"item\":\"https:\/\/logdio.com\/cs\/vstupni-stranka\/\"},{\"@type\":\"ListItem\",\"position\":2,\"name\":\"Kur\u00fdrn\u00ed software pro pl\u00e1nov\u00e1n\u00ed tras\"}]},{\"@type\":\"WebSite\",\"@id\":\"https:\/\/logdio.com\/cs\/#website\",\"url\":\"https:\/\/logdio.com\/cs\/\",\"name\":\"Logdio - delivery management tool\",\"description\":\"Next level delivery management software\",\"publisher\":{\"@id\":\"https:\/\/logdio.com\/cs\/#organization\"},\"potentialAction\":[{\"@type\":\"SearchAction\",\"target\":{\"@type\":\"EntryPoint\",\"urlTemplate\":\"https:\/\/logdio.com\/cs\/?s={search_term_string}\"},\"query-input\":{\"@type\":\"PropertyValueSpecification\",\"valueRequired\":true,\"valueName\":\"search_term_string\"}}],\"inLanguage\":\"\"},{\"@type\":\"Organization\",\"@id\":\"https:\/\/logdio.com\/cs\/#organization\",\"name\":\"Logdio\",\"url\":\"https:\/\/logdio.com\/cs\/\",\"logo\":{\"@type\":\"ImageObject\",\"inLanguage\":\"\",\"@id\":\"https:\/\/logdio.com\/cs\/#\/schema\/logo\/image\/\",\"url\":\"https:\/\/logdio.com\/wp-content\/uploads\/2021\/05\/Logdio.svg\",\"contentUrl\":\"https:\/\/logdio.com\/wp-content\/uploads\/2021\/05\/Logdio.svg\",\"width\":4.44919,\"height\":1.1285,\"caption\":\"Logdio\"},\"image\":{\"@id\":\"https:\/\/logdio.com\/cs\/#\/schema\/logo\/image\/\"},\"sameAs\":[\"https:\/\/www.facebook.com\/logtime.eu\/\",\"https:\/\/www.linkedin.com\/company\/logtime\"]}]}<\/script>\n<!-- \/ Yoast SEO plugin. -->","yoast_head_json":{"title":"Kur\u00fdrn\u00ed software pro pl\u00e1nov\u00e1n\u00ed tras - Logdio - delivery management tool","description":"Zvy\u0161te produktivitu kur\u00fdr\u016f pomoc\u00ed softwaru pro pl\u00e1nov\u00e1n\u00ed tras Logdis. V\u0161e v jednom \u0159e\u0161en\u00ed pro doru\u010dovac\u00ed firmy.","robots":{"index":"index","follow":"follow","max-snippet":"max-snippet:-1","max-image-preview":"max-image-preview:large","max-video-preview":"max-video-preview:-1"},"canonical":"https:\/\/logdio.com\/cs\/kuryrni-software-pro-planovani-tras\/","og_locale":"cs_CZ","og_type":"article","og_title":"Kur\u00fdrn\u00ed software pro pl\u00e1nov\u00e1n\u00ed tras - Logdio - delivery management tool","og_description":"Zvy\u0161te produktivitu kur\u00fdr\u016f pomoc\u00ed softwaru pro pl\u00e1nov\u00e1n\u00ed tras Logdis. V\u0161e v jednom \u0159e\u0161en\u00ed pro doru\u010dovac\u00ed firmy.","og_url":"https:\/\/logdio.com\/cs\/kuryrni-software-pro-planovani-tras\/","og_site_name":"Logdio - delivery management tool","article_publisher":"https:\/\/www.facebook.com\/logtime.eu\/","article_modified_time":"2021-09-13T14:12:39+00:00","twitter_card":"summary_large_image","twitter_misc":{"Odhadovan\u00e1 doba \u010dten\u00ed":""},"schema":{"@context":"https:\/\/schema.org","@graph":[{"@type":"WebPage","@id":"https:\/\/logdio.com\/cs\/kuryrni-software-pro-planovani-tras\/","url":"https:\/\/logdio.com\/cs\/kuryrni-software-pro-planovani-tras\/","name":"Kur\u00fdrn\u00ed software pro pl\u00e1nov\u00e1n\u00ed tras - Logdio - delivery management tool","isPartOf":{"@id":"https:\/\/logdio.com\/cs\/#website"},"datePublished":"2021-08-23T19:01:44+00:00","dateModified":"2021-09-13T14:12:39+00:00","description":"Zvy\u0161te produktivitu kur\u00fdr\u016f pomoc\u00ed softwaru pro pl\u00e1nov\u00e1n\u00ed tras Logdis. V\u0161e v jednom \u0159e\u0161en\u00ed pro doru\u010dovac\u00ed firmy.","breadcrumb":{"@id":"https:\/\/logdio.com\/cs\/kuryrni-software-pro-planovani-tras\/#breadcrumb"},"inLanguage":"","potentialAction":[{"@type":"ReadAction","target":["https:\/\/logdio.com\/cs\/kuryrni-software-pro-planovani-tras\/"]}]},{"@type":"BreadcrumbList","@id":"https:\/\/logdio.com\/cs\/kuryrni-software-pro-planovani-tras\/#breadcrumb","itemListElement":[{"@type":"ListItem","position":1,"name":"Home","item":"https:\/\/logdio.com\/cs\/vstupni-stranka\/"},{"@type":"ListItem","position":2,"name":"Kur\u00fdrn\u00ed software pro pl\u00e1nov\u00e1n\u00ed tras"}]},{"@type":"WebSite","@id":"https:\/\/logdio.com\/cs\/#website","url":"https:\/\/logdio.com\/cs\/","name":"Logdio - delivery management tool","description":"Next level delivery management software","publisher":{"@id":"https:\/\/logdio.com\/cs\/#organization"},"potentialAction":[{"@type":"SearchAction","target":{"@type":"EntryPoint","urlTemplate":"https:\/\/logdio.com\/cs\/?s={search_term_string}"},"query-input":{"@type":"PropertyValueSpecification","valueRequired":true,"valueName":"search_term_string"}}],"inLanguage":""},{"@type":"Organization","@id":"https:\/\/logdio.com\/cs\/#organization","name":"Logdio","url":"https:\/\/logdio.com\/cs\/","logo":{"@type":"ImageObject","inLanguage":"","@id":"https:\/\/logdio.com\/cs\/#\/schema\/logo\/image\/","url":"https:\/\/logdio.com\/wp-content\/uploads\/2021\/05\/Logdio.svg","contentUrl":"https:\/\/logdio.com\/wp-content\/uploads\/2021\/05\/Logdio.svg","width":4.44919,"height":1.1285,"caption":"Logdio"},"image":{"@id":"https:\/\/logdio.com\/cs\/#\/schema\/logo\/image\/"},"sameAs":["https:\/\/www.facebook.com\/logtime.eu\/","https:\/\/www.linkedin.com\/company\/logtime"]}]}},"_links":{"self":[{"href":"https:\/\/logdio.com\/cs\/wp-json\/wp\/v2\/pages\/7497","targetHints":{"allow":["GET"]}}],"collection":[{"href":"https:\/\/logdio.com\/cs\/wp-json\/wp\/v2\/pages"}],"about":[{"href":"https:\/\/logdio.com\/cs\/wp-json\/wp\/v2\/types\/page"}],"author":[{"embeddable":true,"href":"https:\/\/logdio.com\/cs\/wp-json\/wp\/v2\/users\/1"}],"replies":[{"embeddable":true,"href":"https:\/\/logdio.com\/cs\/wp-json\/wp\/v2\/comments?post=7497"}],"version-history":[{"count":3,"href":"https:\/\/logdio.com\/cs\/wp-json\/wp\/v2\/pages\/7497\/revisions"}],"predecessor-version":[{"id":13850,"href":"https:\/\/logdio.com\/cs\/wp-json\/wp\/v2\/pages\/7497\/revisions\/13850"}],"wp:attachment":[{"href":"https:\/\/logdio.com\/cs\/wp-json\/wp\/v2\/media?parent=7497"}],"curies":[{"name":"wp","href":"https:\/\/api.w.org\/{rel}","templated":true}]}}