{"id":7482,"date":"2021-08-23T22:01:38","date_gmt":"2021-08-23T19:01:38","guid":{"rendered":"https:\/\/logdio.com\/stehovaci-software\/"},"modified":"2021-09-13T17:11:40","modified_gmt":"2021-09-13T14:11:40","slug":"stehovaci-software","status":"publish","type":"page","link":"https:\/\/logdio.com\/cs\/stehovaci-software\/","title":{"rendered":"St\u011bhovac\u00ed software"},"content":{"rendered":"\t\t<div data-elementor-type=\"wp-page\" data-elementor-id=\"7482\" class=\"elementor elementor-7482 elementor-1057\" data-elementor-post-type=\"page\">\n\t\t\t\t\t\t<section class=\"has_ma_el_bg_slider elementor-section elementor-top-section elementor-element elementor-element-4c6dc8e elementor-section-boxed elementor-section-height-default elementor-section-height-default jltma-glass-effect-no\" data-id=\"4c6dc8e\" data-element_type=\"section\" data-e-type=\"section\" data-settings=\"{&quot;jet_parallax_layout_list&quot;:[{&quot;jet_parallax_layout_image&quot;:{&quot;url&quot;:&quot;&quot;,&quot;id&quot;:&quot;&quot;,&quot;size&quot;:&quot;&quot;},&quot;_id&quot;:&quot;0cca513&quot;,&quot;jet_parallax_layout_image_tablet&quot;:{&quot;url&quot;:&quot;&quot;,&quot;id&quot;:&quot;&quot;,&quot;size&quot;:&quot;&quot;},&quot;jet_parallax_layout_image_mobile&quot;:{&quot;url&quot;:&quot;&quot;,&quot;id&quot;:&quot;&quot;,&quot;size&quot;:&quot;&quot;},&quot;jet_parallax_layout_speed&quot;:{&quot;unit&quot;:&quot;%&quot;,&quot;size&quot;:50,&quot;sizes&quot;:[]},&quot;jet_parallax_layout_type&quot;:&quot;scroll&quot;,&quot;jet_parallax_layout_direction&quot;:null,&quot;jet_parallax_layout_fx_direction&quot;:null,&quot;jet_parallax_layout_z_index&quot;:&quot;&quot;,&quot;jet_parallax_layout_bg_x&quot;:50,&quot;jet_parallax_layout_bg_x_tablet&quot;:&quot;&quot;,&quot;jet_parallax_layout_bg_x_mobile&quot;:&quot;&quot;,&quot;jet_parallax_layout_bg_y&quot;:50,&quot;jet_parallax_layout_bg_y_tablet&quot;:&quot;&quot;,&quot;jet_parallax_layout_bg_y_mobile&quot;:&quot;&quot;,&quot;jet_parallax_layout_bg_size&quot;:&quot;auto&quot;,&quot;jet_parallax_layout_bg_size_tablet&quot;:&quot;&quot;,&quot;jet_parallax_layout_bg_size_mobile&quot;:&quot;&quot;,&quot;jet_parallax_layout_animation_prop&quot;:&quot;transform&quot;,&quot;jet_parallax_layout_on&quot;:[&quot;desktop&quot;,&quot;tablet&quot;]}]}\">\n\t\t\t\t\t\t<div class=\"elementor-container elementor-column-gap-default\">\n\t\t\t\t\t<div class=\"has_ma_el_bg_slider elementor-column elementor-col-100 elementor-top-column elementor-element elementor-element-d0dcb32 jltma-glass-effect-no\" data-id=\"d0dcb32\" data-element_type=\"column\" data-e-type=\"column\">\n\t\t\t<div class=\"elementor-widget-wrap elementor-element-populated\">\n\t\t\t\t\t\t<div class=\"elementor-element elementor-element-39d830a jltma-glass-effect-no elementor-widget elementor-widget-heading\" data-id=\"39d830a\" data-element_type=\"widget\" data-e-type=\"widget\" data-widget_type=\"heading.default\">\n\t\t\t\t<div class=\"elementor-widget-container\">\n\t\t\t\t\t<h1 class=\"elementor-heading-title elementor-size-default\">St\u011bhovac\u00ed software<\/h1>\t\t\t\t<\/div>\n\t\t\t\t<\/div>\n\t\t\t\t\t<\/div>\n\t\t<\/div>\n\t\t\t\t\t<\/div>\n\t\t<\/section>\n\t\t\t\t<section class=\"has_ma_el_bg_slider elementor-section elementor-top-section elementor-element elementor-element-dbf48eb elementor-section-boxed elementor-section-height-default elementor-section-height-default jltma-glass-effect-no\" data-id=\"dbf48eb\" data-element_type=\"section\" data-e-type=\"section\" data-settings=\"{&quot;jet_parallax_layout_list&quot;:[{&quot;jet_parallax_layout_image&quot;:{&quot;url&quot;:&quot;&quot;,&quot;id&quot;:&quot;&quot;,&quot;size&quot;:&quot;&quot;},&quot;_id&quot;:&quot;d626da6&quot;,&quot;jet_parallax_layout_image_tablet&quot;:{&quot;url&quot;:&quot;&quot;,&quot;id&quot;:&quot;&quot;,&quot;size&quot;:&quot;&quot;},&quot;jet_parallax_layout_image_mobile&quot;:{&quot;url&quot;:&quot;&quot;,&quot;id&quot;:&quot;&quot;,&quot;size&quot;:&quot;&quot;},&quot;jet_parallax_layout_speed&quot;:{&quot;unit&quot;:&quot;%&quot;,&quot;size&quot;:50,&quot;sizes&quot;:[]},&quot;jet_parallax_layout_type&quot;:&quot;scroll&quot;,&quot;jet_parallax_layout_direction&quot;:null,&quot;jet_parallax_layout_fx_direction&quot;:null,&quot;jet_parallax_layout_z_index&quot;:&quot;&quot;,&quot;jet_parallax_layout_bg_x&quot;:50,&quot;jet_parallax_layout_bg_x_tablet&quot;:&quot;&quot;,&quot;jet_parallax_layout_bg_x_mobile&quot;:&quot;&quot;,&quot;jet_parallax_layout_bg_y&quot;:50,&quot;jet_parallax_layout_bg_y_tablet&quot;:&quot;&quot;,&quot;jet_parallax_layout_bg_y_mobile&quot;:&quot;&quot;,&quot;jet_parallax_layout_bg_size&quot;:&quot;auto&quot;,&quot;jet_parallax_layout_bg_size_tablet&quot;:&quot;&quot;,&quot;jet_parallax_layout_bg_size_mobile&quot;:&quot;&quot;,&quot;jet_parallax_layout_animation_prop&quot;:&quot;transform&quot;,&quot;jet_parallax_layout_on&quot;:[&quot;desktop&quot;,&quot;tablet&quot;]}]}\">\n\t\t\t\t\t\t<div class=\"elementor-container elementor-column-gap-default\">\n\t\t\t\t\t<div class=\"has_ma_el_bg_slider elementor-column elementor-col-100 elementor-top-column elementor-element elementor-element-07ff841 jltma-glass-effect-no\" data-id=\"07ff841\" data-element_type=\"column\" data-e-type=\"column\">\n\t\t\t<div class=\"elementor-widget-wrap elementor-element-populated\">\n\t\t\t\t\t\t<div class=\"elementor-element elementor-element-6003307 jltma-glass-effect-no elementor-widget elementor-widget-text-editor\" data-id=\"6003307\" data-element_type=\"widget\" data-e-type=\"widget\" data-widget_type=\"text-editor.default\">\n\t\t\t\t<div class=\"elementor-widget-container\">\n\t\t\t\t\t\t\t\t\t<p>St\u011bhov\u00e1n\u00ed nen\u00ed nikdy skv\u011bl\u00fd z\u00e1\u017eitek, bez ohledu na to, jak zaj\u00edmav\u00e9 se ho sna\u017e\u00edte ud\u011blat. Balen\u00ed a transport v\u0161eho je opravdu nep\u0159\u00edjemn\u00e9. Ale pro st\u011bhovac\u00ed spole\u010dnost to nen\u00ed stresuj\u00edc\u00ed z\u00e1\u017eitek, ale jen dal\u0161\u00ed den v pr\u00e1ci. St\u011bhov\u00e1n\u00ed tedy pot\u0159ebuje st\u011bhovac\u00ed software, kter\u00fd zvy\u0161uje jeho efektivitu. <\/p>\n<\/p>\n<h2><strong>Co je st\u011bhovac\u00ed software?<\/strong><\/h2>\n<p>St\u011bhovac\u00ed firemn\u00ed software je n\u00e1stroj, kter\u00fd va\u0161e st\u011bhovac\u00ed spole\u010dnost pot\u0159ebuje. A\u0165 u\u017e podnik\u00e1te jednotliv\u011b nebo m\u00e1te fran\u0161\u00edzy po cel\u00e9 zemi, st\u011bhov\u00e1n\u00ed softwaru m\u016f\u017ee maximalizovat v\u00e1\u0161 prodej, marketing, provoz a zisky.<\/p>\n<p>Software pro inteligentn\u00ed st\u011bhov\u00e1n\u00ed v\u00e1m nav\u00edc pom\u00e1h\u00e1 optimalizovat operace, z\u00edsk\u00e1vat v\u00edce v\u00fdher, budovat odpov\u011bdnost, zvy\u0161ovat kvalitu slu\u017eeb a dosahovat pln\u00e9ho potenci\u00e1lu zisku.<\/p>\n<p>Tento software je schopen prov\u00e1d\u011bt n\u00e1sleduj\u00edc\u00ed funkce:<\/p>\n<ul>\n<li>Spr\u00e1va zak\u00e1zek<\/li>\n<li>Pl\u00e1nov\u00e1n\u00ed sch\u016fzky<\/li>\n<li>Spr\u00e1va kontakt\u016f<\/li>\n<li>Splatn\u00e9 a pohled\u00e1vky <\/li>\n<li>Kalkula\u010dka pot\u0159eb a \u00faloh<\/li>\n<\/ul>\n<p>Tyto schopnosti mohou podporovat spole\u010dnosti od za\u010d\u00e1tku do konce zam\u011bstn\u00e1n\u00ed. St\u011bhov\u00e1n\u00ed softwaru tak\u00e9 zahrnuje marketingov\u00e9 schopnosti, kter\u00e9 v\u00e1m pomohou budovat vztahy se sv\u00fdmi z\u00e1kazn\u00edky. <\/p>\n<\/p>\n<h2><strong>Jak\u00fd pohybliv\u00fd software pou\u017e\u00edt?<\/strong> <\/h2>\n<p>St\u011bhov\u00e1n\u00ed softwaru v\u00fdrazn\u011b zvy\u0161uje schopnost firmy poskytovat sv\u00fdm z\u00e1kazn\u00edk\u016fm p\u0159\u00edjemn\u00e9 z\u00e1\u017eitky. Na trhu st\u011bhov\u00e1n\u00ed podnik\u016f je ale spousta st\u011bhovac\u00edho firemn\u00edho softwaru. Vybrat nejlep\u0161\u00ed mo\u017enost m\u016f\u017ee b\u00fdt obt\u00ed\u017en\u00fd \u00fakol. <\/p>\n<p>Zde v\u00e1m doporu\u010dujeme vyzkou\u0161et Lodgio. A\u0165 u\u017e jste na za\u010d\u00e1tku, nebo jste zku\u0161en\u00fd majitel firmy, Logdio nab\u00edz\u00ed zdroje a odbornou podporu k zaji\u0161t\u011bn\u00ed va\u0161eho \u00fasp\u011bchu.<\/p>\n<p>St\u011bhovac\u00ed spole\u010dnost CRM v\u00e1m umo\u017en\u00ed zvl\u00e1dnout v\u0161echny \u00fakoly, jako je dispe\u010dink, sledov\u00e1n\u00ed GPS a uzav\u00edr\u00e1n\u00ed tah\u016f prost\u0159ednictv\u00edm mobiln\u00edho za\u0159\u00edzen\u00ed. M\u016f\u017eete tak\u00e9 vyzkou\u0161et 14denn\u00ed bezplatnou zku\u0161ebn\u00ed verzi a v\u0161imnout si v\u00fdsledk\u016f. <\/p>\n<p>Pokud m\u00e1te n\u011bjak\u00e9 dotazy t\u00fdkaj\u00edc\u00ed se p\u0159esunu softwaru, nev\u00e1hejte n\u00e1s kontaktovat. <\/p><\/p>\n\t\t\t\t\t\t\t\t<\/div>\n\t\t\t\t<\/div>\n\t\t\t\t\t<\/div>\n\t\t<\/div>\n\t\t\t\t\t<\/div>\n\t\t<\/section>\n\t\t\t\t<\/div>\n\t\t","protected":false},"excerpt":{"rendered":"<p> [&hellip;]<\/p>\n","protected":false},"author":1,"featured_media":0,"parent":0,"menu_order":0,"comment_status":"closed","ping_status":"closed","template":"elementor_header_footer","meta":{"footnotes":""},"class_list":["post-7482","page","type-page","status-publish","hentry"],"yoast_head":"<!-- This site is optimized with the Yoast SEO plugin v26.8 - https:\/\/yoast.com\/product\/yoast-seo-wordpress\/ -->\n<title>St\u011bhovac\u00ed software - Logdio - delivery management tool<\/title>\n<meta name=\"description\" content=\"Pl\u00e1nov\u00e1n\u00ed kapacity je proces, kter\u00fd identifikuje, zda m\u00e1te dovednosti a z\u00e1soby k proveden\u00ed pr\u00e1ce.\" \/>\n<meta name=\"robots\" content=\"index, follow, max-snippet:-1, max-image-preview:large, max-video-preview:-1\" \/>\n<link rel=\"canonical\" href=\"https:\/\/logdio.com\/cs\/stehovaci-software\/\" \/>\n<meta property=\"og:locale\" content=\"cs_CZ\" \/>\n<meta property=\"og:type\" content=\"article\" \/>\n<meta property=\"og:title\" content=\"St\u011bhovac\u00ed software - Logdio - delivery management tool\" \/>\n<meta property=\"og:description\" content=\"Pl\u00e1nov\u00e1n\u00ed kapacity je proces, kter\u00fd identifikuje, zda m\u00e1te dovednosti a z\u00e1soby k proveden\u00ed pr\u00e1ce.\" \/>\n<meta property=\"og:url\" content=\"https:\/\/logdio.com\/cs\/stehovaci-software\/\" \/>\n<meta property=\"og:site_name\" content=\"Logdio - delivery management tool\" \/>\n<meta property=\"article:publisher\" content=\"https:\/\/www.facebook.com\/logtime.eu\/\" \/>\n<meta property=\"article:modified_time\" content=\"2021-09-13T14:11:40+00:00\" \/>\n<meta name=\"twitter:card\" content=\"summary_large_image\" \/>\n<meta name=\"twitter:label1\" content=\"Odhadovan\u00e1 doba \u010dten\u00ed\" \/>\n\t<meta name=\"twitter:data1\" content=\"\" \/>\n<script type=\"application\/ld+json\" class=\"yoast-schema-graph\">{\"@context\":\"https:\/\/schema.org\",\"@graph\":[{\"@type\":\"WebPage\",\"@id\":\"https:\/\/logdio.com\/cs\/stehovaci-software\/\",\"url\":\"https:\/\/logdio.com\/cs\/stehovaci-software\/\",\"name\":\"St\u011bhovac\u00ed software - Logdio - delivery management tool\",\"isPartOf\":{\"@id\":\"https:\/\/logdio.com\/cs\/#website\"},\"datePublished\":\"2021-08-23T19:01:38+00:00\",\"dateModified\":\"2021-09-13T14:11:40+00:00\",\"description\":\"Pl\u00e1nov\u00e1n\u00ed kapacity je proces, kter\u00fd identifikuje, zda m\u00e1te dovednosti a z\u00e1soby k proveden\u00ed pr\u00e1ce.\",\"breadcrumb\":{\"@id\":\"https:\/\/logdio.com\/cs\/stehovaci-software\/#breadcrumb\"},\"inLanguage\":\"\",\"potentialAction\":[{\"@type\":\"ReadAction\",\"target\":[\"https:\/\/logdio.com\/cs\/stehovaci-software\/\"]}]},{\"@type\":\"BreadcrumbList\",\"@id\":\"https:\/\/logdio.com\/cs\/stehovaci-software\/#breadcrumb\",\"itemListElement\":[{\"@type\":\"ListItem\",\"position\":1,\"name\":\"Home\",\"item\":\"https:\/\/logdio.com\/cs\/vstupni-stranka\/\"},{\"@type\":\"ListItem\",\"position\":2,\"name\":\"St\u011bhovac\u00ed software\"}]},{\"@type\":\"WebSite\",\"@id\":\"https:\/\/logdio.com\/cs\/#website\",\"url\":\"https:\/\/logdio.com\/cs\/\",\"name\":\"Logdio - delivery management tool\",\"description\":\"Next level delivery management software\",\"publisher\":{\"@id\":\"https:\/\/logdio.com\/cs\/#organization\"},\"potentialAction\":[{\"@type\":\"SearchAction\",\"target\":{\"@type\":\"EntryPoint\",\"urlTemplate\":\"https:\/\/logdio.com\/cs\/?s={search_term_string}\"},\"query-input\":{\"@type\":\"PropertyValueSpecification\",\"valueRequired\":true,\"valueName\":\"search_term_string\"}}],\"inLanguage\":\"\"},{\"@type\":\"Organization\",\"@id\":\"https:\/\/logdio.com\/cs\/#organization\",\"name\":\"Logdio\",\"url\":\"https:\/\/logdio.com\/cs\/\",\"logo\":{\"@type\":\"ImageObject\",\"inLanguage\":\"\",\"@id\":\"https:\/\/logdio.com\/cs\/#\/schema\/logo\/image\/\",\"url\":\"https:\/\/logdio.com\/wp-content\/uploads\/2021\/05\/Logdio.svg\",\"contentUrl\":\"https:\/\/logdio.com\/wp-content\/uploads\/2021\/05\/Logdio.svg\",\"width\":4.44919,\"height\":1.1285,\"caption\":\"Logdio\"},\"image\":{\"@id\":\"https:\/\/logdio.com\/cs\/#\/schema\/logo\/image\/\"},\"sameAs\":[\"https:\/\/www.facebook.com\/logtime.eu\/\",\"https:\/\/www.linkedin.com\/company\/logtime\"]}]}<\/script>\n<!-- \/ Yoast SEO plugin. -->","yoast_head_json":{"title":"St\u011bhovac\u00ed software - Logdio - delivery management tool","description":"Pl\u00e1nov\u00e1n\u00ed kapacity je proces, kter\u00fd identifikuje, zda m\u00e1te dovednosti a z\u00e1soby k proveden\u00ed pr\u00e1ce.","robots":{"index":"index","follow":"follow","max-snippet":"max-snippet:-1","max-image-preview":"max-image-preview:large","max-video-preview":"max-video-preview:-1"},"canonical":"https:\/\/logdio.com\/cs\/stehovaci-software\/","og_locale":"cs_CZ","og_type":"article","og_title":"St\u011bhovac\u00ed software - Logdio - delivery management tool","og_description":"Pl\u00e1nov\u00e1n\u00ed kapacity je proces, kter\u00fd identifikuje, zda m\u00e1te dovednosti a z\u00e1soby k proveden\u00ed pr\u00e1ce.","og_url":"https:\/\/logdio.com\/cs\/stehovaci-software\/","og_site_name":"Logdio - delivery management tool","article_publisher":"https:\/\/www.facebook.com\/logtime.eu\/","article_modified_time":"2021-09-13T14:11:40+00:00","twitter_card":"summary_large_image","twitter_misc":{"Odhadovan\u00e1 doba \u010dten\u00ed":""},"schema":{"@context":"https:\/\/schema.org","@graph":[{"@type":"WebPage","@id":"https:\/\/logdio.com\/cs\/stehovaci-software\/","url":"https:\/\/logdio.com\/cs\/stehovaci-software\/","name":"St\u011bhovac\u00ed software - Logdio - delivery management tool","isPartOf":{"@id":"https:\/\/logdio.com\/cs\/#website"},"datePublished":"2021-08-23T19:01:38+00:00","dateModified":"2021-09-13T14:11:40+00:00","description":"Pl\u00e1nov\u00e1n\u00ed kapacity je proces, kter\u00fd identifikuje, zda m\u00e1te dovednosti a z\u00e1soby k proveden\u00ed pr\u00e1ce.","breadcrumb":{"@id":"https:\/\/logdio.com\/cs\/stehovaci-software\/#breadcrumb"},"inLanguage":"","potentialAction":[{"@type":"ReadAction","target":["https:\/\/logdio.com\/cs\/stehovaci-software\/"]}]},{"@type":"BreadcrumbList","@id":"https:\/\/logdio.com\/cs\/stehovaci-software\/#breadcrumb","itemListElement":[{"@type":"ListItem","position":1,"name":"Home","item":"https:\/\/logdio.com\/cs\/vstupni-stranka\/"},{"@type":"ListItem","position":2,"name":"St\u011bhovac\u00ed software"}]},{"@type":"WebSite","@id":"https:\/\/logdio.com\/cs\/#website","url":"https:\/\/logdio.com\/cs\/","name":"Logdio - delivery management tool","description":"Next level delivery management software","publisher":{"@id":"https:\/\/logdio.com\/cs\/#organization"},"potentialAction":[{"@type":"SearchAction","target":{"@type":"EntryPoint","urlTemplate":"https:\/\/logdio.com\/cs\/?s={search_term_string}"},"query-input":{"@type":"PropertyValueSpecification","valueRequired":true,"valueName":"search_term_string"}}],"inLanguage":""},{"@type":"Organization","@id":"https:\/\/logdio.com\/cs\/#organization","name":"Logdio","url":"https:\/\/logdio.com\/cs\/","logo":{"@type":"ImageObject","inLanguage":"","@id":"https:\/\/logdio.com\/cs\/#\/schema\/logo\/image\/","url":"https:\/\/logdio.com\/wp-content\/uploads\/2021\/05\/Logdio.svg","contentUrl":"https:\/\/logdio.com\/wp-content\/uploads\/2021\/05\/Logdio.svg","width":4.44919,"height":1.1285,"caption":"Logdio"},"image":{"@id":"https:\/\/logdio.com\/cs\/#\/schema\/logo\/image\/"},"sameAs":["https:\/\/www.facebook.com\/logtime.eu\/","https:\/\/www.linkedin.com\/company\/logtime"]}]}},"_links":{"self":[{"href":"https:\/\/logdio.com\/cs\/wp-json\/wp\/v2\/pages\/7482","targetHints":{"allow":["GET"]}}],"collection":[{"href":"https:\/\/logdio.com\/cs\/wp-json\/wp\/v2\/pages"}],"about":[{"href":"https:\/\/logdio.com\/cs\/wp-json\/wp\/v2\/types\/page"}],"author":[{"embeddable":true,"href":"https:\/\/logdio.com\/cs\/wp-json\/wp\/v2\/users\/1"}],"replies":[{"embeddable":true,"href":"https:\/\/logdio.com\/cs\/wp-json\/wp\/v2\/comments?post=7482"}],"version-history":[{"count":2,"href":"https:\/\/logdio.com\/cs\/wp-json\/wp\/v2\/pages\/7482\/revisions"}],"predecessor-version":[{"id":11653,"href":"https:\/\/logdio.com\/cs\/wp-json\/wp\/v2\/pages\/7482\/revisions\/11653"}],"wp:attachment":[{"href":"https:\/\/logdio.com\/cs\/wp-json\/wp\/v2\/media?parent=7482"}],"curies":[{"name":"wp","href":"https:\/\/api.w.org\/{rel}","templated":true}]}}