{"id":7477,"date":"2021-08-23T22:01:36","date_gmt":"2021-08-23T19:01:36","guid":{"rendered":"https:\/\/logdio.com\/software-pro-hoblovani-tras\/"},"modified":"2021-09-13T17:12:09","modified_gmt":"2021-09-13T14:12:09","slug":"software-pro-hoblovani-tras","status":"publish","type":"page","link":"https:\/\/logdio.com\/cs\/software-pro-hoblovani-tras\/","title":{"rendered":"Software pro hoblov\u00e1n\u00ed tras"},"content":{"rendered":"\t\t<div data-elementor-type=\"wp-page\" data-elementor-id=\"7477\" class=\"elementor elementor-7477 elementor-1054\" data-elementor-post-type=\"page\">\n\t\t\t\t\t\t<section class=\"has_ma_el_bg_slider elementor-section elementor-top-section elementor-element elementor-element-aa63506 elementor-section-boxed elementor-section-height-default elementor-section-height-default jltma-glass-effect-no\" data-id=\"aa63506\" data-element_type=\"section\" data-e-type=\"section\" data-settings=\"{&quot;jet_parallax_layout_list&quot;:[{&quot;jet_parallax_layout_image&quot;:{&quot;url&quot;:&quot;&quot;,&quot;id&quot;:&quot;&quot;,&quot;size&quot;:&quot;&quot;},&quot;_id&quot;:&quot;7ffc1ed&quot;,&quot;jet_parallax_layout_image_tablet&quot;:{&quot;url&quot;:&quot;&quot;,&quot;id&quot;:&quot;&quot;,&quot;size&quot;:&quot;&quot;},&quot;jet_parallax_layout_image_mobile&quot;:{&quot;url&quot;:&quot;&quot;,&quot;id&quot;:&quot;&quot;,&quot;size&quot;:&quot;&quot;},&quot;jet_parallax_layout_speed&quot;:{&quot;unit&quot;:&quot;%&quot;,&quot;size&quot;:50,&quot;sizes&quot;:[]},&quot;jet_parallax_layout_type&quot;:&quot;scroll&quot;,&quot;jet_parallax_layout_direction&quot;:null,&quot;jet_parallax_layout_fx_direction&quot;:null,&quot;jet_parallax_layout_z_index&quot;:&quot;&quot;,&quot;jet_parallax_layout_bg_x&quot;:50,&quot;jet_parallax_layout_bg_x_tablet&quot;:&quot;&quot;,&quot;jet_parallax_layout_bg_x_mobile&quot;:&quot;&quot;,&quot;jet_parallax_layout_bg_y&quot;:50,&quot;jet_parallax_layout_bg_y_tablet&quot;:&quot;&quot;,&quot;jet_parallax_layout_bg_y_mobile&quot;:&quot;&quot;,&quot;jet_parallax_layout_bg_size&quot;:&quot;auto&quot;,&quot;jet_parallax_layout_bg_size_tablet&quot;:&quot;&quot;,&quot;jet_parallax_layout_bg_size_mobile&quot;:&quot;&quot;,&quot;jet_parallax_layout_animation_prop&quot;:&quot;transform&quot;,&quot;jet_parallax_layout_on&quot;:[&quot;desktop&quot;,&quot;tablet&quot;]}]}\">\n\t\t\t\t\t\t<div class=\"elementor-container elementor-column-gap-default\">\n\t\t\t\t\t<div class=\"has_ma_el_bg_slider elementor-column elementor-col-100 elementor-top-column elementor-element elementor-element-a5671ee jltma-glass-effect-no\" data-id=\"a5671ee\" data-element_type=\"column\" data-e-type=\"column\">\n\t\t\t<div class=\"elementor-widget-wrap elementor-element-populated\">\n\t\t\t\t\t\t<div class=\"elementor-element elementor-element-293514c jltma-glass-effect-no elementor-widget elementor-widget-heading\" data-id=\"293514c\" data-element_type=\"widget\" data-e-type=\"widget\" data-widget_type=\"heading.default\">\n\t\t\t\t<div class=\"elementor-widget-container\">\n\t\t\t\t\t<h1 class=\"elementor-heading-title elementor-size-default\">Software pro hoblov\u00e1n\u00ed tras<\/h1>\t\t\t\t<\/div>\n\t\t\t\t<\/div>\n\t\t\t\t\t<\/div>\n\t\t<\/div>\n\t\t\t\t\t<\/div>\n\t\t<\/section>\n\t\t\t\t<section class=\"has_ma_el_bg_slider elementor-section elementor-top-section elementor-element elementor-element-8e5f6e9 elementor-section-boxed elementor-section-height-default elementor-section-height-default jltma-glass-effect-no\" data-id=\"8e5f6e9\" data-element_type=\"section\" data-e-type=\"section\" data-settings=\"{&quot;jet_parallax_layout_list&quot;:[{&quot;jet_parallax_layout_image&quot;:{&quot;url&quot;:&quot;&quot;,&quot;id&quot;:&quot;&quot;,&quot;size&quot;:&quot;&quot;},&quot;_id&quot;:&quot;80a7424&quot;,&quot;jet_parallax_layout_image_tablet&quot;:{&quot;url&quot;:&quot;&quot;,&quot;id&quot;:&quot;&quot;,&quot;size&quot;:&quot;&quot;},&quot;jet_parallax_layout_image_mobile&quot;:{&quot;url&quot;:&quot;&quot;,&quot;id&quot;:&quot;&quot;,&quot;size&quot;:&quot;&quot;},&quot;jet_parallax_layout_speed&quot;:{&quot;unit&quot;:&quot;%&quot;,&quot;size&quot;:50,&quot;sizes&quot;:[]},&quot;jet_parallax_layout_type&quot;:&quot;scroll&quot;,&quot;jet_parallax_layout_direction&quot;:null,&quot;jet_parallax_layout_fx_direction&quot;:null,&quot;jet_parallax_layout_z_index&quot;:&quot;&quot;,&quot;jet_parallax_layout_bg_x&quot;:50,&quot;jet_parallax_layout_bg_x_tablet&quot;:&quot;&quot;,&quot;jet_parallax_layout_bg_x_mobile&quot;:&quot;&quot;,&quot;jet_parallax_layout_bg_y&quot;:50,&quot;jet_parallax_layout_bg_y_tablet&quot;:&quot;&quot;,&quot;jet_parallax_layout_bg_y_mobile&quot;:&quot;&quot;,&quot;jet_parallax_layout_bg_size&quot;:&quot;auto&quot;,&quot;jet_parallax_layout_bg_size_tablet&quot;:&quot;&quot;,&quot;jet_parallax_layout_bg_size_mobile&quot;:&quot;&quot;,&quot;jet_parallax_layout_animation_prop&quot;:&quot;transform&quot;,&quot;jet_parallax_layout_on&quot;:[&quot;desktop&quot;,&quot;tablet&quot;]}]}\">\n\t\t\t\t\t\t<div class=\"elementor-container elementor-column-gap-default\">\n\t\t\t\t\t<div class=\"has_ma_el_bg_slider elementor-column elementor-col-100 elementor-top-column elementor-element elementor-element-d48a05b jltma-glass-effect-no\" data-id=\"d48a05b\" data-element_type=\"column\" data-e-type=\"column\">\n\t\t\t<div class=\"elementor-widget-wrap elementor-element-populated\">\n\t\t\t\t\t\t<div class=\"elementor-element elementor-element-0f9707f jltma-glass-effect-no elementor-widget elementor-widget-text-editor\" data-id=\"0f9707f\" data-element_type=\"widget\" data-e-type=\"widget\" data-widget_type=\"text-editor.default\">\n\t\t\t\t<div class=\"elementor-widget-container\">\n\t\t\t\t\t\t\t\t\t<p>Efektivita p\u0159epravn\u00ed a logistick\u00e9 spole\u010dnosti nebo firemn\u00edho vozov\u00e9ho parku p\u0159\u00edmo z\u00e1vis\u00ed na kvalit\u011b a rychlosti \u0159e\u0161en\u00ed dopravn\u00edch a logistick\u00fdch probl\u00e9m\u016f. Je nutn\u00e9 se zam\u011b\u0159it na \u0159\u00edzen\u00ed tras, rychle sepsat pr\u016fvodn\u00ed dokumenty, sledovat pln\u011bn\u00ed dopravn\u00edch \u00fakol\u016f a analyzovat kvalitu pr\u00e1ce dopravn\u00edho odd\u011blen\u00ed.<\/p>\n<p>\u0158e\u0161en\u00ed t\u011bchto \u00fakol\u016f v manu\u00e1ln\u00edm re\u017eimu vy\u017eaduje p\u016fsobiv\u00fd person\u00e1l logist\u016f a dispe\u010der\u016f. Sou\u010dasn\u011b nejsou vylou\u010deny chyby v pr\u00e1ci. Nespr\u00e1vn\u011b postaven\u00e1 trasa nebo nespr\u00e1vn\u011b vypln\u011bn\u00e9 dokumenty mohou v\u00e9st k po\u010dtu ujet\u00fdch kilometr\u016f nebo prostoj\u016fm dopravy, zpo\u017ed\u011bn\u00ed dodac\u00edch lh\u016ft a st\u00ed\u017enostem z\u00e1kazn\u00edk\u016f. \u00da\u010dinn\u00fdm zp\u016fsobem, jak tyto pot\u00ed\u017ee odstranit, je pou\u017eit\u00ed softwaru Route Planning Software pro automatick\u00e9 pl\u00e1nov\u00e1n\u00ed trasy a monitorov\u00e1n\u00ed procesu doru\u010dov\u00e1n\u00ed. Software pro optimalizaci trasy v\u00e1m pom\u016f\u017ee u\u0161et\u0159it \u010das a zajistit bezchybn\u00e9 dod\u00e1vky. <\/p>\n<\/p>\n<h2><strong>Co je optimalizace trasy?<\/strong><\/h2>\n<p>Software pro spr\u00e1vu tras je syst\u00e9m, pomoc\u00ed kter\u00e9ho je mo\u017en\u00e9 pl\u00e1novat doru\u010dov\u00e1n\u00ed a efektivn\u011b vytv\u00e1\u0159et trasy pro vlastn\u00ed nebo pronajatou dopravu. Zva\u017euje n\u011bkolik podm\u00ednek, jako je optim\u00e1ln\u00ed na\u010dten\u00ed vozov\u00e9ho parku a v\u010dasn\u00e9 dod\u00e1n\u00ed zbo\u017e\u00ed z\u00e1kazn\u00edk\u016fm. Software v\u00e1m z\u00e1rove\u0148 umo\u017e\u0148uje sledovat pr\u00e1ci \u0159idi\u010d\u016f, dispe\u010der\u016f a spedit\u00e9r\u016f.<\/p>\n<p>Po instalaci softwaru pro pl\u00e1nov\u00e1n\u00ed trasy se provoz vozov\u00e9ho parku stane racion\u00e1ln\u00edm a n\u00e1klady budou minim\u00e1ln\u00ed. A to nen\u00ed jedin\u00e1 v\u00fdhoda softwaru pro optimalizaci sm\u011brov\u00e1n\u00ed. N\u011bkter\u00e9 dal\u0161\u00ed v\u00fdhody jsou:<\/p>\n<ul>\n<li>v p\u0159\u00edpad\u011b jak\u00e9hokoli podv\u00e1d\u011bn\u00ed budou identifikov\u00e1ni bezohledn\u00ed \u0159idi\u010di;<\/li>\n<li>bude znemo\u017en\u011bno pou\u017e\u00edv\u00e1n\u00ed vozu pro osobn\u00ed \u00fa\u010dely;<\/li>\n<li>bezpe\u010dnost silni\u010dn\u00edho provozu se zv\u00fd\u0161\u00ed;<\/li>\n<li>n\u00e1klady na palivo se sn\u00ed\u017e\u00ed t\u0159ikr\u00e1t kv\u016fli absenci kanalizace;<\/li>\n<li>sn\u00ed\u017e\u00ed se po\u010det dopravn\u00edch prostoj\u016f.<\/li>\n<\/ul>\n<h2><strong>Jak funguje optimalizace trasy?<\/strong><\/h2>\n<p>Software pro spr\u00e1vu tras optimalizuje trasy pomoc\u00ed satelitn\u00edho monitorov\u00e1n\u00ed. Tento n\u00e1stroj zalo\u017een\u00fd na GLONASS\/GPS je vhodn\u00fd pro podnik\u00e1n\u00ed ve velk\u00fdch flotil\u00e1ch, logistick\u00fdch nebo p\u0159epravn\u00edch spole\u010dnostech. Pomoc\u00ed softwaru nainstalovan\u00e9ho v po\u010d\u00edta\u010di, tabletu, mobiln\u00edm za\u0159\u00edzen\u00ed z\u00edsk\u00e1 u\u017eivatel p\u0159\u00edstup k informac\u00edm o vozidle. Program generuje zpr\u00e1vy o monitorovan\u00fdch parametrech vozidla, kter\u00e9 jsou ulo\u017eeny v r\u016fzn\u00fdch form\u00e1tech a pot\u00e9 pou\u017eity k anal\u00fdze a optimalizaci provozu vozov\u00e9ho parku. <\/p>\n<\/p>\n<h2><strong>Jak\u00fd software pou\u017e\u00edt pro optimalizaci trasy?<\/strong><\/h2>\n<p>Mo\u017en\u00e1 si mysl\u00edte, \u017ee software pro pl\u00e1nov\u00e1n\u00ed tras funguje jako Google Maps, ale nen\u00ed to pravda. Tato aplikace jednodu\u0161e poskytuje pokyny z bodu 1 do bodu 2. Nastavit trasy s v\u00edce zast\u00e1vkami je komplikovan\u00e9. U\u017eivatel\u00e9 mus\u00ed adresy zad\u00e1vat ru\u010dn\u011b, co\u017e je \u010dasov\u011b n\u00e1ro\u010dn\u00e9 a n\u00e1chyln\u00e9 k chyb\u00e1m.<\/p>\n<p>N\u00edzk\u00e9 po\u010d\u00e1te\u010dn\u00ed n\u00e1klady jsou l\u00e1kav\u00e9, ale v kone\u010dn\u00e9m d\u016fsledku v\u00e1s to bude dlouhodob\u011b st\u00e1t pen\u00edze. Naviga\u010dn\u00ed aplikace tedy nejsou ide\u00e1ln\u00edm \u0159e\u0161en\u00edm. M\u011bli byste pou\u017e\u00edvat software pro optimalizaci trasy, kter\u00fd je speci\u00e1ln\u011b navr\u017een pro tento \u00fa\u010del. <\/p>\n<\/p>\n<h2><strong>Pro\u010d si vybrat Logdio?<\/strong><\/h2>\n<p>Logdio je software pro pl\u00e1nov\u00e1n\u00ed dod\u00e1vek ur\u010den\u00fd pro spole\u010dnosti s velk\u00fdm po\u010dtem objedn\u00e1vek, vozidel a tak\u00e9 se slo\u017eit\u00fdmi po\u017eadavky na dodac\u00ed proces.<\/p>\n<p>Rychle a automaticky distribuuje aplikace mezi v\u00fdkonn\u00e9 um\u011blce, p\u0159i\u010dem\u017e zohled\u0148uje po\u017eadavky na ka\u017edou z\u00e1silku. Software nez\u00e1visle prov\u00e1d\u00ed pl\u00e1nov\u00e1n\u00ed dopravy, co\u017e zjednodu\u0161uje pr\u00e1ci person\u00e1lu. Nyn\u00ed jsou va\u0161i logistici v\u0161estrann\u00ed: mohou pracovat na d\u0159\u00edve nezn\u00e1m\u00fdch m\u00edstech, a proto s n\u011bkolika distribu\u010dn\u00edmi centry. D\u00edky mobiln\u00ed aplikaci s naviga\u010dn\u00ed funkc\u00ed jsou \u0159idi\u010di zam\u011bniteln\u00ed, proto\u017ee nepot\u0159ebuj\u00ed dokonal\u00e9 znalosti oblasti doru\u010den\u00ed.<\/p>\n<\/p>\n<p>Tak<a href=\"https:\/\/logdio.com\/cs\/\"> vyberte n\u00e1s<\/a> pro monitorov\u00e1n\u00ed vozidel a spr\u00e1vu tras. R\u00e1di bychom v\u00e1m poskytli kvalitn\u00ed slu\u017eby.<\/p>\n<\/p><\/p>\n\t\t\t\t\t\t\t\t<\/div>\n\t\t\t\t<\/div>\n\t\t\t\t\t<\/div>\n\t\t<\/div>\n\t\t\t\t\t<\/div>\n\t\t<\/section>\n\t\t\t\t<\/div>\n\t\t","protected":false},"excerpt":{"rendered":"<p> [&hellip;]<\/p>\n","protected":false},"author":1,"featured_media":0,"parent":0,"menu_order":0,"comment_status":"closed","ping_status":"closed","template":"elementor_header_footer","meta":{"footnotes":""},"class_list":["post-7477","page","type-page","status-publish","hentry"],"yoast_head":"<!-- This site is optimized with the Yoast SEO plugin v26.8 - https:\/\/yoast.com\/product\/yoast-seo-wordpress\/ -->\n<title>Software pro hoblov\u00e1n\u00ed tras - Logdio - delivery management tool<\/title>\n<meta name=\"description\" content=\"U\u017e \u017e\u00e1dn\u00e9 vytv\u00e1\u0159en\u00ed trasy pomoc\u00ed tabulek, tabul\u00ed a map Google. Snadno vytv\u00e1\u0159ejte a optimalizujte v\u0161echny trasy pro dan\u00fd den.\" \/>\n<meta name=\"robots\" content=\"index, follow, max-snippet:-1, max-image-preview:large, max-video-preview:-1\" \/>\n<link rel=\"canonical\" href=\"https:\/\/logdio.com\/cs\/software-pro-hoblovani-tras\/\" \/>\n<meta property=\"og:locale\" content=\"cs_CZ\" \/>\n<meta property=\"og:type\" content=\"article\" \/>\n<meta property=\"og:title\" content=\"Software pro hoblov\u00e1n\u00ed tras - Logdio - delivery management tool\" \/>\n<meta property=\"og:description\" content=\"U\u017e \u017e\u00e1dn\u00e9 vytv\u00e1\u0159en\u00ed trasy pomoc\u00ed tabulek, tabul\u00ed a map Google. Snadno vytv\u00e1\u0159ejte a optimalizujte v\u0161echny trasy pro dan\u00fd den.\" \/>\n<meta property=\"og:url\" content=\"https:\/\/logdio.com\/cs\/software-pro-hoblovani-tras\/\" \/>\n<meta property=\"og:site_name\" content=\"Logdio - delivery management tool\" \/>\n<meta property=\"article:publisher\" content=\"https:\/\/www.facebook.com\/logtime.eu\/\" \/>\n<meta property=\"article:modified_time\" content=\"2021-09-13T14:12:09+00:00\" \/>\n<meta name=\"twitter:card\" content=\"summary_large_image\" \/>\n<meta name=\"twitter:label1\" content=\"Odhadovan\u00e1 doba \u010dten\u00ed\" \/>\n\t<meta name=\"twitter:data1\" content=\"\" \/>\n<script type=\"application\/ld+json\" class=\"yoast-schema-graph\">{\"@context\":\"https:\/\/schema.org\",\"@graph\":[{\"@type\":\"WebPage\",\"@id\":\"https:\/\/logdio.com\/cs\/software-pro-hoblovani-tras\/\",\"url\":\"https:\/\/logdio.com\/cs\/software-pro-hoblovani-tras\/\",\"name\":\"Software pro hoblov\u00e1n\u00ed tras - Logdio - delivery management tool\",\"isPartOf\":{\"@id\":\"https:\/\/logdio.com\/cs\/#website\"},\"datePublished\":\"2021-08-23T19:01:36+00:00\",\"dateModified\":\"2021-09-13T14:12:09+00:00\",\"description\":\"U\u017e \u017e\u00e1dn\u00e9 vytv\u00e1\u0159en\u00ed trasy pomoc\u00ed tabulek, tabul\u00ed a map Google. Snadno vytv\u00e1\u0159ejte a optimalizujte v\u0161echny trasy pro dan\u00fd den.\",\"breadcrumb\":{\"@id\":\"https:\/\/logdio.com\/cs\/software-pro-hoblovani-tras\/#breadcrumb\"},\"inLanguage\":\"\",\"potentialAction\":[{\"@type\":\"ReadAction\",\"target\":[\"https:\/\/logdio.com\/cs\/software-pro-hoblovani-tras\/\"]}]},{\"@type\":\"BreadcrumbList\",\"@id\":\"https:\/\/logdio.com\/cs\/software-pro-hoblovani-tras\/#breadcrumb\",\"itemListElement\":[{\"@type\":\"ListItem\",\"position\":1,\"name\":\"Home\",\"item\":\"https:\/\/logdio.com\/cs\/vstupni-stranka\/\"},{\"@type\":\"ListItem\",\"position\":2,\"name\":\"Software pro hoblov\u00e1n\u00ed tras\"}]},{\"@type\":\"WebSite\",\"@id\":\"https:\/\/logdio.com\/cs\/#website\",\"url\":\"https:\/\/logdio.com\/cs\/\",\"name\":\"Logdio - delivery management tool\",\"description\":\"Next level delivery management software\",\"publisher\":{\"@id\":\"https:\/\/logdio.com\/cs\/#organization\"},\"potentialAction\":[{\"@type\":\"SearchAction\",\"target\":{\"@type\":\"EntryPoint\",\"urlTemplate\":\"https:\/\/logdio.com\/cs\/?s={search_term_string}\"},\"query-input\":{\"@type\":\"PropertyValueSpecification\",\"valueRequired\":true,\"valueName\":\"search_term_string\"}}],\"inLanguage\":\"\"},{\"@type\":\"Organization\",\"@id\":\"https:\/\/logdio.com\/cs\/#organization\",\"name\":\"Logdio\",\"url\":\"https:\/\/logdio.com\/cs\/\",\"logo\":{\"@type\":\"ImageObject\",\"inLanguage\":\"\",\"@id\":\"https:\/\/logdio.com\/cs\/#\/schema\/logo\/image\/\",\"url\":\"https:\/\/logdio.com\/wp-content\/uploads\/2021\/05\/Logdio.svg\",\"contentUrl\":\"https:\/\/logdio.com\/wp-content\/uploads\/2021\/05\/Logdio.svg\",\"width\":4.44919,\"height\":1.1285,\"caption\":\"Logdio\"},\"image\":{\"@id\":\"https:\/\/logdio.com\/cs\/#\/schema\/logo\/image\/\"},\"sameAs\":[\"https:\/\/www.facebook.com\/logtime.eu\/\",\"https:\/\/www.linkedin.com\/company\/logtime\"]}]}<\/script>\n<!-- \/ Yoast SEO plugin. -->","yoast_head_json":{"title":"Software pro hoblov\u00e1n\u00ed tras - Logdio - delivery management tool","description":"U\u017e \u017e\u00e1dn\u00e9 vytv\u00e1\u0159en\u00ed trasy pomoc\u00ed tabulek, tabul\u00ed a map Google. Snadno vytv\u00e1\u0159ejte a optimalizujte v\u0161echny trasy pro dan\u00fd den.","robots":{"index":"index","follow":"follow","max-snippet":"max-snippet:-1","max-image-preview":"max-image-preview:large","max-video-preview":"max-video-preview:-1"},"canonical":"https:\/\/logdio.com\/cs\/software-pro-hoblovani-tras\/","og_locale":"cs_CZ","og_type":"article","og_title":"Software pro hoblov\u00e1n\u00ed tras - Logdio - delivery management tool","og_description":"U\u017e \u017e\u00e1dn\u00e9 vytv\u00e1\u0159en\u00ed trasy pomoc\u00ed tabulek, tabul\u00ed a map Google. Snadno vytv\u00e1\u0159ejte a optimalizujte v\u0161echny trasy pro dan\u00fd den.","og_url":"https:\/\/logdio.com\/cs\/software-pro-hoblovani-tras\/","og_site_name":"Logdio - delivery management tool","article_publisher":"https:\/\/www.facebook.com\/logtime.eu\/","article_modified_time":"2021-09-13T14:12:09+00:00","twitter_card":"summary_large_image","twitter_misc":{"Odhadovan\u00e1 doba \u010dten\u00ed":""},"schema":{"@context":"https:\/\/schema.org","@graph":[{"@type":"WebPage","@id":"https:\/\/logdio.com\/cs\/software-pro-hoblovani-tras\/","url":"https:\/\/logdio.com\/cs\/software-pro-hoblovani-tras\/","name":"Software pro hoblov\u00e1n\u00ed tras - Logdio - delivery management tool","isPartOf":{"@id":"https:\/\/logdio.com\/cs\/#website"},"datePublished":"2021-08-23T19:01:36+00:00","dateModified":"2021-09-13T14:12:09+00:00","description":"U\u017e \u017e\u00e1dn\u00e9 vytv\u00e1\u0159en\u00ed trasy pomoc\u00ed tabulek, tabul\u00ed a map Google. Snadno vytv\u00e1\u0159ejte a optimalizujte v\u0161echny trasy pro dan\u00fd den.","breadcrumb":{"@id":"https:\/\/logdio.com\/cs\/software-pro-hoblovani-tras\/#breadcrumb"},"inLanguage":"","potentialAction":[{"@type":"ReadAction","target":["https:\/\/logdio.com\/cs\/software-pro-hoblovani-tras\/"]}]},{"@type":"BreadcrumbList","@id":"https:\/\/logdio.com\/cs\/software-pro-hoblovani-tras\/#breadcrumb","itemListElement":[{"@type":"ListItem","position":1,"name":"Home","item":"https:\/\/logdio.com\/cs\/vstupni-stranka\/"},{"@type":"ListItem","position":2,"name":"Software pro hoblov\u00e1n\u00ed tras"}]},{"@type":"WebSite","@id":"https:\/\/logdio.com\/cs\/#website","url":"https:\/\/logdio.com\/cs\/","name":"Logdio - delivery management tool","description":"Next level delivery management software","publisher":{"@id":"https:\/\/logdio.com\/cs\/#organization"},"potentialAction":[{"@type":"SearchAction","target":{"@type":"EntryPoint","urlTemplate":"https:\/\/logdio.com\/cs\/?s={search_term_string}"},"query-input":{"@type":"PropertyValueSpecification","valueRequired":true,"valueName":"search_term_string"}}],"inLanguage":""},{"@type":"Organization","@id":"https:\/\/logdio.com\/cs\/#organization","name":"Logdio","url":"https:\/\/logdio.com\/cs\/","logo":{"@type":"ImageObject","inLanguage":"","@id":"https:\/\/logdio.com\/cs\/#\/schema\/logo\/image\/","url":"https:\/\/logdio.com\/wp-content\/uploads\/2021\/05\/Logdio.svg","contentUrl":"https:\/\/logdio.com\/wp-content\/uploads\/2021\/05\/Logdio.svg","width":4.44919,"height":1.1285,"caption":"Logdio"},"image":{"@id":"https:\/\/logdio.com\/cs\/#\/schema\/logo\/image\/"},"sameAs":["https:\/\/www.facebook.com\/logtime.eu\/","https:\/\/www.linkedin.com\/company\/logtime"]}]}},"_links":{"self":[{"href":"https:\/\/logdio.com\/cs\/wp-json\/wp\/v2\/pages\/7477","targetHints":{"allow":["GET"]}}],"collection":[{"href":"https:\/\/logdio.com\/cs\/wp-json\/wp\/v2\/pages"}],"about":[{"href":"https:\/\/logdio.com\/cs\/wp-json\/wp\/v2\/types\/page"}],"author":[{"embeddable":true,"href":"https:\/\/logdio.com\/cs\/wp-json\/wp\/v2\/users\/1"}],"replies":[{"embeddable":true,"href":"https:\/\/logdio.com\/cs\/wp-json\/wp\/v2\/comments?post=7477"}],"version-history":[{"count":2,"href":"https:\/\/logdio.com\/cs\/wp-json\/wp\/v2\/pages\/7477\/revisions"}],"predecessor-version":[{"id":11815,"href":"https:\/\/logdio.com\/cs\/wp-json\/wp\/v2\/pages\/7477\/revisions\/11815"}],"wp:attachment":[{"href":"https:\/\/logdio.com\/cs\/wp-json\/wp\/v2\/media?parent=7477"}],"curies":[{"name":"wp","href":"https:\/\/api.w.org\/{rel}","templated":true}]}}