{"id":7463,"date":"2021-08-23T22:01:34","date_gmt":"2021-08-23T19:01:34","guid":{"rendered":"https:\/\/logdio.com\/potvrzeni-o-doruceni\/"},"modified":"2023-08-21T00:31:07","modified_gmt":"2023-08-20T21:31:07","slug":"potvrzeni-o-doruceni","status":"publish","type":"page","link":"https:\/\/logdio.com\/cs\/potvrzeni-o-doruceni\/","title":{"rendered":"Potvrzen\u00ed o doru\u010den\u00ed"},"content":{"rendered":"\t\t<div data-elementor-type=\"wp-page\" data-elementor-id=\"7463\" class=\"elementor elementor-7463 elementor-1053\" data-elementor-post-type=\"page\">\n\t\t\t\t\t\t<section class=\"has_ma_el_bg_slider elementor-section elementor-top-section elementor-element elementor-element-0fecb16 elementor-section-boxed elementor-section-height-default elementor-section-height-default jltma-glass-effect-no\" data-id=\"0fecb16\" data-element_type=\"section\" data-e-type=\"section\" data-settings=\"{&quot;jet_parallax_layout_list&quot;:[{&quot;jet_parallax_layout_image&quot;:{&quot;url&quot;:&quot;&quot;,&quot;id&quot;:&quot;&quot;,&quot;size&quot;:&quot;&quot;},&quot;_id&quot;:&quot;26d3bd4&quot;,&quot;jet_parallax_layout_image_tablet&quot;:{&quot;url&quot;:&quot;&quot;,&quot;id&quot;:&quot;&quot;,&quot;size&quot;:&quot;&quot;},&quot;jet_parallax_layout_image_mobile&quot;:{&quot;url&quot;:&quot;&quot;,&quot;id&quot;:&quot;&quot;,&quot;size&quot;:&quot;&quot;},&quot;jet_parallax_layout_speed&quot;:{&quot;unit&quot;:&quot;%&quot;,&quot;size&quot;:50,&quot;sizes&quot;:[]},&quot;jet_parallax_layout_type&quot;:&quot;scroll&quot;,&quot;jet_parallax_layout_direction&quot;:null,&quot;jet_parallax_layout_fx_direction&quot;:null,&quot;jet_parallax_layout_z_index&quot;:&quot;&quot;,&quot;jet_parallax_layout_bg_x&quot;:50,&quot;jet_parallax_layout_bg_x_tablet&quot;:&quot;&quot;,&quot;jet_parallax_layout_bg_x_mobile&quot;:&quot;&quot;,&quot;jet_parallax_layout_bg_y&quot;:50,&quot;jet_parallax_layout_bg_y_tablet&quot;:&quot;&quot;,&quot;jet_parallax_layout_bg_y_mobile&quot;:&quot;&quot;,&quot;jet_parallax_layout_bg_size&quot;:&quot;auto&quot;,&quot;jet_parallax_layout_bg_size_tablet&quot;:&quot;&quot;,&quot;jet_parallax_layout_bg_size_mobile&quot;:&quot;&quot;,&quot;jet_parallax_layout_animation_prop&quot;:&quot;transform&quot;,&quot;jet_parallax_layout_on&quot;:[&quot;desktop&quot;,&quot;tablet&quot;]}]}\">\n\t\t\t\t\t\t<div class=\"elementor-container elementor-column-gap-default\">\n\t\t\t\t\t<div class=\"has_ma_el_bg_slider elementor-column elementor-col-100 elementor-top-column elementor-element elementor-element-9bbe2b6 jltma-glass-effect-no\" data-id=\"9bbe2b6\" data-element_type=\"column\" data-e-type=\"column\">\n\t\t\t<div class=\"elementor-widget-wrap elementor-element-populated\">\n\t\t\t\t\t\t<div class=\"elementor-element elementor-element-93204c4 jltma-glass-effect-no elementor-widget elementor-widget-heading\" data-id=\"93204c4\" data-element_type=\"widget\" data-e-type=\"widget\" data-widget_type=\"heading.default\">\n\t\t\t\t<div class=\"elementor-widget-container\">\n\t\t\t\t\t<h1 class=\"elementor-heading-title elementor-size-default\">Potvrzen\u00ed o doru\u010den\u00ed<\/h1>\t\t\t\t<\/div>\n\t\t\t\t<\/div>\n\t\t\t\t\t<\/div>\n\t\t<\/div>\n\t\t\t\t\t<\/div>\n\t\t<\/section>\n\t\t\t\t<section class=\"has_ma_el_bg_slider elementor-section elementor-top-section elementor-element elementor-element-ffa49c8 elementor-section-boxed elementor-section-height-default elementor-section-height-default jltma-glass-effect-no\" data-id=\"ffa49c8\" data-element_type=\"section\" data-e-type=\"section\" data-settings=\"{&quot;jet_parallax_layout_list&quot;:[{&quot;jet_parallax_layout_image&quot;:{&quot;url&quot;:&quot;&quot;,&quot;id&quot;:&quot;&quot;,&quot;size&quot;:&quot;&quot;},&quot;_id&quot;:&quot;883b2bc&quot;,&quot;jet_parallax_layout_image_tablet&quot;:{&quot;url&quot;:&quot;&quot;,&quot;id&quot;:&quot;&quot;,&quot;size&quot;:&quot;&quot;},&quot;jet_parallax_layout_image_mobile&quot;:{&quot;url&quot;:&quot;&quot;,&quot;id&quot;:&quot;&quot;,&quot;size&quot;:&quot;&quot;},&quot;jet_parallax_layout_speed&quot;:{&quot;unit&quot;:&quot;%&quot;,&quot;size&quot;:50,&quot;sizes&quot;:[]},&quot;jet_parallax_layout_type&quot;:&quot;scroll&quot;,&quot;jet_parallax_layout_direction&quot;:null,&quot;jet_parallax_layout_fx_direction&quot;:null,&quot;jet_parallax_layout_z_index&quot;:&quot;&quot;,&quot;jet_parallax_layout_bg_x&quot;:50,&quot;jet_parallax_layout_bg_x_tablet&quot;:&quot;&quot;,&quot;jet_parallax_layout_bg_x_mobile&quot;:&quot;&quot;,&quot;jet_parallax_layout_bg_y&quot;:50,&quot;jet_parallax_layout_bg_y_tablet&quot;:&quot;&quot;,&quot;jet_parallax_layout_bg_y_mobile&quot;:&quot;&quot;,&quot;jet_parallax_layout_bg_size&quot;:&quot;auto&quot;,&quot;jet_parallax_layout_bg_size_tablet&quot;:&quot;&quot;,&quot;jet_parallax_layout_bg_size_mobile&quot;:&quot;&quot;,&quot;jet_parallax_layout_animation_prop&quot;:&quot;transform&quot;,&quot;jet_parallax_layout_on&quot;:[&quot;desktop&quot;,&quot;tablet&quot;]}]}\">\n\t\t\t\t\t\t<div class=\"elementor-container elementor-column-gap-default\">\n\t\t\t\t\t<div class=\"has_ma_el_bg_slider elementor-column elementor-col-100 elementor-top-column elementor-element elementor-element-bf6b3b9 jltma-glass-effect-no\" data-id=\"bf6b3b9\" data-element_type=\"column\" data-e-type=\"column\">\n\t\t\t<div class=\"elementor-widget-wrap elementor-element-populated\">\n\t\t\t\t\t\t<div class=\"elementor-element elementor-element-5d3d529 jltma-glass-effect-no elementor-widget elementor-widget-text-editor\" data-id=\"5d3d529\" data-element_type=\"widget\" data-e-type=\"widget\" data-widget_type=\"text-editor.default\">\n\t\t\t\t<div class=\"elementor-widget-container\">\n\t\t\t\t\t\t\t\t\t<p>V dne\u0161n\u00ed dob\u011b jsou dod\u00e1vky objedn\u00e1vek st\u00e1le rychlej\u0161\u00ed. N\u00e1r\u016fst po\u010dtu dod\u00e1vek a rostouc\u00ed o\u010dek\u00e1v\u00e1n\u00ed z\u00e1kazn\u00edk\u016f zn\u00e1sobuj\u00ed tlak na spole\u010dnosti. N\u011bkdy si z\u00e1kazn\u00edci objednaj\u00ed produkt, ale ten p\u0159ijde pozd\u011b nebo v\u016fbec. I kdy\u017e dod\u00e1vka prob\u00edh\u00e1 hladce, obdr\u017e\u00ed po\u0161kozen\u00e9 zbo\u017e\u00ed. V t\u011bchto situac\u00edch,<strong> Potvrzen\u00ed o doru\u010den\u00ed<\/strong> (tak\u00e9 zn\u00e1m\u00fd jako POD) poskytuje va\u0161im z\u00e1kazn\u00edk\u016fm klid, \u017ee dostali to, za co zaplatili, v perfektn\u00edm stavu.<\/p>\n<p>Jak\u00e9koli podnik\u00e1n\u00ed, jeho\u017e pov\u011bst z\u00e1vis\u00ed na rychlosti a kvalit\u011b dod\u00e1n\u00ed produktu nebo slu\u017eby, by m\u011blo v\u011bnovat zvl\u00e1\u0161tn\u00ed pozornost dokladu o doru\u010den\u00ed. Uspokoj\u00ed z\u00e1\u017eitek z doru\u010dov\u00e1n\u00ed jak pro z\u00e1kazn\u00edka, tak pro firmu.<\/p>\n<\/p>\n<h2><strong>Co je doklad o doru\u010den\u00ed?<\/strong><\/h2>\n<p>Dokladem o doru\u010den\u00ed je potvrzen\u00ed, \u017ee objedn\u00e1vka byla \u00fasp\u011b\u0161n\u011b doru\u010dena na po\u017eadovan\u00e9 m\u00edsto. Pokud m\u00e1te rozvoz j\u00eddla, logistiku, B2B nebo eCommerce, POD je pro v\u00e1s tou nejlep\u0161\u00ed volbou. Ale nen\u00ed omezeno pouze na tyto dva proudy; m\u016f\u017eete tak\u00e9 pou\u017e\u00edt k uk\u00e1z\u00e1n\u00ed, \u017ee slu\u017eba byla dokon\u010dena. Proto je POD zn\u00e1m\u00fd tak\u00e9 jako Proof of Completion (POC).<\/p>\n<p>POD je k dispozici ve dvou form\u00e1ch:<\/p>\n<h3><strong>1.<\/strong><strong> Pap\u00edrov\u00fd POD:<\/strong> <\/h3>\n<p>Pap\u00edrov\u00fd POD je fyzick\u00fd dokument, kter\u00fd funguje jako \u00fa\u010dtenka. Z\u00e1kazn\u00edci podepisuj\u00ed pap\u00edrov\u00fd POD, kdy\u017e obdr\u017e\u00ed produkt nebo slu\u017ebu.<\/p>\n<h3><strong>2.<\/strong><strong> Elektronick\u00fd POD:<\/strong> <\/h3>\n<p>V dne\u0161n\u00ed dob\u011b jsou z\u00e1kazn\u00edci l\u00e9pe obezn\u00e1meni s elektronick\u00fdm POD. Doby, kdy musely spole\u010dnosti \u010dekat, a\u017e se \u0159idi\u010di dod\u00e1vky vr\u00e1t\u00ed s pap\u00edrov\u00fdmi PODy nebo zavolat z\u00e1kazn\u00edk\u016fm, aby zkontrolovali stav doru\u010den\u00ed, jsou pry\u010d. V elektronick\u00e9m POD potvrzen\u00ed o doru\u010den\u00ed z\u00e1kazn\u00edci poskytuj\u00ed elektronick\u00e9 zna\u010dky p\u0159i p\u0159ij\u00edm\u00e1n\u00ed sv\u00fdch produkt\u016f. Z\u00e1kazn\u00edk i odes\u00edlatel mohou obdr\u017eet okam\u017eit\u00e9 aktualizace o doru\u010den\u00ed, pokud jsou \u00fasp\u011b\u0161n\u011b provedeny.<\/p>\n<p>Paper POD lze snadno ztratit nebo po\u0161kodit. U elektronick\u00e9ho POD nen\u00ed nutn\u00e9 uchov\u00e1vat pap\u00edrov\u00e9 z\u00e1znamy k potvrzen\u00ed doru\u010den\u00ed. Sn\u00ed\u017eilo to tedy manu\u00e1ln\u00ed \u00fasil\u00ed a u\u010dinilo v\u011bci p\u0159\u00edmo\u010da\u0159ej\u0161\u00edmi.<\/p>\n<\/p>\n<h2><strong>Pro\u010d t\u011b to zaj\u00edm\u00e1?<\/strong><\/h2>\n<p>Na POD z\u00e1le\u017e\u00ed z n\u011bkolika d\u016fvod\u016f:<\/p>\n<h3><strong>1.<\/strong><strong> Bezpe\u010dn\u00e9 doru\u010den\u00ed d\u016fle\u017eit\u00fdch dokument\u016f<\/strong><\/h3>\n<p>Pokud chcete odeslat d\u016fle\u017eit\u00e9 dokumenty (p\u016fvodn\u00ed oddac\u00ed list, rodn\u00fd list, cestovn\u00ed pas), POD se stane nezbytn\u00fdm. S pomoc\u00ed tohoto pokro\u010dil\u00e9ho n\u00e1stroje budou va\u0161e dokumenty doru\u010deny na spr\u00e1vn\u00e9 m\u00edsto a na p\u0159\u00edslu\u0161n\u00e9 \u00fa\u0159ady. Pokud jsou tedy dokumenty ztraceny, m\u016f\u017eete snadno sledovat, kde do\u0161lo k chyb\u011b.<\/p>\n<h3><strong>2.<\/strong><strong> Dokon\u010duje \u0159et\u011bzec p\u00e9\u010de:<\/strong><\/h3>\n<p>Odpov\u011bdnost je p\u0159i dod\u00e1vk\u00e1ch B2B nezbytn\u00e1, i kdy\u017e bal\u00ed\u010dek dorazil na m\u00edsto ur\u010den\u00ed. POD dokon\u010duje \u0159et\u011bzec \u00faschovy a zaji\u0161\u0165uje, aby bylo zbo\u017e\u00ed doru\u010deno spr\u00e1vn\u00e9mu p\u0159\u00edjemci. Tato slu\u017eba je v\u00fdhodn\u011bj\u0161\u00ed, kdy\u017e pot\u0159ebujete dod\u00e1vat produkty v\u00edceodborov\u00fdm podnik\u016fm.<\/p>\n<h3><strong>3.<\/strong><strong> Zabra\u0148uje spor\u016fm<\/strong> <\/h3>\n<p>POD poskytuje bezkontaktn\u00ed interakci, pokud z\u00e1kazn\u00edci nejsou doma. Tato mo\u017enost zabra\u0148uje spor\u016fm mezi z\u00e1kazn\u00edky a dodavateli, proto\u017ee \u0159idi\u010d po\u0159\u00edd\u00ed fotografii, aby prok\u00e1zal, \u017ee zbo\u017e\u00ed dorazilo na adresu kupuj\u00edc\u00edho. POD umo\u017e\u0148uje p\u0159ij\u00edmat potvrzen\u00ed o tom, \u017ee objedn\u00e1vka byla p\u0159ijata klientem z d\u016fvodu elektronick\u00e9ho podpisu klienta na obrazovce smartphonu kur\u00fdra, jako\u017e i fotografov\u00e1n\u00ed skute\u010dnosti o doru\u010den\u00ed objedn\u00e1vky. Pou\u017eit\u00ed mechanismu fixace fotografi\u00ed v\u00e1m tak\u00e9 umo\u017en\u00ed rychle vy\u0159e\u0161it situaci v p\u0159\u00edpad\u011b po\u0161kozen\u00ed\/s\u0148atku zbo\u017e\u00ed. POD tak chr\u00e1n\u00ed doru\u010dovac\u00ed person\u00e1l p\u0159ed negativn\u00ed zp\u011btnou vazbou nebo fale\u0161n\u00fdmi obvin\u011bn\u00edmi z\u00e1kazn\u00edk\u016f.<\/p>\n<h3><strong>4.<\/strong><strong> Sni\u017euje duplik\u00e1ty, podvody a opo\u017ed\u011bn\u00e9 platby<\/strong><\/h3>\n<p>POD nav\u00edc pom\u00e1h\u00e1 omezit p\u0159\u00edpady podvod\u016f, duplicitn\u00edch polo\u017eek a poplatk\u016f za pozdn\u00ed platbu \u00fa\u010dtovan\u00fdch prodejci za st\u00e1le nedodan\u00e9 produkty.<\/p>\n<h3><strong>5.<\/strong><strong> Vylep\u0161uje sledovatelnost<\/strong><\/h3>\n<p>Elektronick\u00fd syst\u00e9m POD p\u0159in\u00e1\u0161\u00ed transparentnost zlep\u0161en\u00edm sledovatelnosti z\u00e1silek v cel\u00e9m dodavatelsk\u00e9m \u0159et\u011bzci. Umo\u017e\u0148uje vylep\u0161en\u00e9 sledov\u00e1n\u00ed pr\u016fb\u011bhu dod\u00e1vek, co\u017e spole\u010dnostem usnad\u0148uje identifikovat p\u0159\u00edslu\u0161n\u00e9 probl\u00e9my s dod\u00e1vkami, ne\u017e se stanou v\u00fdznamn\u00fdmi z\u00e1vazky.<\/p>\n<h3><strong>6.<\/strong><strong> Zvy\u0161uje p\u0159esnost z\u00e1sob:<\/strong><\/h3>\n<p>D\u00edky dokladu o doru\u010den\u00ed z\u016fst\u00e1vaj\u00ed spole\u010dnosti organizovan\u00e9 a vedou si z\u00e1znamy o \u00fasp\u011b\u0161n\u00fdch dod\u00e1vk\u00e1ch a vr\u00e1cen\u00ed. Tato v\u011bc pom\u00e1h\u00e1 skladov\u00e9mu t\u00fdmu l\u00e9pe spravovat z\u00e1soby a zv\u00fd\u0161it p\u0159esnost z\u00e1sob.<\/p>\n<h3><strong>7.<\/strong><strong> Pom\u00e1h\u00e1 monitorovat pr\u016fb\u011bh doru\u010den\u00ed<\/strong><\/h3>\n<p>Electronic POD zjednodu\u0161uje doru\u010dovac\u00ed procesy t\u00edm, \u017ee nab\u00edz\u00ed funkci sledov\u00e1n\u00ed pr\u016fb\u011bhu doru\u010dov\u00e1n\u00ed. Kdy\u017e je \u0159idi\u010d venku v poli, prok\u00e1\u017eete, \u017ee se zastavil, aby doru\u010dil. D\u00edky elektronick\u00e9mu PODu tedy m\u016f\u017eete zlep\u0161it celkov\u00fd provoz v ter\u00e9nu i v ter\u00e9nu.<\/p>\n<h3><strong>8.<\/strong><strong> Zlep\u0161uje z\u00e1kaznickou zku\u0161enost<\/strong><\/h3>\n<p>Z\u00e1kazn\u00edci maj\u00ed \u0161irokou \u0161k\u00e1lu mo\u017enost\u00ed n\u00e1kupu. Spole\u010dnosti, kter\u00e9 nab\u00edzej\u00ed personalizovan\u00e9 a spolehliv\u00e9 zku\u0161enosti, z\u00edsk\u00e1vaj\u00ed lv\u00ed pod\u00edl na loajalit\u011b sv\u00fdch z\u00e1kazn\u00edk\u016f. POD pom\u00e1h\u00e1 zlep\u0161ovat z\u00e1kaznick\u00fd servis a vylep\u0161uje z\u00e1kaznick\u00e9 zku\u0161enosti. M\u016f\u017eete si vybudovat loajalitu z\u00e1kazn\u00edk\u016f, zlep\u0161it image zna\u010dky sv\u00e9 spole\u010dnosti a zv\u00fd\u0161it m\u00edru udr\u017een\u00ed z\u00e1kazn\u00edk\u016f.<\/p>\n<h3><strong>9.<\/strong><strong> \u0160et\u0159\u00ed \u010das<\/strong><\/h3>\n<p>\u017dijeme ji\u017e 21. stolet\u00ed a je pro mnoho kupuj\u00edc\u00edch nep\u0159ijateln\u00e9 \u010dekat p\u0159es den na kur\u00fdra. Na z\u00e1klad\u011b informac\u00ed ze syst\u00e9mu pro pl\u00e1nov\u00e1n\u00ed a \u0159\u00edzen\u00ed pohybu kur\u00fdr\u016f m\u016f\u017eete automaticky informovat z\u00e1kazn\u00edky o dob\u011b doru\u010den\u00ed!<\/p>\n<\/p>\n<h2><strong>Pro\u010d si vybrat syst\u00e9m Logdis POD?<\/strong><\/h2>\n<p>Probl\u00e9my s doru\u010den\u00edm jsou mo\u017en\u00e1 nej\u010dast\u011bj\u0161\u00edm d\u016fvodem negativn\u00edch recenz\u00ed a negativity obchodu. A naopak, rychl\u00e9 doru\u010den\u00ed, nen\u00ed t\u0159eba b\u011bhem dne \u010dekat na kur\u00fdra, informovat o pr\u016fb\u011bhu dod\u00e1vky  vytvo\u0159it dobr\u00fd dojem a ud\u011blat z klienta pravideln\u00e9ho. Takov\u00fd klient se bude r\u00e1d vracet, doporu\u010dovat obchod p\u0159\u00e1tel\u016fm a koleg\u016fm, ps\u00e1t pozitivn\u00ed recenze online. K dosa\u017een\u00ed tohoto c\u00edle p\u0159isp\u00edv\u00e1 syst\u00e9m Logdis POD.<\/p>\n<p>Mluv\u00edme o online slu\u017eb\u011b logdio.com, kter\u00e1 v\u00fdrazn\u011b zjednodu\u0161uje spr\u00e1vu kur\u00fdr\u016f a zkracuje \u010dekac\u00ed dobu klienta. Krom\u011b toho zp\u0159ehled\u0148uje informace o stavu doru\u010den\u00ed ka\u017ed\u00e9 objedn\u00e1vky, a to nejen pro vedouc\u00ed dod\u00e1vky, ale v p\u0159\u00edpad\u011b pot\u0159eby i pro z\u00e1kazn\u00edky.<\/p>\n<p>Tento software obsahuje v\u0161echny informace o objedn\u00e1vk\u00e1ch, z\u00e1kazn\u00edc\u00edch, zbo\u017e\u00ed, platb\u00e1ch atd. Pracovn\u00ed stanice administr\u00e1tora v\u00e1m umo\u017e\u0148uje vid\u011bt um\u00edst\u011bn\u00ed kur\u00fdr\u016f a objedn\u00e1vek na map\u011b, p\u0159ij\u00edmat p\u0159edpov\u011b\u010f o \u010dase p\u0159\u00edjezdu kur\u00fdra k z\u00e1kazn\u00edkovi.<\/p>\n<p>Zaj\u00edm\u00e1 n\u00e1s zp\u011btn\u00e1 vazba, doporu\u010den\u00ed a p\u0159\u00e1n\u00ed, kter\u00e1 n\u00e1m umo\u017en\u00ed ud\u011blat ze slu\u017eby pohodln\u00fd a hodnotn\u00fd n\u00e1stroj. Pokud m\u00e1te z\u00e1jem o implementaci potvrzen\u00ed o doru\u010den\u00ed POD ve va\u0161\u00ed firm\u011b,<a href=\"https:\/\/logdio.com\/cs\/potvrzeni-o-doruceni\/\"> kupte si na\u0161e slu\u017eby<\/a> .<\/p><\/p>\n\t\t\t\t\t\t\t\t<\/div>\n\t\t\t\t<\/div>\n\t\t\t\t\t<\/div>\n\t\t<\/div>\n\t\t\t\t\t<\/div>\n\t\t<\/section>\n\t\t\t\t<\/div>\n\t\t","protected":false},"excerpt":{"rendered":"<p> [&hellip;]<\/p>\n","protected":false},"author":1,"featured_media":0,"parent":0,"menu_order":0,"comment_status":"closed","ping_status":"closed","template":"elementor_header_footer","meta":{"footnotes":""},"class_list":["post-7463","page","type-page","status-publish","hentry"],"yoast_head":"<!-- This site is optimized with the Yoast SEO plugin v26.8 - https:\/\/yoast.com\/product\/yoast-seo-wordpress\/ -->\n<title>Potvrzen\u00ed o doru\u010den\u00ed - Logdio - delivery management tool<\/title>\n<meta name=\"description\" content=\"Poskytn\u011bte klient\u016fm syst\u00e9m Logdis potvrzen\u00ed o doru\u010den\u00ed. Obsahuje fotografie a podpisy. Stejn\u011b tak sou\u0159adnice a \u010dasov\u00e9 \u00fadaje.\" \/>\n<meta name=\"robots\" content=\"index, follow, max-snippet:-1, max-image-preview:large, max-video-preview:-1\" \/>\n<link rel=\"canonical\" href=\"https:\/\/logdio.com\/cs\/potvrzeni-o-doruceni\/\" \/>\n<meta property=\"og:locale\" content=\"cs_CZ\" \/>\n<meta property=\"og:type\" content=\"article\" \/>\n<meta property=\"og:title\" content=\"Potvrzen\u00ed o doru\u010den\u00ed - Logdio - delivery management tool\" \/>\n<meta property=\"og:description\" content=\"Poskytn\u011bte klient\u016fm syst\u00e9m Logdis potvrzen\u00ed o doru\u010den\u00ed. Obsahuje fotografie a podpisy. Stejn\u011b tak sou\u0159adnice a \u010dasov\u00e9 \u00fadaje.\" \/>\n<meta property=\"og:url\" content=\"https:\/\/logdio.com\/cs\/potvrzeni-o-doruceni\/\" \/>\n<meta property=\"og:site_name\" content=\"Logdio - delivery management tool\" \/>\n<meta property=\"article:publisher\" content=\"https:\/\/www.facebook.com\/logtime.eu\/\" \/>\n<meta property=\"article:modified_time\" content=\"2023-08-20T21:31:07+00:00\" \/>\n<meta name=\"twitter:card\" content=\"summary_large_image\" \/>\n<meta name=\"twitter:label1\" content=\"Odhadovan\u00e1 doba \u010dten\u00ed\" \/>\n\t<meta name=\"twitter:data1\" content=\"\" \/>\n<script type=\"application\/ld+json\" class=\"yoast-schema-graph\">{\"@context\":\"https:\/\/schema.org\",\"@graph\":[{\"@type\":\"WebPage\",\"@id\":\"https:\/\/logdio.com\/cs\/potvrzeni-o-doruceni\/\",\"url\":\"https:\/\/logdio.com\/cs\/potvrzeni-o-doruceni\/\",\"name\":\"Potvrzen\u00ed o doru\u010den\u00ed - Logdio - delivery management tool\",\"isPartOf\":{\"@id\":\"https:\/\/logdio.com\/cs\/#website\"},\"datePublished\":\"2021-08-23T19:01:34+00:00\",\"dateModified\":\"2023-08-20T21:31:07+00:00\",\"description\":\"Poskytn\u011bte klient\u016fm syst\u00e9m Logdis potvrzen\u00ed o doru\u010den\u00ed. Obsahuje fotografie a podpisy. Stejn\u011b tak sou\u0159adnice a \u010dasov\u00e9 \u00fadaje.\",\"breadcrumb\":{\"@id\":\"https:\/\/logdio.com\/cs\/potvrzeni-o-doruceni\/#breadcrumb\"},\"inLanguage\":\"\",\"potentialAction\":[{\"@type\":\"ReadAction\",\"target\":[\"https:\/\/logdio.com\/cs\/potvrzeni-o-doruceni\/\"]}]},{\"@type\":\"BreadcrumbList\",\"@id\":\"https:\/\/logdio.com\/cs\/potvrzeni-o-doruceni\/#breadcrumb\",\"itemListElement\":[{\"@type\":\"ListItem\",\"position\":1,\"name\":\"Home\",\"item\":\"https:\/\/logdio.com\/cs\/vstupni-stranka\/\"},{\"@type\":\"ListItem\",\"position\":2,\"name\":\"Potvrzen\u00ed o doru\u010den\u00ed\"}]},{\"@type\":\"WebSite\",\"@id\":\"https:\/\/logdio.com\/cs\/#website\",\"url\":\"https:\/\/logdio.com\/cs\/\",\"name\":\"Logdio - delivery management tool\",\"description\":\"Next level delivery management software\",\"publisher\":{\"@id\":\"https:\/\/logdio.com\/cs\/#organization\"},\"potentialAction\":[{\"@type\":\"SearchAction\",\"target\":{\"@type\":\"EntryPoint\",\"urlTemplate\":\"https:\/\/logdio.com\/cs\/?s={search_term_string}\"},\"query-input\":{\"@type\":\"PropertyValueSpecification\",\"valueRequired\":true,\"valueName\":\"search_term_string\"}}],\"inLanguage\":\"\"},{\"@type\":\"Organization\",\"@id\":\"https:\/\/logdio.com\/cs\/#organization\",\"name\":\"Logdio\",\"url\":\"https:\/\/logdio.com\/cs\/\",\"logo\":{\"@type\":\"ImageObject\",\"inLanguage\":\"\",\"@id\":\"https:\/\/logdio.com\/cs\/#\/schema\/logo\/image\/\",\"url\":\"https:\/\/logdio.com\/wp-content\/uploads\/2021\/05\/Logdio.svg\",\"contentUrl\":\"https:\/\/logdio.com\/wp-content\/uploads\/2021\/05\/Logdio.svg\",\"width\":4.44919,\"height\":1.1285,\"caption\":\"Logdio\"},\"image\":{\"@id\":\"https:\/\/logdio.com\/cs\/#\/schema\/logo\/image\/\"},\"sameAs\":[\"https:\/\/www.facebook.com\/logtime.eu\/\",\"https:\/\/www.linkedin.com\/company\/logtime\"]}]}<\/script>\n<!-- \/ Yoast SEO plugin. -->","yoast_head_json":{"title":"Potvrzen\u00ed o doru\u010den\u00ed - Logdio - delivery management tool","description":"Poskytn\u011bte klient\u016fm syst\u00e9m Logdis potvrzen\u00ed o doru\u010den\u00ed. Obsahuje fotografie a podpisy. Stejn\u011b tak sou\u0159adnice a \u010dasov\u00e9 \u00fadaje.","robots":{"index":"index","follow":"follow","max-snippet":"max-snippet:-1","max-image-preview":"max-image-preview:large","max-video-preview":"max-video-preview:-1"},"canonical":"https:\/\/logdio.com\/cs\/potvrzeni-o-doruceni\/","og_locale":"cs_CZ","og_type":"article","og_title":"Potvrzen\u00ed o doru\u010den\u00ed - Logdio - delivery management tool","og_description":"Poskytn\u011bte klient\u016fm syst\u00e9m Logdis potvrzen\u00ed o doru\u010den\u00ed. Obsahuje fotografie a podpisy. Stejn\u011b tak sou\u0159adnice a \u010dasov\u00e9 \u00fadaje.","og_url":"https:\/\/logdio.com\/cs\/potvrzeni-o-doruceni\/","og_site_name":"Logdio - delivery management tool","article_publisher":"https:\/\/www.facebook.com\/logtime.eu\/","article_modified_time":"2023-08-20T21:31:07+00:00","twitter_card":"summary_large_image","twitter_misc":{"Odhadovan\u00e1 doba \u010dten\u00ed":""},"schema":{"@context":"https:\/\/schema.org","@graph":[{"@type":"WebPage","@id":"https:\/\/logdio.com\/cs\/potvrzeni-o-doruceni\/","url":"https:\/\/logdio.com\/cs\/potvrzeni-o-doruceni\/","name":"Potvrzen\u00ed o doru\u010den\u00ed - Logdio - delivery management tool","isPartOf":{"@id":"https:\/\/logdio.com\/cs\/#website"},"datePublished":"2021-08-23T19:01:34+00:00","dateModified":"2023-08-20T21:31:07+00:00","description":"Poskytn\u011bte klient\u016fm syst\u00e9m Logdis potvrzen\u00ed o doru\u010den\u00ed. Obsahuje fotografie a podpisy. Stejn\u011b tak sou\u0159adnice a \u010dasov\u00e9 \u00fadaje.","breadcrumb":{"@id":"https:\/\/logdio.com\/cs\/potvrzeni-o-doruceni\/#breadcrumb"},"inLanguage":"","potentialAction":[{"@type":"ReadAction","target":["https:\/\/logdio.com\/cs\/potvrzeni-o-doruceni\/"]}]},{"@type":"BreadcrumbList","@id":"https:\/\/logdio.com\/cs\/potvrzeni-o-doruceni\/#breadcrumb","itemListElement":[{"@type":"ListItem","position":1,"name":"Home","item":"https:\/\/logdio.com\/cs\/vstupni-stranka\/"},{"@type":"ListItem","position":2,"name":"Potvrzen\u00ed o doru\u010den\u00ed"}]},{"@type":"WebSite","@id":"https:\/\/logdio.com\/cs\/#website","url":"https:\/\/logdio.com\/cs\/","name":"Logdio - delivery management tool","description":"Next level delivery management software","publisher":{"@id":"https:\/\/logdio.com\/cs\/#organization"},"potentialAction":[{"@type":"SearchAction","target":{"@type":"EntryPoint","urlTemplate":"https:\/\/logdio.com\/cs\/?s={search_term_string}"},"query-input":{"@type":"PropertyValueSpecification","valueRequired":true,"valueName":"search_term_string"}}],"inLanguage":""},{"@type":"Organization","@id":"https:\/\/logdio.com\/cs\/#organization","name":"Logdio","url":"https:\/\/logdio.com\/cs\/","logo":{"@type":"ImageObject","inLanguage":"","@id":"https:\/\/logdio.com\/cs\/#\/schema\/logo\/image\/","url":"https:\/\/logdio.com\/wp-content\/uploads\/2021\/05\/Logdio.svg","contentUrl":"https:\/\/logdio.com\/wp-content\/uploads\/2021\/05\/Logdio.svg","width":4.44919,"height":1.1285,"caption":"Logdio"},"image":{"@id":"https:\/\/logdio.com\/cs\/#\/schema\/logo\/image\/"},"sameAs":["https:\/\/www.facebook.com\/logtime.eu\/","https:\/\/www.linkedin.com\/company\/logtime"]}]}},"_links":{"self":[{"href":"https:\/\/logdio.com\/cs\/wp-json\/wp\/v2\/pages\/7463","targetHints":{"allow":["GET"]}}],"collection":[{"href":"https:\/\/logdio.com\/cs\/wp-json\/wp\/v2\/pages"}],"about":[{"href":"https:\/\/logdio.com\/cs\/wp-json\/wp\/v2\/types\/page"}],"author":[{"embeddable":true,"href":"https:\/\/logdio.com\/cs\/wp-json\/wp\/v2\/users\/1"}],"replies":[{"embeddable":true,"href":"https:\/\/logdio.com\/cs\/wp-json\/wp\/v2\/comments?post=7463"}],"version-history":[{"count":3,"href":"https:\/\/logdio.com\/cs\/wp-json\/wp\/v2\/pages\/7463\/revisions"}],"predecessor-version":[{"id":27095,"href":"https:\/\/logdio.com\/cs\/wp-json\/wp\/v2\/pages\/7463\/revisions\/27095"}],"wp:attachment":[{"href":"https:\/\/logdio.com\/cs\/wp-json\/wp\/v2\/media?parent=7463"}],"curies":[{"name":"wp","href":"https:\/\/api.w.org\/{rel}","templated":true}]}}