{"id":7360,"date":"2021-08-23T21:57:06","date_gmt":"2021-08-23T18:57:06","guid":{"rendered":"https:\/\/logdio.com\/o-nas\/"},"modified":"2023-08-21T00:34:55","modified_gmt":"2023-08-20T21:34:55","slug":"o-nas","status":"publish","type":"page","link":"https:\/\/logdio.com\/cs\/o-nas\/","title":{"rendered":"O n\u00e1s"},"content":{"rendered":"\t\t<div data-elementor-type=\"wp-page\" data-elementor-id=\"7360\" class=\"elementor elementor-7360 elementor-25\" data-elementor-post-type=\"page\">\n\t\t\t\t\t\t<section class=\"has_ma_el_bg_slider elementor-section elementor-top-section elementor-element elementor-element-a8f2033 elementor-section-boxed elementor-section-height-default elementor-section-height-default jltma-glass-effect-no\" data-id=\"a8f2033\" data-element_type=\"section\" data-e-type=\"section\" data-settings=\"{&quot;jet_parallax_layout_list&quot;:[{&quot;jet_parallax_layout_image&quot;:{&quot;url&quot;:&quot;&quot;,&quot;id&quot;:&quot;&quot;,&quot;size&quot;:&quot;&quot;},&quot;_id&quot;:&quot;c7a9eeb&quot;,&quot;jet_parallax_layout_image_tablet&quot;:{&quot;url&quot;:&quot;&quot;,&quot;id&quot;:&quot;&quot;,&quot;size&quot;:&quot;&quot;},&quot;jet_parallax_layout_image_mobile&quot;:{&quot;url&quot;:&quot;&quot;,&quot;id&quot;:&quot;&quot;,&quot;size&quot;:&quot;&quot;},&quot;jet_parallax_layout_speed&quot;:{&quot;unit&quot;:&quot;%&quot;,&quot;size&quot;:50,&quot;sizes&quot;:[]},&quot;jet_parallax_layout_type&quot;:&quot;scroll&quot;,&quot;jet_parallax_layout_direction&quot;:null,&quot;jet_parallax_layout_fx_direction&quot;:null,&quot;jet_parallax_layout_z_index&quot;:&quot;&quot;,&quot;jet_parallax_layout_bg_x&quot;:50,&quot;jet_parallax_layout_bg_x_tablet&quot;:&quot;&quot;,&quot;jet_parallax_layout_bg_x_mobile&quot;:&quot;&quot;,&quot;jet_parallax_layout_bg_y&quot;:50,&quot;jet_parallax_layout_bg_y_tablet&quot;:&quot;&quot;,&quot;jet_parallax_layout_bg_y_mobile&quot;:&quot;&quot;,&quot;jet_parallax_layout_bg_size&quot;:&quot;auto&quot;,&quot;jet_parallax_layout_bg_size_tablet&quot;:&quot;&quot;,&quot;jet_parallax_layout_bg_size_mobile&quot;:&quot;&quot;,&quot;jet_parallax_layout_animation_prop&quot;:&quot;transform&quot;,&quot;jet_parallax_layout_on&quot;:[&quot;desktop&quot;,&quot;tablet&quot;]}]}\">\n\t\t\t\t\t\t<div class=\"elementor-container elementor-column-gap-default\">\n\t\t\t\t\t<div class=\"has_ma_el_bg_slider elementor-column elementor-col-100 elementor-top-column elementor-element elementor-element-7eff6e2 jltma-glass-effect-no\" data-id=\"7eff6e2\" data-element_type=\"column\" data-e-type=\"column\">\n\t\t\t<div class=\"elementor-widget-wrap elementor-element-populated\">\n\t\t\t\t\t\t<div class=\"elementor-element elementor-element-430a85f jltma-glass-effect-no elementor-widget elementor-widget-heading\" data-id=\"430a85f\" data-element_type=\"widget\" data-e-type=\"widget\" data-widget_type=\"heading.default\">\n\t\t\t\t<div class=\"elementor-widget-container\">\n\t\t\t\t\t<h1 class=\"elementor-heading-title elementor-size-default\">O Logtime<\/h1>\t\t\t\t<\/div>\n\t\t\t\t<\/div>\n\t\t\t\t<div class=\"elementor-element elementor-element-b127471 jltma-glass-effect-no elementor-widget elementor-widget-text-editor\" data-id=\"b127471\" data-element_type=\"widget\" data-e-type=\"widget\" data-widget_type=\"text-editor.default\">\n\t\t\t\t<div class=\"elementor-widget-container\">\n\t\t\t\t\t\t\t\t\t<p>P\u0159ipojte se k 1000+ spole\u010dnostem, kter\u00e9 urychluj\u00ed sv\u016fj doru\u010dovac\u00ed syst\u00e9m pomoc\u00ed Logdis<\/p>\n\t\t\t\t\t\t\t\t<\/div>\n\t\t\t\t<\/div>\n\t\t\t\t<div class=\"elementor-element elementor-element-41181d9 jltma-glass-effect-no elementor-widget elementor-widget-heading\" data-id=\"41181d9\" data-element_type=\"widget\" data-e-type=\"widget\" data-widget_type=\"heading.default\">\n\t\t\t\t<div class=\"elementor-widget-container\">\n\t\t\t\t\t<h2 class=\"elementor-heading-title elementor-size-default\">Kdo jsme<\/h2>\t\t\t\t<\/div>\n\t\t\t\t<\/div>\n\t\t\t\t<div class=\"elementor-element elementor-element-2a65ef8 jltma-glass-effect-no elementor-widget elementor-widget-text-editor\" data-id=\"2a65ef8\" data-element_type=\"widget\" data-e-type=\"widget\" data-widget_type=\"text-editor.default\">\n\t\t\t\t<div class=\"elementor-widget-container\">\n\t\t\t\t\t\t\t\t\t<p>Logtime je zku\u0161en\u00fd t\u00fdm vysoce kvalifikovan\u00fdch profesion\u00e1l\u016f. Poch\u00e1z\u00edme z r\u016fzn\u00fdch m\u011bst, jsme r\u016fzn\u00e9ho v\u011bku, ale to, co n\u00e1s spojuje, je v\u00e1\u0161e\u0148 pro vytv\u00e1\u0159en\u00ed B2B \u0159e\u0161en\u00ed, jejich\u017e c\u00edlem je pomoci na\u0161im z\u00e1kazn\u00edk\u016fm \u0159\u00eddit jejich podnik\u00e1n\u00ed snadn\u011bji, efektivn\u011bji a ziskov\u011bji. Hlavn\u00ed oblast\u00ed na\u0161\u00ed odbornosti jsou \u0159e\u0161en\u00ed, kter\u00e1 pom\u00e1haj\u00ed spole\u010dnostem \u0159\u00eddit jejich t\u00fdmy v ter\u00e9nu. Specializujeme se na v\u00fdvoj syst\u00e9m\u016f pro spr\u00e1vu mobiln\u00edch \u00fakol\u016f, \u0159\u00edzen\u00ed prodeje a spr\u00e1vy dod\u00e1vek. Poskytujeme \u0159e\u0161en\u00ed a slu\u017eby, kter\u00e9 zlep\u0161uj\u00ed logistickou spr\u00e1vu pro r\u016fzn\u00e9 druhy podnik\u016f, v\u010detn\u011b velkoobchodn\u00edch a maloobchodn\u00edch, nakl\u00e1d\u00e1n\u00ed s odpady, t\u00eds\u0148ov\u00e9 slu\u017eby, kur\u00fdrn\u00ed slu\u017eby a dal\u0161\u00ed podniky souvisej\u00edc\u00ed se slu\u017ebami, kter\u00e9 vy\u017eaduj\u00ed sledov\u00e1n\u00ed objedn\u00e1vek produkt\u016f, dod\u00e1vek, n\u00e1klad\u016f, pole v re\u00e1ln\u00e9m \u010dase slu\u017eby a lid\u00e9.<\/p>\n\t\t\t\t\t\t\t\t<\/div>\n\t\t\t\t<\/div>\n\t\t\t\t<div class=\"elementor-element elementor-element-3cc6940 jltma-glass-effect-no elementor-widget elementor-widget-heading\" data-id=\"3cc6940\" data-element_type=\"widget\" data-e-type=\"widget\" data-widget_type=\"heading.default\">\n\t\t\t\t<div class=\"elementor-widget-container\">\n\t\t\t\t\t<h2 class=\"elementor-heading-title elementor-size-default\">Na\u0161\u00edm posl\u00e1n\u00edm je<\/h2>\t\t\t\t<\/div>\n\t\t\t\t<\/div>\n\t\t\t\t<div class=\"elementor-element elementor-element-bf56420 jltma-glass-effect-no elementor-widget elementor-widget-text-editor\" data-id=\"bf56420\" data-element_type=\"widget\" data-e-type=\"widget\" data-widget_type=\"text-editor.default\">\n\t\t\t\t<div class=\"elementor-widget-container\">\n\t\t\t\t\t\t\t\t\t<p>vytv\u00e1\u0159et \u0161pi\u010dkov\u00e1 IT \u0159e\u0161en\u00ed dostupn\u00e1 pro v\u0161echny velikosti podnik\u016f. D\u011bl\u00e1me v\u0161e pro to, abychom vytv\u00e1\u0159eli \u0159e\u0161en\u00ed, kter\u00e1 maj\u00ed maxim\u00e1ln\u00ed pou\u017eitelnost a jsou u\u017eivatelsky p\u0159\u00edv\u011btiv\u00e1. Na\u0161i z\u00e1kazn\u00edci obvykle ani nepot\u0159ebuj\u00ed u\u017eivatelsk\u00e9 p\u0159\u00edru\u010dky. Tato \u0159e\u0161en\u00ed jsou pe\u010dliv\u011b navr\u017eena a p\u0159izp\u016fsobena tak, aby spl\u0148ovala specifick\u00e9 pot\u0159eby ka\u017ed\u00e9ho klienta. A pom\u00e1haj\u00ed na\u0161im klient\u016fm zlep\u0161it jejich obchodn\u00ed procesy, zv\u00fd\u0161it prodeje, sn\u00ed\u017eit provozn\u00ed n\u00e1klady a zv\u00fd\u0161it zisky.<\/p>\n\t\t\t\t\t\t\t\t<\/div>\n\t\t\t\t<\/div>\n\t\t\t\t<div class=\"elementor-element elementor-element-fba2d37 jltma-glass-effect-no elementor-widget elementor-widget-heading\" data-id=\"fba2d37\" data-element_type=\"widget\" data-e-type=\"widget\" data-widget_type=\"heading.default\">\n\t\t\t\t<div class=\"elementor-widget-container\">\n\t\t\t\t\t<h2 class=\"elementor-heading-title elementor-size-default\">Na\u0161e hodnoty:<\/h2>\t\t\t\t<\/div>\n\t\t\t\t<\/div>\n\t\t\t\t<div class=\"elementor-element elementor-element-9a1a737 jltma-glass-effect-no elementor-widget elementor-widget-text-editor\" data-id=\"9a1a737\" data-element_type=\"widget\" data-e-type=\"widget\" data-widget_type=\"text-editor.default\">\n\t\t\t\t<div class=\"elementor-widget-container\">\n\t\t\t\t\t\t\t\t\t<p>Se v\u0161emi na\u0161imi klienty rozv\u00edj\u00edme dlouhodob\u00e1 partnerstv\u00ed, proto\u017ee v\u011b\u0159\u00edme, \u017ee toto je nejlep\u0161\u00ed zp\u016fsob, jak pomoci na\u0161im klient\u016fm z\u00edskat z na\u0161ich \u0159e\u0161en\u00ed maxim\u00e1ln\u00ed hodnotu. Proto pracujeme s na\u0161imi klienty na vytv\u00e1\u0159en\u00ed p\u0159idan\u00e9 hodnoty, kter\u00e1 je postav\u00ed p\u0159ed jejich konkurenty. Tyto pokro\u010dil\u00e9 n\u00e1stroje byly testov\u00e1ny a prok\u00e1z\u00e1no, \u017ee p\u0159in\u00e1\u0161ej\u00ed vynikaj\u00edc\u00ed v\u00fdsledky. V\u0161echna na\u0161e \u0159e\u0161en\u00ed poskytuj\u00ed m\u011b\u0159iteln\u00e9 a ov\u011b\u0159iteln\u00e9 v\u00fdsledky, kter\u00e9 zlep\u0161uj\u00ed \u00fa\u010dinnost a ziskovost na\u0161ich z\u00e1kazn\u00edk\u016f. A vzhledem k na\u0161emu z\u00e1vazku pom\u00e1hat na\u0161im klient\u016fm dosahovat konzistentn\u011b vysok\u00e9ho v\u00fdkonu, neust\u00e1le se sna\u017e\u00edme zlep\u0161ovat kvalitu na\u0161ich slu\u017eeb a \u0159e\u0161en\u00ed.<\/p>\n\t\t\t\t\t\t\t\t<\/div>\n\t\t\t\t<\/div>\n\t\t\t\t<div class=\"elementor-element elementor-element-96fafbc jltma-glass-effect-no elementor-widget elementor-widget-heading\" data-id=\"96fafbc\" data-element_type=\"widget\" data-e-type=\"widget\" data-widget_type=\"heading.default\">\n\t\t\t\t<div class=\"elementor-widget-container\">\n\t\t\t\t\t<h2 class=\"elementor-heading-title elementor-size-default\">Za\u010dn\u011bte vyu\u017e\u00edvat sv\u00e9 v\u00fdhody hned te\u010f!<\/h2>\t\t\t\t<\/div>\n\t\t\t\t<\/div>\n\t\t\t\t<div class=\"elementor-element elementor-element-ba20ede jltma-glass-effect-no elementor-widget elementor-widget-text-editor\" data-id=\"ba20ede\" data-element_type=\"widget\" data-e-type=\"widget\" data-widget_type=\"text-editor.default\">\n\t\t\t\t<div class=\"elementor-widget-container\">\n\t\t\t\t\t\t\t\t\t<p>Kontaktujte n\u00e1s pro v\u00edce informac\u00ed nebo si vy\u017e\u00e1dejte demo. R\u00e1di v\u00e1m pom\u016f\u017eeme t\u00edm, \u017ee v\u00e1s provedeme cel\u00fdm procesem a poskytneme ve\u0161kerou pot\u0159ebnou po\u017eadovanou podporu. Zahajte bezplatnou zku\u0161ebn\u00ed verzi a uvid\u00edte, kolik pen\u011bz a \u010dasu m\u016f\u017eete u\u0161et\u0159it. Jednej te\u010f!<\/p>\n\t\t\t\t\t\t\t\t<\/div>\n\t\t\t\t<\/div>\n\t\t\t\t\t<\/div>\n\t\t<\/div>\n\t\t\t\t\t<\/div>\n\t\t<\/section>\n\t\t\t\t<\/div>\n\t\t","protected":false},"excerpt":{"rendered":"<p> [&hellip;]<\/p>\n","protected":false},"author":1,"featured_media":0,"parent":0,"menu_order":0,"comment_status":"closed","ping_status":"closed","template":"elementor_header_footer","meta":{"footnotes":""},"class_list":["post-7360","page","type-page","status-publish","hentry"],"yoast_head":"<!-- This site is optimized with the Yoast SEO plugin v26.8 - https:\/\/yoast.com\/product\/yoast-seo-wordpress\/ -->\n<title>O n\u00e1s - Logdio - delivery management tool - all in one solution!<\/title>\n<meta name=\"description\" content=\"Software pro spr\u00e1vu doru\u010dov\u00e1n\u00ed Logdio. Mobiln\u00ed \u0159e\u0161en\u00ed v\u0161e v jednom pro optimalizaci trasy a sledov\u00e1n\u00ed dod\u00e1vek v re\u00e1ln\u00e9m \u010dase. Kliknut\u00edm sem se o n\u00e1s dozv\u00edte v\u00edce.\" \/>\n<meta name=\"robots\" content=\"index, follow, max-snippet:-1, max-image-preview:large, max-video-preview:-1\" \/>\n<link rel=\"canonical\" href=\"https:\/\/logdio.com\/cs\/o-nas\/\" \/>\n<meta property=\"og:locale\" content=\"cs_CZ\" \/>\n<meta property=\"og:type\" content=\"article\" \/>\n<meta property=\"og:title\" content=\"O n\u00e1s - Logdio - delivery management tool - all in one solution!\" \/>\n<meta property=\"og:description\" content=\"Software pro spr\u00e1vu doru\u010dov\u00e1n\u00ed Logdio. Mobiln\u00ed \u0159e\u0161en\u00ed v\u0161e v jednom pro optimalizaci trasy a sledov\u00e1n\u00ed dod\u00e1vek v re\u00e1ln\u00e9m \u010dase. Kliknut\u00edm sem se o n\u00e1s dozv\u00edte v\u00edce.\" \/>\n<meta property=\"og:url\" content=\"https:\/\/logdio.com\/cs\/o-nas\/\" \/>\n<meta property=\"og:site_name\" content=\"Logdio - delivery management tool\" \/>\n<meta property=\"article:publisher\" content=\"https:\/\/www.facebook.com\/logtime.eu\/\" \/>\n<meta property=\"article:modified_time\" content=\"2023-08-20T21:34:55+00:00\" \/>\n<meta name=\"twitter:card\" content=\"summary_large_image\" \/>\n<meta name=\"twitter:label1\" content=\"Odhadovan\u00e1 doba \u010dten\u00ed\" \/>\n\t<meta name=\"twitter:data1\" content=\"\" \/>\n<script type=\"application\/ld+json\" class=\"yoast-schema-graph\">{\"@context\":\"https:\/\/schema.org\",\"@graph\":[{\"@type\":\"WebPage\",\"@id\":\"https:\/\/logdio.com\/cs\/o-nas\/\",\"url\":\"https:\/\/logdio.com\/cs\/o-nas\/\",\"name\":\"O n\u00e1s - Logdio - delivery management tool - all in one solution!\",\"isPartOf\":{\"@id\":\"https:\/\/logdio.com\/cs\/#website\"},\"datePublished\":\"2021-08-23T18:57:06+00:00\",\"dateModified\":\"2023-08-20T21:34:55+00:00\",\"description\":\"Software pro spr\u00e1vu doru\u010dov\u00e1n\u00ed Logdio. Mobiln\u00ed \u0159e\u0161en\u00ed v\u0161e v jednom pro optimalizaci trasy a sledov\u00e1n\u00ed dod\u00e1vek v re\u00e1ln\u00e9m \u010dase. Kliknut\u00edm sem se o n\u00e1s dozv\u00edte v\u00edce.\",\"breadcrumb\":{\"@id\":\"https:\/\/logdio.com\/cs\/o-nas\/#breadcrumb\"},\"inLanguage\":\"\",\"potentialAction\":[{\"@type\":\"ReadAction\",\"target\":[\"https:\/\/logdio.com\/cs\/o-nas\/\"]}]},{\"@type\":\"BreadcrumbList\",\"@id\":\"https:\/\/logdio.com\/cs\/o-nas\/#breadcrumb\",\"itemListElement\":[{\"@type\":\"ListItem\",\"position\":1,\"name\":\"Home\",\"item\":\"https:\/\/logdio.com\/cs\/vstupni-stranka\/\"},{\"@type\":\"ListItem\",\"position\":2,\"name\":\"O n\u00e1s\"}]},{\"@type\":\"WebSite\",\"@id\":\"https:\/\/logdio.com\/cs\/#website\",\"url\":\"https:\/\/logdio.com\/cs\/\",\"name\":\"Logdio - delivery management tool\",\"description\":\"Next level delivery management software\",\"publisher\":{\"@id\":\"https:\/\/logdio.com\/cs\/#organization\"},\"potentialAction\":[{\"@type\":\"SearchAction\",\"target\":{\"@type\":\"EntryPoint\",\"urlTemplate\":\"https:\/\/logdio.com\/cs\/?s={search_term_string}\"},\"query-input\":{\"@type\":\"PropertyValueSpecification\",\"valueRequired\":true,\"valueName\":\"search_term_string\"}}],\"inLanguage\":\"\"},{\"@type\":\"Organization\",\"@id\":\"https:\/\/logdio.com\/cs\/#organization\",\"name\":\"Logdio\",\"url\":\"https:\/\/logdio.com\/cs\/\",\"logo\":{\"@type\":\"ImageObject\",\"inLanguage\":\"\",\"@id\":\"https:\/\/logdio.com\/cs\/#\/schema\/logo\/image\/\",\"url\":\"https:\/\/logdio.com\/wp-content\/uploads\/2021\/05\/Logdio.svg\",\"contentUrl\":\"https:\/\/logdio.com\/wp-content\/uploads\/2021\/05\/Logdio.svg\",\"width\":4.44919,\"height\":1.1285,\"caption\":\"Logdio\"},\"image\":{\"@id\":\"https:\/\/logdio.com\/cs\/#\/schema\/logo\/image\/\"},\"sameAs\":[\"https:\/\/www.facebook.com\/logtime.eu\/\",\"https:\/\/www.linkedin.com\/company\/logtime\"]}]}<\/script>\n<!-- \/ Yoast SEO plugin. -->","yoast_head_json":{"title":"O n\u00e1s - Logdio - delivery management tool - all in one solution!","description":"Software pro spr\u00e1vu doru\u010dov\u00e1n\u00ed Logdio. Mobiln\u00ed \u0159e\u0161en\u00ed v\u0161e v jednom pro optimalizaci trasy a sledov\u00e1n\u00ed dod\u00e1vek v re\u00e1ln\u00e9m \u010dase. Kliknut\u00edm sem se o n\u00e1s dozv\u00edte v\u00edce.","robots":{"index":"index","follow":"follow","max-snippet":"max-snippet:-1","max-image-preview":"max-image-preview:large","max-video-preview":"max-video-preview:-1"},"canonical":"https:\/\/logdio.com\/cs\/o-nas\/","og_locale":"cs_CZ","og_type":"article","og_title":"O n\u00e1s - Logdio - delivery management tool - all in one solution!","og_description":"Software pro spr\u00e1vu doru\u010dov\u00e1n\u00ed Logdio. Mobiln\u00ed \u0159e\u0161en\u00ed v\u0161e v jednom pro optimalizaci trasy a sledov\u00e1n\u00ed dod\u00e1vek v re\u00e1ln\u00e9m \u010dase. Kliknut\u00edm sem se o n\u00e1s dozv\u00edte v\u00edce.","og_url":"https:\/\/logdio.com\/cs\/o-nas\/","og_site_name":"Logdio - delivery management tool","article_publisher":"https:\/\/www.facebook.com\/logtime.eu\/","article_modified_time":"2023-08-20T21:34:55+00:00","twitter_card":"summary_large_image","twitter_misc":{"Odhadovan\u00e1 doba \u010dten\u00ed":""},"schema":{"@context":"https:\/\/schema.org","@graph":[{"@type":"WebPage","@id":"https:\/\/logdio.com\/cs\/o-nas\/","url":"https:\/\/logdio.com\/cs\/o-nas\/","name":"O n\u00e1s - Logdio - delivery management tool - all in one solution!","isPartOf":{"@id":"https:\/\/logdio.com\/cs\/#website"},"datePublished":"2021-08-23T18:57:06+00:00","dateModified":"2023-08-20T21:34:55+00:00","description":"Software pro spr\u00e1vu doru\u010dov\u00e1n\u00ed Logdio. Mobiln\u00ed \u0159e\u0161en\u00ed v\u0161e v jednom pro optimalizaci trasy a sledov\u00e1n\u00ed dod\u00e1vek v re\u00e1ln\u00e9m \u010dase. Kliknut\u00edm sem se o n\u00e1s dozv\u00edte v\u00edce.","breadcrumb":{"@id":"https:\/\/logdio.com\/cs\/o-nas\/#breadcrumb"},"inLanguage":"","potentialAction":[{"@type":"ReadAction","target":["https:\/\/logdio.com\/cs\/o-nas\/"]}]},{"@type":"BreadcrumbList","@id":"https:\/\/logdio.com\/cs\/o-nas\/#breadcrumb","itemListElement":[{"@type":"ListItem","position":1,"name":"Home","item":"https:\/\/logdio.com\/cs\/vstupni-stranka\/"},{"@type":"ListItem","position":2,"name":"O n\u00e1s"}]},{"@type":"WebSite","@id":"https:\/\/logdio.com\/cs\/#website","url":"https:\/\/logdio.com\/cs\/","name":"Logdio - delivery management tool","description":"Next level delivery management software","publisher":{"@id":"https:\/\/logdio.com\/cs\/#organization"},"potentialAction":[{"@type":"SearchAction","target":{"@type":"EntryPoint","urlTemplate":"https:\/\/logdio.com\/cs\/?s={search_term_string}"},"query-input":{"@type":"PropertyValueSpecification","valueRequired":true,"valueName":"search_term_string"}}],"inLanguage":""},{"@type":"Organization","@id":"https:\/\/logdio.com\/cs\/#organization","name":"Logdio","url":"https:\/\/logdio.com\/cs\/","logo":{"@type":"ImageObject","inLanguage":"","@id":"https:\/\/logdio.com\/cs\/#\/schema\/logo\/image\/","url":"https:\/\/logdio.com\/wp-content\/uploads\/2021\/05\/Logdio.svg","contentUrl":"https:\/\/logdio.com\/wp-content\/uploads\/2021\/05\/Logdio.svg","width":4.44919,"height":1.1285,"caption":"Logdio"},"image":{"@id":"https:\/\/logdio.com\/cs\/#\/schema\/logo\/image\/"},"sameAs":["https:\/\/www.facebook.com\/logtime.eu\/","https:\/\/www.linkedin.com\/company\/logtime"]}]}},"_links":{"self":[{"href":"https:\/\/logdio.com\/cs\/wp-json\/wp\/v2\/pages\/7360","targetHints":{"allow":["GET"]}}],"collection":[{"href":"https:\/\/logdio.com\/cs\/wp-json\/wp\/v2\/pages"}],"about":[{"href":"https:\/\/logdio.com\/cs\/wp-json\/wp\/v2\/types\/page"}],"author":[{"embeddable":true,"href":"https:\/\/logdio.com\/cs\/wp-json\/wp\/v2\/users\/1"}],"replies":[{"embeddable":true,"href":"https:\/\/logdio.com\/cs\/wp-json\/wp\/v2\/comments?post=7360"}],"version-history":[{"count":2,"href":"https:\/\/logdio.com\/cs\/wp-json\/wp\/v2\/pages\/7360\/revisions"}],"predecessor-version":[{"id":11537,"href":"https:\/\/logdio.com\/cs\/wp-json\/wp\/v2\/pages\/7360\/revisions\/11537"}],"wp:attachment":[{"href":"https:\/\/logdio.com\/cs\/wp-json\/wp\/v2\/media?parent=7360"}],"curies":[{"name":"wp","href":"https:\/\/api.w.org\/{rel}","templated":true}]}}