{"id":5994,"date":"2021-05-03T09:53:33","date_gmt":"2021-05-03T06:53:33","guid":{"rendered":"https:\/\/logdio.com\/zasady-ochrany-osobnich-udaju\/"},"modified":"2023-08-21T00:35:20","modified_gmt":"2023-08-20T21:35:20","slug":"privacy-policy","status":"publish","type":"page","link":"https:\/\/logdio.com\/cs\/privacy-policy\/","title":{"rendered":"Z\u00e1sady ochrany osobn\u00edch \u00fadaj\u016f"},"content":{"rendered":"\t\t<div data-elementor-type=\"wp-page\" data-elementor-id=\"5994\" class=\"elementor elementor-5994 elementor-3\" data-elementor-post-type=\"page\">\n\t\t\t\t\t\t<section class=\"has_ma_el_bg_slider elementor-section elementor-top-section elementor-element elementor-element-23def496 elementor-section-boxed elementor-section-height-default elementor-section-height-default jltma-glass-effect-no\" data-id=\"23def496\" data-element_type=\"section\" data-e-type=\"section\" data-settings=\"{&quot;jet_parallax_layout_list&quot;:[{&quot;jet_parallax_layout_image&quot;:{&quot;url&quot;:&quot;&quot;,&quot;id&quot;:&quot;&quot;,&quot;size&quot;:&quot;&quot;},&quot;_id&quot;:&quot;4322483&quot;,&quot;jet_parallax_layout_image_tablet&quot;:{&quot;url&quot;:&quot;&quot;,&quot;id&quot;:&quot;&quot;,&quot;size&quot;:&quot;&quot;},&quot;jet_parallax_layout_image_mobile&quot;:{&quot;url&quot;:&quot;&quot;,&quot;id&quot;:&quot;&quot;,&quot;size&quot;:&quot;&quot;},&quot;jet_parallax_layout_speed&quot;:{&quot;unit&quot;:&quot;%&quot;,&quot;size&quot;:50,&quot;sizes&quot;:[]},&quot;jet_parallax_layout_type&quot;:&quot;scroll&quot;,&quot;jet_parallax_layout_direction&quot;:null,&quot;jet_parallax_layout_fx_direction&quot;:null,&quot;jet_parallax_layout_z_index&quot;:&quot;&quot;,&quot;jet_parallax_layout_bg_x&quot;:50,&quot;jet_parallax_layout_bg_x_tablet&quot;:&quot;&quot;,&quot;jet_parallax_layout_bg_x_mobile&quot;:&quot;&quot;,&quot;jet_parallax_layout_bg_y&quot;:50,&quot;jet_parallax_layout_bg_y_tablet&quot;:&quot;&quot;,&quot;jet_parallax_layout_bg_y_mobile&quot;:&quot;&quot;,&quot;jet_parallax_layout_bg_size&quot;:&quot;auto&quot;,&quot;jet_parallax_layout_bg_size_tablet&quot;:&quot;&quot;,&quot;jet_parallax_layout_bg_size_mobile&quot;:&quot;&quot;,&quot;jet_parallax_layout_animation_prop&quot;:&quot;transform&quot;,&quot;jet_parallax_layout_on&quot;:[&quot;desktop&quot;,&quot;tablet&quot;]}]}\">\n\t\t\t\t\t\t<div class=\"elementor-container elementor-column-gap-default\">\n\t\t\t\t\t<div class=\"has_ma_el_bg_slider elementor-column elementor-col-100 elementor-top-column elementor-element elementor-element-562b08a1 jltma-glass-effect-no\" data-id=\"562b08a1\" data-element_type=\"column\" data-e-type=\"column\">\n\t\t\t<div class=\"elementor-widget-wrap elementor-element-populated\">\n\t\t\t\t\t\t<div class=\"elementor-element elementor-element-fdbc374 jltma-glass-effect-no elementor-widget elementor-widget-heading\" data-id=\"fdbc374\" data-element_type=\"widget\" data-e-type=\"widget\" data-widget_type=\"heading.default\">\n\t\t\t\t<div class=\"elementor-widget-container\">\n\t\t\t\t\t<h2 class=\"elementor-heading-title elementor-size-default\">Z\u00e1sady ochrany osobn\u00edch \u00fadaj\u016f<\/h2>\t\t\t\t<\/div>\n\t\t\t\t<\/div>\n\t\t\t\t<div class=\"elementor-element elementor-element-71fb796b jltma-glass-effect-no elementor-widget elementor-widget-text-editor\" data-id=\"71fb796b\" data-element_type=\"widget\" data-e-type=\"widget\" data-widget_type=\"text-editor.default\">\n\t\t\t\t<div class=\"elementor-widget-container\">\n\t\t\t\t\t\t\t\t\t\n<p>V Logdio  Software pro spr\u00e1vu doru\u010dov\u00e1n\u00ed, p\u0159\u00edstupn\u00fd z Logdio.com, je jednou z na\u0161ich hlavn\u00edch priorit soukrom\u00ed na\u0161ich n\u00e1v\u0161t\u011bvn\u00edk\u016f. Tento dokument o z\u00e1sad\u00e1ch ochrany osobn\u00edch \u00fadaj\u016f obsahuje typy informac\u00ed, kter\u00e9 jsou shroma\u017e\u010fov\u00e1ny a zaznamen\u00e1v\u00e1ny softwarem Logdio  Delivery Management a jak jej pou\u017e\u00edv\u00e1me.<\/p>\n<p>Pokud m\u00e1te dal\u0161\u00ed dotazy nebo po\u017eadujete v\u00edce informac\u00ed o na\u0161ich z\u00e1sad\u00e1ch ochrany osobn\u00edch \u00fadaj\u016f, nev\u00e1hejte n\u00e1s kontaktovat.<\/p>\n<p>Tyto z\u00e1sady ochrany osobn\u00edch \u00fadaj\u016f se vztahuj\u00ed pouze na na\u0161e online aktivity a plat\u00ed pro n\u00e1v\u0161t\u011bvn\u00edky na\u0161ich webov\u00fdch str\u00e1nek s ohledem na informace, kter\u00e9 sd\u00edleli a\/nebo shroma\u017e\u010fuj\u00ed v softwaru Logdio  Delivery Management. Tyto z\u00e1sady se nevztahuj\u00ed na \u017e\u00e1dn\u00e9 informace shrom\u00e1\u017ed\u011bn\u00e9 offline nebo prost\u0159ednictv\u00edm jin\u00fdch kan\u00e1l\u016f ne\u017e t\u00e9to webov\u00e9 str\u00e1nky. <\/p>\n<h2>Souhlas<\/h2>\n<p>Pou\u017e\u00edv\u00e1n\u00edm na\u0161ich webov\u00fdch str\u00e1nek souhlas\u00edte s na\u0161imi z\u00e1sadami ochrany osobn\u00edch \u00fadaj\u016f a souhlas\u00edte s jejich podm\u00ednkami.<\/p>\n<h2>Informace, kter\u00e9 shroma\u017e\u010fujeme<\/h2>\n<p>Osobn\u00ed \u00fadaje, kter\u00e9 jste po\u017e\u00e1d\u00e1ni o poskytnut\u00ed, a d\u016fvody, pro\u010d jste o to po\u017e\u00e1d\u00e1ni, v\u00e1m budou objasn\u011bny v okam\u017eiku, kdy v\u00e1s po\u017e\u00e1d\u00e1me o poskytnut\u00ed va\u0161ich osobn\u00edch \u00fadaj\u016f.<\/p>\n<p>Pokud n\u00e1s kontaktujete p\u0159\u00edmo, m\u016f\u017eeme o v\u00e1s obdr\u017eet dal\u0161\u00ed informace, jako je va\u0161e jm\u00e9no, e -mailov\u00e1 adresa, telefonn\u00ed \u010d\u00edslo, obsah zpr\u00e1vy a\/nebo p\u0159\u00edloh, kter\u00e9 n\u00e1m m\u016f\u017eete zaslat, a jak\u00e9koli dal\u0161\u00ed informace, kter\u00e9 se rozhodnete poskytnout.<\/p>\n<p>Kdy\u017e si zaregistrujete \u00fa\u010det, m\u016f\u017eeme v\u00e1s po\u017e\u00e1dat o va\u0161e kontaktn\u00ed \u00fadaje, v\u010detn\u011b polo\u017eek, jako je jm\u00e9no, n\u00e1zev spole\u010dnosti, adresa, e -mailov\u00e1 adresa a telefonn\u00ed \u010d\u00edslo.<\/p>\n<h2>Jak pou\u017e\u00edv\u00e1me va\u0161e informace<\/h2>\n<p>Shrom\u00e1\u017ed\u011bn\u00e9 informace pou\u017e\u00edv\u00e1me r\u016fzn\u00fdmi zp\u016fsoby, mimo jin\u00e9:<\/p>\n<ul>\n<li>Poskytujte, provozujte a udr\u017eujte n\u00e1\u0161 web<\/li>\n<li>Vylep\u0161ujte, p\u0159izp\u016fsobujte a roz\u0161i\u0159ujte n\u00e1\u0161 web<\/li>\n<li>Pochopte a analyzujte, jak pou\u017e\u00edv\u00e1te n\u00e1\u0161 web<\/li>\n<li>Vyv\u00edjejte nov\u00e9 produkty, slu\u017eby, funkce a funkce<\/li>\n<li>Komunikujte s v\u00e1mi, p\u0159\u00edmo nebo prost\u0159ednictv\u00edm n\u011bkter\u00e9ho z na\u0161ich partner\u016f, v\u010detn\u011b z\u00e1kaznick\u00fdch slu\u017eeb, abychom v\u00e1m poskytli aktualizace a dal\u0161\u00ed informace t\u00fdkaj\u00edc\u00ed se webov\u00fdch str\u00e1nek a pro marketingov\u00e9 a propaga\u010dn\u00ed \u00fa\u010dely<\/li>\n<li>Pos\u00edlat v\u00e1m e -maily<\/li>\n<li>Najd\u011bte a zabra\u0148te podvod\u016fm<\/li>\n<\/ul>\n<h2>Z\u00e1znam soubor\u016f<\/h2>\n<p>Logdio  Software pro spr\u00e1vu doru\u010dov\u00e1n\u00ed dodr\u017euje standardn\u00ed postup pou\u017e\u00edv\u00e1n\u00ed soubor\u016f protokolu. Tyto soubory zaznamen\u00e1vaj\u00ed n\u00e1v\u0161t\u011bvn\u00edky p\u0159i n\u00e1v\u0161t\u011bv\u011b webov\u00fdch str\u00e1nek. V\u0161echny hostingov\u00e9 spole\u010dnosti to d\u011blaj\u00ed a jsou sou\u010d\u00e1st\u00ed analytiky hostingov\u00fdch slu\u017eeb. Informace shrom\u00e1\u017ed\u011bn\u00e9 soubory protokolu zahrnuj\u00ed adresy internetov\u00e9ho protokolu (IP), typ prohl\u00ed\u017ee\u010de, poskytovatele internetov\u00fdch slu\u017eeb (ISP), datum a \u010dasov\u00e9 raz\u00edtko, odkazuj\u00edc\u00ed\/v\u00fdstupn\u00ed str\u00e1nky a p\u0159\u00edpadn\u011b po\u010det kliknut\u00ed. Nejsou spojeny s \u017e\u00e1dn\u00fdmi informacemi, kter\u00e9 lze osobn\u011b identifikovat. \u00da\u010delem informac\u00ed je anal\u00fdza trend\u016f, spr\u00e1va webu, sledov\u00e1n\u00ed pohybu u\u017eivatel\u016f na webu a shroma\u017e\u010fov\u00e1n\u00ed demografick\u00fdch informac\u00ed.<\/p>\n<h2>Soubory cookie a webov\u00e9 sign\u00e1ly<\/h2>\n<p>Jako ka\u017ed\u00fd jin\u00fd web, Logdio  software pro spr\u00e1vu doru\u010dov\u00e1n\u00ed pou\u017e\u00edv\u00e1 \u201ecookies\u201c. Tyto soubory cookie se pou\u017e\u00edvaj\u00ed k ukl\u00e1d\u00e1n\u00ed informac\u00ed v\u010detn\u011b preferenc\u00ed n\u00e1v\u0161t\u011bvn\u00edk\u016f a str\u00e1nek na webov\u00fdch str\u00e1nk\u00e1ch, na kter\u00e9 n\u00e1v\u0161t\u011bvn\u00edk p\u0159istoupil nebo je nav\u0161t\u00edvil. Tyto informace se pou\u017e\u00edvaj\u00ed k optimalizaci u\u017eivatelsk\u00e9ho dojmu p\u0159izp\u016fsoben\u00edm obsahu na\u0161\u00ed webov\u00e9 str\u00e1nky na z\u00e1klad\u011b typu prohl\u00ed\u017ee\u010de n\u00e1v\u0161t\u011bvn\u00edk\u016f a\/nebo jin\u00fdch informac\u00ed.<\/p>\n<h2>Z\u00e1sady ochrany osobn\u00edch \u00fadaj\u016f reklamn\u00edch partner\u016f<\/h2>\n<p>V tomto seznamu m\u016f\u017eete vyhledat z\u00e1sady ochrany osobn\u00edch \u00fadaj\u016f pro ka\u017ed\u00e9ho z reklamn\u00edch partner\u016f softwaru Logdio  Delivery Management.<\/p>\n<p>Reklamn\u00ed servery nebo reklamn\u00ed s\u00edt\u011b t\u0159et\u00edch stran pou\u017e\u00edvaj\u00ed technologie, jako jsou soubory cookie, JavaScript nebo Web Beacons, kter\u00e9 jsou pou\u017eity v jejich p\u0159\u00edslu\u0161n\u00fdch reklam\u00e1ch a odkazy, kter\u00e9 se zobrazuj\u00ed v softwaru Logdio  Delivery Management, kter\u00fd je odes\u00edl\u00e1n p\u0159\u00edmo do prohl\u00ed\u017ee\u010de u\u017eivatel\u016f. Kdy\u017e k tomu dojde, automaticky obdr\u017e\u00ed va\u0161i IP adresu. Tyto technologie se pou\u017e\u00edvaj\u00ed k m\u011b\u0159en\u00ed \u00fa\u010dinnosti reklamn\u00edch kampan\u00ed a\/nebo k p\u0159izp\u016fsoben\u00ed reklamn\u00edho obsahu, kter\u00fd vid\u00edte na webov\u00fdch str\u00e1nk\u00e1ch, kter\u00e9 nav\u0161t\u011bvujete.<\/p>\n<p>Logdio  software pro spr\u00e1vu doru\u010dov\u00e1n\u00ed nem\u00e1 p\u0159\u00edstup k t\u011bmto soubor\u016fm cookie, kter\u00e9 pou\u017e\u00edvaj\u00ed inzerenti t\u0159et\u00edch stran, ani nad nimi nem\u00e1 kontrolu.<\/p>\n<h2>Z\u00e1sady ochrany osobn\u00edch \u00fadaj\u016f t\u0159et\u00edch stran<\/h2>\n<p>Logdio  Z\u00e1sady ochrany osobn\u00edch \u00fadaj\u016f softwaru pro spr\u00e1vu doru\u010dov\u00e1n\u00ed se nevztahuj\u00ed na jin\u00e9 inzerenty nebo webov\u00e9 str\u00e1nky. Proto v\u00e1m doporu\u010dujeme, abyste si podrobn\u011bj\u0161\u00ed informace p\u0159e\u010detli v p\u0159\u00edslu\u0161n\u00fdch z\u00e1sad\u00e1ch ochrany osobn\u00edch \u00fadaj\u016f t\u011bchto reklamn\u00edch server\u016f t\u0159et\u00edch stran. M\u016f\u017ee obsahovat jejich postupy a pokyny, jak se odhl\u00e1sit z ur\u010dit\u00fdch mo\u017enost\u00ed.<\/p>\n<p>M\u016f\u017eete se rozhodnout zak\u00e1zat soubory cookie prost\u0159ednictv\u00edm jednotliv\u00fdch mo\u017enost\u00ed prohl\u00ed\u017ee\u010de. Chcete -li zn\u00e1t podrobn\u011bj\u0161\u00ed informace o spr\u00e1v\u011b soubor\u016f cookie u konkr\u00e9tn\u00edch webov\u00fdch prohl\u00ed\u017ee\u010d\u016f, lze je nal\u00e9zt na p\u0159\u00edslu\u0161n\u00fdch webov\u00fdch str\u00e1nk\u00e1ch p\u0159\u00edslu\u0161n\u00fdch prohl\u00ed\u017ee\u010d\u016f.<\/p>\n<h2>Pr\u00e1va na ochranu soukrom\u00ed CCPA (Neprod\u00e1vejte m\u00e9 osobn\u00ed \u00fadaje)<\/h2>\n<p>Podle CCPA maj\u00ed spot\u0159ebitel\u00e9 z Kalifornie mimo jin\u00e9 pr\u00e1vo:<\/p>\n<p>Po\u017e\u00e1dat, aby firma, kter\u00e1 shroma\u017e\u010fuje osobn\u00ed \u00fadaje spot\u0159ebitele, zve\u0159ejnila kategorie a konkr\u00e9tn\u00ed osobn\u00ed \u00fadaje, kter\u00e9 o spot\u0159ebitel\u00edch shrom\u00e1\u017edila.<\/p>\n<p>Po\u017e\u00e1dat, aby firma odstranila ve\u0161ker\u00e9 osobn\u00ed \u00fadaje o spot\u0159ebiteli, kter\u00e9 firma shrom\u00e1\u017edila.<\/p>\n<p>Po\u017e\u00e1dat, aby firma, kter\u00e1 prod\u00e1v\u00e1 osobn\u00ed \u00fadaje spot\u0159ebitele, neprod\u00e1vala osobn\u00ed \u00fadaje spot\u0159ebitele.<\/p>\n<p>Pokud pod\u00e1te \u017e\u00e1dost, m\u00e1me jeden m\u011bs\u00edc na to, abychom v\u00e1m odpov\u011bd\u011bli. Pokud byste n\u011bkter\u00e1 z t\u011bchto pr\u00e1v cht\u011bli uplatnit, kontaktujte n\u00e1s.<\/p>\n<h2>Pr\u00e1va na ochranu \u00fadaj\u016f GDPR<\/h2>\n<p>R\u00e1di bychom se ujistili, \u017ee jste si pln\u011b v\u011bdomi v\u0161ech sv\u00fdch pr\u00e1v na ochranu \u00fadaj\u016f. Ka\u017ed\u00fd u\u017eivatel m\u00e1 pr\u00e1vo na n\u00e1sleduj\u00edc\u00ed:<\/p>\n<p>Pr\u00e1vo na p\u0159\u00edstup  M\u00e1te pr\u00e1vo po\u017eadovat kopie sv\u00fdch osobn\u00edch \u00fadaj\u016f. Za tuto slu\u017ebu v\u00e1m m\u016f\u017eeme \u00fa\u010dtovat mal\u00fd poplatek.<\/p>\n<p>Pr\u00e1vo na opravu  M\u00e1te pr\u00e1vo po\u017eadovat opravu v\u0161ech informac\u00ed, kter\u00e9 pova\u017eujete za nep\u0159esn\u00e9. M\u00e1te tak\u00e9 pr\u00e1vo po\u017eadovat, abychom doplnili informace, kter\u00e9 pova\u017eujete za ne\u00fapln\u00e9.<\/p>\n<p>Pr\u00e1vo na v\u00fdmaz  Za ur\u010dit\u00fdch podm\u00ednek m\u00e1te pr\u00e1vo po\u017e\u00e1dat o vymaz\u00e1n\u00ed va\u0161ich osobn\u00edch \u00fadaj\u016f.<\/p>\n<p>Pr\u00e1vo na omezen\u00ed zpracov\u00e1n\u00ed  M\u00e1te pr\u00e1vo po\u017eadovat, abychom za ur\u010dit\u00fdch podm\u00ednek omezili zpracov\u00e1n\u00ed va\u0161ich osobn\u00edch \u00fadaj\u016f.<\/p>\n<p>Pr\u00e1vo vzn\u00e9st n\u00e1mitku proti zpracov\u00e1n\u00ed  Za ur\u010dit\u00fdch podm\u00ednek m\u00e1te pr\u00e1vo vzn\u00e9st n\u00e1mitku proti na\u0161emu zpracov\u00e1n\u00ed va\u0161ich osobn\u00edch \u00fadaj\u016f.<\/p>\n<p>Pr\u00e1vo na p\u0159enositelnost \u00fadaj\u016f  M\u00e1te pr\u00e1vo po\u017eadovat, abychom za ur\u010dit\u00fdch podm\u00ednek p\u0159enesli \u00fadaje, kter\u00e9 jsme shrom\u00e1\u017edili, do jin\u00e9 organizace nebo p\u0159\u00edmo k v\u00e1m.<\/p>\n<p>Pokud pod\u00e1te \u017e\u00e1dost, m\u00e1me jeden m\u011bs\u00edc na to, abychom v\u00e1m odpov\u011bd\u011bli. Pokud byste n\u011bkter\u00e1 z t\u011bchto pr\u00e1v cht\u011bli uplatnit, kontaktujte n\u00e1s.<\/p>\n<h2>Informace pro d\u011bti<\/h2>\n<p>Dal\u0161\u00ed sou\u010d\u00e1st\u00ed na\u0161\u00ed priority je p\u0159id\u00e1n\u00ed ochrany pro d\u011bti p\u0159i pou\u017e\u00edv\u00e1n\u00ed internetu. Doporu\u010dujeme rodi\u010d\u016fm a z\u00e1konn\u00fdm z\u00e1stupc\u016fm sledovat, \u00fa\u010dastnit se a\/nebo sledovat a \u0159\u00eddit jejich online aktivitu.<\/p>\n<p>Logdio  software pro spr\u00e1vu doru\u010dov\u00e1n\u00ed v\u011bdom\u011b neshroma\u017e\u010fuje \u017e\u00e1dn\u00e9 osobn\u00ed identifika\u010dn\u00ed \u00fadaje od d\u011bt\u00ed mlad\u0161\u00edch 13 let. Pokud si mysl\u00edte, \u017ee va\u0161e d\u00edt\u011b poskytlo tento druh informac\u00ed na na\u0161ich webov\u00fdch str\u00e1nk\u00e1ch, d\u016frazn\u011b v\u00e1m doporu\u010dujeme, abyste n\u00e1s neprodlen\u011b kontaktovali a vynalo\u017e\u00edme ve\u0161ker\u00e9 \u00fasil\u00ed, abychom tyto informace neprodlen\u011b odstranili z na\u0161ich z\u00e1znam\u016f.<\/p>\n\t\t\t\t\t\t\t\t<\/div>\n\t\t\t\t<\/div>\n\t\t\t\t\t<\/div>\n\t\t<\/div>\n\t\t\t\t\t<\/div>\n\t\t<\/section>\n\t\t\t\t<\/div>\n\t\t","protected":false},"excerpt":{"rendered":"<p> [&hellip;]<\/p>\n","protected":false},"author":1,"featured_media":0,"parent":0,"menu_order":0,"comment_status":"closed","ping_status":"closed","template":"elementor_header_footer","meta":{"footnotes":""},"class_list":["post-5994","page","type-page","status-publish","hentry"],"yoast_head":"<!-- This site is optimized with the Yoast SEO plugin v26.8 - https:\/\/yoast.com\/product\/yoast-seo-wordpress\/ -->\n<title>Z\u00e1sady ochrany osobn\u00edch \u00fadaj\u016f - Logdio - delivery management tool<\/title>\n<meta name=\"description\" content=\"Logdio.com je dal\u0161\u00ed software pro spr\u00e1vu dod\u00e1vek, kter\u00fd nab\u00edz\u00ed spravedliv\u00e9 ceny, aby va\u0161e podnik\u00e1n\u00ed rostlo! Pod\u00edvejte se na na\u0161e z\u00e1sady ochrany osobn\u00edch \u00fadaj\u016f\" \/>\n<meta name=\"robots\" content=\"index, follow, max-snippet:-1, max-image-preview:large, max-video-preview:-1\" \/>\n<link rel=\"canonical\" href=\"https:\/\/logdio.com\/cs\/privacy-policy\/\" \/>\n<meta property=\"og:locale\" content=\"cs_CZ\" \/>\n<meta property=\"og:type\" content=\"article\" \/>\n<meta property=\"og:title\" content=\"Z\u00e1sady ochrany osobn\u00edch \u00fadaj\u016f - Logdio - delivery management tool\" \/>\n<meta property=\"og:description\" content=\"Logdio.com je dal\u0161\u00ed software pro spr\u00e1vu dod\u00e1vek, kter\u00fd nab\u00edz\u00ed spravedliv\u00e9 ceny, aby va\u0161e podnik\u00e1n\u00ed rostlo! Pod\u00edvejte se na na\u0161e z\u00e1sady ochrany osobn\u00edch \u00fadaj\u016f\" \/>\n<meta property=\"og:url\" content=\"https:\/\/logdio.com\/cs\/privacy-policy\/\" \/>\n<meta property=\"og:site_name\" content=\"Logdio - delivery management tool\" \/>\n<meta property=\"article:publisher\" content=\"https:\/\/www.facebook.com\/logtime.eu\/\" \/>\n<meta property=\"article:modified_time\" content=\"2023-08-20T21:35:20+00:00\" \/>\n<meta name=\"twitter:card\" content=\"summary_large_image\" \/>\n<meta name=\"twitter:label1\" content=\"Odhadovan\u00e1 doba \u010dten\u00ed\" \/>\n\t<meta name=\"twitter:data1\" content=\"\" \/>\n<script type=\"application\/ld+json\" class=\"yoast-schema-graph\">{\"@context\":\"https:\/\/schema.org\",\"@graph\":[{\"@type\":\"WebPage\",\"@id\":\"https:\/\/logdio.com\/cs\/privacy-policy\/\",\"url\":\"https:\/\/logdio.com\/cs\/privacy-policy\/\",\"name\":\"Z\u00e1sady ochrany osobn\u00edch \u00fadaj\u016f - Logdio - delivery management tool\",\"isPartOf\":{\"@id\":\"https:\/\/logdio.com\/cs\/#website\"},\"datePublished\":\"2021-05-03T06:53:33+00:00\",\"dateModified\":\"2023-08-20T21:35:20+00:00\",\"description\":\"Logdio.com je dal\u0161\u00ed software pro spr\u00e1vu dod\u00e1vek, kter\u00fd nab\u00edz\u00ed spravedliv\u00e9 ceny, aby va\u0161e podnik\u00e1n\u00ed rostlo! Pod\u00edvejte se na na\u0161e z\u00e1sady ochrany osobn\u00edch \u00fadaj\u016f\",\"breadcrumb\":{\"@id\":\"https:\/\/logdio.com\/cs\/privacy-policy\/#breadcrumb\"},\"inLanguage\":\"\",\"potentialAction\":[{\"@type\":\"ReadAction\",\"target\":[\"https:\/\/logdio.com\/cs\/privacy-policy\/\"]}]},{\"@type\":\"BreadcrumbList\",\"@id\":\"https:\/\/logdio.com\/cs\/privacy-policy\/#breadcrumb\",\"itemListElement\":[{\"@type\":\"ListItem\",\"position\":1,\"name\":\"Home\",\"item\":\"https:\/\/logdio.com\/cs\/vstupni-stranka\/\"},{\"@type\":\"ListItem\",\"position\":2,\"name\":\"Z\u00e1sady ochrany osobn\u00edch \u00fadaj\u016f\"}]},{\"@type\":\"WebSite\",\"@id\":\"https:\/\/logdio.com\/cs\/#website\",\"url\":\"https:\/\/logdio.com\/cs\/\",\"name\":\"Logdio - delivery management tool\",\"description\":\"Next level delivery management software\",\"publisher\":{\"@id\":\"https:\/\/logdio.com\/cs\/#organization\"},\"potentialAction\":[{\"@type\":\"SearchAction\",\"target\":{\"@type\":\"EntryPoint\",\"urlTemplate\":\"https:\/\/logdio.com\/cs\/?s={search_term_string}\"},\"query-input\":{\"@type\":\"PropertyValueSpecification\",\"valueRequired\":true,\"valueName\":\"search_term_string\"}}],\"inLanguage\":\"\"},{\"@type\":\"Organization\",\"@id\":\"https:\/\/logdio.com\/cs\/#organization\",\"name\":\"Logdio\",\"url\":\"https:\/\/logdio.com\/cs\/\",\"logo\":{\"@type\":\"ImageObject\",\"inLanguage\":\"\",\"@id\":\"https:\/\/logdio.com\/cs\/#\/schema\/logo\/image\/\",\"url\":\"https:\/\/logdio.com\/wp-content\/uploads\/2021\/05\/Logdio.svg\",\"contentUrl\":\"https:\/\/logdio.com\/wp-content\/uploads\/2021\/05\/Logdio.svg\",\"width\":4.44919,\"height\":1.1285,\"caption\":\"Logdio\"},\"image\":{\"@id\":\"https:\/\/logdio.com\/cs\/#\/schema\/logo\/image\/\"},\"sameAs\":[\"https:\/\/www.facebook.com\/logtime.eu\/\",\"https:\/\/www.linkedin.com\/company\/logtime\"]}]}<\/script>\n<!-- \/ Yoast SEO plugin. -->","yoast_head_json":{"title":"Z\u00e1sady ochrany osobn\u00edch \u00fadaj\u016f - Logdio - delivery management tool","description":"Logdio.com je dal\u0161\u00ed software pro spr\u00e1vu dod\u00e1vek, kter\u00fd nab\u00edz\u00ed spravedliv\u00e9 ceny, aby va\u0161e podnik\u00e1n\u00ed rostlo! Pod\u00edvejte se na na\u0161e z\u00e1sady ochrany osobn\u00edch \u00fadaj\u016f","robots":{"index":"index","follow":"follow","max-snippet":"max-snippet:-1","max-image-preview":"max-image-preview:large","max-video-preview":"max-video-preview:-1"},"canonical":"https:\/\/logdio.com\/cs\/privacy-policy\/","og_locale":"cs_CZ","og_type":"article","og_title":"Z\u00e1sady ochrany osobn\u00edch \u00fadaj\u016f - Logdio - delivery management tool","og_description":"Logdio.com je dal\u0161\u00ed software pro spr\u00e1vu dod\u00e1vek, kter\u00fd nab\u00edz\u00ed spravedliv\u00e9 ceny, aby va\u0161e podnik\u00e1n\u00ed rostlo! Pod\u00edvejte se na na\u0161e z\u00e1sady ochrany osobn\u00edch \u00fadaj\u016f","og_url":"https:\/\/logdio.com\/cs\/privacy-policy\/","og_site_name":"Logdio - delivery management tool","article_publisher":"https:\/\/www.facebook.com\/logtime.eu\/","article_modified_time":"2023-08-20T21:35:20+00:00","twitter_card":"summary_large_image","twitter_misc":{"Odhadovan\u00e1 doba \u010dten\u00ed":""},"schema":{"@context":"https:\/\/schema.org","@graph":[{"@type":"WebPage","@id":"https:\/\/logdio.com\/cs\/privacy-policy\/","url":"https:\/\/logdio.com\/cs\/privacy-policy\/","name":"Z\u00e1sady ochrany osobn\u00edch \u00fadaj\u016f - Logdio - delivery management tool","isPartOf":{"@id":"https:\/\/logdio.com\/cs\/#website"},"datePublished":"2021-05-03T06:53:33+00:00","dateModified":"2023-08-20T21:35:20+00:00","description":"Logdio.com je dal\u0161\u00ed software pro spr\u00e1vu dod\u00e1vek, kter\u00fd nab\u00edz\u00ed spravedliv\u00e9 ceny, aby va\u0161e podnik\u00e1n\u00ed rostlo! Pod\u00edvejte se na na\u0161e z\u00e1sady ochrany osobn\u00edch \u00fadaj\u016f","breadcrumb":{"@id":"https:\/\/logdio.com\/cs\/privacy-policy\/#breadcrumb"},"inLanguage":"","potentialAction":[{"@type":"ReadAction","target":["https:\/\/logdio.com\/cs\/privacy-policy\/"]}]},{"@type":"BreadcrumbList","@id":"https:\/\/logdio.com\/cs\/privacy-policy\/#breadcrumb","itemListElement":[{"@type":"ListItem","position":1,"name":"Home","item":"https:\/\/logdio.com\/cs\/vstupni-stranka\/"},{"@type":"ListItem","position":2,"name":"Z\u00e1sady ochrany osobn\u00edch \u00fadaj\u016f"}]},{"@type":"WebSite","@id":"https:\/\/logdio.com\/cs\/#website","url":"https:\/\/logdio.com\/cs\/","name":"Logdio - delivery management tool","description":"Next level delivery management software","publisher":{"@id":"https:\/\/logdio.com\/cs\/#organization"},"potentialAction":[{"@type":"SearchAction","target":{"@type":"EntryPoint","urlTemplate":"https:\/\/logdio.com\/cs\/?s={search_term_string}"},"query-input":{"@type":"PropertyValueSpecification","valueRequired":true,"valueName":"search_term_string"}}],"inLanguage":""},{"@type":"Organization","@id":"https:\/\/logdio.com\/cs\/#organization","name":"Logdio","url":"https:\/\/logdio.com\/cs\/","logo":{"@type":"ImageObject","inLanguage":"","@id":"https:\/\/logdio.com\/cs\/#\/schema\/logo\/image\/","url":"https:\/\/logdio.com\/wp-content\/uploads\/2021\/05\/Logdio.svg","contentUrl":"https:\/\/logdio.com\/wp-content\/uploads\/2021\/05\/Logdio.svg","width":4.44919,"height":1.1285,"caption":"Logdio"},"image":{"@id":"https:\/\/logdio.com\/cs\/#\/schema\/logo\/image\/"},"sameAs":["https:\/\/www.facebook.com\/logtime.eu\/","https:\/\/www.linkedin.com\/company\/logtime"]}]}},"_links":{"self":[{"href":"https:\/\/logdio.com\/cs\/wp-json\/wp\/v2\/pages\/5994","targetHints":{"allow":["GET"]}}],"collection":[{"href":"https:\/\/logdio.com\/cs\/wp-json\/wp\/v2\/pages"}],"about":[{"href":"https:\/\/logdio.com\/cs\/wp-json\/wp\/v2\/types\/page"}],"author":[{"embeddable":true,"href":"https:\/\/logdio.com\/cs\/wp-json\/wp\/v2\/users\/1"}],"replies":[{"embeddable":true,"href":"https:\/\/logdio.com\/cs\/wp-json\/wp\/v2\/comments?post=5994"}],"version-history":[{"count":9,"href":"https:\/\/logdio.com\/cs\/wp-json\/wp\/v2\/pages\/5994\/revisions"}],"predecessor-version":[{"id":27338,"href":"https:\/\/logdio.com\/cs\/wp-json\/wp\/v2\/pages\/5994\/revisions\/27338"}],"wp:attachment":[{"href":"https:\/\/logdio.com\/cs\/wp-json\/wp\/v2\/media?parent=5994"}],"curies":[{"name":"wp","href":"https:\/\/api.w.org\/{rel}","templated":true}]}}